{"id":391574,"date":"2026-04-05T14:23:19","date_gmt":"2026-04-05T12:23:19","guid":{"rendered":"https:\/\/bogensportdiscount.ch\/produkt\/limbsaver-rubber-mini-limb-saver-3-pck\/"},"modified":"2026-04-15T12:10:09","modified_gmt":"2026-04-15T10:10:09","slug":"limbsaver-wurfarmdaempfer-mini-limb-saver-3er-pack","status":"publish","type":"product","link":"https:\/\/bogensportdiscount.ch\/fr\/produit\/limbsaver-wurfarmdaempfer-mini-limb-saver-3er-pack\/","title":{"rendered":"LIMBSAVER RUBBER MINI LIMB SAVER 3\/PCK"},"content":{"rendered":"<p>Der LIMBSAVER Mini Limb Saver ist ein Wurfarmd\u00e4mpfer aus Gummi, der direkt an den Wurfarmenden des Bogens befestigt wird. Er d\u00e4mpft Schwingungen, die beim Schuss entstehen, und tr\u00e4gt zur Ger\u00e4uschreduzierung bei.<\/p>\n<p>Das Produkt wird im 3er-Pack geliefert, sodass gen\u00fcgend D\u00e4mpfer f\u00fcr beide Wurfarme vorhanden sind oder einzelne als Ersatz dienen k\u00f6nnen.<\/p>\n<ul>\n<li>3 D\u00e4mpfer pro Packung<\/li>\n<li>Material: Gummi<\/li>\n<li>Reduziert Vibrationen und Ger\u00e4usche am Wurfarm<\/li>\n<li>Kompakte, leichte Bauform<\/li>\n<\/ul>","protected":false},"excerpt":{"rendered":"<p><strong>Marque :<\/strong> Limbsaver<br \/><strong>Farbe:<\/strong> Schwarz<br \/><strong>GTIN:<\/strong> 697438030077<\/p>","protected":false},"featured_media":447000,"comment_status":"open","ping_status":"closed","template":"","meta":[],"product_brand":[801],"product_cat":[4614],"product_tag":[3546],"class_list":{"0":"post-391574","1":"product","2":"type-product","3":"status-publish","4":"has-post-thumbnail","6":"product_brand-limbsaver","7":"product_cat-wurfarm-daempfer","8":"product_tag-neuheit","10":"first","11":"instock","12":"shipping-taxable","13":"purchasable","14":"product-type-simple"},"_links":{"self":[{"href":"https:\/\/bogensportdiscount.ch\/fr\/wp-json\/wp\/v2\/product\/391574","targetHints":{"allow":["GET"]}}],"collection":[{"href":"https:\/\/bogensportdiscount.ch\/fr\/wp-json\/wp\/v2\/product"}],"about":[{"href":"https:\/\/bogensportdiscount.ch\/fr\/wp-json\/wp\/v2\/types\/product"}],"replies":[{"embeddable":true,"href":"https:\/\/bogensportdiscount.ch\/fr\/wp-json\/wp\/v2\/comments?post=391574"}],"wp:featuredmedia":[{"embeddable":true,"href":"https:\/\/bogensportdiscount.ch\/fr\/wp-json\/wp\/v2\/media\/447000"}],"wp:attachment":[{"href":"https:\/\/bogensportdiscount.ch\/fr\/wp-json\/wp\/v2\/media?parent=391574"}],"wp:term":[{"taxonomy":"product_brand","embeddable":true,"href":"https:\/\/bogensportdiscount.ch\/fr\/wp-json\/wp\/v2\/product_brand?post=391574"},{"taxonomy":"product_cat","embeddable":true,"href":"https:\/\/bogensportdiscount.ch\/fr\/wp-json\/wp\/v2\/product_cat?post=391574"},{"taxonomy":"product_tag","embeddable":true,"href":"https:\/\/bogensportdiscount.ch\/fr\/wp-json\/wp\/v2\/product_tag?post=391574"}],"curies":[{"name":"wp","href":"https:\/\/api.w.org\/{rel}","templated":true}]}}