{"id":391568,"date":"2026-04-05T14:23:18","date_gmt":"2026-04-05T12:23:18","guid":{"rendered":"https:\/\/bogensportdiscount.ch\/produkt\/avalon-90cm-x-90cm-x-21cm-foam-target\/"},"modified":"2026-04-16T12:19:46","modified_gmt":"2026-04-16T10:19:46","slug":"avalon-schaumstoff-sackziel-90cm-x-90cm-x-21cm","status":"publish","type":"product","link":"https:\/\/bogensportdiscount.ch\/fr\/produit\/avalon-schaumstoff-sackziel-90cm-x-90cm-x-21cm\/","title":{"rendered":"AVALON 90cm x 90cm x 21cm FOAM TARGET"},"content":{"rendered":"<p>Dieses Schaumstoff-Sackziel von AVALON ist mit den Abmessungen 90 x 90 x 21 cm f\u00fcr Bogensch\u00fctzen geeignet, die eine stabile und zuverl\u00e4ssige Zielscheibe im Training suchen. Die Tiefe von 21 cm sorgt f\u00fcr ausreichend Stoppwirkung bei \u00fcblichen Zuggewichten.<\/p>\n<p>Dank der kompakten Bauweise l\u00e4sst sich das Ziel flexibel aufstellen und ist sowohl f\u00fcr den Einsatz im Garten als auch in der Sporthalle geeignet. Die grosse Trefferfl\u00e4che erleichtert das Trainieren von Entfernungen und Schussroutinen.<\/p>\n<ul>\n<li>Abmessungen: 90 cm x 90 cm x 21 cm<\/li>\n<li>Material: Schaumstoff<\/li>\n<li>Geeignet f\u00fcr Innen- und Aussenbereich<\/li>\n<li>Grossz\u00fcgige Trefferfl\u00e4che f\u00fcr den regelm\u00e4ssigen Trainingseinsatz<\/li>\n<\/ul>","protected":false},"excerpt":{"rendered":"<p><strong>Marque :<\/strong> Avalon<br \/><strong>Typ:<\/strong> Target<br \/><strong>Weight (grams):<\/strong> 11400<br \/><strong>Foam type:<\/strong> Polyfoam sandwich<br \/><strong>GTIN:<\/strong> 8595053905935<\/p>","protected":false},"featured_media":447003,"comment_status":"open","ping_status":"closed","template":"","meta":[],"product_brand":[449],"product_cat":[4339],"product_tag":[3546],"class_list":{"0":"post-391568","1":"product","2":"type-product","3":"status-publish","4":"has-post-thumbnail","6":"product_brand-avalon","7":"product_cat-ziele-im-schaum","8":"product_tag-neuheit","10":"first","11":"instock","12":"shipping-taxable","13":"purchasable","14":"product-type-simple"},"_links":{"self":[{"href":"https:\/\/bogensportdiscount.ch\/fr\/wp-json\/wp\/v2\/product\/391568","targetHints":{"allow":["GET"]}}],"collection":[{"href":"https:\/\/bogensportdiscount.ch\/fr\/wp-json\/wp\/v2\/product"}],"about":[{"href":"https:\/\/bogensportdiscount.ch\/fr\/wp-json\/wp\/v2\/types\/product"}],"replies":[{"embeddable":true,"href":"https:\/\/bogensportdiscount.ch\/fr\/wp-json\/wp\/v2\/comments?post=391568"}],"wp:featuredmedia":[{"embeddable":true,"href":"https:\/\/bogensportdiscount.ch\/fr\/wp-json\/wp\/v2\/media\/447003"}],"wp:attachment":[{"href":"https:\/\/bogensportdiscount.ch\/fr\/wp-json\/wp\/v2\/media?parent=391568"}],"wp:term":[{"taxonomy":"product_brand","embeddable":true,"href":"https:\/\/bogensportdiscount.ch\/fr\/wp-json\/wp\/v2\/product_brand?post=391568"},{"taxonomy":"product_cat","embeddable":true,"href":"https:\/\/bogensportdiscount.ch\/fr\/wp-json\/wp\/v2\/product_cat?post=391568"},{"taxonomy":"product_tag","embeddable":true,"href":"https:\/\/bogensportdiscount.ch\/fr\/wp-json\/wp\/v2\/product_tag?post=391568"}],"curies":[{"name":"wp","href":"https:\/\/api.w.org\/{rel}","templated":true}]}}