{"id":391552,"date":"2026-04-05T14:23:15","date_gmt":"2026-04-05T12:23:15","guid":{"rendered":"https:\/\/bogensportdiscount.ch\/produkt\/srt-portable-target-shaped-sfb-roving-dia-11cm\/"},"modified":"2026-04-15T12:10:08","modified_gmt":"2026-04-15T10:10:08","slug":"srt-tragbares-3d-ziel-sfb-roving-11-cm","status":"publish","type":"product","link":"https:\/\/bogensportdiscount.ch\/fr\/produit\/srt-tragbares-3d-ziel-sfb-roving-11-cm\/","title":{"rendered":"SRT PORTABLE TARGET SHAPED SFB ROVING DIA 11CM"},"content":{"rendered":"<p>Das SRT SFB Roving ist ein kompaktes Bogenschiessziel mit einem Durchmesser von 11 cm. Dank seiner handlichen Gr\u00f6sse eignet es sich besonders f\u00fcr das Roving \u2013 eine Bogensport-Disziplin, bei der auf verschiedene, im Gel\u00e4nde verteilte Ziele geschossen wird.<\/p>\n<p>Die runde, kompakte Bauweise erm\u00f6glicht einen unkomplizierten Transport und einen flexiblen Einsatz im Freiland. Das Ziel geh\u00f6rt zur Kategorie der Fantasy- und Fun-Ziele und eignet sich f\u00fcr Bogensch\u00fctzen, die ihr Training abwechslungsreich gestalten m\u00f6chten.<\/p>\n<ul>\n<li>Durchmesser: 11 cm<\/li>\n<li>Tragbar und leicht zu transportieren<\/li>\n<li>Geeignet f\u00fcr Roving und Freilandtraining<\/li>\n<li>Fantasy- &amp; Fun-Ziel f\u00fcr abwechslungsreiches Training<\/li>\n<\/ul>","protected":false},"excerpt":{"rendered":"<p><strong>Marque :<\/strong> SRT Targets<br \/><strong>Typ:<\/strong> Ball<br \/><strong>Durchmesser (cm):<\/strong> 11<br \/><strong>GTIN:<\/strong> 08481237<\/p>","protected":false},"featured_media":443027,"comment_status":"open","ping_status":"closed","template":"","meta":[],"product_brand":[410],"product_cat":[4146],"product_tag":[3546],"class_list":{"0":"post-391552","1":"product","2":"type-product","3":"status-publish","4":"has-post-thumbnail","6":"product_brand-srt","7":"product_cat-fantasie-andere","8":"product_tag-neuheit","10":"first","11":"instock","12":"shipping-taxable","13":"purchasable","14":"product-type-simple"},"_links":{"self":[{"href":"https:\/\/bogensportdiscount.ch\/fr\/wp-json\/wp\/v2\/product\/391552","targetHints":{"allow":["GET"]}}],"collection":[{"href":"https:\/\/bogensportdiscount.ch\/fr\/wp-json\/wp\/v2\/product"}],"about":[{"href":"https:\/\/bogensportdiscount.ch\/fr\/wp-json\/wp\/v2\/types\/product"}],"replies":[{"embeddable":true,"href":"https:\/\/bogensportdiscount.ch\/fr\/wp-json\/wp\/v2\/comments?post=391552"}],"wp:featuredmedia":[{"embeddable":true,"href":"https:\/\/bogensportdiscount.ch\/fr\/wp-json\/wp\/v2\/media\/443027"}],"wp:attachment":[{"href":"https:\/\/bogensportdiscount.ch\/fr\/wp-json\/wp\/v2\/media?parent=391552"}],"wp:term":[{"taxonomy":"product_brand","embeddable":true,"href":"https:\/\/bogensportdiscount.ch\/fr\/wp-json\/wp\/v2\/product_brand?post=391552"},{"taxonomy":"product_cat","embeddable":true,"href":"https:\/\/bogensportdiscount.ch\/fr\/wp-json\/wp\/v2\/product_cat?post=391552"},{"taxonomy":"product_tag","embeddable":true,"href":"https:\/\/bogensportdiscount.ch\/fr\/wp-json\/wp\/v2\/product_tag?post=391552"}],"curies":[{"name":"wp","href":"https:\/\/api.w.org\/{rel}","templated":true}]}}