{"id":391539,"date":"2026-04-05T14:23:12","date_gmt":"2026-04-05T12:23:12","guid":{"rendered":"https:\/\/bogensportdiscount.ch\/produkt\/avalon-tyro-stick-on-standard-clicker-adjustable\/"},"modified":"2026-05-01T12:05:22","modified_gmt":"2026-05-01T10:05:22","slug":"avalon-klicker-tyro-stick-on-selbstklebend-verstellbar","status":"publish","type":"product","link":"https:\/\/bogensportdiscount.ch\/fr\/produit\/avalon-klicker-tyro-stick-on-selbstklebend-verstellbar\/","title":{"rendered":"AVALON TYRO STICK-ON STANDARD CLICKER R\u00c9GLABLE"},"content":{"rendered":"<p>Le clicker AVALON Tyro Stick-On se colle directement sur la planche du bras propulseur de l'arc sans outil. Gr\u00e2ce \u00e0 sa version r\u00e9glable, la position peut \u00eatre adapt\u00e9e individuellement au bras de traction de l'archer.<\/p>\n<p>Les clickers sont utilis\u00e9s en arc classique pour contr\u00f4ler une allonge r\u00e9guli\u00e8re et am\u00e9liorer la reproductibilit\u00e9 du tir. La fixation auto-collante rend le Tyro Stick-On particuli\u00e8rement adapt\u00e9 aux d\u00e9butants.<\/p>\n<ul>\n<li>Fixation auto-collante \u2013 aucun per\u00e7age n\u00e9cessaire<\/li>\n<li>Position r\u00e9glable pour un ajustement personnalis\u00e9<\/li>\n<li>Convient aux d\u00e9butants et aux tireurs avanc\u00e9s<\/li>\n<li>Construction compacte et l\u00e9g\u00e8re<\/li>\n<\/ul>","protected":false},"excerpt":{"rendered":"<p><strong>Marque :<\/strong> Avalon<br \/><strong>Couleur:<\/strong> Silbe<\/p>","protected":false},"featured_media":443046,"comment_status":"open","ping_status":"closed","template":"","meta":[],"product_brand":[449],"product_cat":[4128,26849],"product_tag":[3546],"class_list":{"0":"post-391539","1":"product","2":"type-product","3":"status-publish","4":"has-post-thumbnail","6":"product_brand-avalon","7":"product_cat-bogen-zubehoer","8":"product_cat-buttons-klicker","9":"product_tag-neuheit","10":"product_shipping_class-bsd-standard","12":"first","13":"instock","14":"shipping-taxable","15":"purchasable","16":"product-type-simple"},"yoast_head":"<!-- This site is optimized with the Yoast SEO plugin v27.5 - https:\/\/yoast.com\/product\/yoast-seo-wordpress\/ -->\n<title>AVALON TYRO STICK-ON STANDARD CLICKER R\u00c9GLABLE - Bogensportdiscount \u2013 Arcs, fl\u00e8ches, cibles et accessoires<\/title>\n<meta name=\"description\" content=\"Achetez le clicker AVALON TYRO STICK-ON STANDARD R\u00c9GLABLE \u00e0 un prix avantageux chez Bogensportdiscount \u2013 Les meilleures marques, livraison rapide depuis la Suisse.\" \/>\n<meta name=\"robots\" content=\"index, follow, max-snippet:-1, max-image-preview:large, max-video-preview:-1\" \/>\n<link rel=\"canonical\" href=\"https:\/\/bogensportdiscount.ch\/fr\/produit\/avalon-klicker-tyro-stick-on-selbstklebend-verstellbar\/\" \/>\n<meta property=\"og:locale\" content=\"fr_FR\" \/>\n<meta property=\"og:type\" content=\"article\" \/>\n<meta property=\"og:title\" content=\"AVALON TYRO STICK-ON STANDARD CLICKER R\u00c9GLABLE - Bogensportdiscount \u2013 Arcs, fl\u00e8ches, cibles et accessoires\" \/>\n<meta property=\"og:description\" content=\"Achetez le clicker AVALON TYRO STICK-ON STANDARD R\u00c9GLABLE \u00e0 un prix avantageux chez Bogensportdiscount \u2013 Les meilleures marques, livraison rapide depuis la Suisse.\" \/>\n<meta property=\"og:url\" content=\"https:\/\/bogensportdiscount.ch\/fr\/produit\/avalon-klicker-tyro-stick-on-selbstklebend-verstellbar\/\" \/>\n<meta property=\"og:site_name\" content=\"Bogensportdiscount \u2013 B\u00f6gen, Pfeile, Targets &amp; Zubeh\u00f6r\" \/>\n<meta property=\"article:modified_time\" content=\"2026-05-01T10:05:22+00:00\" \/>\n<meta property=\"og:image\" content=\"https:\/\/bogensportdiscount.ch\/wp-content\/uploads\/bsm-images\/A010889_1.png\" \/>\n\t<meta property=\"og:image:width\" content=\"770\" \/>\n\t<meta property=\"og:image:height\" content=\"2442\" \/>\n\t<meta property=\"og:image:type\" content=\"image\/png\" \/>\n<meta name=\"twitter:card\" content=\"summary_large_image\" \/>\n<script type=\"application\/ld+json\" class=\"yoast-schema-graph\">{\"@context\":\"https:\\\/\\\/schema.org\",\"@graph\":[{\"@type\":\"WebPage\",\"@id\":\"https:\\\/\\\/bogensportdiscount.ch\\\/produkt\\\/avalon-klicker-tyro-stick-on-selbstklebend-verstellbar\\\/\",\"url\":\"https:\\\/\\\/bogensportdiscount.ch\\\/produkt\\\/avalon-klicker-tyro-stick-on-selbstklebend-verstellbar\\\/\",\"name\":\"AVALON TYRO STICK-ON STANDARD CLICKER VERSTELLBAR - Bogensportdiscount \u2013 B\u00f6gen, Pfeile, Targets &amp; Zubeh\u00f6r\",\"isPartOf\":{\"@id\":\"https:\\\/\\\/bogensportdiscount.ch\\\/#website\"},\"primaryImageOfPage\":{\"@id\":\"https:\\\/\\\/bogensportdiscount.ch\\\/produkt\\\/avalon-klicker-tyro-stick-on-selbstklebend-verstellbar\\\/#primaryimage\"},\"image\":{\"@id\":\"https:\\\/\\\/bogensportdiscount.ch\\\/produkt\\\/avalon-klicker-tyro-stick-on-selbstklebend-verstellbar\\\/#primaryimage\"},\"thumbnailUrl\":\"https:\\\/\\\/bogensportdiscount.ch\\\/wp-content\\\/uploads\\\/bsm-images\\\/A010889_1.png\",\"datePublished\":\"2026-04-05T12:23:12+00:00\",\"dateModified\":\"2026-05-01T10:05:22+00:00\",\"description\":\"AVALON TYRO STICK-ON STANDARD CLICKER VERSTELLBAR g\u00fcnstig kaufen bei Bogensportdiscount \u2013 Top-Marken, schneller Versand aus der Schweiz.\",\"breadcrumb\":{\"@id\":\"https:\\\/\\\/bogensportdiscount.ch\\\/produkt\\\/avalon-klicker-tyro-stick-on-selbstklebend-verstellbar\\\/#breadcrumb\"},\"inLanguage\":\"fr-FR\",\"potentialAction\":[{\"@type\":\"ReadAction\",\"target\":[\"https:\\\/\\\/bogensportdiscount.ch\\\/produkt\\\/avalon-klicker-tyro-stick-on-selbstklebend-verstellbar\\\/\"]}]},{\"@type\":\"ImageObject\",\"inLanguage\":\"fr-FR\",\"@id\":\"https:\\\/\\\/bogensportdiscount.ch\\\/produkt\\\/avalon-klicker-tyro-stick-on-selbstklebend-verstellbar\\\/#primaryimage\",\"url\":\"https:\\\/\\\/bogensportdiscount.ch\\\/wp-content\\\/uploads\\\/bsm-images\\\/A010889_1.png\",\"contentUrl\":\"https:\\\/\\\/bogensportdiscount.ch\\\/wp-content\\\/uploads\\\/bsm-images\\\/A010889_1.png\",\"width\":770,\"height\":2442},{\"@type\":\"BreadcrumbList\",\"@id\":\"https:\\\/\\\/bogensportdiscount.ch\\\/produkt\\\/avalon-klicker-tyro-stick-on-selbstklebend-verstellbar\\\/#breadcrumb\",\"itemListElement\":[{\"@type\":\"ListItem\",\"position\":1,\"name\":\"Home\",\"item\":\"https:\\\/\\\/bogensportdiscount.ch\\\/\"},{\"@type\":\"ListItem\",\"position\":2,\"name\":\"Shop\",\"item\":\"https:\\\/\\\/bogensportdiscount.ch\\\/shop\\\/\"},{\"@type\":\"ListItem\",\"position\":3,\"name\":\"AVALON TYRO STICK-ON STANDARD CLICKER ADJUSTABLE\"}]},{\"@type\":\"WebSite\",\"@id\":\"https:\\\/\\\/bogensportdiscount.ch\\\/#website\",\"url\":\"https:\\\/\\\/bogensportdiscount.ch\\\/\",\"name\":\"Bogensportdiscount\",\"description\":\"\",\"potentialAction\":[{\"@type\":\"SearchAction\",\"target\":{\"@type\":\"EntryPoint\",\"urlTemplate\":\"https:\\\/\\\/bogensportdiscount.ch\\\/?s={search_term_string}\"},\"query-input\":{\"@type\":\"PropertyValueSpecification\",\"valueRequired\":true,\"valueName\":\"search_term_string\"}}],\"inLanguage\":\"fr-FR\"}]}<\/script>\n<!-- \/ Yoast SEO plugin. -->","yoast_head_json":{"title":"AVALON TYRO STICK-ON STANDARD CLICKER R\u00c9GLABLE - Bogensportdiscount \u2013 Arcs, fl\u00e8ches, cibles et accessoires","description":"Achetez le clicker AVALON TYRO STICK-ON STANDARD R\u00c9GLABLE \u00e0 un prix avantageux chez Bogensportdiscount \u2013 Les meilleures marques, livraison rapide depuis la Suisse.","robots":{"index":"index","follow":"follow","max-snippet":"max-snippet:-1","max-image-preview":"max-image-preview:large","max-video-preview":"max-video-preview:-1"},"canonical":"https:\/\/bogensportdiscount.ch\/fr\/produit\/avalon-klicker-tyro-stick-on-selbstklebend-verstellbar\/","og_locale":"fr_FR","og_type":"article","og_title":"AVALON TYRO STICK-ON STANDARD CLICKER R\u00c9GLABLE - Bogensportdiscount \u2013 Arcs, fl\u00e8ches, cibles et accessoires","og_description":"Achetez le clicker AVALON TYRO STICK-ON STANDARD R\u00c9GLABLE \u00e0 un prix avantageux chez Bogensportdiscount \u2013 Les meilleures marques, livraison rapide depuis la Suisse.","og_url":"https:\/\/bogensportdiscount.ch\/fr\/produit\/avalon-klicker-tyro-stick-on-selbstklebend-verstellbar\/","og_site_name":"Bogensportdiscount \u2013 B\u00f6gen, Pfeile, Targets &amp; Zubeh\u00f6r","article_modified_time":"2026-05-01T10:05:22+00:00","og_image":[{"width":770,"height":2442,"url":"https:\/\/bogensportdiscount.ch\/wp-content\/uploads\/bsm-images\/A010889_1.png","type":"image\/png"}],"twitter_card":"summary_large_image","schema":{"@context":"https:\/\/schema.org","@graph":[{"@type":"WebPage","@id":"https:\/\/bogensportdiscount.ch\/produkt\/avalon-klicker-tyro-stick-on-selbstklebend-verstellbar\/","url":"https:\/\/bogensportdiscount.ch\/produkt\/avalon-klicker-tyro-stick-on-selbstklebend-verstellbar\/","name":"AVALON TYRO STICK-ON STANDARD CLICKER R\u00c9GLABLE - Bogensportdiscount \u2013 Arcs, fl\u00e8ches, cibles et accessoires","isPartOf":{"@id":"https:\/\/bogensportdiscount.ch\/#website"},"primaryImageOfPage":{"@id":"https:\/\/bogensportdiscount.ch\/produkt\/avalon-klicker-tyro-stick-on-selbstklebend-verstellbar\/#primaryimage"},"image":{"@id":"https:\/\/bogensportdiscount.ch\/produkt\/avalon-klicker-tyro-stick-on-selbstklebend-verstellbar\/#primaryimage"},"thumbnailUrl":"https:\/\/bogensportdiscount.ch\/wp-content\/uploads\/bsm-images\/A010889_1.png","datePublished":"2026-04-05T12:23:12+00:00","dateModified":"2026-05-01T10:05:22+00:00","description":"Achetez le clicker AVALON TYRO STICK-ON STANDARD R\u00c9GLABLE \u00e0 un prix avantageux chez Bogensportdiscount \u2013 Les meilleures marques, livraison rapide depuis la Suisse.","breadcrumb":{"@id":"https:\/\/bogensportdiscount.ch\/produkt\/avalon-klicker-tyro-stick-on-selbstklebend-verstellbar\/#breadcrumb"},"inLanguage":"fr-FR","potentialAction":[{"@type":"ReadAction","target":["https:\/\/bogensportdiscount.ch\/produkt\/avalon-klicker-tyro-stick-on-selbstklebend-verstellbar\/"]}]},{"@type":"ImageObject","inLanguage":"fr-FR","@id":"https:\/\/bogensportdiscount.ch\/produkt\/avalon-klicker-tyro-stick-on-selbstklebend-verstellbar\/#primaryimage","url":"https:\/\/bogensportdiscount.ch\/wp-content\/uploads\/bsm-images\/A010889_1.png","contentUrl":"https:\/\/bogensportdiscount.ch\/wp-content\/uploads\/bsm-images\/A010889_1.png","width":770,"height":2442},{"@type":"BreadcrumbList","@id":"https:\/\/bogensportdiscount.ch\/produkt\/avalon-klicker-tyro-stick-on-selbstklebend-verstellbar\/#breadcrumb","itemListElement":[{"@type":"ListItem","position":1,"name":"Home","item":"https:\/\/bogensportdiscount.ch\/"},{"@type":"ListItem","position":2,"name":"Shop","item":"https:\/\/bogensportdiscount.ch\/shop\/"},{"@type":"ListItem","position":3,"name":"AVALON TYRO STICK-ON STANDARD CLICKER ADJUSTABLE"}]},{"@type":"WebSite","@id":"https:\/\/bogensportdiscount.ch\/#website","url":"https:\/\/bogensportdiscount.ch\/","name":"Bogensportdiscount","description":"","potentialAction":[{"@type":"SearchAction","target":{"@type":"EntryPoint","urlTemplate":"https:\/\/bogensportdiscount.ch\/?s={search_term_string}"},"query-input":{"@type":"PropertyValueSpecification","valueRequired":true,"valueName":"search_term_string"}}],"inLanguage":"fr-FR"}]}},"_links":{"self":[{"href":"https:\/\/bogensportdiscount.ch\/fr\/wp-json\/wp\/v2\/product\/391539","targetHints":{"allow":["GET"]}}],"collection":[{"href":"https:\/\/bogensportdiscount.ch\/fr\/wp-json\/wp\/v2\/product"}],"about":[{"href":"https:\/\/bogensportdiscount.ch\/fr\/wp-json\/wp\/v2\/types\/product"}],"replies":[{"embeddable":true,"href":"https:\/\/bogensportdiscount.ch\/fr\/wp-json\/wp\/v2\/comments?post=391539"}],"wp:featuredmedia":[{"embeddable":true,"href":"https:\/\/bogensportdiscount.ch\/fr\/wp-json\/wp\/v2\/media\/443046"}],"wp:attachment":[{"href":"https:\/\/bogensportdiscount.ch\/fr\/wp-json\/wp\/v2\/media?parent=391539"}],"wp:term":[{"taxonomy":"product_brand","embeddable":true,"href":"https:\/\/bogensportdiscount.ch\/fr\/wp-json\/wp\/v2\/product_brand?post=391539"},{"taxonomy":"product_cat","embeddable":true,"href":"https:\/\/bogensportdiscount.ch\/fr\/wp-json\/wp\/v2\/product_cat?post=391539"},{"taxonomy":"product_tag","embeddable":true,"href":"https:\/\/bogensportdiscount.ch\/fr\/wp-json\/wp\/v2\/product_tag?post=391539"}],"curies":[{"name":"wp","href":"https:\/\/api.w.org\/{rel}","templated":true}]}}