{"id":391525,"date":"2026-04-05T14:23:10","date_gmt":"2026-04-05T12:23:10","guid":{"rendered":"https:\/\/bogensportdiscount.ch\/produkt\/beiter-kaindl-tool-360-adapter-for-round-rip-clutch\/"},"modified":"2026-05-14T07:13:28","modified_gmt":"2026-05-14T05:13:28","slug":"beiter-kaindl-tool-360-grad-adapter-round-rip-clutch","status":"publish","type":"product","link":"https:\/\/bogensportdiscount.ch\/fr\/produit\/beiter-kaindl-tool-360-grad-adapter-round-rip-clutch\/","title":{"rendered":"BEITER OUTIL KAINDL 360\u00b0 &amp; ADAPTATEUR POUR ROUND RIP CLUTCH"},"content":{"rendered":"<p>Le BEITER Kaindl Tool 360\u00b0 &amp; Adapter est un outil de tuning de la maison BEITER, l'un des fabricants les plus r\u00e9put\u00e9s dans le domaine des accessoires de tir \u00e0 l'arc. Il est con\u00e7u pour \u00eatre utilis\u00e9 avec la Round Rip Clutch et permet, gr\u00e2ce \u00e0 la fonction 360\u00b0, une rotation compl\u00e8te lors du r\u00e9glage et du montage.<\/p>\n<p>L'outil s'adresse aux tireurs et aux techniciens souhaitant effectuer des travaux de tuning pr\u00e9cis sur leur \u00e9quipement. L'adaptateur fourni garantit une manipulation flexible.<\/p>\n<ul>\n<li>Fonction 360\u00b0 pour des possibilit\u00e9s de r\u00e9glage compl\u00e8tes<\/li>\n<li>Adaptateur pour la Round Rip Clutch inclus<\/li>\n<li>Par BEITER \u2014 reconnu pour sa qualit\u00e9 et sa pr\u00e9cision<\/li>\n<li>Adapt\u00e9 aux travaux de tuning pr\u00e9cis dans le tir \u00e0 l'arc<\/li>\n<\/ul>","protected":false},"excerpt":{"rendered":"<table>\n<tr>\n<th>Propri\u00e9t\u00e9<\/th>\n<th>Valeur<\/th>\n<\/tr>\n<tr>\n<td>Marque<\/td>\n<td>Beiter<\/td>\n<\/tr>\n<tr>\n<td>Pays d'origine<\/td>\n<td>Allemagne<\/td>\n<\/tr>\n<\/table>","protected":false},"featured_media":443059,"comment_status":"open","ping_status":"closed","template":"","meta":[],"product_brand":[419],"product_cat":[4121,4242,4335],"product_tag":[3546],"class_list":{"0":"post-391525","1":"product","2":"type-product","3":"status-publish","4":"has-post-thumbnail","6":"product_brand-beiter","7":"product_cat-werkzeuge-training","8":"product_cat-tuning-werkzeug","9":"product_cat-bow-vises","10":"product_tag-neuheit","11":"product_shipping_class-bsd-standard","13":"first","14":"instock","15":"shipping-taxable","16":"purchasable","17":"product-type-simple"},"yoast_head":"<!-- This site is optimized with the Yoast SEO plugin v27.6 - https:\/\/yoast.com\/product\/yoast-seo-wordpress\/ -->\n<title>BEITER KAINDL WERKZEUG 360\u00b0 &amp; ADAPTER F\u00dcR ROUND RIP CLUTCH - Bogensportdiscount \u2013 B\u00f6gen, Pfeile, Targets &amp; Zubeh\u00f6r<\/title>\n<meta name=\"description\" content=\"BEITER KAINDL WERKZEUG 360\u00b0 &amp; ADAPTER F\u00dcR ROUND RIP CLUTCH g\u00fcnstig kaufen bei Bogensportdiscount \u2013 Top-Marken, schneller Versand aus der Schweiz.\" \/>\n<meta name=\"robots\" content=\"index, follow, max-snippet:-1, max-image-preview:large, max-video-preview:-1\" \/>\n<link rel=\"canonical\" href=\"https:\/\/bogensportdiscount.ch\/fr\/produit\/beiter-kaindl-tool-360-grad-adapter-round-rip-clutch\/\" \/>\n<meta property=\"og:locale\" content=\"fr_FR\" \/>\n<meta property=\"og:type\" content=\"article\" \/>\n<meta property=\"og:title\" content=\"BEITER KAINDL WERKZEUG 360\u00b0 &amp; ADAPTER F\u00dcR ROUND RIP CLUTCH - Bogensportdiscount \u2013 B\u00f6gen, Pfeile, Targets &amp; Zubeh\u00f6r\" \/>\n<meta property=\"og:description\" content=\"BEITER KAINDL WERKZEUG 360\u00b0 &amp; ADAPTER F\u00dcR ROUND RIP CLUTCH g\u00fcnstig kaufen bei Bogensportdiscount \u2013 Top-Marken, schneller Versand aus der Schweiz.\" \/>\n<meta property=\"og:url\" content=\"https:\/\/bogensportdiscount.ch\/fr\/produit\/beiter-kaindl-tool-360-grad-adapter-round-rip-clutch\/\" \/>\n<meta property=\"og:site_name\" content=\"Bogensportdiscount \u2013 B\u00f6gen, Pfeile, Targets &amp; Zubeh\u00f6r\" \/>\n<meta property=\"article:modified_time\" content=\"2026-05-14T05:13:28+00:00\" \/>\n<meta property=\"og:image\" content=\"https:\/\/bogensportdiscount.ch\/wp-content\/uploads\/bsm-images\/A010831_1.png\" \/>\n\t<meta property=\"og:image:width\" content=\"1181\" \/>\n\t<meta property=\"og:image:height\" content=\"1772\" \/>\n\t<meta property=\"og:image:type\" content=\"image\/png\" \/>\n<meta name=\"twitter:card\" content=\"summary_large_image\" \/>\n<meta name=\"twitter:label1\" content=\"Dur\u00e9e de lecture estim\u00e9e\" \/>\n\t<meta name=\"twitter:data1\" content=\"1 minute\" \/>\n<script type=\"application\/ld+json\" class=\"yoast-schema-graph\">{\"@context\":\"https:\\\/\\\/schema.org\",\"@graph\":[{\"@type\":\"WebPage\",\"@id\":\"https:\\\/\\\/bogensportdiscount.ch\\\/produkt\\\/beiter-kaindl-tool-360-grad-adapter-round-rip-clutch\\\/\",\"url\":\"https:\\\/\\\/bogensportdiscount.ch\\\/produkt\\\/beiter-kaindl-tool-360-grad-adapter-round-rip-clutch\\\/\",\"name\":\"BEITER KAINDL WERKZEUG 360\u00b0 &amp; ADAPTER F\u00dcR ROUND RIP CLUTCH - Bogensportdiscount \u2013 B\u00f6gen, Pfeile, Targets &amp; Zubeh\u00f6r\",\"isPartOf\":{\"@id\":\"https:\\\/\\\/bogensportdiscount.ch\\\/#website\"},\"primaryImageOfPage\":{\"@id\":\"https:\\\/\\\/bogensportdiscount.ch\\\/produkt\\\/beiter-kaindl-tool-360-grad-adapter-round-rip-clutch\\\/#primaryimage\"},\"image\":{\"@id\":\"https:\\\/\\\/bogensportdiscount.ch\\\/produkt\\\/beiter-kaindl-tool-360-grad-adapter-round-rip-clutch\\\/#primaryimage\"},\"thumbnailUrl\":\"https:\\\/\\\/bogensportdiscount.ch\\\/wp-content\\\/uploads\\\/bsm-images\\\/A010831_1.png\",\"datePublished\":\"2026-04-05T12:23:10+00:00\",\"dateModified\":\"2026-05-14T05:13:28+00:00\",\"description\":\"BEITER KAINDL WERKZEUG 360\u00b0 &amp; ADAPTER F\u00dcR ROUND RIP CLUTCH g\u00fcnstig kaufen bei Bogensportdiscount \u2013 Top-Marken, schneller Versand aus der Schweiz.\",\"breadcrumb\":{\"@id\":\"https:\\\/\\\/bogensportdiscount.ch\\\/produkt\\\/beiter-kaindl-tool-360-grad-adapter-round-rip-clutch\\\/#breadcrumb\"},\"inLanguage\":\"fr-FR\",\"potentialAction\":[{\"@type\":\"ReadAction\",\"target\":[\"https:\\\/\\\/bogensportdiscount.ch\\\/produkt\\\/beiter-kaindl-tool-360-grad-adapter-round-rip-clutch\\\/\"]}]},{\"@type\":\"ImageObject\",\"inLanguage\":\"fr-FR\",\"@id\":\"https:\\\/\\\/bogensportdiscount.ch\\\/produkt\\\/beiter-kaindl-tool-360-grad-adapter-round-rip-clutch\\\/#primaryimage\",\"url\":\"https:\\\/\\\/bogensportdiscount.ch\\\/wp-content\\\/uploads\\\/bsm-images\\\/A010831_1.png\",\"contentUrl\":\"https:\\\/\\\/bogensportdiscount.ch\\\/wp-content\\\/uploads\\\/bsm-images\\\/A010831_1.png\",\"width\":1181,\"height\":1772},{\"@type\":\"BreadcrumbList\",\"@id\":\"https:\\\/\\\/bogensportdiscount.ch\\\/produkt\\\/beiter-kaindl-tool-360-grad-adapter-round-rip-clutch\\\/#breadcrumb\",\"itemListElement\":[{\"@type\":\"ListItem\",\"position\":1,\"name\":\"Home\",\"item\":\"https:\\\/\\\/bogensportdiscount.ch\\\/\"},{\"@type\":\"ListItem\",\"position\":2,\"name\":\"Shop\",\"item\":\"https:\\\/\\\/bogensportdiscount.ch\\\/shop\\\/\"},{\"@type\":\"ListItem\",\"position\":3,\"name\":\"BEITER KAINDL TOOL 360\u00b0 &amp; ADAPTER FOR ROUND RIP CLUTCH\"}]},{\"@type\":\"WebSite\",\"@id\":\"https:\\\/\\\/bogensportdiscount.ch\\\/#website\",\"url\":\"https:\\\/\\\/bogensportdiscount.ch\\\/\",\"name\":\"Bogensportdiscount\",\"description\":\"\",\"potentialAction\":[{\"@type\":\"SearchAction\",\"target\":{\"@type\":\"EntryPoint\",\"urlTemplate\":\"https:\\\/\\\/bogensportdiscount.ch\\\/?s={search_term_string}\"},\"query-input\":{\"@type\":\"PropertyValueSpecification\",\"valueRequired\":true,\"valueName\":\"search_term_string\"}}],\"inLanguage\":\"fr-FR\"}]}<\/script>\n<!-- \/ Yoast SEO plugin. -->","yoast_head_json":{"title":"BEITER KAINDL WERKZEUG 360\u00b0 &amp; ADAPTER F\u00dcR ROUND RIP CLUTCH - Bogensportdiscount \u2013 B\u00f6gen, Pfeile, Targets &amp; Zubeh\u00f6r","description":"BEITER KAINDL WERKZEUG 360\u00b0 &amp; ADAPTER F\u00dcR ROUND RIP CLUTCH g\u00fcnstig kaufen bei Bogensportdiscount \u2013 Top-Marken, schneller Versand aus der Schweiz.","robots":{"index":"index","follow":"follow","max-snippet":"max-snippet:-1","max-image-preview":"max-image-preview:large","max-video-preview":"max-video-preview:-1"},"canonical":"https:\/\/bogensportdiscount.ch\/fr\/produit\/beiter-kaindl-tool-360-grad-adapter-round-rip-clutch\/","og_locale":"fr_FR","og_type":"article","og_title":"BEITER KAINDL WERKZEUG 360\u00b0 &amp; ADAPTER F\u00dcR ROUND RIP CLUTCH - Bogensportdiscount \u2013 B\u00f6gen, Pfeile, Targets &amp; Zubeh\u00f6r","og_description":"BEITER KAINDL WERKZEUG 360\u00b0 &amp; ADAPTER F\u00dcR ROUND RIP CLUTCH g\u00fcnstig kaufen bei Bogensportdiscount \u2013 Top-Marken, schneller Versand aus der Schweiz.","og_url":"https:\/\/bogensportdiscount.ch\/fr\/produit\/beiter-kaindl-tool-360-grad-adapter-round-rip-clutch\/","og_site_name":"Bogensportdiscount \u2013 B\u00f6gen, Pfeile, Targets &amp; Zubeh\u00f6r","article_modified_time":"2026-05-14T05:13:28+00:00","og_image":[{"width":1181,"height":1772,"url":"https:\/\/bogensportdiscount.ch\/wp-content\/uploads\/bsm-images\/A010831_1.png","type":"image\/png"}],"twitter_card":"summary_large_image","twitter_misc":{"Dur\u00e9e de lecture estim\u00e9e":"1 minute"},"schema":{"@context":"https:\/\/schema.org","@graph":[{"@type":"WebPage","@id":"https:\/\/bogensportdiscount.ch\/produkt\/beiter-kaindl-tool-360-grad-adapter-round-rip-clutch\/","url":"https:\/\/bogensportdiscount.ch\/produkt\/beiter-kaindl-tool-360-grad-adapter-round-rip-clutch\/","name":"BEITER KAINDL WERKZEUG 360\u00b0 &amp; ADAPTER F\u00dcR ROUND RIP CLUTCH - Bogensportdiscount \u2013 B\u00f6gen, Pfeile, Targets &amp; Zubeh\u00f6r","isPartOf":{"@id":"https:\/\/bogensportdiscount.ch\/#website"},"primaryImageOfPage":{"@id":"https:\/\/bogensportdiscount.ch\/produkt\/beiter-kaindl-tool-360-grad-adapter-round-rip-clutch\/#primaryimage"},"image":{"@id":"https:\/\/bogensportdiscount.ch\/produkt\/beiter-kaindl-tool-360-grad-adapter-round-rip-clutch\/#primaryimage"},"thumbnailUrl":"https:\/\/bogensportdiscount.ch\/wp-content\/uploads\/bsm-images\/A010831_1.png","datePublished":"2026-04-05T12:23:10+00:00","dateModified":"2026-05-14T05:13:28+00:00","description":"BEITER KAINDL WERKZEUG 360\u00b0 &amp; ADAPTER F\u00dcR ROUND RIP CLUTCH g\u00fcnstig kaufen bei Bogensportdiscount \u2013 Top-Marken, schneller Versand aus der Schweiz.","breadcrumb":{"@id":"https:\/\/bogensportdiscount.ch\/produkt\/beiter-kaindl-tool-360-grad-adapter-round-rip-clutch\/#breadcrumb"},"inLanguage":"fr-FR","potentialAction":[{"@type":"ReadAction","target":["https:\/\/bogensportdiscount.ch\/produkt\/beiter-kaindl-tool-360-grad-adapter-round-rip-clutch\/"]}]},{"@type":"ImageObject","inLanguage":"fr-FR","@id":"https:\/\/bogensportdiscount.ch\/produkt\/beiter-kaindl-tool-360-grad-adapter-round-rip-clutch\/#primaryimage","url":"https:\/\/bogensportdiscount.ch\/wp-content\/uploads\/bsm-images\/A010831_1.png","contentUrl":"https:\/\/bogensportdiscount.ch\/wp-content\/uploads\/bsm-images\/A010831_1.png","width":1181,"height":1772},{"@type":"BreadcrumbList","@id":"https:\/\/bogensportdiscount.ch\/produkt\/beiter-kaindl-tool-360-grad-adapter-round-rip-clutch\/#breadcrumb","itemListElement":[{"@type":"ListItem","position":1,"name":"Home","item":"https:\/\/bogensportdiscount.ch\/"},{"@type":"ListItem","position":2,"name":"Shop","item":"https:\/\/bogensportdiscount.ch\/shop\/"},{"@type":"ListItem","position":3,"name":"BEITER KAINDL TOOL 360\u00b0 &amp; ADAPTER FOR ROUND RIP CLUTCH"}]},{"@type":"WebSite","@id":"https:\/\/bogensportdiscount.ch\/#website","url":"https:\/\/bogensportdiscount.ch\/","name":"Bogensportdiscount","description":"","potentialAction":[{"@type":"SearchAction","target":{"@type":"EntryPoint","urlTemplate":"https:\/\/bogensportdiscount.ch\/?s={search_term_string}"},"query-input":{"@type":"PropertyValueSpecification","valueRequired":true,"valueName":"search_term_string"}}],"inLanguage":"fr-FR"}]}},"_links":{"self":[{"href":"https:\/\/bogensportdiscount.ch\/fr\/wp-json\/wp\/v2\/product\/391525","targetHints":{"allow":["GET"]}}],"collection":[{"href":"https:\/\/bogensportdiscount.ch\/fr\/wp-json\/wp\/v2\/product"}],"about":[{"href":"https:\/\/bogensportdiscount.ch\/fr\/wp-json\/wp\/v2\/types\/product"}],"replies":[{"embeddable":true,"href":"https:\/\/bogensportdiscount.ch\/fr\/wp-json\/wp\/v2\/comments?post=391525"}],"wp:featuredmedia":[{"embeddable":true,"href":"https:\/\/bogensportdiscount.ch\/fr\/wp-json\/wp\/v2\/media\/443059"}],"wp:attachment":[{"href":"https:\/\/bogensportdiscount.ch\/fr\/wp-json\/wp\/v2\/media?parent=391525"}],"wp:term":[{"taxonomy":"product_brand","embeddable":true,"href":"https:\/\/bogensportdiscount.ch\/fr\/wp-json\/wp\/v2\/product_brand?post=391525"},{"taxonomy":"product_cat","embeddable":true,"href":"https:\/\/bogensportdiscount.ch\/fr\/wp-json\/wp\/v2\/product_cat?post=391525"},{"taxonomy":"product_tag","embeddable":true,"href":"https:\/\/bogensportdiscount.ch\/fr\/wp-json\/wp\/v2\/product_tag?post=391525"}],"curies":[{"name":"wp","href":"https:\/\/api.w.org\/{rel}","templated":true}]}}