{"id":391524,"date":"2026-04-05T14:23:09","date_gmt":"2026-04-05T12:23:09","guid":{"rendered":"https:\/\/bogensportdiscount.ch\/produkt\/kap-winstorm-401-5-16-24-black-standard-button\/"},"modified":"2026-05-01T12:05:21","modified_gmt":"2026-05-01T10:05:21","slug":"kap-standard-button-winstorm-401-5-16-24-schwarz","status":"publish","type":"product","link":"https:\/\/bogensportdiscount.ch\/fr\/produit\/kap-standard-button-winstorm-401-5-16-24-schwarz\/","title":{"rendered":"KAP WINSTORM 401 5\/16&#8243;-24 SCHWARZ STANDARD BUTTON"},"content":{"rendered":"<p>Le bouton de pression standard KAP Winstorm 401 en noir est un accessoire solide pour le tir \u00e0 l'arc classique. Avec le filetage courant 5\/16&#8243;-24, il peut \u00eatre viss\u00e9 sans probl\u00e8me dans la plupart des arcs classiques disposant d'un logement de bouton correspondant.<\/p>\n<p>Les boutons de pression servent \u00e0 r\u00e9guler la pression lat\u00e9rale exerc\u00e9e sur la fl\u00e8che au moment du tir, afin d'optimiser le mouvement du paradoxe de l'archer. Cela contribue \u00e0 une trajectoire de fl\u00e8che plus r\u00e9guli\u00e8re et donc \u00e0 une meilleure pr\u00e9cision.<\/p>\n<ul>\n<li>Filetage : 5\/16&#8243;-24<\/li>\n<li>Couleur : Noir<\/li>\n<li>Compatible avec les arcs classiques standard \u00e0 logement de bouton 5\/16&#8243;-24<\/li>\n<li>Marque : KAP (mod\u00e8le Winstorm 401)<\/li>\n<\/ul>","protected":false},"excerpt":{"rendered":"<p><strong>Marque :<\/strong> KAP<br \/><strong>Couleur:<\/strong> Noir<br \/><strong>GTIN:<\/strong> 807000001<\/p>","protected":false},"featured_media":443070,"comment_status":"open","ping_status":"closed","template":"","meta":[],"product_brand":[781],"product_cat":[4128,4188,4190],"product_tag":[3546],"class_list":{"0":"post-391524","1":"product","2":"type-product","3":"status-publish","4":"has-post-thumbnail","6":"product_brand-kap","7":"product_cat-bogen-zubehoer","8":"product_cat-buttons-klickers","9":"product_cat-standard-buttons-buttons-klickers","10":"product_tag-neuheit","11":"product_shipping_class-bsd-standard","13":"first","14":"instock","15":"shipping-taxable","16":"purchasable","17":"product-type-simple"},"yoast_head":"<!-- This site is optimized with the Yoast SEO plugin v27.5 - https:\/\/yoast.com\/product\/yoast-seo-wordpress\/ -->\n<title>KAP WINSTORM 401 5\/16&quot;-24 NOIR BOUTON STANDARD - Bogensportdiscount \u2013 Arcs, fl\u00e8ches, cibles et accessoires<\/title>\n<meta name=\"description\" content=\"Achetez le KAP WINSTORM 401 5\/16&quot;-24 NOIR STANDARD BUTTON \u00e0 un prix avantageux chez Bogensportdiscount \u2013 Grandes marques, livraison rapide depuis la Suisse.\" \/>\n<meta name=\"robots\" content=\"index, follow, max-snippet:-1, max-image-preview:large, max-video-preview:-1\" \/>\n<link rel=\"canonical\" href=\"https:\/\/bogensportdiscount.ch\/fr\/produit\/kap-standard-button-winstorm-401-5-16-24-schwarz\/\" \/>\n<meta property=\"og:locale\" content=\"fr_FR\" \/>\n<meta property=\"og:type\" content=\"article\" \/>\n<meta property=\"og:title\" content=\"KAP WINSTORM 401 5\/16&quot;-24 NOIR BOUTON STANDARD - Bogensportdiscount \u2013 Arcs, fl\u00e8ches, cibles et accessoires\" \/>\n<meta property=\"og:description\" content=\"Achetez le KAP WINSTORM 401 5\/16&quot;-24 NOIR STANDARD BUTTON \u00e0 un prix avantageux chez Bogensportdiscount \u2013 Grandes marques, livraison rapide depuis la Suisse.\" \/>\n<meta property=\"og:url\" content=\"https:\/\/bogensportdiscount.ch\/fr\/produit\/kap-standard-button-winstorm-401-5-16-24-schwarz\/\" \/>\n<meta property=\"og:site_name\" content=\"Bogensportdiscount \u2013 B\u00f6gen, Pfeile, Targets &amp; Zubeh\u00f6r\" \/>\n<meta property=\"article:modified_time\" content=\"2026-05-01T10:05:21+00:00\" \/>\n<meta property=\"og:image\" content=\"https:\/\/bogensportdiscount.ch\/wp-content\/uploads\/bsm-images\/A010795_1.png\" \/>\n\t<meta property=\"og:image:width\" content=\"1408\" \/>\n\t<meta property=\"og:image:height\" content=\"475\" \/>\n\t<meta property=\"og:image:type\" content=\"image\/png\" \/>\n<meta name=\"twitter:card\" content=\"summary_large_image\" \/>\n<script type=\"application\/ld+json\" class=\"yoast-schema-graph\">{\"@context\":\"https:\\\/\\\/schema.org\",\"@graph\":[{\"@type\":\"WebPage\",\"@id\":\"https:\\\/\\\/bogensportdiscount.ch\\\/produkt\\\/kap-standard-button-winstorm-401-5-16-24-schwarz\\\/\",\"url\":\"https:\\\/\\\/bogensportdiscount.ch\\\/produkt\\\/kap-standard-button-winstorm-401-5-16-24-schwarz\\\/\",\"name\":\"KAP WINSTORM 401 5\\\/16\\\"-24 SCHWARZ STANDARD BUTTON - Bogensportdiscount \u2013 B\u00f6gen, Pfeile, Targets &amp; Zubeh\u00f6r\",\"isPartOf\":{\"@id\":\"https:\\\/\\\/bogensportdiscount.ch\\\/#website\"},\"primaryImageOfPage\":{\"@id\":\"https:\\\/\\\/bogensportdiscount.ch\\\/produkt\\\/kap-standard-button-winstorm-401-5-16-24-schwarz\\\/#primaryimage\"},\"image\":{\"@id\":\"https:\\\/\\\/bogensportdiscount.ch\\\/produkt\\\/kap-standard-button-winstorm-401-5-16-24-schwarz\\\/#primaryimage\"},\"thumbnailUrl\":\"https:\\\/\\\/bogensportdiscount.ch\\\/wp-content\\\/uploads\\\/bsm-images\\\/A010795_1.png\",\"datePublished\":\"2026-04-05T12:23:09+00:00\",\"dateModified\":\"2026-05-01T10:05:21+00:00\",\"description\":\"KAP WINSTORM 401 5\\\/16\\\"-24 SCHWARZ STANDARD BUTTON g\u00fcnstig kaufen bei Bogensportdiscount \u2013 Top-Marken, schneller Versand aus der Schweiz.\",\"breadcrumb\":{\"@id\":\"https:\\\/\\\/bogensportdiscount.ch\\\/produkt\\\/kap-standard-button-winstorm-401-5-16-24-schwarz\\\/#breadcrumb\"},\"inLanguage\":\"fr-FR\",\"potentialAction\":[{\"@type\":\"ReadAction\",\"target\":[\"https:\\\/\\\/bogensportdiscount.ch\\\/produkt\\\/kap-standard-button-winstorm-401-5-16-24-schwarz\\\/\"]}]},{\"@type\":\"ImageObject\",\"inLanguage\":\"fr-FR\",\"@id\":\"https:\\\/\\\/bogensportdiscount.ch\\\/produkt\\\/kap-standard-button-winstorm-401-5-16-24-schwarz\\\/#primaryimage\",\"url\":\"https:\\\/\\\/bogensportdiscount.ch\\\/wp-content\\\/uploads\\\/bsm-images\\\/A010795_1.png\",\"contentUrl\":\"https:\\\/\\\/bogensportdiscount.ch\\\/wp-content\\\/uploads\\\/bsm-images\\\/A010795_1.png\",\"width\":1408,\"height\":475},{\"@type\":\"BreadcrumbList\",\"@id\":\"https:\\\/\\\/bogensportdiscount.ch\\\/produkt\\\/kap-standard-button-winstorm-401-5-16-24-schwarz\\\/#breadcrumb\",\"itemListElement\":[{\"@type\":\"ListItem\",\"position\":1,\"name\":\"Home\",\"item\":\"https:\\\/\\\/bogensportdiscount.ch\\\/\"},{\"@type\":\"ListItem\",\"position\":2,\"name\":\"Shop\",\"item\":\"https:\\\/\\\/bogensportdiscount.ch\\\/shop\\\/\"},{\"@type\":\"ListItem\",\"position\":3,\"name\":\"KAP WINSTORM 401 5\\\/16&#8243;-24 BLACK STANDARD BUTTON\"}]},{\"@type\":\"WebSite\",\"@id\":\"https:\\\/\\\/bogensportdiscount.ch\\\/#website\",\"url\":\"https:\\\/\\\/bogensportdiscount.ch\\\/\",\"name\":\"Bogensportdiscount\",\"description\":\"\",\"potentialAction\":[{\"@type\":\"SearchAction\",\"target\":{\"@type\":\"EntryPoint\",\"urlTemplate\":\"https:\\\/\\\/bogensportdiscount.ch\\\/?s={search_term_string}\"},\"query-input\":{\"@type\":\"PropertyValueSpecification\",\"valueRequired\":true,\"valueName\":\"search_term_string\"}}],\"inLanguage\":\"fr-FR\"}]}<\/script>\n<!-- \/ Yoast SEO plugin. -->","yoast_head_json":{"title":"KAP WINSTORM 401 5\/16&quot;-24 NOIR BOUTON STANDARD - Bogensportdiscount \u2013 Arcs, fl\u00e8ches, cibles et accessoires","description":"Achetez le KAP WINSTORM 401 5\/16&quot;-24 NOIR STANDARD BUTTON \u00e0 un prix avantageux chez Bogensportdiscount \u2013 Grandes marques, livraison rapide depuis la Suisse.","robots":{"index":"index","follow":"follow","max-snippet":"max-snippet:-1","max-image-preview":"max-image-preview:large","max-video-preview":"max-video-preview:-1"},"canonical":"https:\/\/bogensportdiscount.ch\/fr\/produit\/kap-standard-button-winstorm-401-5-16-24-schwarz\/","og_locale":"fr_FR","og_type":"article","og_title":"KAP WINSTORM 401 5\/16&quot;-24 NOIR BOUTON STANDARD - Bogensportdiscount \u2013 Arcs, fl\u00e8ches, cibles et accessoires","og_description":"Achetez le KAP WINSTORM 401 5\/16&quot;-24 NOIR STANDARD BUTTON \u00e0 un prix avantageux chez Bogensportdiscount \u2013 Grandes marques, livraison rapide depuis la Suisse.","og_url":"https:\/\/bogensportdiscount.ch\/fr\/produit\/kap-standard-button-winstorm-401-5-16-24-schwarz\/","og_site_name":"Bogensportdiscount \u2013 B\u00f6gen, Pfeile, Targets &amp; Zubeh\u00f6r","article_modified_time":"2026-05-01T10:05:21+00:00","og_image":[{"width":1408,"height":475,"url":"https:\/\/bogensportdiscount.ch\/wp-content\/uploads\/bsm-images\/A010795_1.png","type":"image\/png"}],"twitter_card":"summary_large_image","schema":{"@context":"https:\/\/schema.org","@graph":[{"@type":"WebPage","@id":"https:\/\/bogensportdiscount.ch\/produkt\/kap-standard-button-winstorm-401-5-16-24-schwarz\/","url":"https:\/\/bogensportdiscount.ch\/produkt\/kap-standard-button-winstorm-401-5-16-24-schwarz\/","name":"KAP WINSTORM 401 5\/16&quot;-24 NOIR BOUTON STANDARD - Bogensportdiscount \u2013 Arcs, fl\u00e8ches, cibles et accessoires","isPartOf":{"@id":"https:\/\/bogensportdiscount.ch\/#website"},"primaryImageOfPage":{"@id":"https:\/\/bogensportdiscount.ch\/produkt\/kap-standard-button-winstorm-401-5-16-24-schwarz\/#primaryimage"},"image":{"@id":"https:\/\/bogensportdiscount.ch\/produkt\/kap-standard-button-winstorm-401-5-16-24-schwarz\/#primaryimage"},"thumbnailUrl":"https:\/\/bogensportdiscount.ch\/wp-content\/uploads\/bsm-images\/A010795_1.png","datePublished":"2026-04-05T12:23:09+00:00","dateModified":"2026-05-01T10:05:21+00:00","description":"Achetez le KAP WINSTORM 401 5\/16&quot;-24 NOIR STANDARD BUTTON \u00e0 un prix avantageux chez Bogensportdiscount \u2013 Grandes marques, livraison rapide depuis la Suisse.","breadcrumb":{"@id":"https:\/\/bogensportdiscount.ch\/produkt\/kap-standard-button-winstorm-401-5-16-24-schwarz\/#breadcrumb"},"inLanguage":"fr-FR","potentialAction":[{"@type":"ReadAction","target":["https:\/\/bogensportdiscount.ch\/produkt\/kap-standard-button-winstorm-401-5-16-24-schwarz\/"]}]},{"@type":"ImageObject","inLanguage":"fr-FR","@id":"https:\/\/bogensportdiscount.ch\/produkt\/kap-standard-button-winstorm-401-5-16-24-schwarz\/#primaryimage","url":"https:\/\/bogensportdiscount.ch\/wp-content\/uploads\/bsm-images\/A010795_1.png","contentUrl":"https:\/\/bogensportdiscount.ch\/wp-content\/uploads\/bsm-images\/A010795_1.png","width":1408,"height":475},{"@type":"BreadcrumbList","@id":"https:\/\/bogensportdiscount.ch\/produkt\/kap-standard-button-winstorm-401-5-16-24-schwarz\/#breadcrumb","itemListElement":[{"@type":"ListItem","position":1,"name":"Home","item":"https:\/\/bogensportdiscount.ch\/"},{"@type":"ListItem","position":2,"name":"Shop","item":"https:\/\/bogensportdiscount.ch\/shop\/"},{"@type":"ListItem","position":3,"name":"KAP WINSTORM 401 5\/16&#8243;-24 BLACK STANDARD BUTTON"}]},{"@type":"WebSite","@id":"https:\/\/bogensportdiscount.ch\/#website","url":"https:\/\/bogensportdiscount.ch\/","name":"Bogensportdiscount","description":"","potentialAction":[{"@type":"SearchAction","target":{"@type":"EntryPoint","urlTemplate":"https:\/\/bogensportdiscount.ch\/?s={search_term_string}"},"query-input":{"@type":"PropertyValueSpecification","valueRequired":true,"valueName":"search_term_string"}}],"inLanguage":"fr-FR"}]}},"_links":{"self":[{"href":"https:\/\/bogensportdiscount.ch\/fr\/wp-json\/wp\/v2\/product\/391524","targetHints":{"allow":["GET"]}}],"collection":[{"href":"https:\/\/bogensportdiscount.ch\/fr\/wp-json\/wp\/v2\/product"}],"about":[{"href":"https:\/\/bogensportdiscount.ch\/fr\/wp-json\/wp\/v2\/types\/product"}],"replies":[{"embeddable":true,"href":"https:\/\/bogensportdiscount.ch\/fr\/wp-json\/wp\/v2\/comments?post=391524"}],"wp:featuredmedia":[{"embeddable":true,"href":"https:\/\/bogensportdiscount.ch\/fr\/wp-json\/wp\/v2\/media\/443070"}],"wp:attachment":[{"href":"https:\/\/bogensportdiscount.ch\/fr\/wp-json\/wp\/v2\/media?parent=391524"}],"wp:term":[{"taxonomy":"product_brand","embeddable":true,"href":"https:\/\/bogensportdiscount.ch\/fr\/wp-json\/wp\/v2\/product_brand?post=391524"},{"taxonomy":"product_cat","embeddable":true,"href":"https:\/\/bogensportdiscount.ch\/fr\/wp-json\/wp\/v2\/product_cat?post=391524"},{"taxonomy":"product_tag","embeddable":true,"href":"https:\/\/bogensportdiscount.ch\/fr\/wp-json\/wp\/v2\/product_tag?post=391524"}],"curies":[{"name":"wp","href":"https:\/\/api.w.org\/{rel}","templated":true}]}}