{"id":391517,"date":"2026-04-05T14:23:08","date_gmt":"2026-04-05T12:23:08","guid":{"rendered":"https:\/\/bogensportdiscount.ch\/produkt\/er-plastic-blunts-nylon-horiz-popnjay-ertalon-without-cap-dia-27mm\/"},"modified":"2026-04-15T12:10:06","modified_gmt":"2026-04-15T10:10:06","slug":"erplastic-blunt-nylon-horizontal-popinjay-ertalon-ohne-kappe-27mm","status":"publish","type":"product","link":"https:\/\/bogensportdiscount.ch\/fr\/produit\/erplastic-blunt-nylon-horizontal-popinjay-ertalon-ohne-kappe-27mm\/","title":{"rendered":"ER PLASTIC BLUNTS NYLON HORIZ. POPNJAY ERTALON SANS CAPUCHON DIA 27MM"},"content":{"rendered":"<p>Dieser Nylon-Blunt von ERPLASTIC ist speziell f\u00fcr den horizontalen Popinjay-Bogensport entwickelt. Er besteht aus Ertalon, einem robusten und langlebigen Nylonwerkstoff, der f\u00fcr den wiederholten Einsatz ausgelegt ist.<\/p>\n<p>Die Ausf\u00fchrung ohne Kappe eignet sich f\u00fcr den direkten Aufsteck-Einsatz auf Pfeile mit einem Aussendurchmesser von 27 mm. Als Komponente f\u00fcr Pop-N-Jay-Pfeile ist dieser Blunt ein wichtiges Zubeh\u00f6rteil f\u00fcr den Aufbau regelkonformer Popinjay-Pfeile.<\/p>\n<ul>\n<li>Material: Ertalon-Nylon<\/li>\n<li>Ausf\u00fchrung: horizontal, ohne Kappe<\/li>\n<li>Passend f\u00fcr Schaftdurchmesser 27 mm<\/li>\n<li>Geeignet f\u00fcr Popinjay-Bogensport<\/li>\n<\/ul>","protected":false},"excerpt":{"rendered":"<p><strong>Marque :<\/strong> ER Plastic<\/p>","protected":false},"featured_media":453631,"comment_status":"open","ping_status":"closed","template":"","meta":[],"product_brand":[790],"product_cat":[4185],"product_tag":[3546],"class_list":{"0":"post-391517","1":"product","2":"type-product","3":"status-publish","4":"has-post-thumbnail","6":"product_brand-erplastic","7":"product_cat-komponenten","8":"product_tag-neuheit","10":"first","11":"instock","12":"shipping-taxable","13":"purchasable","14":"product-type-simple"},"_links":{"self":[{"href":"https:\/\/bogensportdiscount.ch\/fr\/wp-json\/wp\/v2\/product\/391517","targetHints":{"allow":["GET"]}}],"collection":[{"href":"https:\/\/bogensportdiscount.ch\/fr\/wp-json\/wp\/v2\/product"}],"about":[{"href":"https:\/\/bogensportdiscount.ch\/fr\/wp-json\/wp\/v2\/types\/product"}],"replies":[{"embeddable":true,"href":"https:\/\/bogensportdiscount.ch\/fr\/wp-json\/wp\/v2\/comments?post=391517"}],"wp:featuredmedia":[{"embeddable":true,"href":"https:\/\/bogensportdiscount.ch\/fr\/wp-json\/wp\/v2\/media\/453631"}],"wp:attachment":[{"href":"https:\/\/bogensportdiscount.ch\/fr\/wp-json\/wp\/v2\/media?parent=391517"}],"wp:term":[{"taxonomy":"product_brand","embeddable":true,"href":"https:\/\/bogensportdiscount.ch\/fr\/wp-json\/wp\/v2\/product_brand?post=391517"},{"taxonomy":"product_cat","embeddable":true,"href":"https:\/\/bogensportdiscount.ch\/fr\/wp-json\/wp\/v2\/product_cat?post=391517"},{"taxonomy":"product_tag","embeddable":true,"href":"https:\/\/bogensportdiscount.ch\/fr\/wp-json\/wp\/v2\/product_tag?post=391517"}],"curies":[{"name":"wp","href":"https:\/\/api.w.org\/{rel}","templated":true}]}}