{"id":391513,"date":"2026-04-05T14:23:07","date_gmt":"2026-04-05T12:23:07","guid":{"rendered":"https:\/\/bogensportdiscount.ch\/produkt\/truglo-compound-bowstands-wide-black-red\/"},"modified":"2026-05-14T07:13:28","modified_gmt":"2026-05-14T05:13:28","slug":"truglo-compound-bogenstaender-wide-schwarz-rot","status":"publish","type":"product","link":"https:\/\/bogensportdiscount.ch\/fr\/produit\/truglo-compound-bogenstaender-wide-schwarz-rot\/","title":{"rendered":"TRUGLO SUPPORT D'ARC \u00c0 POULIES LARGE NOIR\/ROUGE"},"content":{"rendered":"<p>Le support d'arc \u00e0 poulies TRUGLO Wide a \u00e9t\u00e9 d\u00e9velopp\u00e9 pour une utilisation avec des arcs \u00e0 poulies et offre, gr\u00e2ce \u00e0 sa construction plus large, une stabilit\u00e9 fiable sur diff\u00e9rentes surfaces. Le support maintient l'arc solidement en position verticale sans qu'il soit n\u00e9cessaire de le poser.<\/p>\n<p>Gr\u00e2ce \u00e0 sa conception compacte, ce support d'arc convient aussi bien \u00e0 une utilisation sur le pas de tir qu'en ext\u00e9rieur. La combinaison de couleurs noir et rouge permet de retrouver l'accessoire rapidement.<\/p>\n<ul>\n<li>Sp\u00e9cialement con\u00e7u pour les arcs \u00e0 poulies<\/li>\n<li>Construction large pour une stabilit\u00e9 accrue<\/li>\n<li>Combinaison de couleurs Noir\/Rouge<\/li>\n<li>Adapt\u00e9 au pas de tir et \u00e0 l'utilisation en plein air<\/li>\n<\/ul>","protected":false},"excerpt":{"rendered":"<table>\n<tr>\n<th>Propri\u00e9t\u00e9<\/th>\n<th>Valeur<\/th>\n<\/tr>\n<tr>\n<td>Marque<\/td>\n<td>Truglo<\/td>\n<\/tr>\n<tr>\n<td>Type<\/td>\n<td>Fixed<\/td>\n<\/tr>\n<tr>\n<td>Couleur<\/td>\n<td>Black-Red<\/td>\n<\/tr>\n<tr>\n<td>Pays d'origine<\/td>\n<td>USA<\/td>\n<\/tr>\n<\/table>","protected":false},"featured_media":447720,"comment_status":"open","ping_status":"closed","template":"","meta":[],"product_brand":[560],"product_cat":[4124,4183,4187],"product_tag":[3546],"class_list":{"0":"post-391513","1":"product","2":"type-product","3":"status-publish","4":"has-post-thumbnail","6":"product_brand-truglo","7":"product_cat-bogenschuetzer-ausruestung","8":"product_cat-bogenstand","9":"product_cat-compound-bogenstand","10":"product_tag-neuheit","11":"product_shipping_class-bsd-standard","13":"first","14":"instock","15":"shipping-taxable","16":"purchasable","17":"product-type-simple"},"yoast_head":"<!-- This site is optimized with the Yoast SEO plugin v27.6 - https:\/\/yoast.com\/product\/yoast-seo-wordpress\/ -->\n<title>TRUGLO COMPOUNDBOGEN BOGENST\u00c4NDER BREIT SCHWARZ\/ROT - Bogensportdiscount \u2013 B\u00f6gen, Pfeile, Targets &amp; Zubeh\u00f6r<\/title>\n<meta name=\"description\" content=\"TRUGLO COMPOUNDBOGEN BOGENST\u00c4NDER BREIT SCHWARZ\/ROT g\u00fcnstig kaufen bei Bogensportdiscount \u2013 Top-Marken, schneller Versand aus der Schweiz.\" \/>\n<meta name=\"robots\" content=\"index, follow, max-snippet:-1, max-image-preview:large, max-video-preview:-1\" \/>\n<link rel=\"canonical\" href=\"https:\/\/bogensportdiscount.ch\/fr\/produit\/truglo-compound-bogenstaender-wide-schwarz-rot\/\" \/>\n<meta property=\"og:locale\" content=\"fr_FR\" \/>\n<meta property=\"og:type\" content=\"article\" \/>\n<meta property=\"og:title\" content=\"TRUGLO COMPOUNDBOGEN BOGENST\u00c4NDER BREIT SCHWARZ\/ROT - Bogensportdiscount \u2013 B\u00f6gen, Pfeile, Targets &amp; Zubeh\u00f6r\" \/>\n<meta property=\"og:description\" content=\"TRUGLO COMPOUNDBOGEN BOGENST\u00c4NDER BREIT SCHWARZ\/ROT g\u00fcnstig kaufen bei Bogensportdiscount \u2013 Top-Marken, schneller Versand aus der Schweiz.\" \/>\n<meta property=\"og:url\" content=\"https:\/\/bogensportdiscount.ch\/fr\/produit\/truglo-compound-bogenstaender-wide-schwarz-rot\/\" \/>\n<meta property=\"og:site_name\" content=\"Bogensportdiscount \u2013 B\u00f6gen, Pfeile, Targets &amp; Zubeh\u00f6r\" \/>\n<meta property=\"article:modified_time\" content=\"2026-05-14T05:13:28+00:00\" \/>\n<meta property=\"og:image\" content=\"https:\/\/bogensportdiscount.ch\/wp-content\/uploads\/bsm-images\/A010689_1.png\" \/>\n\t<meta property=\"og:image:width\" content=\"1200\" \/>\n\t<meta property=\"og:image:height\" content=\"576\" \/>\n\t<meta property=\"og:image:type\" content=\"image\/png\" \/>\n<meta name=\"twitter:card\" content=\"summary_large_image\" \/>\n<meta name=\"twitter:label1\" content=\"Dur\u00e9e de lecture estim\u00e9e\" \/>\n\t<meta name=\"twitter:data1\" content=\"1 minute\" \/>\n<script type=\"application\/ld+json\" class=\"yoast-schema-graph\">{\"@context\":\"https:\\\/\\\/schema.org\",\"@graph\":[{\"@type\":\"WebPage\",\"@id\":\"https:\\\/\\\/bogensportdiscount.ch\\\/produkt\\\/truglo-compound-bogenstaender-wide-schwarz-rot\\\/\",\"url\":\"https:\\\/\\\/bogensportdiscount.ch\\\/produkt\\\/truglo-compound-bogenstaender-wide-schwarz-rot\\\/\",\"name\":\"TRUGLO COMPOUNDBOGEN BOGENST\u00c4NDER BREIT SCHWARZ\\\/ROT - Bogensportdiscount \u2013 B\u00f6gen, Pfeile, Targets &amp; Zubeh\u00f6r\",\"isPartOf\":{\"@id\":\"https:\\\/\\\/bogensportdiscount.ch\\\/#website\"},\"primaryImageOfPage\":{\"@id\":\"https:\\\/\\\/bogensportdiscount.ch\\\/produkt\\\/truglo-compound-bogenstaender-wide-schwarz-rot\\\/#primaryimage\"},\"image\":{\"@id\":\"https:\\\/\\\/bogensportdiscount.ch\\\/produkt\\\/truglo-compound-bogenstaender-wide-schwarz-rot\\\/#primaryimage\"},\"thumbnailUrl\":\"https:\\\/\\\/bogensportdiscount.ch\\\/wp-content\\\/uploads\\\/bsm-images\\\/A010689_1.png\",\"datePublished\":\"2026-04-05T12:23:07+00:00\",\"dateModified\":\"2026-05-14T05:13:28+00:00\",\"description\":\"TRUGLO COMPOUNDBOGEN BOGENST\u00c4NDER BREIT SCHWARZ\\\/ROT g\u00fcnstig kaufen bei Bogensportdiscount \u2013 Top-Marken, schneller Versand aus der Schweiz.\",\"breadcrumb\":{\"@id\":\"https:\\\/\\\/bogensportdiscount.ch\\\/produkt\\\/truglo-compound-bogenstaender-wide-schwarz-rot\\\/#breadcrumb\"},\"inLanguage\":\"fr-FR\",\"potentialAction\":[{\"@type\":\"ReadAction\",\"target\":[\"https:\\\/\\\/bogensportdiscount.ch\\\/produkt\\\/truglo-compound-bogenstaender-wide-schwarz-rot\\\/\"]}]},{\"@type\":\"ImageObject\",\"inLanguage\":\"fr-FR\",\"@id\":\"https:\\\/\\\/bogensportdiscount.ch\\\/produkt\\\/truglo-compound-bogenstaender-wide-schwarz-rot\\\/#primaryimage\",\"url\":\"https:\\\/\\\/bogensportdiscount.ch\\\/wp-content\\\/uploads\\\/bsm-images\\\/A010689_1.png\",\"contentUrl\":\"https:\\\/\\\/bogensportdiscount.ch\\\/wp-content\\\/uploads\\\/bsm-images\\\/A010689_1.png\",\"width\":1200,\"height\":576},{\"@type\":\"BreadcrumbList\",\"@id\":\"https:\\\/\\\/bogensportdiscount.ch\\\/produkt\\\/truglo-compound-bogenstaender-wide-schwarz-rot\\\/#breadcrumb\",\"itemListElement\":[{\"@type\":\"ListItem\",\"position\":1,\"name\":\"Home\",\"item\":\"https:\\\/\\\/bogensportdiscount.ch\\\/\"},{\"@type\":\"ListItem\",\"position\":2,\"name\":\"Shop\",\"item\":\"https:\\\/\\\/bogensportdiscount.ch\\\/shop\\\/\"},{\"@type\":\"ListItem\",\"position\":3,\"name\":\"TRUGLO COMPOUND BOWSTANDS WIDE BLACK\\\/RED\"}]},{\"@type\":\"WebSite\",\"@id\":\"https:\\\/\\\/bogensportdiscount.ch\\\/#website\",\"url\":\"https:\\\/\\\/bogensportdiscount.ch\\\/\",\"name\":\"Bogensportdiscount\",\"description\":\"\",\"potentialAction\":[{\"@type\":\"SearchAction\",\"target\":{\"@type\":\"EntryPoint\",\"urlTemplate\":\"https:\\\/\\\/bogensportdiscount.ch\\\/?s={search_term_string}\"},\"query-input\":{\"@type\":\"PropertyValueSpecification\",\"valueRequired\":true,\"valueName\":\"search_term_string\"}}],\"inLanguage\":\"fr-FR\"}]}<\/script>\n<!-- \/ Yoast SEO plugin. -->","yoast_head_json":{"title":"TRUGLO COMPOUNDBOGEN BOGENST\u00c4NDER BREIT SCHWARZ\/ROT - Bogensportdiscount \u2013 B\u00f6gen, Pfeile, Targets &amp; Zubeh\u00f6r","description":"TRUGLO COMPOUNDBOGEN BOGENST\u00c4NDER BREIT SCHWARZ\/ROT g\u00fcnstig kaufen bei Bogensportdiscount \u2013 Top-Marken, schneller Versand aus der Schweiz.","robots":{"index":"index","follow":"follow","max-snippet":"max-snippet:-1","max-image-preview":"max-image-preview:large","max-video-preview":"max-video-preview:-1"},"canonical":"https:\/\/bogensportdiscount.ch\/fr\/produit\/truglo-compound-bogenstaender-wide-schwarz-rot\/","og_locale":"fr_FR","og_type":"article","og_title":"TRUGLO COMPOUNDBOGEN BOGENST\u00c4NDER BREIT SCHWARZ\/ROT - Bogensportdiscount \u2013 B\u00f6gen, Pfeile, Targets &amp; Zubeh\u00f6r","og_description":"TRUGLO COMPOUNDBOGEN BOGENST\u00c4NDER BREIT SCHWARZ\/ROT g\u00fcnstig kaufen bei Bogensportdiscount \u2013 Top-Marken, schneller Versand aus der Schweiz.","og_url":"https:\/\/bogensportdiscount.ch\/fr\/produit\/truglo-compound-bogenstaender-wide-schwarz-rot\/","og_site_name":"Bogensportdiscount \u2013 B\u00f6gen, Pfeile, Targets &amp; Zubeh\u00f6r","article_modified_time":"2026-05-14T05:13:28+00:00","og_image":[{"width":1200,"height":576,"url":"https:\/\/bogensportdiscount.ch\/wp-content\/uploads\/bsm-images\/A010689_1.png","type":"image\/png"}],"twitter_card":"summary_large_image","twitter_misc":{"Dur\u00e9e de lecture estim\u00e9e":"1 minute"},"schema":{"@context":"https:\/\/schema.org","@graph":[{"@type":"WebPage","@id":"https:\/\/bogensportdiscount.ch\/produkt\/truglo-compound-bogenstaender-wide-schwarz-rot\/","url":"https:\/\/bogensportdiscount.ch\/produkt\/truglo-compound-bogenstaender-wide-schwarz-rot\/","name":"TRUGLO COMPOUNDBOGEN BOGENST\u00c4NDER BREIT SCHWARZ\/ROT - Bogensportdiscount \u2013 B\u00f6gen, Pfeile, Targets &amp; Zubeh\u00f6r","isPartOf":{"@id":"https:\/\/bogensportdiscount.ch\/#website"},"primaryImageOfPage":{"@id":"https:\/\/bogensportdiscount.ch\/produkt\/truglo-compound-bogenstaender-wide-schwarz-rot\/#primaryimage"},"image":{"@id":"https:\/\/bogensportdiscount.ch\/produkt\/truglo-compound-bogenstaender-wide-schwarz-rot\/#primaryimage"},"thumbnailUrl":"https:\/\/bogensportdiscount.ch\/wp-content\/uploads\/bsm-images\/A010689_1.png","datePublished":"2026-04-05T12:23:07+00:00","dateModified":"2026-05-14T05:13:28+00:00","description":"TRUGLO COMPOUNDBOGEN BOGENST\u00c4NDER BREIT SCHWARZ\/ROT g\u00fcnstig kaufen bei Bogensportdiscount \u2013 Top-Marken, schneller Versand aus der Schweiz.","breadcrumb":{"@id":"https:\/\/bogensportdiscount.ch\/produkt\/truglo-compound-bogenstaender-wide-schwarz-rot\/#breadcrumb"},"inLanguage":"fr-FR","potentialAction":[{"@type":"ReadAction","target":["https:\/\/bogensportdiscount.ch\/produkt\/truglo-compound-bogenstaender-wide-schwarz-rot\/"]}]},{"@type":"ImageObject","inLanguage":"fr-FR","@id":"https:\/\/bogensportdiscount.ch\/produkt\/truglo-compound-bogenstaender-wide-schwarz-rot\/#primaryimage","url":"https:\/\/bogensportdiscount.ch\/wp-content\/uploads\/bsm-images\/A010689_1.png","contentUrl":"https:\/\/bogensportdiscount.ch\/wp-content\/uploads\/bsm-images\/A010689_1.png","width":1200,"height":576},{"@type":"BreadcrumbList","@id":"https:\/\/bogensportdiscount.ch\/produkt\/truglo-compound-bogenstaender-wide-schwarz-rot\/#breadcrumb","itemListElement":[{"@type":"ListItem","position":1,"name":"Home","item":"https:\/\/bogensportdiscount.ch\/"},{"@type":"ListItem","position":2,"name":"Shop","item":"https:\/\/bogensportdiscount.ch\/shop\/"},{"@type":"ListItem","position":3,"name":"TRUGLO COMPOUND BOWSTANDS WIDE BLACK\/RED"}]},{"@type":"WebSite","@id":"https:\/\/bogensportdiscount.ch\/#website","url":"https:\/\/bogensportdiscount.ch\/","name":"Bogensportdiscount","description":"","potentialAction":[{"@type":"SearchAction","target":{"@type":"EntryPoint","urlTemplate":"https:\/\/bogensportdiscount.ch\/?s={search_term_string}"},"query-input":{"@type":"PropertyValueSpecification","valueRequired":true,"valueName":"search_term_string"}}],"inLanguage":"fr-FR"}]}},"_links":{"self":[{"href":"https:\/\/bogensportdiscount.ch\/fr\/wp-json\/wp\/v2\/product\/391513","targetHints":{"allow":["GET"]}}],"collection":[{"href":"https:\/\/bogensportdiscount.ch\/fr\/wp-json\/wp\/v2\/product"}],"about":[{"href":"https:\/\/bogensportdiscount.ch\/fr\/wp-json\/wp\/v2\/types\/product"}],"replies":[{"embeddable":true,"href":"https:\/\/bogensportdiscount.ch\/fr\/wp-json\/wp\/v2\/comments?post=391513"}],"wp:featuredmedia":[{"embeddable":true,"href":"https:\/\/bogensportdiscount.ch\/fr\/wp-json\/wp\/v2\/media\/447720"}],"wp:attachment":[{"href":"https:\/\/bogensportdiscount.ch\/fr\/wp-json\/wp\/v2\/media?parent=391513"}],"wp:term":[{"taxonomy":"product_brand","embeddable":true,"href":"https:\/\/bogensportdiscount.ch\/fr\/wp-json\/wp\/v2\/product_brand?post=391513"},{"taxonomy":"product_cat","embeddable":true,"href":"https:\/\/bogensportdiscount.ch\/fr\/wp-json\/wp\/v2\/product_cat?post=391513"},{"taxonomy":"product_tag","embeddable":true,"href":"https:\/\/bogensportdiscount.ch\/fr\/wp-json\/wp\/v2\/product_tag?post=391513"}],"curies":[{"name":"wp","href":"https:\/\/api.w.org\/{rel}","templated":true}]}}