{"id":391501,"date":"2026-04-05T14:23:05","date_gmt":"2026-04-05T12:23:05","guid":{"rendered":"https:\/\/bogensportdiscount.ch\/produkt\/gompy-wrist-slings-bs2-with-belt-black\/"},"modified":"2026-04-15T12:10:05","modified_gmt":"2026-04-15T10:10:05","slug":"gompy-handgelenksschlinge-bs2-mit-gurt-schwarz","status":"publish","type":"product","link":"https:\/\/bogensportdiscount.ch\/fr\/produit\/gompy-handgelenksschlinge-bs2-mit-gurt-schwarz\/","title":{"rendered":"GOMPY WRIST SLINGS BS2 WITH BELT BLACK"},"content":{"rendered":"<p>Die GOMPY Handgelenksschlinge BS2 mit Gurt ist eine einfache und zuverl\u00e4ssige Schlinge f\u00fcr Bogensch\u00fctzen. Die schwarze Ausf\u00fchrung passt zu einer Vielzahl von B\u00f6gen und Zubeh\u00f6r.<\/p>\n<p>Handgelenksschlingen werden am Bogen befestigt und verhindern, dass der Bogen nach dem Schuss aus der Hand f\u00e4llt. Dies erm\u00f6glicht eine entspannte Bogenhand w\u00e4hrend des Schusses, was sich positiv auf die Schussausf\u00fchrung auswirkt.<\/p>\n<ul>\n<li>Handgelenksschlinge mit integriertem Gurt<\/li>\n<li>Farbe: Schwarz<\/li>\n<li>Modell: BS2<\/li>\n<li>Geeignet f\u00fcr den Bogensport<\/li>\n<\/ul>","protected":false},"excerpt":{"rendered":"<p><strong>Marque :<\/strong> Gompy<br \/><strong>Farbe:<\/strong> Schwarz<br \/><strong>GTIN:<\/strong> 6426014980901<\/p>","protected":false},"featured_media":447727,"comment_status":"open","ping_status":"closed","template":"","meta":[],"product_brand":[596],"product_cat":[4332],"product_tag":[3546],"class_list":{"0":"post-391501","1":"product","2":"type-product","3":"status-publish","4":"has-post-thumbnail","6":"product_brand-gompy","7":"product_cat-bogen-handgelenkschlinge","8":"product_tag-neuheit","10":"first","11":"instock","12":"shipping-taxable","13":"purchasable","14":"product-type-simple"},"_links":{"self":[{"href":"https:\/\/bogensportdiscount.ch\/fr\/wp-json\/wp\/v2\/product\/391501","targetHints":{"allow":["GET"]}}],"collection":[{"href":"https:\/\/bogensportdiscount.ch\/fr\/wp-json\/wp\/v2\/product"}],"about":[{"href":"https:\/\/bogensportdiscount.ch\/fr\/wp-json\/wp\/v2\/types\/product"}],"replies":[{"embeddable":true,"href":"https:\/\/bogensportdiscount.ch\/fr\/wp-json\/wp\/v2\/comments?post=391501"}],"wp:featuredmedia":[{"embeddable":true,"href":"https:\/\/bogensportdiscount.ch\/fr\/wp-json\/wp\/v2\/media\/447727"}],"wp:attachment":[{"href":"https:\/\/bogensportdiscount.ch\/fr\/wp-json\/wp\/v2\/media?parent=391501"}],"wp:term":[{"taxonomy":"product_brand","embeddable":true,"href":"https:\/\/bogensportdiscount.ch\/fr\/wp-json\/wp\/v2\/product_brand?post=391501"},{"taxonomy":"product_cat","embeddable":true,"href":"https:\/\/bogensportdiscount.ch\/fr\/wp-json\/wp\/v2\/product_cat?post=391501"},{"taxonomy":"product_tag","embeddable":true,"href":"https:\/\/bogensportdiscount.ch\/fr\/wp-json\/wp\/v2\/product_tag?post=391501"}],"curies":[{"name":"wp","href":"https:\/\/api.w.org\/{rel}","templated":true}]}}