{"id":391499,"date":"2026-04-05T14:23:05","date_gmt":"2026-04-05T12:23:05","guid":{"rendered":"https:\/\/bogensportdiscount.ch\/produkt\/danage-practice-faces-40cm-6-spot-reinforced-paper-100pk\/"},"modified":"2026-04-15T12:10:05","modified_gmt":"2026-04-15T10:10:05","slug":"danage-uebungsscheiben-40cm-6-spot-verstaerktes-papier-100er-pack","status":"publish","type":"product","link":"https:\/\/bogensportdiscount.ch\/fr\/produkt\/danage-uebungsscheiben-40cm-6-spot-verstaerktes-papier-100er-pack\/","title":{"rendered":"DANAGE PRACTICE FACES 40CM 6-SPOT REINFORCED PAPER 100PK"},"content":{"rendered":"<p>Die DANAGE \u00dcbungsscheiben im 40-cm-Format sind speziell f\u00fcr das Bogensporttraining konzipiert. Das 6-Spot-Layout bietet mehrere Zielbereiche auf einer einzigen Scheibe und erm\u00f6glicht eine effiziente Nutzung beim \u00dcben verschiedener Winkel und Distanzen.<\/p>\n<p>Die Scheiben bestehen aus verst\u00e4rktem Papier, das dem Einschlag von Pfeilen besser standh\u00e4lt und das h\u00e4ufige Herausziehen der Pfeile erleichtert. Im 100er-Pack sind sie besonders wirtschaftlich f\u00fcr regelm\u00e4ssiges Training und die Wettkampfvorbereitung.<\/p>\n<ul>\n<li>Format: 40 cm<\/li>\n<li>6-Spot-Aufdruck f\u00fcr mehrfache Nutzung pro Scheibe<\/li>\n<li>Verst\u00e4rktes Papier f\u00fcr erh\u00f6hte Haltbarkeit<\/li>\n<li>100 Scheiben pro Packung<\/li>\n<\/ul>","protected":false},"excerpt":{"rendered":"<p><strong>Marque :<\/strong> Danage<\/p>","protected":false},"featured_media":448004,"comment_status":"open","ping_status":"closed","template":"","meta":[],"product_brand":[792],"product_cat":[4331],"product_tag":[3546],"class_list":{"0":"post-391499","1":"product","2":"type-product","3":"status-publish","4":"has-post-thumbnail","6":"product_brand-danage","7":"product_cat-fun-training-auflagen","8":"product_tag-neuheit","10":"first","11":"instock","12":"shipping-taxable","13":"purchasable","14":"product-type-simple"},"_links":{"self":[{"href":"https:\/\/bogensportdiscount.ch\/fr\/wp-json\/wp\/v2\/product\/391499","targetHints":{"allow":["GET"]}}],"collection":[{"href":"https:\/\/bogensportdiscount.ch\/fr\/wp-json\/wp\/v2\/product"}],"about":[{"href":"https:\/\/bogensportdiscount.ch\/fr\/wp-json\/wp\/v2\/types\/product"}],"replies":[{"embeddable":true,"href":"https:\/\/bogensportdiscount.ch\/fr\/wp-json\/wp\/v2\/comments?post=391499"}],"wp:featuredmedia":[{"embeddable":true,"href":"https:\/\/bogensportdiscount.ch\/fr\/wp-json\/wp\/v2\/media\/448004"}],"wp:attachment":[{"href":"https:\/\/bogensportdiscount.ch\/fr\/wp-json\/wp\/v2\/media?parent=391499"}],"wp:term":[{"taxonomy":"product_brand","embeddable":true,"href":"https:\/\/bogensportdiscount.ch\/fr\/wp-json\/wp\/v2\/product_brand?post=391499"},{"taxonomy":"product_cat","embeddable":true,"href":"https:\/\/bogensportdiscount.ch\/fr\/wp-json\/wp\/v2\/product_cat?post=391499"},{"taxonomy":"product_tag","embeddable":true,"href":"https:\/\/bogensportdiscount.ch\/fr\/wp-json\/wp\/v2\/product_tag?post=391499"}],"curies":[{"name":"wp","href":"https:\/\/api.w.org\/{rel}","templated":true}]}}