{"id":391487,"date":"2026-04-05T14:23:03","date_gmt":"2026-04-05T12:23:03","guid":{"rendered":"https:\/\/bogensportdiscount.ch\/produkt\/coche-books-guider-son-mental-french\/"},"modified":"2026-04-19T11:42:01","modified_gmt":"2026-04-19T09:42:01","slug":"coche-buch-guider-son-mental-franzoesisch","status":"publish","type":"product","link":"https:\/\/bogensportdiscount.ch\/fr\/produit\/coche-buch-guider-son-mental-franzoesisch\/","title":{"rendered":"COCHE BOOKS \u201aGUIDER SON MENTAL\u2018 (Fran\u00e7ais)"},"content":{"rendered":"<p>\u00abGuider Son Mental\u00bb de COCHE est consacr\u00e9 \u00e0 l'aspect mental du tir \u00e0 l'arc. Le titre peut se traduire approximativement par \u00abDiriger son esprit\u00bb et d\u00e9crit l'axe principal de l'ouvrage : le contr\u00f4le conscient des processus mentaux pour une performance plus r\u00e9guli\u00e8re lors de la comp\u00e9tition.<\/p>\n<p>Le livre s'adresse aux archers de tous niveaux \u2013 du d\u00e9butant au tireur avanc\u00e9 \u2013 et est r\u00e9dig\u00e9 en langue fran\u00e7aise. Il convient particuli\u00e8rement aux archers francophones en Suisse, en France et en Belgique.<\/p>\n<ul>\n<li>Th\u00e8me : contr\u00f4le mental et pr\u00e9paration dans le tir \u00e0 l'arc<\/li>\n<li>Langue: Fran\u00e7ais<\/li>\n<li>Convient \u00e0 tous les niveaux de performance<\/li>\n<li>Format compact \u00e0 prix avantageux<\/li>\n<\/ul>","protected":false},"excerpt":{"rendered":"<p><strong>Marque :<\/strong> Coche<br \/><strong>Langue:<\/strong> French<br \/><strong>GTIN:<\/strong> 9782950609243<\/p>","protected":false},"featured_media":452283,"comment_status":"open","ping_status":"closed","template":"","meta":[],"product_brand":[787],"product_cat":[4568],"product_tag":[3546],"class_list":{"0":"post-391487","1":"product","2":"type-product","3":"status-publish","4":"has-post-thumbnail","6":"product_brand-coche","7":"product_cat-buecher-buecher-dvds-werkzeuge-training","8":"product_tag-neuheit","10":"first","11":"instock","12":"shipping-taxable","13":"purchasable","14":"product-type-simple"},"yoast_head":"<!-- This site is optimized with the Yoast SEO plugin v27.4 - https:\/\/yoast.com\/product\/yoast-seo-wordpress\/ -->\n<title>COCHE BOOKS &#039;GUIDER SON MENTAL&#039; (French) - Bogensportdiscount \u2013 B\u00f6gen, Pfeile, Targets &amp; Zubeh\u00f6r<\/title>\n<meta name=\"robots\" content=\"noindex, follow, max-snippet:-1, max-image-preview:large, max-video-preview:-1\" \/>\n<meta property=\"og:locale\" content=\"fr_FR\" \/>\n<meta property=\"og:type\" content=\"article\" \/>\n<meta property=\"og:title\" content=\"COCHE BOOKS &#039;GUIDER SON MENTAL&#039; (French) - Bogensportdiscount \u2013 B\u00f6gen, Pfeile, Targets &amp; Zubeh\u00f6r\" \/>\n<meta property=\"og:description\" content=\"Marke: CocheSprache: FrenchGTIN: 9782950609243\" \/>\n<meta property=\"og:url\" content=\"https:\/\/bogensportdiscount.ch\/fr\/produit\/coche-buch-guider-son-mental-franzoesisch\/\" \/>\n<meta property=\"og:site_name\" content=\"Bogensportdiscount \u2013 B\u00f6gen, Pfeile, Targets &amp; Zubeh\u00f6r\" \/>\n<meta property=\"article:modified_time\" content=\"2026-04-19T09:42:01+00:00\" \/>\n<meta property=\"og:image\" content=\"https:\/\/bogensportdiscount.ch\/wp-content\/uploads\/bsm-images\/a010296_1.jpg\" \/>\n\t<meta property=\"og:image:width\" content=\"266\" \/>\n\t<meta property=\"og:image:height\" content=\"400\" \/>\n\t<meta property=\"og:image:type\" content=\"image\/jpeg\" \/>\n<meta name=\"twitter:card\" content=\"summary_large_image\" \/>\n<script type=\"application\/ld+json\" class=\"yoast-schema-graph\">{\"@context\":\"https:\\\/\\\/schema.org\",\"@graph\":[{\"@type\":\"WebPage\",\"@id\":\"https:\\\/\\\/bogensportdiscount.ch\\\/fr\\\/produit\\\/coche-buch-guider-son-mental-franzoesisch\\\/\",\"url\":\"https:\\\/\\\/bogensportdiscount.ch\\\/fr\\\/produit\\\/coche-buch-guider-son-mental-franzoesisch\\\/\",\"name\":\"COCHE BOOKS 'GUIDER SON MENTAL' (French) - Bogensportdiscount \u2013 B\u00f6gen, Pfeile, Targets &amp; Zubeh\u00f6r\",\"isPartOf\":{\"@id\":\"https:\\\/\\\/bogensportdiscount.ch\\\/#website\"},\"primaryImageOfPage\":{\"@id\":\"https:\\\/\\\/bogensportdiscount.ch\\\/fr\\\/produit\\\/coche-buch-guider-son-mental-franzoesisch\\\/#primaryimage\"},\"image\":{\"@id\":\"https:\\\/\\\/bogensportdiscount.ch\\\/fr\\\/produit\\\/coche-buch-guider-son-mental-franzoesisch\\\/#primaryimage\"},\"thumbnailUrl\":\"https:\\\/\\\/bogensportdiscount.ch\\\/wp-content\\\/uploads\\\/bsm-images\\\/a010296_1.jpg\",\"datePublished\":\"2026-04-05T12:23:03+00:00\",\"dateModified\":\"2026-04-19T09:42:01+00:00\",\"breadcrumb\":{\"@id\":\"https:\\\/\\\/bogensportdiscount.ch\\\/fr\\\/produit\\\/coche-buch-guider-son-mental-franzoesisch\\\/#breadcrumb\"},\"inLanguage\":\"fr-FR\",\"potentialAction\":[{\"@type\":\"ReadAction\",\"target\":[\"https:\\\/\\\/bogensportdiscount.ch\\\/fr\\\/produit\\\/coche-buch-guider-son-mental-franzoesisch\\\/\"]}]},{\"@type\":\"ImageObject\",\"inLanguage\":\"fr-FR\",\"@id\":\"https:\\\/\\\/bogensportdiscount.ch\\\/fr\\\/produit\\\/coche-buch-guider-son-mental-franzoesisch\\\/#primaryimage\",\"url\":\"https:\\\/\\\/bogensportdiscount.ch\\\/wp-content\\\/uploads\\\/bsm-images\\\/a010296_1.jpg\",\"contentUrl\":\"https:\\\/\\\/bogensportdiscount.ch\\\/wp-content\\\/uploads\\\/bsm-images\\\/a010296_1.jpg\",\"width\":266,\"height\":400},{\"@type\":\"BreadcrumbList\",\"@id\":\"https:\\\/\\\/bogensportdiscount.ch\\\/fr\\\/produit\\\/coche-buch-guider-son-mental-franzoesisch\\\/#breadcrumb\",\"itemListElement\":[{\"@type\":\"ListItem\",\"position\":1,\"name\":\"Home\",\"item\":\"https:\\\/\\\/bogensportdiscount.ch\\\/\"},{\"@type\":\"ListItem\",\"position\":2,\"name\":\"Shop\",\"item\":\"https:\\\/\\\/bogensportdiscount.ch\\\/shop\\\/\"},{\"@type\":\"ListItem\",\"position\":3,\"name\":\"COCHE BOOKS &#8218;GUIDER SON MENTAL&#8216; (French)\"}]},{\"@type\":\"WebSite\",\"@id\":\"https:\\\/\\\/bogensportdiscount.ch\\\/#website\",\"url\":\"https:\\\/\\\/bogensportdiscount.ch\\\/\",\"name\":\"Bogensportdiscount\",\"description\":\"\",\"potentialAction\":[{\"@type\":\"SearchAction\",\"target\":{\"@type\":\"EntryPoint\",\"urlTemplate\":\"https:\\\/\\\/bogensportdiscount.ch\\\/?s={search_term_string}\"},\"query-input\":{\"@type\":\"PropertyValueSpecification\",\"valueRequired\":true,\"valueName\":\"search_term_string\"}}],\"inLanguage\":\"fr-FR\"}]}<\/script>\n<!-- \/ Yoast SEO plugin. -->","yoast_head_json":{"title":"COCHE BOOKS 'GUIDER SON MENTAL' (French) - Bogensportdiscount \u2013 B\u00f6gen, Pfeile, Targets &amp; Zubeh\u00f6r","robots":{"index":"noindex","follow":"follow","max-snippet":"max-snippet:-1","max-image-preview":"max-image-preview:large","max-video-preview":"max-video-preview:-1"},"og_locale":"fr_FR","og_type":"article","og_title":"COCHE BOOKS 'GUIDER SON MENTAL' (French) - Bogensportdiscount \u2013 B\u00f6gen, Pfeile, Targets &amp; Zubeh\u00f6r","og_description":"Marke: CocheSprache: FrenchGTIN: 9782950609243","og_url":"https:\/\/bogensportdiscount.ch\/fr\/produit\/coche-buch-guider-son-mental-franzoesisch\/","og_site_name":"Bogensportdiscount \u2013 B\u00f6gen, Pfeile, Targets &amp; Zubeh\u00f6r","article_modified_time":"2026-04-19T09:42:01+00:00","og_image":[{"width":266,"height":400,"url":"https:\/\/bogensportdiscount.ch\/wp-content\/uploads\/bsm-images\/a010296_1.jpg","type":"image\/jpeg"}],"twitter_card":"summary_large_image","schema":{"@context":"https:\/\/schema.org","@graph":[{"@type":"WebPage","@id":"https:\/\/bogensportdiscount.ch\/fr\/produit\/coche-buch-guider-son-mental-franzoesisch\/","url":"https:\/\/bogensportdiscount.ch\/fr\/produit\/coche-buch-guider-son-mental-franzoesisch\/","name":"COCHE BOOKS 'GUIDER SON MENTAL' (French) - Bogensportdiscount \u2013 B\u00f6gen, Pfeile, Targets &amp; Zubeh\u00f6r","isPartOf":{"@id":"https:\/\/bogensportdiscount.ch\/#website"},"primaryImageOfPage":{"@id":"https:\/\/bogensportdiscount.ch\/fr\/produit\/coche-buch-guider-son-mental-franzoesisch\/#primaryimage"},"image":{"@id":"https:\/\/bogensportdiscount.ch\/fr\/produit\/coche-buch-guider-son-mental-franzoesisch\/#primaryimage"},"thumbnailUrl":"https:\/\/bogensportdiscount.ch\/wp-content\/uploads\/bsm-images\/a010296_1.jpg","datePublished":"2026-04-05T12:23:03+00:00","dateModified":"2026-04-19T09:42:01+00:00","breadcrumb":{"@id":"https:\/\/bogensportdiscount.ch\/fr\/produit\/coche-buch-guider-son-mental-franzoesisch\/#breadcrumb"},"inLanguage":"fr-FR","potentialAction":[{"@type":"ReadAction","target":["https:\/\/bogensportdiscount.ch\/fr\/produit\/coche-buch-guider-son-mental-franzoesisch\/"]}]},{"@type":"ImageObject","inLanguage":"fr-FR","@id":"https:\/\/bogensportdiscount.ch\/fr\/produit\/coche-buch-guider-son-mental-franzoesisch\/#primaryimage","url":"https:\/\/bogensportdiscount.ch\/wp-content\/uploads\/bsm-images\/a010296_1.jpg","contentUrl":"https:\/\/bogensportdiscount.ch\/wp-content\/uploads\/bsm-images\/a010296_1.jpg","width":266,"height":400},{"@type":"BreadcrumbList","@id":"https:\/\/bogensportdiscount.ch\/fr\/produit\/coche-buch-guider-son-mental-franzoesisch\/#breadcrumb","itemListElement":[{"@type":"ListItem","position":1,"name":"Home","item":"https:\/\/bogensportdiscount.ch\/"},{"@type":"ListItem","position":2,"name":"Shop","item":"https:\/\/bogensportdiscount.ch\/shop\/"},{"@type":"ListItem","position":3,"name":"COCHE BOOKS &#8218;GUIDER SON MENTAL&#8216; (French)"}]},{"@type":"WebSite","@id":"https:\/\/bogensportdiscount.ch\/#website","url":"https:\/\/bogensportdiscount.ch\/","name":"Bogensportdiscount","description":"","potentialAction":[{"@type":"SearchAction","target":{"@type":"EntryPoint","urlTemplate":"https:\/\/bogensportdiscount.ch\/?s={search_term_string}"},"query-input":{"@type":"PropertyValueSpecification","valueRequired":true,"valueName":"search_term_string"}}],"inLanguage":"fr-FR"}]}},"_links":{"self":[{"href":"https:\/\/bogensportdiscount.ch\/fr\/wp-json\/wp\/v2\/product\/391487","targetHints":{"allow":["GET"]}}],"collection":[{"href":"https:\/\/bogensportdiscount.ch\/fr\/wp-json\/wp\/v2\/product"}],"about":[{"href":"https:\/\/bogensportdiscount.ch\/fr\/wp-json\/wp\/v2\/types\/product"}],"replies":[{"embeddable":true,"href":"https:\/\/bogensportdiscount.ch\/fr\/wp-json\/wp\/v2\/comments?post=391487"}],"wp:featuredmedia":[{"embeddable":true,"href":"https:\/\/bogensportdiscount.ch\/fr\/wp-json\/wp\/v2\/media\/452283"}],"wp:attachment":[{"href":"https:\/\/bogensportdiscount.ch\/fr\/wp-json\/wp\/v2\/media?parent=391487"}],"wp:term":[{"taxonomy":"product_brand","embeddable":true,"href":"https:\/\/bogensportdiscount.ch\/fr\/wp-json\/wp\/v2\/product_brand?post=391487"},{"taxonomy":"product_cat","embeddable":true,"href":"https:\/\/bogensportdiscount.ch\/fr\/wp-json\/wp\/v2\/product_cat?post=391487"},{"taxonomy":"product_tag","embeddable":true,"href":"https:\/\/bogensportdiscount.ch\/fr\/wp-json\/wp\/v2\/product_tag?post=391487"}],"curies":[{"name":"wp","href":"https:\/\/api.w.org\/{rel}","templated":true}]}}