{"id":391486,"date":"2026-04-05T14:23:03","date_gmt":"2026-04-05T12:23:03","guid":{"rendered":"https:\/\/bogensportdiscount.ch\/produkt\/coche-books-comment-confectionner-une-corde-torsadee-french\/"},"modified":"2026-04-15T12:10:05","modified_gmt":"2026-04-15T10:10:05","slug":"coche-buch-comment-confectionner-une-corde-torsadee-franzoesisch","status":"publish","type":"product","link":"https:\/\/bogensportdiscount.ch\/fr\/produit\/coche-buch-comment-confectionner-une-corde-torsadee-franzoesisch\/","title":{"rendered":"COCHE BOOKS \u201aCOMMENCER CONFECTIONNER UNE CORDE TORSADEE"},"content":{"rendered":"<p>Dieses Buch von COCHE erkl\u00e4rt auf Franz\u00f6sisch, wie eine gedrehte Bogensehne (corde torsad\u00e9e) selbst hergestellt wird. Es richtet sich an Bogensportler, die sich mit der Wartung und Eigenherstellung ihrer Ausr\u00fcstung besch\u00e4ftigen.<\/p>\n<p>Die Anleitung vermittelt grundlegendes Wissen \u00fcber die Technik des Sehnendrillens und ist eine n\u00fctzliche Erg\u00e4nzung f\u00fcr Einsteiger wie auch f\u00fcr fortgeschrittene Bogensch\u00fctzen, die ihre Sehnen selbst anfertigen m\u00f6chten.<\/p>\n<ul>\n<li>Sprache: Franz\u00f6sisch<\/li>\n<li>Thema: Herstellung einer gedrehten Bogensehne<\/li>\n<li>Autor\/Verlag: COCHE<\/li>\n<li>Kategorie: Werkzeuge &amp; Wartung \/ B\u00fccher &amp; Medien<\/li>\n<\/ul>","protected":false},"excerpt":{"rendered":"<p><strong>Marque :<\/strong> Coche<br \/><strong>Sprache:<\/strong> French<\/p>","protected":false},"featured_media":452282,"comment_status":"open","ping_status":"closed","template":"","meta":[],"product_brand":[787],"product_cat":[4568],"product_tag":[3546],"class_list":{"0":"post-391486","1":"product","2":"type-product","3":"status-publish","4":"has-post-thumbnail","6":"product_brand-coche","7":"product_cat-buecher-buecher-dvds-werkzeuge-training","8":"product_tag-neuheit","10":"first","11":"instock","12":"shipping-taxable","13":"purchasable","14":"product-type-simple"},"_links":{"self":[{"href":"https:\/\/bogensportdiscount.ch\/fr\/wp-json\/wp\/v2\/product\/391486","targetHints":{"allow":["GET"]}}],"collection":[{"href":"https:\/\/bogensportdiscount.ch\/fr\/wp-json\/wp\/v2\/product"}],"about":[{"href":"https:\/\/bogensportdiscount.ch\/fr\/wp-json\/wp\/v2\/types\/product"}],"replies":[{"embeddable":true,"href":"https:\/\/bogensportdiscount.ch\/fr\/wp-json\/wp\/v2\/comments?post=391486"}],"wp:featuredmedia":[{"embeddable":true,"href":"https:\/\/bogensportdiscount.ch\/fr\/wp-json\/wp\/v2\/media\/452282"}],"wp:attachment":[{"href":"https:\/\/bogensportdiscount.ch\/fr\/wp-json\/wp\/v2\/media?parent=391486"}],"wp:term":[{"taxonomy":"product_brand","embeddable":true,"href":"https:\/\/bogensportdiscount.ch\/fr\/wp-json\/wp\/v2\/product_brand?post=391486"},{"taxonomy":"product_cat","embeddable":true,"href":"https:\/\/bogensportdiscount.ch\/fr\/wp-json\/wp\/v2\/product_cat?post=391486"},{"taxonomy":"product_tag","embeddable":true,"href":"https:\/\/bogensportdiscount.ch\/fr\/wp-json\/wp\/v2\/product_tag?post=391486"}],"curies":[{"name":"wp","href":"https:\/\/api.w.org\/{rel}","templated":true}]}}