{"id":391483,"date":"2026-04-05T14:23:02","date_gmt":"2026-04-05T12:23:02","guid":{"rendered":"https:\/\/bogensportdiscount.ch\/produkt\/maximal-accessories-blowgun-darts-100-pk\/"},"modified":"2026-04-15T12:10:04","modified_gmt":"2026-04-15T10:10:04","slug":"maximal-blasrohr-pfeile-100er-pack","status":"publish","type":"product","link":"https:\/\/bogensportdiscount.ch\/fr\/produit\/maximal-blasrohr-pfeile-100er-pack\/","title":{"rendered":"MAXIMUM ACCESSORIES BLOWGUN DARTS 100\/PK"},"content":{"rendered":"<p>Die MAXIMAL Blasrohr-Pfeile werden im praktischen 100er-Pack geliefert und bieten eine zuverl\u00e4ssige Munitionsversorgung f\u00fcr den Einsatz mit Blasrohren. Das Pack eignet sich sowohl f\u00fcr regelm\u00e4ssiges Training als auch f\u00fcr den Freizeitgebrauch.<\/p>\n<p>Als Zubeh\u00f6r aus dem Bereich Blasrohr-Teile und Munition sind die Pfeile auf den Einsatz in g\u00e4ngigen Blasrohren ausgelegt. Dank der grossen St\u00fcckzahl steht ausreichend Munition f\u00fcr ausgedehnte Schiesssessions zur Verf\u00fcgung.<\/p>\n<ul>\n<li>100 Pfeile pro Packung<\/li>\n<li>Geeignet als Munition f\u00fcr Blasrohre<\/li>\n<li>F\u00fcr Training und Freizeitnutzung geeignet<\/li>\n<li>Von MAXIMAL, einem etablierten Hersteller im Bereich Bogensport-Zubeh\u00f6r<\/li>\n<\/ul>","protected":false},"excerpt":{"rendered":"<p><strong>Marque :<\/strong> Maximal<br \/><strong>GTIN:<\/strong> 6426003924961<\/p>","protected":false},"featured_media":448026,"comment_status":"open","ping_status":"closed","template":"","meta":[],"product_brand":[780],"product_cat":[4580],"product_tag":[3546],"class_list":{"0":"post-391483","1":"product","2":"type-product","3":"status-publish","4":"has-post-thumbnail","6":"product_brand-maximal","7":"product_cat-zubehoer-einzelteile-blasrohre-zubehoer","8":"product_tag-neuheit","10":"first","11":"instock","12":"shipping-taxable","13":"purchasable","14":"product-type-simple"},"_links":{"self":[{"href":"https:\/\/bogensportdiscount.ch\/fr\/wp-json\/wp\/v2\/product\/391483","targetHints":{"allow":["GET"]}}],"collection":[{"href":"https:\/\/bogensportdiscount.ch\/fr\/wp-json\/wp\/v2\/product"}],"about":[{"href":"https:\/\/bogensportdiscount.ch\/fr\/wp-json\/wp\/v2\/types\/product"}],"replies":[{"embeddable":true,"href":"https:\/\/bogensportdiscount.ch\/fr\/wp-json\/wp\/v2\/comments?post=391483"}],"wp:featuredmedia":[{"embeddable":true,"href":"https:\/\/bogensportdiscount.ch\/fr\/wp-json\/wp\/v2\/media\/448026"}],"wp:attachment":[{"href":"https:\/\/bogensportdiscount.ch\/fr\/wp-json\/wp\/v2\/media?parent=391483"}],"wp:term":[{"taxonomy":"product_brand","embeddable":true,"href":"https:\/\/bogensportdiscount.ch\/fr\/wp-json\/wp\/v2\/product_brand?post=391483"},{"taxonomy":"product_cat","embeddable":true,"href":"https:\/\/bogensportdiscount.ch\/fr\/wp-json\/wp\/v2\/product_cat?post=391483"},{"taxonomy":"product_tag","embeddable":true,"href":"https:\/\/bogensportdiscount.ch\/fr\/wp-json\/wp\/v2\/product_tag?post=391483"}],"curies":[{"name":"wp","href":"https:\/\/api.w.org\/{rel}","templated":true}]}}