{"id":391473,"date":"2026-04-05T14:23:00","date_gmt":"2026-04-05T12:23:00","guid":{"rendered":"https:\/\/bogensportdiscount.ch\/produkt\/cold-steel-blowgun-magnum-122cm-id-9mm\/"},"modified":"2026-05-14T07:13:28","modified_gmt":"2026-05-14T05:13:28","slug":"coldsteel-blasrohr-magnum-122cm-id-9mm","status":"publish","type":"product","link":"https:\/\/bogensportdiscount.ch\/fr\/produit\/coldsteel-blasrohr-magnum-122cm-id-9mm\/","title":{"rendered":"COLD STEEL BLOWGUN MAGNUM 122cm \/ ID 9mm"},"content":{"rendered":"<p>La sarbacane Cold Steel Magnum, d'une longueur de 122 cm et d'un diam\u00e8tre int\u00e9rieur de 9 mm, est con\u00e7ue pour une utilisation en ext\u00e9rieur. Son grand diam\u00e8tre int\u00e9rieur de 9 mm permet l'utilisation de munitions puissantes et assure une force de p\u00e9n\u00e9tration correspondante.<\/p>\n<p>La longueur de 122 cm contribue \u00e0 une plus longue distance d'acc\u00e9l\u00e9ration, ce qui influence positivement la pr\u00e9cision et la port\u00e9e du projectile. La sarbacane convient aux loisirs, aux activit\u00e9s de plein air et \u00e0 l'entra\u00eenement au tir.<\/p>\n<ul>\n<li>Longueur : 122 cm<\/li>\n<li>Diam\u00e8tre int\u00e9rieur : 9 mm<\/li>\n<li>Convient pour une utilisation en ext\u00e9rieur<\/li>\n<li>Marque: Cold Steel<\/li>\n<\/ul>","protected":false},"excerpt":{"rendered":"<table>\n<tr>\n<th>Propri\u00e9t\u00e9<\/th>\n<th>Valeur<\/th>\n<\/tr>\n<tr>\n<td>Marque<\/td>\n<td>COLD STEEL<\/td>\n<\/tr>\n<tr>\n<td>Couleur<\/td>\n<td>Noir<\/td>\n<\/tr>\n<tr>\n<td>L\u00e4nge (Zoll)<\/td>\n<td>48,1<\/td>\n<\/tr>\n<tr>\n<td>Pays d'origine<\/td>\n<td>Taiwan<\/td>\n<\/tr>\n<tr>\n<td>GTIN<\/td>\n<td>705442015277<\/td>\n<\/tr>\n<\/table>","protected":false},"featured_media":443072,"comment_status":"open","ping_status":"closed","template":"","meta":[],"product_brand":[491],"product_cat":[4171,4181,4182],"product_tag":[3546],"class_list":{"0":"post-391473","1":"product","2":"type-product","3":"status-publish","4":"has-post-thumbnail","6":"product_brand-coldsteel","7":"product_cat-jagd-outdoor","8":"product_cat-blasrohre-zubehoer","9":"product_cat-blasrohre","10":"product_tag-neuheit","11":"product_shipping_class-bsd-sperrgut","13":"first","14":"instock","15":"shipping-taxable","16":"purchasable","17":"product-type-simple"},"yoast_head":"<!-- This site is optimized with the Yoast SEO plugin v27.6 - https:\/\/yoast.com\/product\/yoast-seo-wordpress\/ -->\n<title>COLD STEEL BLOWGUN MAGNUM 122 cm \/ diam\u00e8tre int\u00e9rieur 9 mm - Bogensportdiscount \u2013 Arcs, fl\u00e8ches, cibles et accessoires<\/title>\n<meta name=\"description\" content=\"Achetez la sarbacane COLD STEEL MAGNUM 122 cm \/ diam\u00e8tre int\u00e9rieur 9 mm \u00e0 un prix avantageux chez Bogensportdiscount \u2013 Les meilleures marques, livraison rapide depuis la Suisse.\" \/>\n<meta name=\"robots\" content=\"index, follow, max-snippet:-1, max-image-preview:large, max-video-preview:-1\" \/>\n<link rel=\"canonical\" href=\"https:\/\/bogensportdiscount.ch\/fr\/produit\/coldsteel-blasrohr-magnum-122cm-id-9mm\/\" \/>\n<meta property=\"og:locale\" content=\"fr_FR\" \/>\n<meta property=\"og:type\" content=\"article\" \/>\n<meta property=\"og:title\" content=\"COLD STEEL BLOWGUN MAGNUM 122 cm \/ diam\u00e8tre int\u00e9rieur 9 mm - Bogensportdiscount \u2013 Arcs, fl\u00e8ches, cibles et accessoires\" \/>\n<meta property=\"og:description\" content=\"Achetez la sarbacane COLD STEEL MAGNUM 122 cm \/ diam\u00e8tre int\u00e9rieur 9 mm \u00e0 un prix avantageux chez Bogensportdiscount \u2013 Les meilleures marques, livraison rapide depuis la Suisse.\" \/>\n<meta property=\"og:url\" content=\"https:\/\/bogensportdiscount.ch\/fr\/produit\/coldsteel-blasrohr-magnum-122cm-id-9mm\/\" \/>\n<meta property=\"og:site_name\" content=\"Bogensportdiscount \u2013 B\u00f6gen, Pfeile, Targets &amp; Zubeh\u00f6r\" \/>\n<meta property=\"article:modified_time\" content=\"2026-05-14T05:13:28+00:00\" \/>\n<meta property=\"og:image\" content=\"https:\/\/bogensportdiscount.ch\/wp-content\/uploads\/bsm-images\/A010250_1.png\" \/>\n\t<meta property=\"og:image:width\" content=\"1772\" \/>\n\t<meta property=\"og:image:height\" content=\"1181\" \/>\n\t<meta property=\"og:image:type\" content=\"image\/png\" \/>\n<meta name=\"twitter:card\" content=\"summary_large_image\" \/>\n<script type=\"application\/ld+json\" class=\"yoast-schema-graph\">{\"@context\":\"https:\\\/\\\/schema.org\",\"@graph\":[{\"@type\":\"WebPage\",\"@id\":\"https:\\\/\\\/bogensportdiscount.ch\\\/produkt\\\/coldsteel-blasrohr-magnum-122cm-id-9mm\\\/\",\"url\":\"https:\\\/\\\/bogensportdiscount.ch\\\/produkt\\\/coldsteel-blasrohr-magnum-122cm-id-9mm\\\/\",\"name\":\"COLD STEEL BLOWGUN MAGNUM 122cm \\\/ ID 9mm - Bogensportdiscount \u2013 B\u00f6gen, Pfeile, Targets &amp; Zubeh\u00f6r\",\"isPartOf\":{\"@id\":\"https:\\\/\\\/bogensportdiscount.ch\\\/#website\"},\"primaryImageOfPage\":{\"@id\":\"https:\\\/\\\/bogensportdiscount.ch\\\/produkt\\\/coldsteel-blasrohr-magnum-122cm-id-9mm\\\/#primaryimage\"},\"image\":{\"@id\":\"https:\\\/\\\/bogensportdiscount.ch\\\/produkt\\\/coldsteel-blasrohr-magnum-122cm-id-9mm\\\/#primaryimage\"},\"thumbnailUrl\":\"https:\\\/\\\/bogensportdiscount.ch\\\/wp-content\\\/uploads\\\/bsm-images\\\/A010250_1.png\",\"datePublished\":\"2026-04-05T12:23:00+00:00\",\"dateModified\":\"2026-05-14T05:13:28+00:00\",\"description\":\"COLD STEEL BLOWGUN MAGNUM 122cm \\\/ ID 9mm g\u00fcnstig kaufen bei Bogensportdiscount \u2013 Top-Marken, schneller Versand aus der Schweiz.\",\"breadcrumb\":{\"@id\":\"https:\\\/\\\/bogensportdiscount.ch\\\/produkt\\\/coldsteel-blasrohr-magnum-122cm-id-9mm\\\/#breadcrumb\"},\"inLanguage\":\"fr-FR\",\"potentialAction\":[{\"@type\":\"ReadAction\",\"target\":[\"https:\\\/\\\/bogensportdiscount.ch\\\/produkt\\\/coldsteel-blasrohr-magnum-122cm-id-9mm\\\/\"]}]},{\"@type\":\"ImageObject\",\"inLanguage\":\"fr-FR\",\"@id\":\"https:\\\/\\\/bogensportdiscount.ch\\\/produkt\\\/coldsteel-blasrohr-magnum-122cm-id-9mm\\\/#primaryimage\",\"url\":\"https:\\\/\\\/bogensportdiscount.ch\\\/wp-content\\\/uploads\\\/bsm-images\\\/A010250_1.png\",\"contentUrl\":\"https:\\\/\\\/bogensportdiscount.ch\\\/wp-content\\\/uploads\\\/bsm-images\\\/A010250_1.png\",\"width\":1772,\"height\":1181},{\"@type\":\"BreadcrumbList\",\"@id\":\"https:\\\/\\\/bogensportdiscount.ch\\\/produkt\\\/coldsteel-blasrohr-magnum-122cm-id-9mm\\\/#breadcrumb\",\"itemListElement\":[{\"@type\":\"ListItem\",\"position\":1,\"name\":\"Home\",\"item\":\"https:\\\/\\\/bogensportdiscount.ch\\\/\"},{\"@type\":\"ListItem\",\"position\":2,\"name\":\"Shop\",\"item\":\"https:\\\/\\\/bogensportdiscount.ch\\\/shop\\\/\"},{\"@type\":\"ListItem\",\"position\":3,\"name\":\"COLD STEEL BLOWGUN MAGNUM 122cm \\\/ ID 9mm\"}]},{\"@type\":\"WebSite\",\"@id\":\"https:\\\/\\\/bogensportdiscount.ch\\\/#website\",\"url\":\"https:\\\/\\\/bogensportdiscount.ch\\\/\",\"name\":\"Bogensportdiscount\",\"description\":\"\",\"potentialAction\":[{\"@type\":\"SearchAction\",\"target\":{\"@type\":\"EntryPoint\",\"urlTemplate\":\"https:\\\/\\\/bogensportdiscount.ch\\\/?s={search_term_string}\"},\"query-input\":{\"@type\":\"PropertyValueSpecification\",\"valueRequired\":true,\"valueName\":\"search_term_string\"}}],\"inLanguage\":\"fr-FR\"}]}<\/script>\n<!-- \/ Yoast SEO plugin. -->","yoast_head_json":{"title":"COLD STEEL BLOWGUN MAGNUM 122 cm \/ diam\u00e8tre int\u00e9rieur 9 mm - Bogensportdiscount \u2013 Arcs, fl\u00e8ches, cibles et accessoires","description":"Achetez la sarbacane COLD STEEL MAGNUM 122 cm \/ diam\u00e8tre int\u00e9rieur 9 mm \u00e0 un prix avantageux chez Bogensportdiscount \u2013 Les meilleures marques, livraison rapide depuis la Suisse.","robots":{"index":"index","follow":"follow","max-snippet":"max-snippet:-1","max-image-preview":"max-image-preview:large","max-video-preview":"max-video-preview:-1"},"canonical":"https:\/\/bogensportdiscount.ch\/fr\/produit\/coldsteel-blasrohr-magnum-122cm-id-9mm\/","og_locale":"fr_FR","og_type":"article","og_title":"COLD STEEL BLOWGUN MAGNUM 122 cm \/ diam\u00e8tre int\u00e9rieur 9 mm - Bogensportdiscount \u2013 Arcs, fl\u00e8ches, cibles et accessoires","og_description":"Achetez la sarbacane COLD STEEL MAGNUM 122 cm \/ diam\u00e8tre int\u00e9rieur 9 mm \u00e0 un prix avantageux chez Bogensportdiscount \u2013 Les meilleures marques, livraison rapide depuis la Suisse.","og_url":"https:\/\/bogensportdiscount.ch\/fr\/produit\/coldsteel-blasrohr-magnum-122cm-id-9mm\/","og_site_name":"Bogensportdiscount \u2013 B\u00f6gen, Pfeile, Targets &amp; Zubeh\u00f6r","article_modified_time":"2026-05-14T05:13:28+00:00","og_image":[{"width":1772,"height":1181,"url":"https:\/\/bogensportdiscount.ch\/wp-content\/uploads\/bsm-images\/A010250_1.png","type":"image\/png"}],"twitter_card":"summary_large_image","schema":{"@context":"https:\/\/schema.org","@graph":[{"@type":"WebPage","@id":"https:\/\/bogensportdiscount.ch\/produkt\/coldsteel-blasrohr-magnum-122cm-id-9mm\/","url":"https:\/\/bogensportdiscount.ch\/produkt\/coldsteel-blasrohr-magnum-122cm-id-9mm\/","name":"COLD STEEL BLOWGUN MAGNUM 122 cm \/ diam\u00e8tre int\u00e9rieur 9 mm - Bogensportdiscount \u2013 Arcs, fl\u00e8ches, cibles et accessoires","isPartOf":{"@id":"https:\/\/bogensportdiscount.ch\/#website"},"primaryImageOfPage":{"@id":"https:\/\/bogensportdiscount.ch\/produkt\/coldsteel-blasrohr-magnum-122cm-id-9mm\/#primaryimage"},"image":{"@id":"https:\/\/bogensportdiscount.ch\/produkt\/coldsteel-blasrohr-magnum-122cm-id-9mm\/#primaryimage"},"thumbnailUrl":"https:\/\/bogensportdiscount.ch\/wp-content\/uploads\/bsm-images\/A010250_1.png","datePublished":"2026-04-05T12:23:00+00:00","dateModified":"2026-05-14T05:13:28+00:00","description":"Achetez la sarbacane COLD STEEL MAGNUM 122 cm \/ diam\u00e8tre int\u00e9rieur 9 mm \u00e0 un prix avantageux chez Bogensportdiscount \u2013 Les meilleures marques, livraison rapide depuis la Suisse.","breadcrumb":{"@id":"https:\/\/bogensportdiscount.ch\/produkt\/coldsteel-blasrohr-magnum-122cm-id-9mm\/#breadcrumb"},"inLanguage":"fr-FR","potentialAction":[{"@type":"ReadAction","target":["https:\/\/bogensportdiscount.ch\/produkt\/coldsteel-blasrohr-magnum-122cm-id-9mm\/"]}]},{"@type":"ImageObject","inLanguage":"fr-FR","@id":"https:\/\/bogensportdiscount.ch\/produkt\/coldsteel-blasrohr-magnum-122cm-id-9mm\/#primaryimage","url":"https:\/\/bogensportdiscount.ch\/wp-content\/uploads\/bsm-images\/A010250_1.png","contentUrl":"https:\/\/bogensportdiscount.ch\/wp-content\/uploads\/bsm-images\/A010250_1.png","width":1772,"height":1181},{"@type":"BreadcrumbList","@id":"https:\/\/bogensportdiscount.ch\/produkt\/coldsteel-blasrohr-magnum-122cm-id-9mm\/#breadcrumb","itemListElement":[{"@type":"ListItem","position":1,"name":"Home","item":"https:\/\/bogensportdiscount.ch\/"},{"@type":"ListItem","position":2,"name":"Shop","item":"https:\/\/bogensportdiscount.ch\/shop\/"},{"@type":"ListItem","position":3,"name":"COLD STEEL BLOWGUN MAGNUM 122cm \/ ID 9mm"}]},{"@type":"WebSite","@id":"https:\/\/bogensportdiscount.ch\/#website","url":"https:\/\/bogensportdiscount.ch\/","name":"Bogensportdiscount","description":"","potentialAction":[{"@type":"SearchAction","target":{"@type":"EntryPoint","urlTemplate":"https:\/\/bogensportdiscount.ch\/?s={search_term_string}"},"query-input":{"@type":"PropertyValueSpecification","valueRequired":true,"valueName":"search_term_string"}}],"inLanguage":"fr-FR"}]}},"_links":{"self":[{"href":"https:\/\/bogensportdiscount.ch\/fr\/wp-json\/wp\/v2\/product\/391473","targetHints":{"allow":["GET"]}}],"collection":[{"href":"https:\/\/bogensportdiscount.ch\/fr\/wp-json\/wp\/v2\/product"}],"about":[{"href":"https:\/\/bogensportdiscount.ch\/fr\/wp-json\/wp\/v2\/types\/product"}],"replies":[{"embeddable":true,"href":"https:\/\/bogensportdiscount.ch\/fr\/wp-json\/wp\/v2\/comments?post=391473"}],"wp:featuredmedia":[{"embeddable":true,"href":"https:\/\/bogensportdiscount.ch\/fr\/wp-json\/wp\/v2\/media\/443072"}],"wp:attachment":[{"href":"https:\/\/bogensportdiscount.ch\/fr\/wp-json\/wp\/v2\/media?parent=391473"}],"wp:term":[{"taxonomy":"product_brand","embeddable":true,"href":"https:\/\/bogensportdiscount.ch\/fr\/wp-json\/wp\/v2\/product_brand?post=391473"},{"taxonomy":"product_cat","embeddable":true,"href":"https:\/\/bogensportdiscount.ch\/fr\/wp-json\/wp\/v2\/product_cat?post=391473"},{"taxonomy":"product_tag","embeddable":true,"href":"https:\/\/bogensportdiscount.ch\/fr\/wp-json\/wp\/v2\/product_tag?post=391473"}],"curies":[{"name":"wp","href":"https:\/\/api.w.org\/{rel}","templated":true}]}}