{"id":391472,"date":"2026-04-05T14:23:00","date_gmt":"2026-04-05T12:23:00","guid":{"rendered":"https:\/\/bogensportdiscount.ch\/produkt\/ssarchery-ssa-archery-bow-holder-hooks-nuts-washers-6-pk\/"},"modified":"2026-05-14T07:13:28","modified_gmt":"2026-05-14T05:13:28","slug":"ssarchery-bogenhalter-haken-muttern-unterlegscheiben-6er-pack","status":"publish","type":"product","link":"https:\/\/bogensportdiscount.ch\/fr\/produit\/ssarchery-bogenhalter-haken-muttern-unterlegscheiben-6er-pack\/","title":{"rendered":"SSARCHERY SSA ARCHERY SUPPORT D'ARC CROCHETS &#8211; \u00c9CROUS &#8211; RONDELLES 6\/PK"},"content":{"rendered":"<p>Le kit de support d'arc SSARCHERY fournit toutes les petites pi\u00e8ces n\u00e9cessaires pour la fixation et la suspension s\u00e9curis\u00e9es des arcs. Le contenu comprend des crochets, des \u00e9crous et des rondelles \u2013 6 pi\u00e8ces de chaque par paquet.<\/p>\n<p>Le kit convient aux travaux d'entretien et de montage dans le sport de l'arc et constitue un compl\u00e9ment pratique pour l'atelier ou le pas de tir. Les pi\u00e8ces peuvent \u00eatre utilis\u00e9es pour la fixation de supports d'arc ou de montages similaires.<\/p>\n<ul>\n<li>Contenu : crochets, \u00e9crous et rondelles<\/li>\n<li>6 pi\u00e8ces par paquet<\/li>\n<li>Adapt\u00e9 aux travaux de montage et d'entretien<\/li>\n<li>Par SSARCHERY<\/li>\n<\/ul>","protected":false},"excerpt":{"rendered":"<table>\n<tr>\n<th>Propri\u00e9t\u00e9<\/th>\n<th>Valeur<\/th>\n<\/tr>\n<tr>\n<td>Marque<\/td>\n<td>SS Archery<\/td>\n<\/tr>\n<tr>\n<td>Pays d'origine<\/td>\n<td>Chine<\/td>\n<\/tr>\n<tr>\n<td>GTIN<\/td>\n<td>6426040237291<\/td>\n<\/tr>\n<\/table>","protected":false},"featured_media":443071,"comment_status":"open","ping_status":"closed","template":"","meta":[],"product_brand":[604],"product_cat":[4121,4324],"product_tag":[3546],"class_list":{"0":"post-391472","1":"product","2":"type-product","3":"status-publish","4":"has-post-thumbnail","6":"product_brand-ssarchery","7":"product_cat-werkzeuge-training","8":"product_cat-bogen-halter","9":"product_tag-neuheit","10":"product_shipping_class-bsd-standard","12":"first","13":"instock","14":"shipping-taxable","15":"purchasable","16":"product-type-simple"},"yoast_head":"<!-- This site is optimized with the Yoast SEO plugin v27.6 - https:\/\/yoast.com\/product\/yoast-seo-wordpress\/ -->\n<title>SSARCHERY SSA ARCHERY BOGENST\u00c4NDER HAKEN - MUTTERN - UNTERLEGSCHEIBEN 6\/PK - Bogensportdiscount \u2013 B\u00f6gen, Pfeile, Targets &amp; Zubeh\u00f6r<\/title>\n<meta name=\"description\" content=\"SSARCHERY SSA ARCHERY BOGENST\u00c4NDER HAKEN - MUTTERN - UNTERLEGSCHEIBEN 6\/PK g\u00fcnstig kaufen bei Bogensportdiscount \u2013 Top-Marken, schneller Versand aus der Schweiz.\" \/>\n<meta name=\"robots\" content=\"index, follow, max-snippet:-1, max-image-preview:large, max-video-preview:-1\" \/>\n<link rel=\"canonical\" href=\"https:\/\/bogensportdiscount.ch\/fr\/produit\/ssarchery-bogenhalter-haken-muttern-unterlegscheiben-6er-pack\/\" \/>\n<meta property=\"og:locale\" content=\"fr_FR\" \/>\n<meta property=\"og:type\" content=\"article\" \/>\n<meta property=\"og:title\" content=\"SSARCHERY SSA ARCHERY BOGENST\u00c4NDER HAKEN - MUTTERN - UNTERLEGSCHEIBEN 6\/PK - Bogensportdiscount \u2013 B\u00f6gen, Pfeile, Targets &amp; Zubeh\u00f6r\" \/>\n<meta property=\"og:description\" content=\"SSARCHERY SSA ARCHERY BOGENST\u00c4NDER HAKEN - MUTTERN - UNTERLEGSCHEIBEN 6\/PK g\u00fcnstig kaufen bei Bogensportdiscount \u2013 Top-Marken, schneller Versand aus der Schweiz.\" \/>\n<meta property=\"og:url\" content=\"https:\/\/bogensportdiscount.ch\/fr\/produit\/ssarchery-bogenhalter-haken-muttern-unterlegscheiben-6er-pack\/\" \/>\n<meta property=\"og:site_name\" content=\"Bogensportdiscount \u2013 B\u00f6gen, Pfeile, Targets &amp; Zubeh\u00f6r\" \/>\n<meta property=\"article:modified_time\" content=\"2026-05-14T05:13:28+00:00\" \/>\n<meta property=\"og:image\" content=\"https:\/\/bogensportdiscount.ch\/wp-content\/uploads\/bsm-images\/A010188_1.png\" \/>\n\t<meta property=\"og:image:width\" content=\"1472\" \/>\n\t<meta property=\"og:image:height\" content=\"1181\" \/>\n\t<meta property=\"og:image:type\" content=\"image\/png\" \/>\n<meta name=\"twitter:card\" content=\"summary_large_image\" \/>\n<script type=\"application\/ld+json\" class=\"yoast-schema-graph\">{\"@context\":\"https:\\\/\\\/schema.org\",\"@graph\":[{\"@type\":\"WebPage\",\"@id\":\"https:\\\/\\\/bogensportdiscount.ch\\\/produkt\\\/ssarchery-bogenhalter-haken-muttern-unterlegscheiben-6er-pack\\\/\",\"url\":\"https:\\\/\\\/bogensportdiscount.ch\\\/produkt\\\/ssarchery-bogenhalter-haken-muttern-unterlegscheiben-6er-pack\\\/\",\"name\":\"SSARCHERY SSA ARCHERY BOGENST\u00c4NDER HAKEN - MUTTERN - UNTERLEGSCHEIBEN 6\\\/PK - Bogensportdiscount \u2013 B\u00f6gen, Pfeile, Targets &amp; Zubeh\u00f6r\",\"isPartOf\":{\"@id\":\"https:\\\/\\\/bogensportdiscount.ch\\\/#website\"},\"primaryImageOfPage\":{\"@id\":\"https:\\\/\\\/bogensportdiscount.ch\\\/produkt\\\/ssarchery-bogenhalter-haken-muttern-unterlegscheiben-6er-pack\\\/#primaryimage\"},\"image\":{\"@id\":\"https:\\\/\\\/bogensportdiscount.ch\\\/produkt\\\/ssarchery-bogenhalter-haken-muttern-unterlegscheiben-6er-pack\\\/#primaryimage\"},\"thumbnailUrl\":\"https:\\\/\\\/bogensportdiscount.ch\\\/wp-content\\\/uploads\\\/bsm-images\\\/A010188_1.png\",\"datePublished\":\"2026-04-05T12:23:00+00:00\",\"dateModified\":\"2026-05-14T05:13:28+00:00\",\"description\":\"SSARCHERY SSA ARCHERY BOGENST\u00c4NDER HAKEN - MUTTERN - UNTERLEGSCHEIBEN 6\\\/PK g\u00fcnstig kaufen bei Bogensportdiscount \u2013 Top-Marken, schneller Versand aus der Schweiz.\",\"breadcrumb\":{\"@id\":\"https:\\\/\\\/bogensportdiscount.ch\\\/produkt\\\/ssarchery-bogenhalter-haken-muttern-unterlegscheiben-6er-pack\\\/#breadcrumb\"},\"inLanguage\":\"fr-FR\",\"potentialAction\":[{\"@type\":\"ReadAction\",\"target\":[\"https:\\\/\\\/bogensportdiscount.ch\\\/produkt\\\/ssarchery-bogenhalter-haken-muttern-unterlegscheiben-6er-pack\\\/\"]}]},{\"@type\":\"ImageObject\",\"inLanguage\":\"fr-FR\",\"@id\":\"https:\\\/\\\/bogensportdiscount.ch\\\/produkt\\\/ssarchery-bogenhalter-haken-muttern-unterlegscheiben-6er-pack\\\/#primaryimage\",\"url\":\"https:\\\/\\\/bogensportdiscount.ch\\\/wp-content\\\/uploads\\\/bsm-images\\\/A010188_1.png\",\"contentUrl\":\"https:\\\/\\\/bogensportdiscount.ch\\\/wp-content\\\/uploads\\\/bsm-images\\\/A010188_1.png\",\"width\":1472,\"height\":1181},{\"@type\":\"BreadcrumbList\",\"@id\":\"https:\\\/\\\/bogensportdiscount.ch\\\/produkt\\\/ssarchery-bogenhalter-haken-muttern-unterlegscheiben-6er-pack\\\/#breadcrumb\",\"itemListElement\":[{\"@type\":\"ListItem\",\"position\":1,\"name\":\"Home\",\"item\":\"https:\\\/\\\/bogensportdiscount.ch\\\/\"},{\"@type\":\"ListItem\",\"position\":2,\"name\":\"Shop\",\"item\":\"https:\\\/\\\/bogensportdiscount.ch\\\/shop\\\/\"},{\"@type\":\"ListItem\",\"position\":3,\"name\":\"SSARCHERY SSA ARCHERY BOW HOLDER HOOKS &#8211; NUTS &#8211; WASHERS 6\\\/pk\"}]},{\"@type\":\"WebSite\",\"@id\":\"https:\\\/\\\/bogensportdiscount.ch\\\/#website\",\"url\":\"https:\\\/\\\/bogensportdiscount.ch\\\/\",\"name\":\"Bogensportdiscount\",\"description\":\"\",\"potentialAction\":[{\"@type\":\"SearchAction\",\"target\":{\"@type\":\"EntryPoint\",\"urlTemplate\":\"https:\\\/\\\/bogensportdiscount.ch\\\/?s={search_term_string}\"},\"query-input\":{\"@type\":\"PropertyValueSpecification\",\"valueRequired\":true,\"valueName\":\"search_term_string\"}}],\"inLanguage\":\"fr-FR\"}]}<\/script>\n<!-- \/ Yoast SEO plugin. -->","yoast_head_json":{"title":"SSARCHERY SSA ARCHERY BOGENST\u00c4NDER HAKEN - MUTTERN - UNTERLEGSCHEIBEN 6\/PK - Bogensportdiscount \u2013 B\u00f6gen, Pfeile, Targets &amp; Zubeh\u00f6r","description":"SSARCHERY SSA ARCHERY BOGENST\u00c4NDER HAKEN - MUTTERN - UNTERLEGSCHEIBEN 6\/PK g\u00fcnstig kaufen bei Bogensportdiscount \u2013 Top-Marken, schneller Versand aus der Schweiz.","robots":{"index":"index","follow":"follow","max-snippet":"max-snippet:-1","max-image-preview":"max-image-preview:large","max-video-preview":"max-video-preview:-1"},"canonical":"https:\/\/bogensportdiscount.ch\/fr\/produit\/ssarchery-bogenhalter-haken-muttern-unterlegscheiben-6er-pack\/","og_locale":"fr_FR","og_type":"article","og_title":"SSARCHERY SSA ARCHERY BOGENST\u00c4NDER HAKEN - MUTTERN - UNTERLEGSCHEIBEN 6\/PK - Bogensportdiscount \u2013 B\u00f6gen, Pfeile, Targets &amp; Zubeh\u00f6r","og_description":"SSARCHERY SSA ARCHERY BOGENST\u00c4NDER HAKEN - MUTTERN - UNTERLEGSCHEIBEN 6\/PK g\u00fcnstig kaufen bei Bogensportdiscount \u2013 Top-Marken, schneller Versand aus der Schweiz.","og_url":"https:\/\/bogensportdiscount.ch\/fr\/produit\/ssarchery-bogenhalter-haken-muttern-unterlegscheiben-6er-pack\/","og_site_name":"Bogensportdiscount \u2013 B\u00f6gen, Pfeile, Targets &amp; Zubeh\u00f6r","article_modified_time":"2026-05-14T05:13:28+00:00","og_image":[{"width":1472,"height":1181,"url":"https:\/\/bogensportdiscount.ch\/wp-content\/uploads\/bsm-images\/A010188_1.png","type":"image\/png"}],"twitter_card":"summary_large_image","schema":{"@context":"https:\/\/schema.org","@graph":[{"@type":"WebPage","@id":"https:\/\/bogensportdiscount.ch\/produkt\/ssarchery-bogenhalter-haken-muttern-unterlegscheiben-6er-pack\/","url":"https:\/\/bogensportdiscount.ch\/produkt\/ssarchery-bogenhalter-haken-muttern-unterlegscheiben-6er-pack\/","name":"SSARCHERY SSA ARCHERY BOGENST\u00c4NDER HAKEN - MUTTERN - UNTERLEGSCHEIBEN 6\/PK - Bogensportdiscount \u2013 B\u00f6gen, Pfeile, Targets &amp; Zubeh\u00f6r","isPartOf":{"@id":"https:\/\/bogensportdiscount.ch\/#website"},"primaryImageOfPage":{"@id":"https:\/\/bogensportdiscount.ch\/produkt\/ssarchery-bogenhalter-haken-muttern-unterlegscheiben-6er-pack\/#primaryimage"},"image":{"@id":"https:\/\/bogensportdiscount.ch\/produkt\/ssarchery-bogenhalter-haken-muttern-unterlegscheiben-6er-pack\/#primaryimage"},"thumbnailUrl":"https:\/\/bogensportdiscount.ch\/wp-content\/uploads\/bsm-images\/A010188_1.png","datePublished":"2026-04-05T12:23:00+00:00","dateModified":"2026-05-14T05:13:28+00:00","description":"SSARCHERY SSA ARCHERY BOGENST\u00c4NDER HAKEN - MUTTERN - UNTERLEGSCHEIBEN 6\/PK g\u00fcnstig kaufen bei Bogensportdiscount \u2013 Top-Marken, schneller Versand aus der Schweiz.","breadcrumb":{"@id":"https:\/\/bogensportdiscount.ch\/produkt\/ssarchery-bogenhalter-haken-muttern-unterlegscheiben-6er-pack\/#breadcrumb"},"inLanguage":"fr-FR","potentialAction":[{"@type":"ReadAction","target":["https:\/\/bogensportdiscount.ch\/produkt\/ssarchery-bogenhalter-haken-muttern-unterlegscheiben-6er-pack\/"]}]},{"@type":"ImageObject","inLanguage":"fr-FR","@id":"https:\/\/bogensportdiscount.ch\/produkt\/ssarchery-bogenhalter-haken-muttern-unterlegscheiben-6er-pack\/#primaryimage","url":"https:\/\/bogensportdiscount.ch\/wp-content\/uploads\/bsm-images\/A010188_1.png","contentUrl":"https:\/\/bogensportdiscount.ch\/wp-content\/uploads\/bsm-images\/A010188_1.png","width":1472,"height":1181},{"@type":"BreadcrumbList","@id":"https:\/\/bogensportdiscount.ch\/produkt\/ssarchery-bogenhalter-haken-muttern-unterlegscheiben-6er-pack\/#breadcrumb","itemListElement":[{"@type":"ListItem","position":1,"name":"Home","item":"https:\/\/bogensportdiscount.ch\/"},{"@type":"ListItem","position":2,"name":"Shop","item":"https:\/\/bogensportdiscount.ch\/shop\/"},{"@type":"ListItem","position":3,"name":"SSARCHERY SSA ARCHERY BOW HOLDER HOOKS &#8211; NUTS &#8211; WASHERS 6\/pk"}]},{"@type":"WebSite","@id":"https:\/\/bogensportdiscount.ch\/#website","url":"https:\/\/bogensportdiscount.ch\/","name":"Bogensportdiscount","description":"","potentialAction":[{"@type":"SearchAction","target":{"@type":"EntryPoint","urlTemplate":"https:\/\/bogensportdiscount.ch\/?s={search_term_string}"},"query-input":{"@type":"PropertyValueSpecification","valueRequired":true,"valueName":"search_term_string"}}],"inLanguage":"fr-FR"}]}},"_links":{"self":[{"href":"https:\/\/bogensportdiscount.ch\/fr\/wp-json\/wp\/v2\/product\/391472","targetHints":{"allow":["GET"]}}],"collection":[{"href":"https:\/\/bogensportdiscount.ch\/fr\/wp-json\/wp\/v2\/product"}],"about":[{"href":"https:\/\/bogensportdiscount.ch\/fr\/wp-json\/wp\/v2\/types\/product"}],"replies":[{"embeddable":true,"href":"https:\/\/bogensportdiscount.ch\/fr\/wp-json\/wp\/v2\/comments?post=391472"}],"wp:featuredmedia":[{"embeddable":true,"href":"https:\/\/bogensportdiscount.ch\/fr\/wp-json\/wp\/v2\/media\/443071"}],"wp:attachment":[{"href":"https:\/\/bogensportdiscount.ch\/fr\/wp-json\/wp\/v2\/media?parent=391472"}],"wp:term":[{"taxonomy":"product_brand","embeddable":true,"href":"https:\/\/bogensportdiscount.ch\/fr\/wp-json\/wp\/v2\/product_brand?post=391472"},{"taxonomy":"product_cat","embeddable":true,"href":"https:\/\/bogensportdiscount.ch\/fr\/wp-json\/wp\/v2\/product_cat?post=391472"},{"taxonomy":"product_tag","embeddable":true,"href":"https:\/\/bogensportdiscount.ch\/fr\/wp-json\/wp\/v2\/product_tag?post=391472"}],"curies":[{"name":"wp","href":"https:\/\/api.w.org\/{rel}","templated":true}]}}