{"id":391469,"date":"2026-04-05T14:23:00","date_gmt":"2026-04-05T12:23:00","guid":{"rendered":"https:\/\/bogensportdiscount.ch\/produkt\/gompy-chestguards-bb4-small-lh-white\/"},"modified":"2026-04-15T12:10:03","modified_gmt":"2026-04-15T10:10:03","slug":"gompy-brustschuetzer-bb4-small-lh-weiss","status":"publish","type":"product","link":"https:\/\/bogensportdiscount.ch\/fr\/produit\/gompy-brustschuetzer-bb4-small-lh-weiss\/","title":{"rendered":"GOMPY CHESTGUARDS BB4 SMALL LH WHITE"},"content":{"rendered":"<p>Der GOMPY BB4 ist ein Brustsch\u00fctzer f\u00fcr Bogensportler, der die Brust vor dem Kontakt mit der Bogensehne sch\u00fctzt. Dieses Modell ist speziell f\u00fcr Linksh\u00e4nder ausgelegt und in der Gr\u00f6sse Small erh\u00e4ltlich.<\/p>\n<p>Brustsch\u00fctzer verhindern, dass lose Kleidung oder die Brust die Flugbahn des Pfeils beeinflusst, und reduzieren gleichzeitig m\u00f6gliche Abdr\u00fccke der Sehne. Der BB4 in Weiss eignet sich f\u00fcr Einsteiger und fortgeschrittene Bogensch\u00fctzen gleichermassen.<\/p>\n<ul>\n<li>Ausf\u00fchrung f\u00fcr Linksh\u00e4nder (LH)<\/li>\n<li>Gr\u00f6sse: Small<\/li>\n<li>Farbe: Weiss<\/li>\n<li>Sch\u00fctzt vor Sehnenabdruck und h\u00e4lt Kleidung aus der Schusslinie<\/li>\n<\/ul>","protected":false},"excerpt":{"rendered":"<p><strong>Marque :<\/strong> Gompy<br \/><strong>LH\/RH:<\/strong> LH<br \/><strong>Farbe:<\/strong> Wei\u00df<br \/><strong>Gr\u00f6\u00dfen:<\/strong> S<br \/><strong>GTIN:<\/strong> 6426012131169<\/p>","protected":false},"featured_media":452279,"comment_status":"open","ping_status":"closed","template":"","meta":[],"product_brand":[596],"product_cat":[4180],"product_tag":[3546],"class_list":{"0":"post-391469","1":"product","2":"type-product","3":"status-publish","4":"has-post-thumbnail","6":"product_brand-gompy","7":"product_cat-brustschutz","8":"product_tag-neuheit","10":"first","11":"instock","12":"shipping-taxable","13":"purchasable","14":"product-type-simple"},"_links":{"self":[{"href":"https:\/\/bogensportdiscount.ch\/fr\/wp-json\/wp\/v2\/product\/391469","targetHints":{"allow":["GET"]}}],"collection":[{"href":"https:\/\/bogensportdiscount.ch\/fr\/wp-json\/wp\/v2\/product"}],"about":[{"href":"https:\/\/bogensportdiscount.ch\/fr\/wp-json\/wp\/v2\/types\/product"}],"replies":[{"embeddable":true,"href":"https:\/\/bogensportdiscount.ch\/fr\/wp-json\/wp\/v2\/comments?post=391469"}],"wp:featuredmedia":[{"embeddable":true,"href":"https:\/\/bogensportdiscount.ch\/fr\/wp-json\/wp\/v2\/media\/452279"}],"wp:attachment":[{"href":"https:\/\/bogensportdiscount.ch\/fr\/wp-json\/wp\/v2\/media?parent=391469"}],"wp:term":[{"taxonomy":"product_brand","embeddable":true,"href":"https:\/\/bogensportdiscount.ch\/fr\/wp-json\/wp\/v2\/product_brand?post=391469"},{"taxonomy":"product_cat","embeddable":true,"href":"https:\/\/bogensportdiscount.ch\/fr\/wp-json\/wp\/v2\/product_cat?post=391469"},{"taxonomy":"product_tag","embeddable":true,"href":"https:\/\/bogensportdiscount.ch\/fr\/wp-json\/wp\/v2\/product_tag?post=391469"}],"curies":[{"name":"wp","href":"https:\/\/api.w.org\/{rel}","templated":true}]}}