{"id":391458,"date":"2026-04-05T14:22:58","date_gmt":"2026-04-05T12:22:58","guid":{"rendered":"https:\/\/bogensportdiscount.ch\/produkt\/nap-thunderhead-125-lock-rings-6-pk\/"},"modified":"2026-04-15T12:10:03","modified_gmt":"2026-04-15T10:10:03","slug":"nap-thunderhead-125-sicherungsringe-6er-pack","status":"publish","type":"product","link":"https:\/\/bogensportdiscount.ch\/fr\/produit\/nap-thunderhead-125-sicherungsringe-6er-pack\/","title":{"rendered":"NAP THUNDERHEAD 125 LOCK RINGS 6\/PK"},"content":{"rendered":"<p>Die NAP Thunderhead 125 Sicherungsringe sind Originalersatzteile f\u00fcr den weit verbreiteten Thunderhead 125 Broadhead. Sie sorgen daf\u00fcr, dass die Klingen sicher in ihrer Position gehalten werden und sich nicht ungewollt \u00f6ffnen.<\/p>\n<p>Das Paket enth\u00e4lt 6 Sicherungsringe, sodass mehrere Broadheads gleichzeitig ausger\u00fcstet oder besch\u00e4digte Ringe einfach ersetzt werden k\u00f6nnen.<\/p>\n<ul>\n<li>Passend f\u00fcr NAP Thunderhead 125<\/li>\n<li>6 St\u00fcck pro Packung<\/li>\n<li>Sicherung der Klingen beim Abschuss<\/li>\n<li>Originalersatzteil von NAP<\/li>\n<\/ul>","protected":false},"excerpt":{"rendered":"<p><strong>Marque :<\/strong> PAN<br \/><strong>Farbe:<\/strong> Silbe<br \/><strong>GTIN:<\/strong> 33576602835<\/p>","protected":false},"featured_media":452273,"comment_status":"open","ping_status":"closed","template":"","meta":[],"product_brand":[557],"product_cat":[4179],"product_tag":[3546],"class_list":{"0":"post-391458","1":"product","2":"type-product","3":"status-publish","4":"has-post-thumbnail","6":"product_brand-nap","7":"product_cat-einzelteile-zubehoer","8":"product_tag-neuheit","10":"first","11":"instock","12":"shipping-taxable","13":"purchasable","14":"product-type-simple"},"_links":{"self":[{"href":"https:\/\/bogensportdiscount.ch\/fr\/wp-json\/wp\/v2\/product\/391458","targetHints":{"allow":["GET"]}}],"collection":[{"href":"https:\/\/bogensportdiscount.ch\/fr\/wp-json\/wp\/v2\/product"}],"about":[{"href":"https:\/\/bogensportdiscount.ch\/fr\/wp-json\/wp\/v2\/types\/product"}],"replies":[{"embeddable":true,"href":"https:\/\/bogensportdiscount.ch\/fr\/wp-json\/wp\/v2\/comments?post=391458"}],"wp:featuredmedia":[{"embeddable":true,"href":"https:\/\/bogensportdiscount.ch\/fr\/wp-json\/wp\/v2\/media\/452273"}],"wp:attachment":[{"href":"https:\/\/bogensportdiscount.ch\/fr\/wp-json\/wp\/v2\/media?parent=391458"}],"wp:term":[{"taxonomy":"product_brand","embeddable":true,"href":"https:\/\/bogensportdiscount.ch\/fr\/wp-json\/wp\/v2\/product_brand?post=391458"},{"taxonomy":"product_cat","embeddable":true,"href":"https:\/\/bogensportdiscount.ch\/fr\/wp-json\/wp\/v2\/product_cat?post=391458"},{"taxonomy":"product_tag","embeddable":true,"href":"https:\/\/bogensportdiscount.ch\/fr\/wp-json\/wp\/v2\/product_tag?post=391458"}],"curies":[{"name":"wp","href":"https:\/\/api.w.org\/{rel}","templated":true}]}}