{"id":391452,"date":"2026-04-05T14:22:57","date_gmt":"2026-04-05T12:22:57","guid":{"rendered":"https:\/\/bogensportdiscount.ch\/produkt\/moultrie-feeder-accessories-feeder-hoist\/"},"modified":"2026-05-14T07:13:27","modified_gmt":"2026-05-14T05:13:27","slug":"moultrie-futterautomat-zubehoer-feeder-hoist","status":"publish","type":"product","link":"https:\/\/bogensportdiscount.ch\/fr\/produit\/moultrie-futterautomat-zubehoer-feeder-hoist\/","title":{"rendered":"MOULTRIE FUTTERAUTOMATEN-ZUBEHOER FUTTERAUTOMATEN-WINDE"},"content":{"rendered":"<p>Le Moultrie Feeder Hoist est un accessoire pratique pour les distributeurs automatiques de la marque Moultrie. Ce syst\u00e8me de levage permet de mettre en place le distributeur automatique plus facilement et en toute s\u00e9curit\u00e9 dans la position souhait\u00e9e, ce qui est particuli\u00e8rement avantageux pour les mod\u00e8les les plus lourds.<\/p>\n<p>L'accessoire est adapt\u00e9 aux distributeurs automatiques Moultrie et convient \u00e0 une utilisation dans le domaine de la chasse ainsi que dans la gestion de la faune sauvage. Il simplifie consid\u00e9rablement le montage et la manipulation sur le terrain.<\/p>\n<ul>\n<li>Dispositif de levage pour les distributeurs automatiques Moultrie<\/li>\n<li>Facilite la suspension et le positionnement<\/li>\n<li>Adapt\u00e9 aux domaines de la chasse et de la faune sauvage<\/li>\n<li>Compatible avec les syst\u00e8mes Feeder Moultrie<\/li>\n<\/ul>","protected":false},"excerpt":{"rendered":"<table>\n<tr>\n<th>Propri\u00e9t\u00e9<\/th>\n<th>Valeur<\/th>\n<\/tr>\n<tr>\n<td>Marque<\/td>\n<td>Moultrie<\/td>\n<\/tr>\n<tr>\n<td>Pays d'origine<\/td>\n<td>USA<\/td>\n<\/tr>\n<tr>\n<td>GTIN<\/td>\n<td>053695131023<\/td>\n<\/tr>\n<\/table>","protected":false},"featured_media":443094,"comment_status":"open","ping_status":"closed","template":"","meta":[],"product_brand":[784],"product_cat":[4171,4309,4310],"product_tag":[3546],"class_list":{"0":"post-391452","1":"product","2":"type-product","3":"status-publish","4":"has-post-thumbnail","6":"product_brand-moultrie","7":"product_cat-jagd-outdoor","8":"product_cat-jagd-zubehoer","9":"product_cat-feeders-zubehoer","10":"product_tag-neuheit","11":"product_shipping_class-bsd-standard","13":"first","14":"instock","15":"shipping-taxable","16":"purchasable","17":"product-type-simple"},"yoast_head":"<!-- This site is optimized with the Yoast SEO plugin v27.6 - https:\/\/yoast.com\/product\/yoast-seo-wordpress\/ -->\n<title>MOULTRIE FUTTERAUTOMATEN-ZUBEHOER FUTTERAUTOMATEN-WINDE - Bogensportdiscount \u2013 B\u00f6gen, Pfeile, Targets &amp; Zubeh\u00f6r<\/title>\n<meta name=\"description\" content=\"MOULTRIE FUTTERAUTOMATEN-ZUBEHOER FUTTERAUTOMATEN-WINDE g\u00fcnstig kaufen bei Bogensportdiscount \u2013 Top-Marken, schneller Versand aus der Schweiz.\" \/>\n<meta name=\"robots\" content=\"index, follow, max-snippet:-1, max-image-preview:large, max-video-preview:-1\" \/>\n<link rel=\"canonical\" href=\"https:\/\/bogensportdiscount.ch\/fr\/produit\/moultrie-futterautomat-zubehoer-feeder-hoist\/\" \/>\n<meta property=\"og:locale\" content=\"fr_FR\" \/>\n<meta property=\"og:type\" content=\"article\" \/>\n<meta property=\"og:title\" content=\"MOULTRIE FUTTERAUTOMATEN-ZUBEHOER FUTTERAUTOMATEN-WINDE - Bogensportdiscount \u2013 B\u00f6gen, Pfeile, Targets &amp; Zubeh\u00f6r\" \/>\n<meta property=\"og:description\" content=\"MOULTRIE FUTTERAUTOMATEN-ZUBEHOER FUTTERAUTOMATEN-WINDE g\u00fcnstig kaufen bei Bogensportdiscount \u2013 Top-Marken, schneller Versand aus der Schweiz.\" \/>\n<meta property=\"og:url\" content=\"https:\/\/bogensportdiscount.ch\/fr\/produit\/moultrie-futterautomat-zubehoer-feeder-hoist\/\" \/>\n<meta property=\"og:site_name\" content=\"Bogensportdiscount \u2013 B\u00f6gen, Pfeile, Targets &amp; Zubeh\u00f6r\" \/>\n<meta property=\"article:modified_time\" content=\"2026-05-14T05:13:27+00:00\" \/>\n<meta property=\"og:image\" content=\"https:\/\/bogensportdiscount.ch\/wp-content\/uploads\/bsm-images\/A009921_1.png\" \/>\n\t<meta property=\"og:image:width\" content=\"1043\" \/>\n\t<meta property=\"og:image:height\" content=\"1198\" \/>\n\t<meta property=\"og:image:type\" content=\"image\/png\" \/>\n<meta name=\"twitter:card\" content=\"summary_large_image\" \/>\n<script type=\"application\/ld+json\" class=\"yoast-schema-graph\">{\"@context\":\"https:\\\/\\\/schema.org\",\"@graph\":[{\"@type\":\"WebPage\",\"@id\":\"https:\\\/\\\/bogensportdiscount.ch\\\/produkt\\\/moultrie-futterautomat-zubehoer-feeder-hoist\\\/\",\"url\":\"https:\\\/\\\/bogensportdiscount.ch\\\/produkt\\\/moultrie-futterautomat-zubehoer-feeder-hoist\\\/\",\"name\":\"MOULTRIE FUTTERAUTOMATEN-ZUBEHOER FUTTERAUTOMATEN-WINDE - Bogensportdiscount \u2013 B\u00f6gen, Pfeile, Targets &amp; Zubeh\u00f6r\",\"isPartOf\":{\"@id\":\"https:\\\/\\\/bogensportdiscount.ch\\\/#website\"},\"primaryImageOfPage\":{\"@id\":\"https:\\\/\\\/bogensportdiscount.ch\\\/produkt\\\/moultrie-futterautomat-zubehoer-feeder-hoist\\\/#primaryimage\"},\"image\":{\"@id\":\"https:\\\/\\\/bogensportdiscount.ch\\\/produkt\\\/moultrie-futterautomat-zubehoer-feeder-hoist\\\/#primaryimage\"},\"thumbnailUrl\":\"https:\\\/\\\/bogensportdiscount.ch\\\/wp-content\\\/uploads\\\/bsm-images\\\/A009921_1.png\",\"datePublished\":\"2026-04-05T12:22:57+00:00\",\"dateModified\":\"2026-05-14T05:13:27+00:00\",\"description\":\"MOULTRIE FUTTERAUTOMATEN-ZUBEHOER FUTTERAUTOMATEN-WINDE g\u00fcnstig kaufen bei Bogensportdiscount \u2013 Top-Marken, schneller Versand aus der Schweiz.\",\"breadcrumb\":{\"@id\":\"https:\\\/\\\/bogensportdiscount.ch\\\/produkt\\\/moultrie-futterautomat-zubehoer-feeder-hoist\\\/#breadcrumb\"},\"inLanguage\":\"fr-FR\",\"potentialAction\":[{\"@type\":\"ReadAction\",\"target\":[\"https:\\\/\\\/bogensportdiscount.ch\\\/produkt\\\/moultrie-futterautomat-zubehoer-feeder-hoist\\\/\"]}]},{\"@type\":\"ImageObject\",\"inLanguage\":\"fr-FR\",\"@id\":\"https:\\\/\\\/bogensportdiscount.ch\\\/produkt\\\/moultrie-futterautomat-zubehoer-feeder-hoist\\\/#primaryimage\",\"url\":\"https:\\\/\\\/bogensportdiscount.ch\\\/wp-content\\\/uploads\\\/bsm-images\\\/A009921_1.png\",\"contentUrl\":\"https:\\\/\\\/bogensportdiscount.ch\\\/wp-content\\\/uploads\\\/bsm-images\\\/A009921_1.png\",\"width\":1043,\"height\":1198},{\"@type\":\"BreadcrumbList\",\"@id\":\"https:\\\/\\\/bogensportdiscount.ch\\\/produkt\\\/moultrie-futterautomat-zubehoer-feeder-hoist\\\/#breadcrumb\",\"itemListElement\":[{\"@type\":\"ListItem\",\"position\":1,\"name\":\"Home\",\"item\":\"https:\\\/\\\/bogensportdiscount.ch\\\/\"},{\"@type\":\"ListItem\",\"position\":2,\"name\":\"Shop\",\"item\":\"https:\\\/\\\/bogensportdiscount.ch\\\/shop\\\/\"},{\"@type\":\"ListItem\",\"position\":3,\"name\":\"MOULTRIE FEEDER ACCESSORIES FEEDER HOIST\"}]},{\"@type\":\"WebSite\",\"@id\":\"https:\\\/\\\/bogensportdiscount.ch\\\/#website\",\"url\":\"https:\\\/\\\/bogensportdiscount.ch\\\/\",\"name\":\"Bogensportdiscount\",\"description\":\"\",\"potentialAction\":[{\"@type\":\"SearchAction\",\"target\":{\"@type\":\"EntryPoint\",\"urlTemplate\":\"https:\\\/\\\/bogensportdiscount.ch\\\/?s={search_term_string}\"},\"query-input\":{\"@type\":\"PropertyValueSpecification\",\"valueRequired\":true,\"valueName\":\"search_term_string\"}}],\"inLanguage\":\"fr-FR\"}]}<\/script>\n<!-- \/ Yoast SEO plugin. -->","yoast_head_json":{"title":"MOULTRIE FUTTERAUTOMATEN-ZUBEHOER FUTTERAUTOMATEN-WINDE - Bogensportdiscount \u2013 B\u00f6gen, Pfeile, Targets &amp; Zubeh\u00f6r","description":"MOULTRIE FUTTERAUTOMATEN-ZUBEHOER FUTTERAUTOMATEN-WINDE g\u00fcnstig kaufen bei Bogensportdiscount \u2013 Top-Marken, schneller Versand aus der Schweiz.","robots":{"index":"index","follow":"follow","max-snippet":"max-snippet:-1","max-image-preview":"max-image-preview:large","max-video-preview":"max-video-preview:-1"},"canonical":"https:\/\/bogensportdiscount.ch\/fr\/produit\/moultrie-futterautomat-zubehoer-feeder-hoist\/","og_locale":"fr_FR","og_type":"article","og_title":"MOULTRIE FUTTERAUTOMATEN-ZUBEHOER FUTTERAUTOMATEN-WINDE - Bogensportdiscount \u2013 B\u00f6gen, Pfeile, Targets &amp; Zubeh\u00f6r","og_description":"MOULTRIE FUTTERAUTOMATEN-ZUBEHOER FUTTERAUTOMATEN-WINDE g\u00fcnstig kaufen bei Bogensportdiscount \u2013 Top-Marken, schneller Versand aus der Schweiz.","og_url":"https:\/\/bogensportdiscount.ch\/fr\/produit\/moultrie-futterautomat-zubehoer-feeder-hoist\/","og_site_name":"Bogensportdiscount \u2013 B\u00f6gen, Pfeile, Targets &amp; Zubeh\u00f6r","article_modified_time":"2026-05-14T05:13:27+00:00","og_image":[{"width":1043,"height":1198,"url":"https:\/\/bogensportdiscount.ch\/wp-content\/uploads\/bsm-images\/A009921_1.png","type":"image\/png"}],"twitter_card":"summary_large_image","schema":{"@context":"https:\/\/schema.org","@graph":[{"@type":"WebPage","@id":"https:\/\/bogensportdiscount.ch\/produkt\/moultrie-futterautomat-zubehoer-feeder-hoist\/","url":"https:\/\/bogensportdiscount.ch\/produkt\/moultrie-futterautomat-zubehoer-feeder-hoist\/","name":"MOULTRIE FUTTERAUTOMATEN-ZUBEHOER FUTTERAUTOMATEN-WINDE - Bogensportdiscount \u2013 B\u00f6gen, Pfeile, Targets &amp; Zubeh\u00f6r","isPartOf":{"@id":"https:\/\/bogensportdiscount.ch\/#website"},"primaryImageOfPage":{"@id":"https:\/\/bogensportdiscount.ch\/produkt\/moultrie-futterautomat-zubehoer-feeder-hoist\/#primaryimage"},"image":{"@id":"https:\/\/bogensportdiscount.ch\/produkt\/moultrie-futterautomat-zubehoer-feeder-hoist\/#primaryimage"},"thumbnailUrl":"https:\/\/bogensportdiscount.ch\/wp-content\/uploads\/bsm-images\/A009921_1.png","datePublished":"2026-04-05T12:22:57+00:00","dateModified":"2026-05-14T05:13:27+00:00","description":"MOULTRIE FUTTERAUTOMATEN-ZUBEHOER FUTTERAUTOMATEN-WINDE g\u00fcnstig kaufen bei Bogensportdiscount \u2013 Top-Marken, schneller Versand aus der Schweiz.","breadcrumb":{"@id":"https:\/\/bogensportdiscount.ch\/produkt\/moultrie-futterautomat-zubehoer-feeder-hoist\/#breadcrumb"},"inLanguage":"fr-FR","potentialAction":[{"@type":"ReadAction","target":["https:\/\/bogensportdiscount.ch\/produkt\/moultrie-futterautomat-zubehoer-feeder-hoist\/"]}]},{"@type":"ImageObject","inLanguage":"fr-FR","@id":"https:\/\/bogensportdiscount.ch\/produkt\/moultrie-futterautomat-zubehoer-feeder-hoist\/#primaryimage","url":"https:\/\/bogensportdiscount.ch\/wp-content\/uploads\/bsm-images\/A009921_1.png","contentUrl":"https:\/\/bogensportdiscount.ch\/wp-content\/uploads\/bsm-images\/A009921_1.png","width":1043,"height":1198},{"@type":"BreadcrumbList","@id":"https:\/\/bogensportdiscount.ch\/produkt\/moultrie-futterautomat-zubehoer-feeder-hoist\/#breadcrumb","itemListElement":[{"@type":"ListItem","position":1,"name":"Home","item":"https:\/\/bogensportdiscount.ch\/"},{"@type":"ListItem","position":2,"name":"Shop","item":"https:\/\/bogensportdiscount.ch\/shop\/"},{"@type":"ListItem","position":3,"name":"MOULTRIE FEEDER ACCESSORIES FEEDER HOIST"}]},{"@type":"WebSite","@id":"https:\/\/bogensportdiscount.ch\/#website","url":"https:\/\/bogensportdiscount.ch\/","name":"Bogensportdiscount","description":"","potentialAction":[{"@type":"SearchAction","target":{"@type":"EntryPoint","urlTemplate":"https:\/\/bogensportdiscount.ch\/?s={search_term_string}"},"query-input":{"@type":"PropertyValueSpecification","valueRequired":true,"valueName":"search_term_string"}}],"inLanguage":"fr-FR"}]}},"_links":{"self":[{"href":"https:\/\/bogensportdiscount.ch\/fr\/wp-json\/wp\/v2\/product\/391452","targetHints":{"allow":["GET"]}}],"collection":[{"href":"https:\/\/bogensportdiscount.ch\/fr\/wp-json\/wp\/v2\/product"}],"about":[{"href":"https:\/\/bogensportdiscount.ch\/fr\/wp-json\/wp\/v2\/types\/product"}],"replies":[{"embeddable":true,"href":"https:\/\/bogensportdiscount.ch\/fr\/wp-json\/wp\/v2\/comments?post=391452"}],"wp:featuredmedia":[{"embeddable":true,"href":"https:\/\/bogensportdiscount.ch\/fr\/wp-json\/wp\/v2\/media\/443094"}],"wp:attachment":[{"href":"https:\/\/bogensportdiscount.ch\/fr\/wp-json\/wp\/v2\/media?parent=391452"}],"wp:term":[{"taxonomy":"product_brand","embeddable":true,"href":"https:\/\/bogensportdiscount.ch\/fr\/wp-json\/wp\/v2\/product_brand?post=391452"},{"taxonomy":"product_cat","embeddable":true,"href":"https:\/\/bogensportdiscount.ch\/fr\/wp-json\/wp\/v2\/product_cat?post=391452"},{"taxonomy":"product_tag","embeddable":true,"href":"https:\/\/bogensportdiscount.ch\/fr\/wp-json\/wp\/v2\/product_tag?post=391452"}],"curies":[{"name":"wp","href":"https:\/\/api.w.org\/{rel}","templated":true}]}}