{"id":391448,"date":"2026-04-05T14:22:56","date_gmt":"2026-04-05T12:22:56","guid":{"rendered":"https:\/\/bogensportdiscount.ch\/produkt\/code-blue-scent-eliminator-antiperspirant-stick\/"},"modified":"2026-04-19T11:42:00","modified_gmt":"2026-04-19T09:42:00","slug":"code-blue-geruchseliminator-antiperspirant-stick","status":"publish","type":"product","link":"https:\/\/bogensportdiscount.ch\/fr\/produit\/code-blue-geruchseliminator-antiperspirant-stick\/","title":{"rendered":"CODE BLUE D\u00c9ODORANT ANTITRANSPIRANT EN STICK"},"content":{"rendered":"<p>Le Code Blue Scent Eliminator Antiperspirant Stick est un produit de soin corporel sp\u00e9cialement con\u00e7u pour les chasseurs. Il s'applique directement sur la peau et agit comme un antitranspirant qui r\u00e9duit l'odeur de transpiration et minimise l'odeur humaine.<\/p>\n<p>Surtout lors de l'aff\u00fbt ou de la traque, l'odeur corporelle humaine peut alerter le gibier pr\u00e9matur\u00e9ment. Le Code Blue Antiperspirant Stick est con\u00e7u pour une utilisation en ext\u00e9rieur et compl\u00e8te un syst\u00e8me complet de gestion des odeurs.<\/p>\n<ul>\n<li>R\u00e9duit l'odeur corporelle et la transpiration<\/li>\n<li>Application facile en stick directement sur la peau<\/li>\n<li>Adapt\u00e9 pour une utilisation \u00e0 l'aff\u00fbt et \u00e0 la traque<\/li>\n<li>Taille compacte pour le transport dans le sac \u00e0 dos<\/li>\n<\/ul>","protected":false},"excerpt":{"rendered":"<p><strong>Marque :<\/strong> Code Blue<br \/><strong>GTIN:<\/strong> 707114013178<\/p>","protected":false},"featured_media":443101,"comment_status":"open","ping_status":"closed","template":"","meta":[],"product_brand":[783],"product_cat":[4321],"product_tag":[3546],"class_list":{"0":"post-391448","1":"product","2":"type-product","3":"status-publish","4":"has-post-thumbnail","6":"product_brand-codeblue","7":"product_cat-geruchstarnung","8":"product_tag-neuheit","10":"first","11":"instock","12":"shipping-taxable","13":"purchasable","14":"product-type-simple"},"_links":{"self":[{"href":"https:\/\/bogensportdiscount.ch\/fr\/wp-json\/wp\/v2\/product\/391448","targetHints":{"allow":["GET"]}}],"collection":[{"href":"https:\/\/bogensportdiscount.ch\/fr\/wp-json\/wp\/v2\/product"}],"about":[{"href":"https:\/\/bogensportdiscount.ch\/fr\/wp-json\/wp\/v2\/types\/product"}],"replies":[{"embeddable":true,"href":"https:\/\/bogensportdiscount.ch\/fr\/wp-json\/wp\/v2\/comments?post=391448"}],"wp:featuredmedia":[{"embeddable":true,"href":"https:\/\/bogensportdiscount.ch\/fr\/wp-json\/wp\/v2\/media\/443101"}],"wp:attachment":[{"href":"https:\/\/bogensportdiscount.ch\/fr\/wp-json\/wp\/v2\/media?parent=391448"}],"wp:term":[{"taxonomy":"product_brand","embeddable":true,"href":"https:\/\/bogensportdiscount.ch\/fr\/wp-json\/wp\/v2\/product_brand?post=391448"},{"taxonomy":"product_cat","embeddable":true,"href":"https:\/\/bogensportdiscount.ch\/fr\/wp-json\/wp\/v2\/product_cat?post=391448"},{"taxonomy":"product_tag","embeddable":true,"href":"https:\/\/bogensportdiscount.ch\/fr\/wp-json\/wp\/v2\/product_tag?post=391448"}],"curies":[{"name":"wp","href":"https:\/\/api.w.org\/{rel}","templated":true}]}}