{"id":391445,"date":"2026-04-05T14:22:56","date_gmt":"2026-04-05T12:22:56","guid":{"rendered":"https:\/\/bogensportdiscount.ch\/produkt\/kap-single-armguards-winstorm-550-ventilated-black\/"},"modified":"2026-04-20T12:46:37","modified_gmt":"2026-04-20T10:46:37","slug":"kap-armschutz-winstorm-550-einfach-belueftet-schwarz","status":"publish","type":"product","link":"https:\/\/bogensportdiscount.ch\/fr\/produit\/kap-armschutz-winstorm-550-einfach-belueftet-schwarz\/","title":{"rendered":"KAP EINZEL ARMSCHUTZ WINSTORM 550 BELUEFTET SCHWARZ"},"content":{"rendered":"<p>Der KAP Winstorm 550 ist ein einfacher Armschutz, der den Unterarm vor dem Aufprall der Bogensehne sch\u00fctzt. Die schwarze Ausf\u00fchrung verf\u00fcgt \u00fcber Bel\u00fcftungsl\u00f6cher, die eine gute Luftzirkulation erm\u00f6glichen und den Tragekomfort bei l\u00e4ngerem Einsatz verbessern.<\/p>\n<p>Der Winstorm 550 l\u00e4sst sich unkompliziert anlegen und ist f\u00fcr verschiedene Armgr\u00f6ssen geeignet. Er eignet sich f\u00fcr den regelm\u00e4ssigen Einsatz beim Training und Wettkampf mit Recurve- oder Langbogen.<\/p>\n<ul>\n<li>Einfacher Unterarmschutz von KAP<\/li>\n<li>Perforierte Oberfl\u00e4che f\u00fcr verbesserte Bel\u00fcftung<\/li>\n<li>Couleur : Noir<\/li>\n<li>Leichtes und unkompliziertes Design<\/li>\n<\/ul>","protected":false},"excerpt":{"rendered":"<p><strong>Marque :<\/strong> KAP<br \/><strong>Couleur:<\/strong> Noir<\/p>","protected":false},"featured_media":453631,"comment_status":"open","ping_status":"closed","template":"","meta":[],"product_brand":[781],"product_cat":[4155],"product_tag":[3546],"class_list":{"0":"post-391445","1":"product","2":"type-product","3":"status-publish","4":"has-post-thumbnail","6":"product_brand-kap","7":"product_cat-singel-armschutz","8":"product_tag-neuheit","10":"first","11":"instock","12":"shipping-taxable","13":"purchasable","14":"product-type-simple"},"yoast_head":"<!-- This site is optimized with the Yoast SEO plugin v27.4 - https:\/\/yoast.com\/product\/yoast-seo-wordpress\/ -->\n<title>KAP PROTECTION DE BRAS INDIVIDUELLE WINSTORM 550 A\u00c9R\u00c9E NOIRE - Bogensportdiscount \u2013 Arcs, fl\u00e8ches, cibles et accessoires<\/title>\n<meta name=\"description\" content=\"Achetez les prot\u00e8ge-bras KAP WINSTORM 550 A\u00c9R\u00c9S NOIRS \u00e0 un prix avantageux chez Bogensportdiscount \u2013 Grandes marques, livraison rapide depuis la Suisse.\" \/>\n<meta name=\"robots\" content=\"noindex, follow, max-snippet:-1, max-image-preview:large, max-video-preview:-1\" \/>\n<meta property=\"og:locale\" content=\"fr_FR\" \/>\n<meta property=\"og:type\" content=\"article\" \/>\n<meta property=\"og:title\" content=\"KAP PROTECTION DE BRAS INDIVIDUELLE WINSTORM 550 A\u00c9R\u00c9E NOIRE - Bogensportdiscount \u2013 Arcs, fl\u00e8ches, cibles et accessoires\" \/>\n<meta property=\"og:description\" content=\"Achetez les prot\u00e8ge-bras KAP WINSTORM 550 A\u00c9R\u00c9S NOIRS \u00e0 un prix avantageux chez Bogensportdiscount \u2013 Grandes marques, livraison rapide depuis la Suisse.\" \/>\n<meta property=\"og:url\" content=\"https:\/\/bogensportdiscount.ch\/fr\/produit\/kap-armschutz-winstorm-550-einfach-belueftet-schwarz\/\" \/>\n<meta property=\"og:site_name\" content=\"Bogensportdiscount \u2013 B\u00f6gen, Pfeile, Targets &amp; Zubeh\u00f6r\" \/>\n<meta property=\"article:modified_time\" content=\"2026-04-20T10:46:37+00:00\" \/>\n<meta property=\"og:image\" content=\"https:\/\/bogensportdiscount.ch\/wp-content\/uploads\/bsm-images\/A009849_1.png\" \/>\n\t<meta property=\"og:image:width\" content=\"1586\" \/>\n\t<meta property=\"og:image:height\" content=\"1181\" \/>\n\t<meta property=\"og:image:type\" content=\"image\/png\" \/>\n<meta name=\"twitter:card\" content=\"summary_large_image\" \/>\n<script type=\"application\/ld+json\" class=\"yoast-schema-graph\">{\"@context\":\"https:\\\/\\\/schema.org\",\"@graph\":[{\"@type\":\"WebPage\",\"@id\":\"https:\\\/\\\/bogensportdiscount.ch\\\/produkt\\\/kap-armschutz-winstorm-550-einfach-belueftet-schwarz\\\/\",\"url\":\"https:\\\/\\\/bogensportdiscount.ch\\\/produkt\\\/kap-armschutz-winstorm-550-einfach-belueftet-schwarz\\\/\",\"name\":\"KAP EINZEL ARMSCHUTZ WINSTORM 550 BELUEFTET SCHWARZ - Bogensportdiscount \u2013 B\u00f6gen, Pfeile, Targets &amp; Zubeh\u00f6r\",\"isPartOf\":{\"@id\":\"https:\\\/\\\/bogensportdiscount.ch\\\/#website\"},\"primaryImageOfPage\":{\"@id\":\"https:\\\/\\\/bogensportdiscount.ch\\\/produkt\\\/kap-armschutz-winstorm-550-einfach-belueftet-schwarz\\\/#primaryimage\"},\"image\":{\"@id\":\"https:\\\/\\\/bogensportdiscount.ch\\\/produkt\\\/kap-armschutz-winstorm-550-einfach-belueftet-schwarz\\\/#primaryimage\"},\"thumbnailUrl\":\"https:\\\/\\\/bogensportdiscount.ch\\\/wp-content\\\/uploads\\\/2026\\\/04\\\/bogensportdiscount.ch-pfeile-boegen-zubehoer-fuer-anfaenger-und-profis-zum-besten-preis-Symbolbild-kein-foto-zu-diesem-artikel_01.jpg\",\"datePublished\":\"2026-04-05T12:22:56+00:00\",\"dateModified\":\"2026-04-20T10:46:37+00:00\",\"description\":\"KAP EINZEL ARMSCHUTZ WINSTORM 550 BELUEFTET SCHWARZ g\u00fcnstig kaufen bei Bogensportdiscount \u2013 Top-Marken, schneller Versand aus der Schweiz.\",\"breadcrumb\":{\"@id\":\"https:\\\/\\\/bogensportdiscount.ch\\\/produkt\\\/kap-armschutz-winstorm-550-einfach-belueftet-schwarz\\\/#breadcrumb\"},\"inLanguage\":\"fr-FR\",\"potentialAction\":[{\"@type\":\"ReadAction\",\"target\":[\"https:\\\/\\\/bogensportdiscount.ch\\\/produkt\\\/kap-armschutz-winstorm-550-einfach-belueftet-schwarz\\\/\"]}]},{\"@type\":\"ImageObject\",\"inLanguage\":\"fr-FR\",\"@id\":\"https:\\\/\\\/bogensportdiscount.ch\\\/produkt\\\/kap-armschutz-winstorm-550-einfach-belueftet-schwarz\\\/#primaryimage\",\"url\":\"https:\\\/\\\/bogensportdiscount.ch\\\/wp-content\\\/uploads\\\/2026\\\/04\\\/bogensportdiscount.ch-pfeile-boegen-zubehoer-fuer-anfaenger-und-profis-zum-besten-preis-Symbolbild-kein-foto-zu-diesem-artikel_01.jpg\",\"contentUrl\":\"https:\\\/\\\/bogensportdiscount.ch\\\/wp-content\\\/uploads\\\/2026\\\/04\\\/bogensportdiscount.ch-pfeile-boegen-zubehoer-fuer-anfaenger-und-profis-zum-besten-preis-Symbolbild-kein-foto-zu-diesem-artikel_01.jpg\",\"width\":1080,\"height\":1080},{\"@type\":\"BreadcrumbList\",\"@id\":\"https:\\\/\\\/bogensportdiscount.ch\\\/produkt\\\/kap-armschutz-winstorm-550-einfach-belueftet-schwarz\\\/#breadcrumb\",\"itemListElement\":[{\"@type\":\"ListItem\",\"position\":1,\"name\":\"Home\",\"item\":\"https:\\\/\\\/bogensportdiscount.ch\\\/\"},{\"@type\":\"ListItem\",\"position\":2,\"name\":\"Shop\",\"item\":\"https:\\\/\\\/bogensportdiscount.ch\\\/shop\\\/\"},{\"@type\":\"ListItem\",\"position\":3,\"name\":\"KAP EINZEL ARMSCHUTZ WINSTORM 550 BELUEFTET SCHWARZ\"}]},{\"@type\":\"WebSite\",\"@id\":\"https:\\\/\\\/bogensportdiscount.ch\\\/#website\",\"url\":\"https:\\\/\\\/bogensportdiscount.ch\\\/\",\"name\":\"Bogensportdiscount\",\"description\":\"\",\"potentialAction\":[{\"@type\":\"SearchAction\",\"target\":{\"@type\":\"EntryPoint\",\"urlTemplate\":\"https:\\\/\\\/bogensportdiscount.ch\\\/?s={search_term_string}\"},\"query-input\":{\"@type\":\"PropertyValueSpecification\",\"valueRequired\":true,\"valueName\":\"search_term_string\"}}],\"inLanguage\":\"fr-FR\"}]}<\/script>\n<!-- \/ Yoast SEO plugin. -->","yoast_head_json":{"title":"KAP PROTECTION DE BRAS INDIVIDUELLE WINSTORM 550 A\u00c9R\u00c9E NOIRE - Bogensportdiscount \u2013 Arcs, fl\u00e8ches, cibles et accessoires","description":"Achetez les prot\u00e8ge-bras KAP WINSTORM 550 A\u00c9R\u00c9S NOIRS \u00e0 un prix avantageux chez Bogensportdiscount \u2013 Grandes marques, livraison rapide depuis la Suisse.","robots":{"index":"noindex","follow":"follow","max-snippet":"max-snippet:-1","max-image-preview":"max-image-preview:large","max-video-preview":"max-video-preview:-1"},"og_locale":"fr_FR","og_type":"article","og_title":"KAP PROTECTION DE BRAS INDIVIDUELLE WINSTORM 550 A\u00c9R\u00c9E NOIRE - Bogensportdiscount \u2013 Arcs, fl\u00e8ches, cibles et accessoires","og_description":"Achetez les prot\u00e8ge-bras KAP WINSTORM 550 A\u00c9R\u00c9S NOIRS \u00e0 un prix avantageux chez Bogensportdiscount \u2013 Grandes marques, livraison rapide depuis la Suisse.","og_url":"https:\/\/bogensportdiscount.ch\/fr\/produit\/kap-armschutz-winstorm-550-einfach-belueftet-schwarz\/","og_site_name":"Bogensportdiscount \u2013 B\u00f6gen, Pfeile, Targets &amp; Zubeh\u00f6r","article_modified_time":"2026-04-20T10:46:37+00:00","og_image":[{"width":1586,"height":1181,"url":"https:\/\/bogensportdiscount.ch\/wp-content\/uploads\/bsm-images\/A009849_1.png","type":"image\/png"}],"twitter_card":"summary_large_image","schema":{"@context":"https:\/\/schema.org","@graph":[{"@type":"WebPage","@id":"https:\/\/bogensportdiscount.ch\/produkt\/kap-armschutz-winstorm-550-einfach-belueftet-schwarz\/","url":"https:\/\/bogensportdiscount.ch\/produkt\/kap-armschutz-winstorm-550-einfach-belueftet-schwarz\/","name":"KAP PROTECTION DE BRAS INDIVIDUELLE WINSTORM 550 A\u00c9R\u00c9E NOIRE - Bogensportdiscount \u2013 Arcs, fl\u00e8ches, cibles et accessoires","isPartOf":{"@id":"https:\/\/bogensportdiscount.ch\/#website"},"primaryImageOfPage":{"@id":"https:\/\/bogensportdiscount.ch\/produkt\/kap-armschutz-winstorm-550-einfach-belueftet-schwarz\/#primaryimage"},"image":{"@id":"https:\/\/bogensportdiscount.ch\/produkt\/kap-armschutz-winstorm-550-einfach-belueftet-schwarz\/#primaryimage"},"thumbnailUrl":"https:\/\/bogensportdiscount.ch\/wp-content\/uploads\/2026\/04\/bogensportdiscount.ch-pfeile-boegen-zubehoer-fuer-anfaenger-und-profis-zum-besten-preis-Symbolbild-kein-foto-zu-diesem-artikel_01.jpg","datePublished":"2026-04-05T12:22:56+00:00","dateModified":"2026-04-20T10:46:37+00:00","description":"Achetez les prot\u00e8ge-bras KAP WINSTORM 550 A\u00c9R\u00c9S NOIRS \u00e0 un prix avantageux chez Bogensportdiscount \u2013 Grandes marques, livraison rapide depuis la Suisse.","breadcrumb":{"@id":"https:\/\/bogensportdiscount.ch\/produkt\/kap-armschutz-winstorm-550-einfach-belueftet-schwarz\/#breadcrumb"},"inLanguage":"fr-FR","potentialAction":[{"@type":"ReadAction","target":["https:\/\/bogensportdiscount.ch\/produkt\/kap-armschutz-winstorm-550-einfach-belueftet-schwarz\/"]}]},{"@type":"ImageObject","inLanguage":"fr-FR","@id":"https:\/\/bogensportdiscount.ch\/produkt\/kap-armschutz-winstorm-550-einfach-belueftet-schwarz\/#primaryimage","url":"https:\/\/bogensportdiscount.ch\/wp-content\/uploads\/2026\/04\/bogensportdiscount.ch-pfeile-boegen-zubehoer-fuer-anfaenger-und-profis-zum-besten-preis-Symbolbild-kein-foto-zu-diesem-artikel_01.jpg","contentUrl":"https:\/\/bogensportdiscount.ch\/wp-content\/uploads\/2026\/04\/bogensportdiscount.ch-pfeile-boegen-zubehoer-fuer-anfaenger-und-profis-zum-besten-preis-Symbolbild-kein-foto-zu-diesem-artikel_01.jpg","width":1080,"height":1080},{"@type":"BreadcrumbList","@id":"https:\/\/bogensportdiscount.ch\/produkt\/kap-armschutz-winstorm-550-einfach-belueftet-schwarz\/#breadcrumb","itemListElement":[{"@type":"ListItem","position":1,"name":"Home","item":"https:\/\/bogensportdiscount.ch\/"},{"@type":"ListItem","position":2,"name":"Shop","item":"https:\/\/bogensportdiscount.ch\/shop\/"},{"@type":"ListItem","position":3,"name":"KAP EINZEL ARMSCHUTZ WINSTORM 550 BELUEFTET SCHWARZ"}]},{"@type":"WebSite","@id":"https:\/\/bogensportdiscount.ch\/#website","url":"https:\/\/bogensportdiscount.ch\/","name":"Bogensportdiscount","description":"","potentialAction":[{"@type":"SearchAction","target":{"@type":"EntryPoint","urlTemplate":"https:\/\/bogensportdiscount.ch\/?s={search_term_string}"},"query-input":{"@type":"PropertyValueSpecification","valueRequired":true,"valueName":"search_term_string"}}],"inLanguage":"fr-FR"}]}},"_links":{"self":[{"href":"https:\/\/bogensportdiscount.ch\/fr\/wp-json\/wp\/v2\/product\/391445","targetHints":{"allow":["GET"]}}],"collection":[{"href":"https:\/\/bogensportdiscount.ch\/fr\/wp-json\/wp\/v2\/product"}],"about":[{"href":"https:\/\/bogensportdiscount.ch\/fr\/wp-json\/wp\/v2\/types\/product"}],"replies":[{"embeddable":true,"href":"https:\/\/bogensportdiscount.ch\/fr\/wp-json\/wp\/v2\/comments?post=391445"}],"wp:featuredmedia":[{"embeddable":true,"href":"https:\/\/bogensportdiscount.ch\/fr\/wp-json\/wp\/v2\/media\/453631"}],"wp:attachment":[{"href":"https:\/\/bogensportdiscount.ch\/fr\/wp-json\/wp\/v2\/media?parent=391445"}],"wp:term":[{"taxonomy":"product_brand","embeddable":true,"href":"https:\/\/bogensportdiscount.ch\/fr\/wp-json\/wp\/v2\/product_brand?post=391445"},{"taxonomy":"product_cat","embeddable":true,"href":"https:\/\/bogensportdiscount.ch\/fr\/wp-json\/wp\/v2\/product_cat?post=391445"},{"taxonomy":"product_tag","embeddable":true,"href":"https:\/\/bogensportdiscount.ch\/fr\/wp-json\/wp\/v2\/product_tag?post=391445"}],"curies":[{"name":"wp","href":"https:\/\/api.w.org\/{rel}","templated":true}]}}