{"id":391443,"date":"2026-04-05T14:22:56","date_gmt":"2026-04-05T12:22:56","guid":{"rendered":"https:\/\/bogensportdiscount.ch\/produkt\/maximal-single-armguards-19cm-redline-p600d-3-fasteners-black\/"},"modified":"2026-04-23T11:51:58","modified_gmt":"2026-04-23T09:51:58","slug":"maximal-armschutz-single-redline-19cm-p600d-3-verschluesse-schwarz","status":"publish","type":"product","link":"https:\/\/bogensportdiscount.ch\/fr\/produit\/maximal-armschutz-single-redline-19cm-p600d-3-verschluesse-schwarz\/","title":{"rendered":"MAXIMAL EINZEL ARMSCHUTZ 19CM REDLINE \/ P600D \/ 3 VERSCHLUESSE SCHWARZ"},"content":{"rendered":"<p>Der MAXIMAL Single Armschutz Redline ist ein einfacher Unterarmschutz f\u00fcr Bogensch\u00fctzen aller Erfahrungsstufen. Er sch\u00fctzt den Unterarm zuverl\u00e4ssig vor dem Sehnenschlag und ist aus strapazierf\u00e4higem P600D-Gewebe gefertigt, das sich durch gute Robustheit im t\u00e4glichen Schiessbetrieb auszeichnet.<\/p>\n<p>Mit einer L\u00e4nge von 19 cm bietet der Armschutz ausreichend Abdeckung des Unterarms. Drei Befestigungsverschl\u00fcsse erm\u00f6glichen eine individuelle Anpassung an verschiedene Armgr\u00f6ssen und sorgen f\u00fcr einen sicheren Sitz w\u00e4hrend des Schiessens.<\/p>\n<ul>\n<li>Material: P600D \u2013 robust und strapazierf\u00e4hig<\/li>\n<li>L\u00e4nge: 19 cm<\/li>\n<li>3 verstellbare Befestigungsverschl\u00fcsse<\/li>\n<li>Couleur : Noir<\/li>\n<\/ul>","protected":false},"excerpt":{"rendered":"<p><strong>Marque :<\/strong> Maximal<br \/><strong>Couleur:<\/strong> Noir<br \/><strong>GTIN:<\/strong> 6017403810819<\/p>","protected":false},"featured_media":443103,"comment_status":"open","ping_status":"closed","template":"","meta":[],"product_brand":[780],"product_cat":[4155],"product_tag":[3546],"class_list":{"0":"post-391443","1":"product","2":"type-product","3":"status-publish","4":"has-post-thumbnail","6":"product_brand-maximal","7":"product_cat-singel-armschutz","8":"product_tag-neuheit","9":"product_shipping_class-bsd-standard","11":"first","12":"instock","13":"shipping-taxable","14":"purchasable","15":"product-type-simple"},"yoast_head":"<!-- This site is optimized with the Yoast SEO plugin v27.4 - https:\/\/yoast.com\/product\/yoast-seo-wordpress\/ -->\n<title>PROTECTION DE BRAS MAXIMALE 19 CM REDLINE \/ P600D \/ 3 FERMETURES NOIR - Bogensportdiscount \u2013 Arcs, fl\u00e8ches, cibles et accessoires<\/title>\n<meta name=\"description\" content=\"ACHETEZ AU MEILLEUR PRIX LES MANCHETTES MAXIMAL 19 CM REDLINE \/ P600D \/ 3 FERMETURES NOIRES chez Bogensportdiscount \u2013 Grandes marques, livraison rapide depuis la Suisse.\" \/>\n<meta name=\"robots\" content=\"index, follow, max-snippet:-1, max-image-preview:large, max-video-preview:-1\" \/>\n<link rel=\"canonical\" href=\"https:\/\/bogensportdiscount.ch\/fr\/produit\/maximal-armschutz-single-redline-19cm-p600d-3-verschluesse-schwarz\/\" \/>\n<meta property=\"og:locale\" content=\"fr_FR\" \/>\n<meta property=\"og:type\" content=\"article\" \/>\n<meta property=\"og:title\" content=\"PROTECTION DE BRAS MAXIMALE 19 CM REDLINE \/ P600D \/ 3 FERMETURES NOIR - Bogensportdiscount \u2013 Arcs, fl\u00e8ches, cibles et accessoires\" \/>\n<meta property=\"og:description\" content=\"ACHETEZ AU MEILLEUR PRIX LES MANCHETTES MAXIMAL 19 CM REDLINE \/ P600D \/ 3 FERMETURES NOIRES chez Bogensportdiscount \u2013 Grandes marques, livraison rapide depuis la Suisse.\" \/>\n<meta property=\"og:url\" content=\"https:\/\/bogensportdiscount.ch\/fr\/produit\/maximal-armschutz-single-redline-19cm-p600d-3-verschluesse-schwarz\/\" \/>\n<meta property=\"og:site_name\" content=\"Bogensportdiscount \u2013 B\u00f6gen, Pfeile, Targets &amp; Zubeh\u00f6r\" \/>\n<meta property=\"article:modified_time\" content=\"2026-04-23T09:51:58+00:00\" \/>\n<meta property=\"og:image\" content=\"https:\/\/bogensportdiscount.ch\/wp-content\/uploads\/bsm-images\/A009807_1.png\" \/>\n\t<meta property=\"og:image:width\" content=\"1001\" \/>\n\t<meta property=\"og:image:height\" content=\"586\" \/>\n\t<meta property=\"og:image:type\" content=\"image\/png\" \/>\n<meta name=\"twitter:card\" content=\"summary_large_image\" \/>\n<script type=\"application\/ld+json\" class=\"yoast-schema-graph\">{\"@context\":\"https:\\\/\\\/schema.org\",\"@graph\":[{\"@type\":\"WebPage\",\"@id\":\"https:\\\/\\\/bogensportdiscount.ch\\\/produkt\\\/maximal-armschutz-single-redline-19cm-p600d-3-verschluesse-schwarz\\\/\",\"url\":\"https:\\\/\\\/bogensportdiscount.ch\\\/produkt\\\/maximal-armschutz-single-redline-19cm-p600d-3-verschluesse-schwarz\\\/\",\"name\":\"MAXIMAL EINZEL ARMSCHUTZ 19CM REDLINE \\\/ P600D \\\/ 3 VERSCHLUESSE SCHWARZ - Bogensportdiscount \u2013 B\u00f6gen, Pfeile, Targets &amp; Zubeh\u00f6r\",\"isPartOf\":{\"@id\":\"https:\\\/\\\/bogensportdiscount.ch\\\/#website\"},\"primaryImageOfPage\":{\"@id\":\"https:\\\/\\\/bogensportdiscount.ch\\\/produkt\\\/maximal-armschutz-single-redline-19cm-p600d-3-verschluesse-schwarz\\\/#primaryimage\"},\"image\":{\"@id\":\"https:\\\/\\\/bogensportdiscount.ch\\\/produkt\\\/maximal-armschutz-single-redline-19cm-p600d-3-verschluesse-schwarz\\\/#primaryimage\"},\"thumbnailUrl\":\"https:\\\/\\\/bogensportdiscount.ch\\\/wp-content\\\/uploads\\\/bsm-images\\\/A009807_1.png\",\"datePublished\":\"2026-04-05T12:22:56+00:00\",\"dateModified\":\"2026-04-23T09:51:58+00:00\",\"description\":\"MAXIMAL EINZEL ARMSCHUTZ 19CM REDLINE \\\/ P600D \\\/ 3 VERSCHLUESSE SCHWARZ g\u00fcnstig kaufen bei Bogensportdiscount \u2013 Top-Marken, schneller Versand aus der Schweiz.\",\"breadcrumb\":{\"@id\":\"https:\\\/\\\/bogensportdiscount.ch\\\/produkt\\\/maximal-armschutz-single-redline-19cm-p600d-3-verschluesse-schwarz\\\/#breadcrumb\"},\"inLanguage\":\"fr-FR\",\"potentialAction\":[{\"@type\":\"ReadAction\",\"target\":[\"https:\\\/\\\/bogensportdiscount.ch\\\/produkt\\\/maximal-armschutz-single-redline-19cm-p600d-3-verschluesse-schwarz\\\/\"]}]},{\"@type\":\"ImageObject\",\"inLanguage\":\"fr-FR\",\"@id\":\"https:\\\/\\\/bogensportdiscount.ch\\\/produkt\\\/maximal-armschutz-single-redline-19cm-p600d-3-verschluesse-schwarz\\\/#primaryimage\",\"url\":\"https:\\\/\\\/bogensportdiscount.ch\\\/wp-content\\\/uploads\\\/bsm-images\\\/A009807_1.png\",\"contentUrl\":\"https:\\\/\\\/bogensportdiscount.ch\\\/wp-content\\\/uploads\\\/bsm-images\\\/A009807_1.png\",\"width\":1001,\"height\":586},{\"@type\":\"BreadcrumbList\",\"@id\":\"https:\\\/\\\/bogensportdiscount.ch\\\/produkt\\\/maximal-armschutz-single-redline-19cm-p600d-3-verschluesse-schwarz\\\/#breadcrumb\",\"itemListElement\":[{\"@type\":\"ListItem\",\"position\":1,\"name\":\"Home\",\"item\":\"https:\\\/\\\/bogensportdiscount.ch\\\/\"},{\"@type\":\"ListItem\",\"position\":2,\"name\":\"Shop\",\"item\":\"https:\\\/\\\/bogensportdiscount.ch\\\/shop\\\/\"},{\"@type\":\"ListItem\",\"position\":3,\"name\":\"MAXIMAL EINZEL ARMSCHUTZ 19CM REDLINE \\\/ P600D \\\/ 3 VERSCHLUESSE SCHWARZ\"}]},{\"@type\":\"WebSite\",\"@id\":\"https:\\\/\\\/bogensportdiscount.ch\\\/#website\",\"url\":\"https:\\\/\\\/bogensportdiscount.ch\\\/\",\"name\":\"Bogensportdiscount\",\"description\":\"\",\"potentialAction\":[{\"@type\":\"SearchAction\",\"target\":{\"@type\":\"EntryPoint\",\"urlTemplate\":\"https:\\\/\\\/bogensportdiscount.ch\\\/?s={search_term_string}\"},\"query-input\":{\"@type\":\"PropertyValueSpecification\",\"valueRequired\":true,\"valueName\":\"search_term_string\"}}],\"inLanguage\":\"fr-FR\"}]}<\/script>\n<!-- \/ Yoast SEO plugin. -->","yoast_head_json":{"title":"PROTECTION DE BRAS MAXIMALE 19 CM REDLINE \/ P600D \/ 3 FERMETURES NOIR - Bogensportdiscount \u2013 Arcs, fl\u00e8ches, cibles et accessoires","description":"ACHETEZ AU MEILLEUR PRIX LES MANCHETTES MAXIMAL 19 CM REDLINE \/ P600D \/ 3 FERMETURES NOIRES chez Bogensportdiscount \u2013 Grandes marques, livraison rapide depuis la Suisse.","robots":{"index":"index","follow":"follow","max-snippet":"max-snippet:-1","max-image-preview":"max-image-preview:large","max-video-preview":"max-video-preview:-1"},"canonical":"https:\/\/bogensportdiscount.ch\/fr\/produit\/maximal-armschutz-single-redline-19cm-p600d-3-verschluesse-schwarz\/","og_locale":"fr_FR","og_type":"article","og_title":"PROTECTION DE BRAS MAXIMALE 19 CM REDLINE \/ P600D \/ 3 FERMETURES NOIR - Bogensportdiscount \u2013 Arcs, fl\u00e8ches, cibles et accessoires","og_description":"ACHETEZ AU MEILLEUR PRIX LES MANCHETTES MAXIMAL 19 CM REDLINE \/ P600D \/ 3 FERMETURES NOIRES chez Bogensportdiscount \u2013 Grandes marques, livraison rapide depuis la Suisse.","og_url":"https:\/\/bogensportdiscount.ch\/fr\/produit\/maximal-armschutz-single-redline-19cm-p600d-3-verschluesse-schwarz\/","og_site_name":"Bogensportdiscount \u2013 B\u00f6gen, Pfeile, Targets &amp; Zubeh\u00f6r","article_modified_time":"2026-04-23T09:51:58+00:00","og_image":[{"width":1001,"height":586,"url":"https:\/\/bogensportdiscount.ch\/wp-content\/uploads\/bsm-images\/A009807_1.png","type":"image\/png"}],"twitter_card":"summary_large_image","schema":{"@context":"https:\/\/schema.org","@graph":[{"@type":"WebPage","@id":"https:\/\/bogensportdiscount.ch\/produkt\/maximal-armschutz-single-redline-19cm-p600d-3-verschluesse-schwarz\/","url":"https:\/\/bogensportdiscount.ch\/produkt\/maximal-armschutz-single-redline-19cm-p600d-3-verschluesse-schwarz\/","name":"PROTECTION DE BRAS MAXIMALE 19 CM REDLINE \/ P600D \/ 3 FERMETURES NOIR - Bogensportdiscount \u2013 Arcs, fl\u00e8ches, cibles et accessoires","isPartOf":{"@id":"https:\/\/bogensportdiscount.ch\/#website"},"primaryImageOfPage":{"@id":"https:\/\/bogensportdiscount.ch\/produkt\/maximal-armschutz-single-redline-19cm-p600d-3-verschluesse-schwarz\/#primaryimage"},"image":{"@id":"https:\/\/bogensportdiscount.ch\/produkt\/maximal-armschutz-single-redline-19cm-p600d-3-verschluesse-schwarz\/#primaryimage"},"thumbnailUrl":"https:\/\/bogensportdiscount.ch\/wp-content\/uploads\/bsm-images\/A009807_1.png","datePublished":"2026-04-05T12:22:56+00:00","dateModified":"2026-04-23T09:51:58+00:00","description":"ACHETEZ AU MEILLEUR PRIX LES MANCHETTES MAXIMAL 19 CM REDLINE \/ P600D \/ 3 FERMETURES NOIRES chez Bogensportdiscount \u2013 Grandes marques, livraison rapide depuis la Suisse.","breadcrumb":{"@id":"https:\/\/bogensportdiscount.ch\/produkt\/maximal-armschutz-single-redline-19cm-p600d-3-verschluesse-schwarz\/#breadcrumb"},"inLanguage":"fr-FR","potentialAction":[{"@type":"ReadAction","target":["https:\/\/bogensportdiscount.ch\/produkt\/maximal-armschutz-single-redline-19cm-p600d-3-verschluesse-schwarz\/"]}]},{"@type":"ImageObject","inLanguage":"fr-FR","@id":"https:\/\/bogensportdiscount.ch\/produkt\/maximal-armschutz-single-redline-19cm-p600d-3-verschluesse-schwarz\/#primaryimage","url":"https:\/\/bogensportdiscount.ch\/wp-content\/uploads\/bsm-images\/A009807_1.png","contentUrl":"https:\/\/bogensportdiscount.ch\/wp-content\/uploads\/bsm-images\/A009807_1.png","width":1001,"height":586},{"@type":"BreadcrumbList","@id":"https:\/\/bogensportdiscount.ch\/produkt\/maximal-armschutz-single-redline-19cm-p600d-3-verschluesse-schwarz\/#breadcrumb","itemListElement":[{"@type":"ListItem","position":1,"name":"Home","item":"https:\/\/bogensportdiscount.ch\/"},{"@type":"ListItem","position":2,"name":"Shop","item":"https:\/\/bogensportdiscount.ch\/shop\/"},{"@type":"ListItem","position":3,"name":"MAXIMAL EINZEL ARMSCHUTZ 19CM REDLINE \/ P600D \/ 3 VERSCHLUESSE SCHWARZ"}]},{"@type":"WebSite","@id":"https:\/\/bogensportdiscount.ch\/#website","url":"https:\/\/bogensportdiscount.ch\/","name":"Bogensportdiscount","description":"","potentialAction":[{"@type":"SearchAction","target":{"@type":"EntryPoint","urlTemplate":"https:\/\/bogensportdiscount.ch\/?s={search_term_string}"},"query-input":{"@type":"PropertyValueSpecification","valueRequired":true,"valueName":"search_term_string"}}],"inLanguage":"fr-FR"}]}},"_links":{"self":[{"href":"https:\/\/bogensportdiscount.ch\/fr\/wp-json\/wp\/v2\/product\/391443","targetHints":{"allow":["GET"]}}],"collection":[{"href":"https:\/\/bogensportdiscount.ch\/fr\/wp-json\/wp\/v2\/product"}],"about":[{"href":"https:\/\/bogensportdiscount.ch\/fr\/wp-json\/wp\/v2\/types\/product"}],"replies":[{"embeddable":true,"href":"https:\/\/bogensportdiscount.ch\/fr\/wp-json\/wp\/v2\/comments?post=391443"}],"wp:featuredmedia":[{"embeddable":true,"href":"https:\/\/bogensportdiscount.ch\/fr\/wp-json\/wp\/v2\/media\/443103"}],"wp:attachment":[{"href":"https:\/\/bogensportdiscount.ch\/fr\/wp-json\/wp\/v2\/media?parent=391443"}],"wp:term":[{"taxonomy":"product_brand","embeddable":true,"href":"https:\/\/bogensportdiscount.ch\/fr\/wp-json\/wp\/v2\/product_brand?post=391443"},{"taxonomy":"product_cat","embeddable":true,"href":"https:\/\/bogensportdiscount.ch\/fr\/wp-json\/wp\/v2\/product_cat?post=391443"},{"taxonomy":"product_tag","embeddable":true,"href":"https:\/\/bogensportdiscount.ch\/fr\/wp-json\/wp\/v2\/product_tag?post=391443"}],"curies":[{"name":"wp","href":"https:\/\/api.w.org\/{rel}","templated":true}]}}