{"id":391437,"date":"2026-04-05T14:22:55","date_gmt":"2026-04-05T12:22:55","guid":{"rendered":"https:\/\/bogensportdiscount.ch\/produkt\/gompy-double-armguards-junior-long-leather-4-fasteners-black\/"},"modified":"2026-04-20T12:46:36","modified_gmt":"2026-04-20T10:46:36","slug":"gompy-doppel-armschutz-junior-lang-leder-4-verschluesse-schwarz","status":"publish","type":"product","link":"https:\/\/bogensportdiscount.ch\/fr\/produit\/gompy-doppel-armschutz-junior-lang-leder-4-verschluesse-schwarz\/","title":{"rendered":"GOMPY DOPPEL ARMSCHUTZ JUNIOR LANG LEDER 4 VERSCHLUESSE SCHWARZ"},"content":{"rendered":"<p>Der GOMPY Doppel-Armschutz Junior ist ein langer Leder-Armschutz, der speziell f\u00fcr j\u00fcngere Bogensch\u00fctzen entwickelt wurde. Das Obermaterial aus Leder sch\u00fctzt den Unterarm zuverl\u00e4ssig vor dem R\u00fcckschlag der Bogensehne.<\/p>\n<p>Die lange Ausf\u00fchrung deckt einen gr\u00f6sseren Bereich des Unterarms ab und bietet damit erweiterten Schutz beim Schiessen. Die 4 Verschl\u00fcsse erm\u00f6glichen eine individuelle Anpassung an den Arm und sorgen f\u00fcr sicheren Halt w\u00e4hrend des Trainings oder Wettkampfs.<\/p>\n<ul>\n<li>Mat\u00e9riau : cuir<\/li>\n<li>L\u00e4nge: Lang (erweiterter Schutzbereich)<\/li>\n<li>4 Verschl\u00fcsse f\u00fcr sicheren und anpassbaren Sitz<\/li>\n<li>Geeignet f\u00fcr Junioren<\/li>\n<\/ul>","protected":false},"excerpt":{"rendered":"<p><strong>Marque :<\/strong> Gompy<br \/><strong>Couleur:<\/strong> Noir<br \/><strong>GTIN:<\/strong> 6426015653606<\/p>","protected":false},"featured_media":443108,"comment_status":"open","ping_status":"closed","template":"","meta":[],"product_brand":[596],"product_cat":[4154],"product_tag":[3546],"class_list":{"0":"post-391437","1":"product","2":"type-product","3":"status-publish","4":"has-post-thumbnail","6":"product_brand-gompy","7":"product_cat-double-armschutz","8":"product_tag-neuheit","10":"first","11":"instock","12":"shipping-taxable","13":"purchasable","14":"product-type-simple"},"yoast_head":"<!-- This site is optimized with the Yoast SEO plugin v27.4 - https:\/\/yoast.com\/product\/yoast-seo-wordpress\/ -->\n<title>GOMPY DOPPEL ARMSCHUTZ JUNIOR LANG LEDER 4 VERSCHLUESSE SCHWARZ - Bogensportdiscount \u2013 B\u00f6gen, Pfeile, Targets &amp; Zubeh\u00f6r<\/title>\n<meta name=\"robots\" content=\"noindex, follow, max-snippet:-1, max-image-preview:large, max-video-preview:-1\" \/>\n<meta property=\"og:locale\" content=\"fr_FR\" \/>\n<meta property=\"og:type\" content=\"article\" \/>\n<meta property=\"og:title\" content=\"GOMPY DOPPEL ARMSCHUTZ JUNIOR LANG LEDER 4 VERSCHLUESSE SCHWARZ - Bogensportdiscount \u2013 B\u00f6gen, Pfeile, Targets &amp; Zubeh\u00f6r\" \/>\n<meta property=\"og:description\" content=\"Marke: GompyFarbe: SchwarzGTIN: 6426015653606\" \/>\n<meta property=\"og:url\" content=\"https:\/\/bogensportdiscount.ch\/fr\/prodotto\/gompy-doppel-armschutz-junior-lang-leder-4-verschluesse-schwarz\/\" \/>\n<meta property=\"og:site_name\" content=\"Bogensportdiscount \u2013 B\u00f6gen, Pfeile, Targets &amp; Zubeh\u00f6r\" \/>\n<meta property=\"article:modified_time\" content=\"2026-04-20T10:46:36+00:00\" \/>\n<meta property=\"og:image\" content=\"https:\/\/bogensportdiscount.ch\/wp-content\/uploads\/bsm-images\/A009613_1.png\" \/>\n\t<meta property=\"og:image:width\" content=\"1558\" \/>\n\t<meta property=\"og:image:height\" content=\"1476\" \/>\n\t<meta property=\"og:image:type\" content=\"image\/png\" \/>\n<meta name=\"twitter:card\" content=\"summary_large_image\" \/>\n<script type=\"application\/ld+json\" class=\"yoast-schema-graph\">{\"@context\":\"https:\\\/\\\/schema.org\",\"@graph\":[{\"@type\":\"WebPage\",\"@id\":\"https:\\\/\\\/bogensportdiscount.ch\\\/it\\\/prodotto\\\/gompy-doppel-armschutz-junior-lang-leder-4-verschluesse-schwarz\\\/\",\"url\":\"https:\\\/\\\/bogensportdiscount.ch\\\/it\\\/prodotto\\\/gompy-doppel-armschutz-junior-lang-leder-4-verschluesse-schwarz\\\/\",\"name\":\"GOMPY DOPPEL ARMSCHUTZ JUNIOR LANG LEDER 4 VERSCHLUESSE SCHWARZ - Bogensportdiscount \u2013 B\u00f6gen, Pfeile, Targets &amp; Zubeh\u00f6r\",\"isPartOf\":{\"@id\":\"https:\\\/\\\/bogensportdiscount.ch\\\/#website\"},\"primaryImageOfPage\":{\"@id\":\"https:\\\/\\\/bogensportdiscount.ch\\\/it\\\/prodotto\\\/gompy-doppel-armschutz-junior-lang-leder-4-verschluesse-schwarz\\\/#primaryimage\"},\"image\":{\"@id\":\"https:\\\/\\\/bogensportdiscount.ch\\\/it\\\/prodotto\\\/gompy-doppel-armschutz-junior-lang-leder-4-verschluesse-schwarz\\\/#primaryimage\"},\"thumbnailUrl\":\"https:\\\/\\\/bogensportdiscount.ch\\\/wp-content\\\/uploads\\\/bsm-images\\\/A009613_1.png\",\"datePublished\":\"2026-04-05T12:22:55+00:00\",\"dateModified\":\"2026-04-20T10:46:36+00:00\",\"breadcrumb\":{\"@id\":\"https:\\\/\\\/bogensportdiscount.ch\\\/it\\\/prodotto\\\/gompy-doppel-armschutz-junior-lang-leder-4-verschluesse-schwarz\\\/#breadcrumb\"},\"inLanguage\":\"fr-FR\",\"potentialAction\":[{\"@type\":\"ReadAction\",\"target\":[\"https:\\\/\\\/bogensportdiscount.ch\\\/it\\\/prodotto\\\/gompy-doppel-armschutz-junior-lang-leder-4-verschluesse-schwarz\\\/\"]}]},{\"@type\":\"ImageObject\",\"inLanguage\":\"fr-FR\",\"@id\":\"https:\\\/\\\/bogensportdiscount.ch\\\/it\\\/prodotto\\\/gompy-doppel-armschutz-junior-lang-leder-4-verschluesse-schwarz\\\/#primaryimage\",\"url\":\"https:\\\/\\\/bogensportdiscount.ch\\\/wp-content\\\/uploads\\\/bsm-images\\\/A009613_1.png\",\"contentUrl\":\"https:\\\/\\\/bogensportdiscount.ch\\\/wp-content\\\/uploads\\\/bsm-images\\\/A009613_1.png\",\"width\":1558,\"height\":1476},{\"@type\":\"BreadcrumbList\",\"@id\":\"https:\\\/\\\/bogensportdiscount.ch\\\/it\\\/prodotto\\\/gompy-doppel-armschutz-junior-lang-leder-4-verschluesse-schwarz\\\/#breadcrumb\",\"itemListElement\":[{\"@type\":\"ListItem\",\"position\":1,\"name\":\"Home\",\"item\":\"https:\\\/\\\/bogensportdiscount.ch\\\/\"},{\"@type\":\"ListItem\",\"position\":2,\"name\":\"Shop\",\"item\":\"https:\\\/\\\/bogensportdiscount.ch\\\/shop\\\/\"},{\"@type\":\"ListItem\",\"position\":3,\"name\":\"GOMPY DOPPEL ARMSCHUTZ JUNIOR LANG LEDER 4 VERSCHLUESSE SCHWARZ\"}]},{\"@type\":\"WebSite\",\"@id\":\"https:\\\/\\\/bogensportdiscount.ch\\\/#website\",\"url\":\"https:\\\/\\\/bogensportdiscount.ch\\\/\",\"name\":\"Bogensportdiscount\",\"description\":\"\",\"potentialAction\":[{\"@type\":\"SearchAction\",\"target\":{\"@type\":\"EntryPoint\",\"urlTemplate\":\"https:\\\/\\\/bogensportdiscount.ch\\\/?s={search_term_string}\"},\"query-input\":{\"@type\":\"PropertyValueSpecification\",\"valueRequired\":true,\"valueName\":\"search_term_string\"}}],\"inLanguage\":\"fr-FR\"}]}<\/script>\n<!-- \/ Yoast SEO plugin. -->","yoast_head_json":{"title":"GOMPY DOPPEL ARMSCHUTZ JUNIOR LANG LEDER 4 VERSCHLUESSE SCHWARZ - Bogensportdiscount \u2013 B\u00f6gen, Pfeile, Targets &amp; Zubeh\u00f6r","robots":{"index":"noindex","follow":"follow","max-snippet":"max-snippet:-1","max-image-preview":"max-image-preview:large","max-video-preview":"max-video-preview:-1"},"og_locale":"fr_FR","og_type":"article","og_title":"GOMPY DOPPEL ARMSCHUTZ JUNIOR LANG LEDER 4 VERSCHLUESSE SCHWARZ - Bogensportdiscount \u2013 B\u00f6gen, Pfeile, Targets &amp; Zubeh\u00f6r","og_description":"Marke: GompyFarbe: SchwarzGTIN: 6426015653606","og_url":"https:\/\/bogensportdiscount.ch\/fr\/prodotto\/gompy-doppel-armschutz-junior-lang-leder-4-verschluesse-schwarz\/","og_site_name":"Bogensportdiscount \u2013 B\u00f6gen, Pfeile, Targets &amp; Zubeh\u00f6r","article_modified_time":"2026-04-20T10:46:36+00:00","og_image":[{"width":1558,"height":1476,"url":"https:\/\/bogensportdiscount.ch\/wp-content\/uploads\/bsm-images\/A009613_1.png","type":"image\/png"}],"twitter_card":"summary_large_image","schema":{"@context":"https:\/\/schema.org","@graph":[{"@type":"WebPage","@id":"https:\/\/bogensportdiscount.ch\/it\/prodotto\/gompy-doppel-armschutz-junior-lang-leder-4-verschluesse-schwarz\/","url":"https:\/\/bogensportdiscount.ch\/it\/prodotto\/gompy-doppel-armschutz-junior-lang-leder-4-verschluesse-schwarz\/","name":"GOMPY DOPPEL ARMSCHUTZ JUNIOR LANG LEDER 4 VERSCHLUESSE SCHWARZ - Bogensportdiscount \u2013 B\u00f6gen, Pfeile, Targets &amp; Zubeh\u00f6r","isPartOf":{"@id":"https:\/\/bogensportdiscount.ch\/#website"},"primaryImageOfPage":{"@id":"https:\/\/bogensportdiscount.ch\/it\/prodotto\/gompy-doppel-armschutz-junior-lang-leder-4-verschluesse-schwarz\/#primaryimage"},"image":{"@id":"https:\/\/bogensportdiscount.ch\/it\/prodotto\/gompy-doppel-armschutz-junior-lang-leder-4-verschluesse-schwarz\/#primaryimage"},"thumbnailUrl":"https:\/\/bogensportdiscount.ch\/wp-content\/uploads\/bsm-images\/A009613_1.png","datePublished":"2026-04-05T12:22:55+00:00","dateModified":"2026-04-20T10:46:36+00:00","breadcrumb":{"@id":"https:\/\/bogensportdiscount.ch\/it\/prodotto\/gompy-doppel-armschutz-junior-lang-leder-4-verschluesse-schwarz\/#breadcrumb"},"inLanguage":"fr-FR","potentialAction":[{"@type":"ReadAction","target":["https:\/\/bogensportdiscount.ch\/it\/prodotto\/gompy-doppel-armschutz-junior-lang-leder-4-verschluesse-schwarz\/"]}]},{"@type":"ImageObject","inLanguage":"fr-FR","@id":"https:\/\/bogensportdiscount.ch\/it\/prodotto\/gompy-doppel-armschutz-junior-lang-leder-4-verschluesse-schwarz\/#primaryimage","url":"https:\/\/bogensportdiscount.ch\/wp-content\/uploads\/bsm-images\/A009613_1.png","contentUrl":"https:\/\/bogensportdiscount.ch\/wp-content\/uploads\/bsm-images\/A009613_1.png","width":1558,"height":1476},{"@type":"BreadcrumbList","@id":"https:\/\/bogensportdiscount.ch\/it\/prodotto\/gompy-doppel-armschutz-junior-lang-leder-4-verschluesse-schwarz\/#breadcrumb","itemListElement":[{"@type":"ListItem","position":1,"name":"Home","item":"https:\/\/bogensportdiscount.ch\/"},{"@type":"ListItem","position":2,"name":"Shop","item":"https:\/\/bogensportdiscount.ch\/shop\/"},{"@type":"ListItem","position":3,"name":"GOMPY DOPPEL ARMSCHUTZ JUNIOR LANG LEDER 4 VERSCHLUESSE SCHWARZ"}]},{"@type":"WebSite","@id":"https:\/\/bogensportdiscount.ch\/#website","url":"https:\/\/bogensportdiscount.ch\/","name":"Bogensportdiscount","description":"","potentialAction":[{"@type":"SearchAction","target":{"@type":"EntryPoint","urlTemplate":"https:\/\/bogensportdiscount.ch\/?s={search_term_string}"},"query-input":{"@type":"PropertyValueSpecification","valueRequired":true,"valueName":"search_term_string"}}],"inLanguage":"fr-FR"}]}},"_links":{"self":[{"href":"https:\/\/bogensportdiscount.ch\/fr\/wp-json\/wp\/v2\/product\/391437","targetHints":{"allow":["GET"]}}],"collection":[{"href":"https:\/\/bogensportdiscount.ch\/fr\/wp-json\/wp\/v2\/product"}],"about":[{"href":"https:\/\/bogensportdiscount.ch\/fr\/wp-json\/wp\/v2\/types\/product"}],"replies":[{"embeddable":true,"href":"https:\/\/bogensportdiscount.ch\/fr\/wp-json\/wp\/v2\/comments?post=391437"}],"wp:featuredmedia":[{"embeddable":true,"href":"https:\/\/bogensportdiscount.ch\/fr\/wp-json\/wp\/v2\/media\/443108"}],"wp:attachment":[{"href":"https:\/\/bogensportdiscount.ch\/fr\/wp-json\/wp\/v2\/media?parent=391437"}],"wp:term":[{"taxonomy":"product_brand","embeddable":true,"href":"https:\/\/bogensportdiscount.ch\/fr\/wp-json\/wp\/v2\/product_brand?post=391437"},{"taxonomy":"product_cat","embeddable":true,"href":"https:\/\/bogensportdiscount.ch\/fr\/wp-json\/wp\/v2\/product_cat?post=391437"},{"taxonomy":"product_tag","embeddable":true,"href":"https:\/\/bogensportdiscount.ch\/fr\/wp-json\/wp\/v2\/product_tag?post=391437"}],"curies":[{"name":"wp","href":"https:\/\/api.w.org\/{rel}","templated":true}]}}