{"id":391434,"date":"2026-04-05T14:22:54","date_gmt":"2026-04-05T12:22:54","guid":{"rendered":"https:\/\/bogensportdiscount.ch\/produkt\/wild-life-3d-target-badger-tasso-dim70x36x28cm-group-3\/"},"modified":"2026-04-15T12:10:01","modified_gmt":"2026-04-15T10:10:01","slug":"wildlife-3d-ziel-dachs-tasso-70x36x28cm-gruppe-3","status":"publish","type":"product","link":"https:\/\/bogensportdiscount.ch\/fr\/produkt\/wildlife-3d-ziel-dachs-tasso-70x36x28cm-gruppe-3\/","title":{"rendered":"WILD LIFE 3D TARGET BADGER \/ TASSO &#8211; DIM:70x36x28CM GROUP 3"},"content":{"rendered":"<p>Das WILDLIFE 3D-Ziel Dachs (Tasso) ist ein naturgetreu gestaltetes Schaumstoffziel f\u00fcr den 3D-Bogensport. Die Abmessungen von 70 x 36 x 28 cm entsprechen einer praxisnahen Tiergr\u00f6sse und erm\u00f6glichen ein realistisches Trainings- und Wettkampferlebnis.<\/p>\n<p>Die Einstufung in Gruppe 3 entspricht den g\u00e4ngigen 3D-Bogensport-Klassifikationen und macht das Ziel f\u00fcr offizielle 3D-Parcours sowie das Training auf privaten Anlagen geeignet. Der Dachs ist ein typisches Wildtier und eine beliebte Zielfigur auf 3D-Parcours in der Schweiz und Europa.<\/p>\n<ul>\n<li>Abmessungen: 70 x 36 x 28 cm<\/li>\n<li>Klassifizierung: Gruppe 3<\/li>\n<li>Naturgetreue Darstellung eines Dachses<\/li>\n<li>Geeignet f\u00fcr Training und 3D-Wettk\u00e4mpfe<\/li>\n<\/ul>","protected":false},"excerpt":{"rendered":"<p><strong>Marque :<\/strong> Wild Life<br \/><strong>Typ:<\/strong> Group 3<\/p>","protected":false},"featured_media":443118,"comment_status":"open","ping_status":"closed","template":"","meta":[],"product_brand":[778],"product_cat":[4314],"product_tag":[3546],"class_list":{"0":"post-391434","1":"product","2":"type-product","3":"status-publish","4":"has-post-thumbnail","6":"product_brand-wildlife","7":"product_cat-kleine-raubtiere","8":"product_tag-neuheit","10":"first","11":"instock","12":"shipping-taxable","13":"purchasable","14":"product-type-simple"},"_links":{"self":[{"href":"https:\/\/bogensportdiscount.ch\/fr\/wp-json\/wp\/v2\/product\/391434","targetHints":{"allow":["GET"]}}],"collection":[{"href":"https:\/\/bogensportdiscount.ch\/fr\/wp-json\/wp\/v2\/product"}],"about":[{"href":"https:\/\/bogensportdiscount.ch\/fr\/wp-json\/wp\/v2\/types\/product"}],"replies":[{"embeddable":true,"href":"https:\/\/bogensportdiscount.ch\/fr\/wp-json\/wp\/v2\/comments?post=391434"}],"wp:featuredmedia":[{"embeddable":true,"href":"https:\/\/bogensportdiscount.ch\/fr\/wp-json\/wp\/v2\/media\/443118"}],"wp:attachment":[{"href":"https:\/\/bogensportdiscount.ch\/fr\/wp-json\/wp\/v2\/media?parent=391434"}],"wp:term":[{"taxonomy":"product_brand","embeddable":true,"href":"https:\/\/bogensportdiscount.ch\/fr\/wp-json\/wp\/v2\/product_brand?post=391434"},{"taxonomy":"product_cat","embeddable":true,"href":"https:\/\/bogensportdiscount.ch\/fr\/wp-json\/wp\/v2\/product_cat?post=391434"},{"taxonomy":"product_tag","embeddable":true,"href":"https:\/\/bogensportdiscount.ch\/fr\/wp-json\/wp\/v2\/product_tag?post=391434"}],"curies":[{"name":"wp","href":"https:\/\/api.w.org\/{rel}","templated":true}]}}