{"id":391432,"date":"2026-04-05T14:22:54","date_gmt":"2026-04-05T12:22:54","guid":{"rendered":"https:\/\/bogensportdiscount.ch\/produkt\/wild-life-3d-target-roedeer-alerted-dim30x122x104cm-group-3\/"},"modified":"2026-05-14T07:13:27","modified_gmt":"2026-05-14T05:13:27","slug":"wildlife-3d-ziel-reh-aufmerksam-gruppe-3","status":"publish","type":"product","link":"https:\/\/bogensportdiscount.ch\/fr\/produit\/wildlife-3d-ziel-reh-aufmerksam-gruppe-3\/","title":{"rendered":"WILD LIFE CIBLE 3D CHEVREUILS EN ALERTE \/ &#8211; DIM:30x122x104CM GROUPE 3"},"content":{"rendered":"<p>Cette cible 3D WILDLIFE repr\u00e9sente un chevreuil en alerte (Roedeer Alerted) dans une posture naturelle. La repr\u00e9sentation r\u00e9aliste offre des zones de frappe authentiques et une exp\u00e9rience de tir naturelle sur le parcours 3D.<\/p>\n<p>Avec des dimensions de 30 x 122 x 104 cm, le mod\u00e8le correspond aux dimensions r\u00e9elles d'un chevreuil adulte. La classification en groupe 3 suit la r\u00e9partition habituelle selon la taille des animaux et rend la cible adapt\u00e9e aussi bien aux parcours de club qu'aux parcours priv\u00e9s en jardin ou en for\u00eat.<\/p>\n<ul>\n<li>Dimensions : 30 x 122 x 104 cm<\/li>\n<li>Classification : Groupe 3<\/li>\n<li>Repr\u00e9sentation r\u00e9aliste en posture d'alerte<\/li>\n<li>Adapt\u00e9 aux parcours 3D et \u00e0 la comp\u00e9tition<\/li>\n<\/ul>","protected":false},"excerpt":{"rendered":"<table>\n<tr>\n<th>Propri\u00e9t\u00e9<\/th>\n<th>Valeur<\/th>\n<\/tr>\n<tr>\n<td>Marque<\/td>\n<td>Wild Life<\/td>\n<\/tr>\n<tr>\n<td>Type<\/td>\n<td>Group 3<\/td>\n<\/tr>\n<tr>\n<td>Pays d'origine<\/td>\n<td>Italie<\/td>\n<\/tr>\n<\/table>","protected":false},"featured_media":443116,"comment_status":"open","ping_status":"closed","template":"","meta":[],"product_brand":[778],"product_cat":[4143,4144,4147],"product_tag":[3546],"class_list":{"0":"post-391432","1":"product","2":"type-product","3":"status-publish","4":"has-post-thumbnail","6":"product_brand-wildlife","7":"product_cat-ziele-auflagen","8":"product_cat-3d-ziele","9":"product_cat-hirsch","10":"product_tag-neuheit","11":"product_shipping_class-bsd-pickup","13":"first","14":"instock","15":"shipping-taxable","16":"purchasable","17":"product-type-simple"},"yoast_head":"<!-- This site is optimized with the Yoast SEO plugin v27.6 - https:\/\/yoast.com\/product\/yoast-seo-wordpress\/ -->\n<title>WILD LIFE 3D-ZIEL REHE ALARMIERT \/ - ABM:30x122x104CM GRUPPE 3 - Bogensportdiscount \u2013 B\u00f6gen, Pfeile, Targets &amp; Zubeh\u00f6r<\/title>\n<meta name=\"description\" content=\"WILD LIFE 3D-ZIEL REHE ALARMIERT \/ - ABM:30x122x104CM GRUPPE 3 g\u00fcnstig kaufen bei Bogensportdiscount \u2013 Top-Marken, schneller Versand aus der Schweiz.\" \/>\n<meta name=\"robots\" content=\"index, follow, max-snippet:-1, max-image-preview:large, max-video-preview:-1\" \/>\n<link rel=\"canonical\" href=\"https:\/\/bogensportdiscount.ch\/fr\/produit\/wildlife-3d-ziel-reh-aufmerksam-gruppe-3\/\" \/>\n<meta property=\"og:locale\" content=\"fr_FR\" \/>\n<meta property=\"og:type\" content=\"article\" \/>\n<meta property=\"og:title\" content=\"WILD LIFE 3D-ZIEL REHE ALARMIERT \/ - ABM:30x122x104CM GRUPPE 3 - Bogensportdiscount \u2013 B\u00f6gen, Pfeile, Targets &amp; Zubeh\u00f6r\" \/>\n<meta property=\"og:description\" content=\"WILD LIFE 3D-ZIEL REHE ALARMIERT \/ - ABM:30x122x104CM GRUPPE 3 g\u00fcnstig kaufen bei Bogensportdiscount \u2013 Top-Marken, schneller Versand aus der Schweiz.\" \/>\n<meta property=\"og:url\" content=\"https:\/\/bogensportdiscount.ch\/fr\/produit\/wildlife-3d-ziel-reh-aufmerksam-gruppe-3\/\" \/>\n<meta property=\"og:site_name\" content=\"Bogensportdiscount \u2013 B\u00f6gen, Pfeile, Targets &amp; Zubeh\u00f6r\" \/>\n<meta property=\"article:modified_time\" content=\"2026-05-14T05:13:27+00:00\" \/>\n<meta property=\"og:image\" content=\"https:\/\/bogensportdiscount.ch\/wp-content\/uploads\/bsm-images\/A001783_1.png\" \/>\n\t<meta property=\"og:image:width\" content=\"1181\" \/>\n\t<meta property=\"og:image:height\" content=\"1406\" \/>\n\t<meta property=\"og:image:type\" content=\"image\/png\" \/>\n<meta name=\"twitter:card\" content=\"summary_large_image\" \/>\n<script type=\"application\/ld+json\" class=\"yoast-schema-graph\">{\"@context\":\"https:\\\/\\\/schema.org\",\"@graph\":[{\"@type\":\"WebPage\",\"@id\":\"https:\\\/\\\/bogensportdiscount.ch\\\/produkt\\\/wildlife-3d-ziel-reh-aufmerksam-gruppe-3\\\/\",\"url\":\"https:\\\/\\\/bogensportdiscount.ch\\\/produkt\\\/wildlife-3d-ziel-reh-aufmerksam-gruppe-3\\\/\",\"name\":\"WILD LIFE 3D-ZIEL REHE ALARMIERT \\\/ - ABM:30x122x104CM GRUPPE 3 - Bogensportdiscount \u2013 B\u00f6gen, Pfeile, Targets &amp; Zubeh\u00f6r\",\"isPartOf\":{\"@id\":\"https:\\\/\\\/bogensportdiscount.ch\\\/#website\"},\"primaryImageOfPage\":{\"@id\":\"https:\\\/\\\/bogensportdiscount.ch\\\/produkt\\\/wildlife-3d-ziel-reh-aufmerksam-gruppe-3\\\/#primaryimage\"},\"image\":{\"@id\":\"https:\\\/\\\/bogensportdiscount.ch\\\/produkt\\\/wildlife-3d-ziel-reh-aufmerksam-gruppe-3\\\/#primaryimage\"},\"thumbnailUrl\":\"https:\\\/\\\/bogensportdiscount.ch\\\/wp-content\\\/uploads\\\/bsm-images\\\/A001783_1.png\",\"datePublished\":\"2026-04-05T12:22:54+00:00\",\"dateModified\":\"2026-05-14T05:13:27+00:00\",\"description\":\"WILD LIFE 3D-ZIEL REHE ALARMIERT \\\/ - ABM:30x122x104CM GRUPPE 3 g\u00fcnstig kaufen bei Bogensportdiscount \u2013 Top-Marken, schneller Versand aus der Schweiz.\",\"breadcrumb\":{\"@id\":\"https:\\\/\\\/bogensportdiscount.ch\\\/produkt\\\/wildlife-3d-ziel-reh-aufmerksam-gruppe-3\\\/#breadcrumb\"},\"inLanguage\":\"fr-FR\",\"potentialAction\":[{\"@type\":\"ReadAction\",\"target\":[\"https:\\\/\\\/bogensportdiscount.ch\\\/produkt\\\/wildlife-3d-ziel-reh-aufmerksam-gruppe-3\\\/\"]}]},{\"@type\":\"ImageObject\",\"inLanguage\":\"fr-FR\",\"@id\":\"https:\\\/\\\/bogensportdiscount.ch\\\/produkt\\\/wildlife-3d-ziel-reh-aufmerksam-gruppe-3\\\/#primaryimage\",\"url\":\"https:\\\/\\\/bogensportdiscount.ch\\\/wp-content\\\/uploads\\\/bsm-images\\\/A001783_1.png\",\"contentUrl\":\"https:\\\/\\\/bogensportdiscount.ch\\\/wp-content\\\/uploads\\\/bsm-images\\\/A001783_1.png\",\"width\":1181,\"height\":1406},{\"@type\":\"BreadcrumbList\",\"@id\":\"https:\\\/\\\/bogensportdiscount.ch\\\/produkt\\\/wildlife-3d-ziel-reh-aufmerksam-gruppe-3\\\/#breadcrumb\",\"itemListElement\":[{\"@type\":\"ListItem\",\"position\":1,\"name\":\"Home\",\"item\":\"https:\\\/\\\/bogensportdiscount.ch\\\/\"},{\"@type\":\"ListItem\",\"position\":2,\"name\":\"Shop\",\"item\":\"https:\\\/\\\/bogensportdiscount.ch\\\/shop\\\/\"},{\"@type\":\"ListItem\",\"position\":3,\"name\":\"WILD LIFE 3D TARGET ROEDEER ALERTED \\\/ &#8211; DIM:30x122x104CM GROUP 3\"}]},{\"@type\":\"WebSite\",\"@id\":\"https:\\\/\\\/bogensportdiscount.ch\\\/#website\",\"url\":\"https:\\\/\\\/bogensportdiscount.ch\\\/\",\"name\":\"Bogensportdiscount\",\"description\":\"\",\"potentialAction\":[{\"@type\":\"SearchAction\",\"target\":{\"@type\":\"EntryPoint\",\"urlTemplate\":\"https:\\\/\\\/bogensportdiscount.ch\\\/?s={search_term_string}\"},\"query-input\":{\"@type\":\"PropertyValueSpecification\",\"valueRequired\":true,\"valueName\":\"search_term_string\"}}],\"inLanguage\":\"fr-FR\"}]}<\/script>\n<!-- \/ Yoast SEO plugin. -->","yoast_head_json":{"title":"WILD LIFE 3D-ZIEL REHE ALARMIERT \/ - ABM:30x122x104CM GRUPPE 3 - Bogensportdiscount \u2013 B\u00f6gen, Pfeile, Targets &amp; Zubeh\u00f6r","description":"WILD LIFE 3D-ZIEL REHE ALARMIERT \/ - ABM:30x122x104CM GRUPPE 3 g\u00fcnstig kaufen bei Bogensportdiscount \u2013 Top-Marken, schneller Versand aus der Schweiz.","robots":{"index":"index","follow":"follow","max-snippet":"max-snippet:-1","max-image-preview":"max-image-preview:large","max-video-preview":"max-video-preview:-1"},"canonical":"https:\/\/bogensportdiscount.ch\/fr\/produit\/wildlife-3d-ziel-reh-aufmerksam-gruppe-3\/","og_locale":"fr_FR","og_type":"article","og_title":"WILD LIFE 3D-ZIEL REHE ALARMIERT \/ - ABM:30x122x104CM GRUPPE 3 - Bogensportdiscount \u2013 B\u00f6gen, Pfeile, Targets &amp; Zubeh\u00f6r","og_description":"WILD LIFE 3D-ZIEL REHE ALARMIERT \/ - ABM:30x122x104CM GRUPPE 3 g\u00fcnstig kaufen bei Bogensportdiscount \u2013 Top-Marken, schneller Versand aus der Schweiz.","og_url":"https:\/\/bogensportdiscount.ch\/fr\/produit\/wildlife-3d-ziel-reh-aufmerksam-gruppe-3\/","og_site_name":"Bogensportdiscount \u2013 B\u00f6gen, Pfeile, Targets &amp; Zubeh\u00f6r","article_modified_time":"2026-05-14T05:13:27+00:00","og_image":[{"width":1181,"height":1406,"url":"https:\/\/bogensportdiscount.ch\/wp-content\/uploads\/bsm-images\/A001783_1.png","type":"image\/png"}],"twitter_card":"summary_large_image","schema":{"@context":"https:\/\/schema.org","@graph":[{"@type":"WebPage","@id":"https:\/\/bogensportdiscount.ch\/produkt\/wildlife-3d-ziel-reh-aufmerksam-gruppe-3\/","url":"https:\/\/bogensportdiscount.ch\/produkt\/wildlife-3d-ziel-reh-aufmerksam-gruppe-3\/","name":"WILD LIFE 3D-ZIEL REHE ALARMIERT \/ - ABM:30x122x104CM GRUPPE 3 - Bogensportdiscount \u2013 B\u00f6gen, Pfeile, Targets &amp; Zubeh\u00f6r","isPartOf":{"@id":"https:\/\/bogensportdiscount.ch\/#website"},"primaryImageOfPage":{"@id":"https:\/\/bogensportdiscount.ch\/produkt\/wildlife-3d-ziel-reh-aufmerksam-gruppe-3\/#primaryimage"},"image":{"@id":"https:\/\/bogensportdiscount.ch\/produkt\/wildlife-3d-ziel-reh-aufmerksam-gruppe-3\/#primaryimage"},"thumbnailUrl":"https:\/\/bogensportdiscount.ch\/wp-content\/uploads\/bsm-images\/A001783_1.png","datePublished":"2026-04-05T12:22:54+00:00","dateModified":"2026-05-14T05:13:27+00:00","description":"WILD LIFE 3D-ZIEL REHE ALARMIERT \/ - ABM:30x122x104CM GRUPPE 3 g\u00fcnstig kaufen bei Bogensportdiscount \u2013 Top-Marken, schneller Versand aus der Schweiz.","breadcrumb":{"@id":"https:\/\/bogensportdiscount.ch\/produkt\/wildlife-3d-ziel-reh-aufmerksam-gruppe-3\/#breadcrumb"},"inLanguage":"fr-FR","potentialAction":[{"@type":"ReadAction","target":["https:\/\/bogensportdiscount.ch\/produkt\/wildlife-3d-ziel-reh-aufmerksam-gruppe-3\/"]}]},{"@type":"ImageObject","inLanguage":"fr-FR","@id":"https:\/\/bogensportdiscount.ch\/produkt\/wildlife-3d-ziel-reh-aufmerksam-gruppe-3\/#primaryimage","url":"https:\/\/bogensportdiscount.ch\/wp-content\/uploads\/bsm-images\/A001783_1.png","contentUrl":"https:\/\/bogensportdiscount.ch\/wp-content\/uploads\/bsm-images\/A001783_1.png","width":1181,"height":1406},{"@type":"BreadcrumbList","@id":"https:\/\/bogensportdiscount.ch\/produkt\/wildlife-3d-ziel-reh-aufmerksam-gruppe-3\/#breadcrumb","itemListElement":[{"@type":"ListItem","position":1,"name":"Home","item":"https:\/\/bogensportdiscount.ch\/"},{"@type":"ListItem","position":2,"name":"Shop","item":"https:\/\/bogensportdiscount.ch\/shop\/"},{"@type":"ListItem","position":3,"name":"WILD LIFE 3D TARGET ROEDEER ALERTED \/ &#8211; DIM:30x122x104CM GROUP 3"}]},{"@type":"WebSite","@id":"https:\/\/bogensportdiscount.ch\/#website","url":"https:\/\/bogensportdiscount.ch\/","name":"Bogensportdiscount","description":"","potentialAction":[{"@type":"SearchAction","target":{"@type":"EntryPoint","urlTemplate":"https:\/\/bogensportdiscount.ch\/?s={search_term_string}"},"query-input":{"@type":"PropertyValueSpecification","valueRequired":true,"valueName":"search_term_string"}}],"inLanguage":"fr-FR"}]}},"_links":{"self":[{"href":"https:\/\/bogensportdiscount.ch\/fr\/wp-json\/wp\/v2\/product\/391432","targetHints":{"allow":["GET"]}}],"collection":[{"href":"https:\/\/bogensportdiscount.ch\/fr\/wp-json\/wp\/v2\/product"}],"about":[{"href":"https:\/\/bogensportdiscount.ch\/fr\/wp-json\/wp\/v2\/types\/product"}],"replies":[{"embeddable":true,"href":"https:\/\/bogensportdiscount.ch\/fr\/wp-json\/wp\/v2\/comments?post=391432"}],"wp:featuredmedia":[{"embeddable":true,"href":"https:\/\/bogensportdiscount.ch\/fr\/wp-json\/wp\/v2\/media\/443116"}],"wp:attachment":[{"href":"https:\/\/bogensportdiscount.ch\/fr\/wp-json\/wp\/v2\/media?parent=391432"}],"wp:term":[{"taxonomy":"product_brand","embeddable":true,"href":"https:\/\/bogensportdiscount.ch\/fr\/wp-json\/wp\/v2\/product_brand?post=391432"},{"taxonomy":"product_cat","embeddable":true,"href":"https:\/\/bogensportdiscount.ch\/fr\/wp-json\/wp\/v2\/product_cat?post=391432"},{"taxonomy":"product_tag","embeddable":true,"href":"https:\/\/bogensportdiscount.ch\/fr\/wp-json\/wp\/v2\/product_tag?post=391432"}],"curies":[{"name":"wp","href":"https:\/\/api.w.org\/{rel}","templated":true}]}}