{"id":391419,"date":"2026-04-05T14:22:52","date_gmt":"2026-04-05T12:22:52","guid":{"rendered":"https:\/\/bogensportdiscount.ch\/produkt\/wild-life-3d-target-wild-boar-large-dim86x130x36cm-group-1\/"},"modified":"2026-05-14T07:13:27","modified_gmt":"2026-05-14T05:13:27","slug":"wildlife-3d-ziel-wildschwein-gross-86x130x36cm-gruppe-1","status":"publish","type":"product","link":"https:\/\/bogensportdiscount.ch\/fr\/produit\/wildlife-3d-ziel-wildschwein-gross-86x130x36cm-gruppe-1\/","title":{"rendered":"WILD LIFE CIBLE 3D GRAND SANGLIER &#8211; DIM:86x130x36CM GROUP 1"},"content":{"rendered":"<p>La cible 3D WILDLIFE Sanglier Grand offre une repr\u00e9sentation naturaliste d'un sanglier en taille r\u00e9elle. Avec des dimensions de 86 x 130 x 36 cm, elle r\u00e9pond aux exigences des parcours 3D du groupe 1 et peut \u00eatre utilis\u00e9e aussi bien \u00e0 l'entra\u00eenement que lors de comp\u00e9titions officielles.<\/p>\n<p>La cible est compos\u00e9e de mousse robuste sp\u00e9cialement con\u00e7ue pour une utilisation avec des fl\u00e8ches d'arc. Le mat\u00e9riau permet une extraction facile des fl\u00e8ches et garantit une bonne durabilit\u00e9 sur de nombreuses s\u00e9ries de tir.<\/p>\n<ul>\n<li>Dimensions : 86 x 130 x 36 cm<\/li>\n<li>Classification : Groupe 1<\/li>\n<li>Reproduction en taille r\u00e9elle d'un sanglier<\/li>\n<li>Adapt\u00e9e aux parcours 3D et aux terrains d'entra\u00eenement<\/li>\n<\/ul>","protected":false},"excerpt":{"rendered":"<table>\n<tr>\n<th>Propri\u00e9t\u00e9<\/th>\n<th>Valeur<\/th>\n<\/tr>\n<tr>\n<td>Marque<\/td>\n<td>Wild Life<\/td>\n<\/tr>\n<tr>\n<td>Type<\/td>\n<td>Group 1<\/td>\n<\/tr>\n<tr>\n<td>Pays d'origine<\/td>\n<td>Italie<\/td>\n<\/tr>\n<\/table>","protected":false},"featured_media":443127,"comment_status":"open","ping_status":"closed","template":"","meta":[],"product_brand":[778],"product_cat":[4143,4144,4315],"product_tag":[3546],"class_list":{"0":"post-391419","1":"product","2":"type-product","3":"status-publish","4":"has-post-thumbnail","6":"product_brand-wildlife","7":"product_cat-ziele-auflagen","8":"product_cat-3d-ziele","9":"product_cat-schweine-eber","10":"product_tag-neuheit","11":"product_shipping_class-bsd-sperrgut","13":"first","14":"instock","15":"shipping-taxable","16":"purchasable","17":"product-type-simple"},"yoast_head":"<!-- This site is optimized with the Yoast SEO plugin v27.6 - https:\/\/yoast.com\/product\/yoast-seo-wordpress\/ -->\n<title>WILD LIFE 3D-ZIEL WILDSCHWEIN GROSS - DIM:86x130x36CM GROUP 1 - Bogensportdiscount \u2013 B\u00f6gen, Pfeile, Targets &amp; Zubeh\u00f6r<\/title>\n<meta name=\"description\" content=\"WILD LIFE 3D-ZIEL WILDSCHWEIN GROSS - DIM:86x130x36CM GROUP 1 g\u00fcnstig kaufen bei Bogensportdiscount \u2013 Top-Marken, schneller Versand aus der Schweiz.\" \/>\n<meta name=\"robots\" content=\"index, follow, max-snippet:-1, max-image-preview:large, max-video-preview:-1\" \/>\n<link rel=\"canonical\" href=\"https:\/\/bogensportdiscount.ch\/fr\/produit\/wildlife-3d-ziel-wildschwein-gross-86x130x36cm-gruppe-1\/\" \/>\n<meta property=\"og:locale\" content=\"fr_FR\" \/>\n<meta property=\"og:type\" content=\"article\" \/>\n<meta property=\"og:title\" content=\"WILD LIFE 3D-ZIEL WILDSCHWEIN GROSS - DIM:86x130x36CM GROUP 1 - Bogensportdiscount \u2013 B\u00f6gen, Pfeile, Targets &amp; Zubeh\u00f6r\" \/>\n<meta property=\"og:description\" content=\"WILD LIFE 3D-ZIEL WILDSCHWEIN GROSS - DIM:86x130x36CM GROUP 1 g\u00fcnstig kaufen bei Bogensportdiscount \u2013 Top-Marken, schneller Versand aus der Schweiz.\" \/>\n<meta property=\"og:url\" content=\"https:\/\/bogensportdiscount.ch\/fr\/produit\/wildlife-3d-ziel-wildschwein-gross-86x130x36cm-gruppe-1\/\" \/>\n<meta property=\"og:site_name\" content=\"Bogensportdiscount \u2013 B\u00f6gen, Pfeile, Targets &amp; Zubeh\u00f6r\" \/>\n<meta property=\"article:modified_time\" content=\"2026-05-14T05:13:27+00:00\" \/>\n<meta property=\"og:image\" content=\"https:\/\/bogensportdiscount.ch\/wp-content\/uploads\/bsm-images\/A001767_1.png\" \/>\n\t<meta property=\"og:image:width\" content=\"1772\" \/>\n\t<meta property=\"og:image:height\" content=\"1181\" \/>\n\t<meta property=\"og:image:type\" content=\"image\/png\" \/>\n<meta name=\"twitter:card\" content=\"summary_large_image\" \/>\n<script type=\"application\/ld+json\" class=\"yoast-schema-graph\">{\"@context\":\"https:\\\/\\\/schema.org\",\"@graph\":[{\"@type\":\"WebPage\",\"@id\":\"https:\\\/\\\/bogensportdiscount.ch\\\/produkt\\\/wildlife-3d-ziel-wildschwein-gross-86x130x36cm-gruppe-1\\\/\",\"url\":\"https:\\\/\\\/bogensportdiscount.ch\\\/produkt\\\/wildlife-3d-ziel-wildschwein-gross-86x130x36cm-gruppe-1\\\/\",\"name\":\"WILD LIFE 3D-ZIEL WILDSCHWEIN GROSS - DIM:86x130x36CM GROUP 1 - Bogensportdiscount \u2013 B\u00f6gen, Pfeile, Targets &amp; Zubeh\u00f6r\",\"isPartOf\":{\"@id\":\"https:\\\/\\\/bogensportdiscount.ch\\\/#website\"},\"primaryImageOfPage\":{\"@id\":\"https:\\\/\\\/bogensportdiscount.ch\\\/produkt\\\/wildlife-3d-ziel-wildschwein-gross-86x130x36cm-gruppe-1\\\/#primaryimage\"},\"image\":{\"@id\":\"https:\\\/\\\/bogensportdiscount.ch\\\/produkt\\\/wildlife-3d-ziel-wildschwein-gross-86x130x36cm-gruppe-1\\\/#primaryimage\"},\"thumbnailUrl\":\"https:\\\/\\\/bogensportdiscount.ch\\\/wp-content\\\/uploads\\\/bsm-images\\\/A001767_1.png\",\"datePublished\":\"2026-04-05T12:22:52+00:00\",\"dateModified\":\"2026-05-14T05:13:27+00:00\",\"description\":\"WILD LIFE 3D-ZIEL WILDSCHWEIN GROSS - DIM:86x130x36CM GROUP 1 g\u00fcnstig kaufen bei Bogensportdiscount \u2013 Top-Marken, schneller Versand aus der Schweiz.\",\"breadcrumb\":{\"@id\":\"https:\\\/\\\/bogensportdiscount.ch\\\/produkt\\\/wildlife-3d-ziel-wildschwein-gross-86x130x36cm-gruppe-1\\\/#breadcrumb\"},\"inLanguage\":\"fr-FR\",\"potentialAction\":[{\"@type\":\"ReadAction\",\"target\":[\"https:\\\/\\\/bogensportdiscount.ch\\\/produkt\\\/wildlife-3d-ziel-wildschwein-gross-86x130x36cm-gruppe-1\\\/\"]}]},{\"@type\":\"ImageObject\",\"inLanguage\":\"fr-FR\",\"@id\":\"https:\\\/\\\/bogensportdiscount.ch\\\/produkt\\\/wildlife-3d-ziel-wildschwein-gross-86x130x36cm-gruppe-1\\\/#primaryimage\",\"url\":\"https:\\\/\\\/bogensportdiscount.ch\\\/wp-content\\\/uploads\\\/bsm-images\\\/A001767_1.png\",\"contentUrl\":\"https:\\\/\\\/bogensportdiscount.ch\\\/wp-content\\\/uploads\\\/bsm-images\\\/A001767_1.png\",\"width\":1772,\"height\":1181},{\"@type\":\"BreadcrumbList\",\"@id\":\"https:\\\/\\\/bogensportdiscount.ch\\\/produkt\\\/wildlife-3d-ziel-wildschwein-gross-86x130x36cm-gruppe-1\\\/#breadcrumb\",\"itemListElement\":[{\"@type\":\"ListItem\",\"position\":1,\"name\":\"Home\",\"item\":\"https:\\\/\\\/bogensportdiscount.ch\\\/\"},{\"@type\":\"ListItem\",\"position\":2,\"name\":\"Shop\",\"item\":\"https:\\\/\\\/bogensportdiscount.ch\\\/shop\\\/\"},{\"@type\":\"ListItem\",\"position\":3,\"name\":\"WILD LIFE 3D TARGET WILD BOAR LARGE &#8211; DIM:86x130x36CM GROUP 1\"}]},{\"@type\":\"WebSite\",\"@id\":\"https:\\\/\\\/bogensportdiscount.ch\\\/#website\",\"url\":\"https:\\\/\\\/bogensportdiscount.ch\\\/\",\"name\":\"Bogensportdiscount\",\"description\":\"\",\"potentialAction\":[{\"@type\":\"SearchAction\",\"target\":{\"@type\":\"EntryPoint\",\"urlTemplate\":\"https:\\\/\\\/bogensportdiscount.ch\\\/?s={search_term_string}\"},\"query-input\":{\"@type\":\"PropertyValueSpecification\",\"valueRequired\":true,\"valueName\":\"search_term_string\"}}],\"inLanguage\":\"fr-FR\"}]}<\/script>\n<!-- \/ Yoast SEO plugin. -->","yoast_head_json":{"title":"WILD LIFE 3D-ZIEL WILDSCHWEIN GROSS - DIM:86x130x36CM GROUP 1 - Bogensportdiscount \u2013 B\u00f6gen, Pfeile, Targets &amp; Zubeh\u00f6r","description":"WILD LIFE 3D-ZIEL WILDSCHWEIN GROSS - DIM:86x130x36CM GROUP 1 g\u00fcnstig kaufen bei Bogensportdiscount \u2013 Top-Marken, schneller Versand aus der Schweiz.","robots":{"index":"index","follow":"follow","max-snippet":"max-snippet:-1","max-image-preview":"max-image-preview:large","max-video-preview":"max-video-preview:-1"},"canonical":"https:\/\/bogensportdiscount.ch\/fr\/produit\/wildlife-3d-ziel-wildschwein-gross-86x130x36cm-gruppe-1\/","og_locale":"fr_FR","og_type":"article","og_title":"WILD LIFE 3D-ZIEL WILDSCHWEIN GROSS - DIM:86x130x36CM GROUP 1 - Bogensportdiscount \u2013 B\u00f6gen, Pfeile, Targets &amp; Zubeh\u00f6r","og_description":"WILD LIFE 3D-ZIEL WILDSCHWEIN GROSS - DIM:86x130x36CM GROUP 1 g\u00fcnstig kaufen bei Bogensportdiscount \u2013 Top-Marken, schneller Versand aus der Schweiz.","og_url":"https:\/\/bogensportdiscount.ch\/fr\/produit\/wildlife-3d-ziel-wildschwein-gross-86x130x36cm-gruppe-1\/","og_site_name":"Bogensportdiscount \u2013 B\u00f6gen, Pfeile, Targets &amp; Zubeh\u00f6r","article_modified_time":"2026-05-14T05:13:27+00:00","og_image":[{"width":1772,"height":1181,"url":"https:\/\/bogensportdiscount.ch\/wp-content\/uploads\/bsm-images\/A001767_1.png","type":"image\/png"}],"twitter_card":"summary_large_image","schema":{"@context":"https:\/\/schema.org","@graph":[{"@type":"WebPage","@id":"https:\/\/bogensportdiscount.ch\/produkt\/wildlife-3d-ziel-wildschwein-gross-86x130x36cm-gruppe-1\/","url":"https:\/\/bogensportdiscount.ch\/produkt\/wildlife-3d-ziel-wildschwein-gross-86x130x36cm-gruppe-1\/","name":"WILD LIFE 3D-ZIEL WILDSCHWEIN GROSS - DIM:86x130x36CM GROUP 1 - Bogensportdiscount \u2013 B\u00f6gen, Pfeile, Targets &amp; Zubeh\u00f6r","isPartOf":{"@id":"https:\/\/bogensportdiscount.ch\/#website"},"primaryImageOfPage":{"@id":"https:\/\/bogensportdiscount.ch\/produkt\/wildlife-3d-ziel-wildschwein-gross-86x130x36cm-gruppe-1\/#primaryimage"},"image":{"@id":"https:\/\/bogensportdiscount.ch\/produkt\/wildlife-3d-ziel-wildschwein-gross-86x130x36cm-gruppe-1\/#primaryimage"},"thumbnailUrl":"https:\/\/bogensportdiscount.ch\/wp-content\/uploads\/bsm-images\/A001767_1.png","datePublished":"2026-04-05T12:22:52+00:00","dateModified":"2026-05-14T05:13:27+00:00","description":"WILD LIFE 3D-ZIEL WILDSCHWEIN GROSS - DIM:86x130x36CM GROUP 1 g\u00fcnstig kaufen bei Bogensportdiscount \u2013 Top-Marken, schneller Versand aus der Schweiz.","breadcrumb":{"@id":"https:\/\/bogensportdiscount.ch\/produkt\/wildlife-3d-ziel-wildschwein-gross-86x130x36cm-gruppe-1\/#breadcrumb"},"inLanguage":"fr-FR","potentialAction":[{"@type":"ReadAction","target":["https:\/\/bogensportdiscount.ch\/produkt\/wildlife-3d-ziel-wildschwein-gross-86x130x36cm-gruppe-1\/"]}]},{"@type":"ImageObject","inLanguage":"fr-FR","@id":"https:\/\/bogensportdiscount.ch\/produkt\/wildlife-3d-ziel-wildschwein-gross-86x130x36cm-gruppe-1\/#primaryimage","url":"https:\/\/bogensportdiscount.ch\/wp-content\/uploads\/bsm-images\/A001767_1.png","contentUrl":"https:\/\/bogensportdiscount.ch\/wp-content\/uploads\/bsm-images\/A001767_1.png","width":1772,"height":1181},{"@type":"BreadcrumbList","@id":"https:\/\/bogensportdiscount.ch\/produkt\/wildlife-3d-ziel-wildschwein-gross-86x130x36cm-gruppe-1\/#breadcrumb","itemListElement":[{"@type":"ListItem","position":1,"name":"Home","item":"https:\/\/bogensportdiscount.ch\/"},{"@type":"ListItem","position":2,"name":"Shop","item":"https:\/\/bogensportdiscount.ch\/shop\/"},{"@type":"ListItem","position":3,"name":"WILD LIFE 3D TARGET WILD BOAR LARGE &#8211; DIM:86x130x36CM GROUP 1"}]},{"@type":"WebSite","@id":"https:\/\/bogensportdiscount.ch\/#website","url":"https:\/\/bogensportdiscount.ch\/","name":"Bogensportdiscount","description":"","potentialAction":[{"@type":"SearchAction","target":{"@type":"EntryPoint","urlTemplate":"https:\/\/bogensportdiscount.ch\/?s={search_term_string}"},"query-input":{"@type":"PropertyValueSpecification","valueRequired":true,"valueName":"search_term_string"}}],"inLanguage":"fr-FR"}]}},"_links":{"self":[{"href":"https:\/\/bogensportdiscount.ch\/fr\/wp-json\/wp\/v2\/product\/391419","targetHints":{"allow":["GET"]}}],"collection":[{"href":"https:\/\/bogensportdiscount.ch\/fr\/wp-json\/wp\/v2\/product"}],"about":[{"href":"https:\/\/bogensportdiscount.ch\/fr\/wp-json\/wp\/v2\/types\/product"}],"replies":[{"embeddable":true,"href":"https:\/\/bogensportdiscount.ch\/fr\/wp-json\/wp\/v2\/comments?post=391419"}],"wp:featuredmedia":[{"embeddable":true,"href":"https:\/\/bogensportdiscount.ch\/fr\/wp-json\/wp\/v2\/media\/443127"}],"wp:attachment":[{"href":"https:\/\/bogensportdiscount.ch\/fr\/wp-json\/wp\/v2\/media?parent=391419"}],"wp:term":[{"taxonomy":"product_brand","embeddable":true,"href":"https:\/\/bogensportdiscount.ch\/fr\/wp-json\/wp\/v2\/product_brand?post=391419"},{"taxonomy":"product_cat","embeddable":true,"href":"https:\/\/bogensportdiscount.ch\/fr\/wp-json\/wp\/v2\/product_cat?post=391419"},{"taxonomy":"product_tag","embeddable":true,"href":"https:\/\/bogensportdiscount.ch\/fr\/wp-json\/wp\/v2\/product_tag?post=391419"}],"curies":[{"name":"wp","href":"https:\/\/api.w.org\/{rel}","templated":true}]}}