{"id":391415,"date":"2026-04-05T14:22:51","date_gmt":"2026-04-05T12:22:51","guid":{"rendered":"https:\/\/bogensportdiscount.ch\/produkt\/wild-life-3d-target-capercaillie-dim62x60x30cm-group-3\/"},"modified":"2026-05-14T07:13:27","modified_gmt":"2026-05-14T05:13:27","slug":"wildlife-3d-ziel-auerhuhn-62x60x30cm-gruppe-3","status":"publish","type":"product","link":"https:\/\/bogensportdiscount.ch\/fr\/produit\/wildlife-3d-ziel-auerhuhn-62x60x30cm-gruppe-3\/","title":{"rendered":"WILD LIFE CIBLE 3D GRAND T\u00c9TRAS &#8211; DIM:62x60x30CM GROUP 3"},"content":{"rendered":"<p>La cible 3D WILDLIFE Grand T\u00e9tras reproduit fid\u00e8lement ce gibier \u00e0 plumes embl\u00e9matique dans les dimensions 62\u00d760\u00d730 cm. En tant que cible de groupe 3, elle r\u00e9pond aux exigences des parcours 3D officiels de tir \u00e0 l'arc et permet un entra\u00eenement pratique avec des zones de touche r\u00e9alistes.<\/p>\n<p>La construction en mousse robuste est con\u00e7ue pour une extraction r\u00e9p\u00e9t\u00e9e des fl\u00e8ches et r\u00e9siste \u00e9galement \u00e0 une utilisation r\u00e9guli\u00e8re en ext\u00e9rieur. La cible convient aussi bien pour les clubs que pour les parcours priv\u00e9s.<\/p>\n<ul>\n<li>Dimensions : 62\u00d760\u00d730 cm<\/li>\n<li>Groupe 3 selon le r\u00e8glement de tir \u00e0 l'arc 3D<\/li>\n<li>Cat\u00e9gorie : Oiseau (grand t\u00e9tras)<\/li>\n<li>Mousse robuste pour une longue dur\u00e9e de vie<\/li>\n<\/ul>","protected":false},"excerpt":{"rendered":"<table>\n<tr>\n<th>Propri\u00e9t\u00e9<\/th>\n<th>Valeur<\/th>\n<\/tr>\n<tr>\n<td>Marque<\/td>\n<td>Wild Life<\/td>\n<\/tr>\n<tr>\n<td>Type<\/td>\n<td>Group 3<\/td>\n<\/tr>\n<tr>\n<td>Pays d'origine<\/td>\n<td>Italie<\/td>\n<\/tr>\n<\/table>","protected":false},"featured_media":447015,"comment_status":"open","ping_status":"closed","template":"","meta":[],"product_brand":[778],"product_cat":[4143,4144,4148],"product_tag":[3546],"class_list":{"0":"post-391415","1":"product","2":"type-product","3":"status-publish","4":"has-post-thumbnail","6":"product_brand-wildlife","7":"product_cat-ziele-auflagen","8":"product_cat-3d-ziele","9":"product_cat-voegel","10":"product_tag-neuheit","11":"product_shipping_class-bsd-standard","13":"first","14":"instock","15":"shipping-taxable","16":"purchasable","17":"product-type-simple"},"yoast_head":"<!-- This site is optimized with the Yoast SEO plugin v27.6 - https:\/\/yoast.com\/product\/yoast-seo-wordpress\/ -->\n<title>WILD LIFE 3D-ZIEL AUERHAHN - DIM:62x60x30CM GROUP 3 - Bogensportdiscount \u2013 B\u00f6gen, Pfeile, Targets &amp; Zubeh\u00f6r<\/title>\n<meta name=\"description\" content=\"WILD LIFE 3D-ZIEL AUERHAHN - DIM:62x60x30CM GROUP 3 g\u00fcnstig kaufen bei Bogensportdiscount \u2013 Top-Marken, schneller Versand aus der Schweiz.\" \/>\n<meta name=\"robots\" content=\"index, follow, max-snippet:-1, max-image-preview:large, max-video-preview:-1\" \/>\n<link rel=\"canonical\" href=\"https:\/\/bogensportdiscount.ch\/fr\/produit\/wildlife-3d-ziel-auerhuhn-62x60x30cm-gruppe-3\/\" \/>\n<meta property=\"og:locale\" content=\"fr_FR\" \/>\n<meta property=\"og:type\" content=\"article\" \/>\n<meta property=\"og:title\" content=\"WILD LIFE 3D-ZIEL AUERHAHN - DIM:62x60x30CM GROUP 3 - Bogensportdiscount \u2013 B\u00f6gen, Pfeile, Targets &amp; Zubeh\u00f6r\" \/>\n<meta property=\"og:description\" content=\"WILD LIFE 3D-ZIEL AUERHAHN - DIM:62x60x30CM GROUP 3 g\u00fcnstig kaufen bei Bogensportdiscount \u2013 Top-Marken, schneller Versand aus der Schweiz.\" \/>\n<meta property=\"og:url\" content=\"https:\/\/bogensportdiscount.ch\/fr\/produit\/wildlife-3d-ziel-auerhuhn-62x60x30cm-gruppe-3\/\" \/>\n<meta property=\"og:site_name\" content=\"Bogensportdiscount \u2013 B\u00f6gen, Pfeile, Targets &amp; Zubeh\u00f6r\" \/>\n<meta property=\"article:modified_time\" content=\"2026-05-14T05:13:27+00:00\" \/>\n<meta property=\"og:image\" content=\"https:\/\/bogensportdiscount.ch\/wp-content\/uploads\/bsm-images\/A001759_1.png\" \/>\n\t<meta property=\"og:image:width\" content=\"978\" \/>\n\t<meta property=\"og:image:height\" content=\"1173\" \/>\n\t<meta property=\"og:image:type\" content=\"image\/png\" \/>\n<meta name=\"twitter:card\" content=\"summary_large_image\" \/>\n<script type=\"application\/ld+json\" class=\"yoast-schema-graph\">{\"@context\":\"https:\\\/\\\/schema.org\",\"@graph\":[{\"@type\":\"WebPage\",\"@id\":\"https:\\\/\\\/bogensportdiscount.ch\\\/produkt\\\/wildlife-3d-ziel-auerhuhn-62x60x30cm-gruppe-3\\\/\",\"url\":\"https:\\\/\\\/bogensportdiscount.ch\\\/produkt\\\/wildlife-3d-ziel-auerhuhn-62x60x30cm-gruppe-3\\\/\",\"name\":\"WILD LIFE 3D-ZIEL AUERHAHN - DIM:62x60x30CM GROUP 3 - Bogensportdiscount \u2013 B\u00f6gen, Pfeile, Targets &amp; Zubeh\u00f6r\",\"isPartOf\":{\"@id\":\"https:\\\/\\\/bogensportdiscount.ch\\\/#website\"},\"primaryImageOfPage\":{\"@id\":\"https:\\\/\\\/bogensportdiscount.ch\\\/produkt\\\/wildlife-3d-ziel-auerhuhn-62x60x30cm-gruppe-3\\\/#primaryimage\"},\"image\":{\"@id\":\"https:\\\/\\\/bogensportdiscount.ch\\\/produkt\\\/wildlife-3d-ziel-auerhuhn-62x60x30cm-gruppe-3\\\/#primaryimage\"},\"thumbnailUrl\":\"https:\\\/\\\/bogensportdiscount.ch\\\/wp-content\\\/uploads\\\/bsm-images\\\/A001759_1.png\",\"datePublished\":\"2026-04-05T12:22:51+00:00\",\"dateModified\":\"2026-05-14T05:13:27+00:00\",\"description\":\"WILD LIFE 3D-ZIEL AUERHAHN - DIM:62x60x30CM GROUP 3 g\u00fcnstig kaufen bei Bogensportdiscount \u2013 Top-Marken, schneller Versand aus der Schweiz.\",\"breadcrumb\":{\"@id\":\"https:\\\/\\\/bogensportdiscount.ch\\\/produkt\\\/wildlife-3d-ziel-auerhuhn-62x60x30cm-gruppe-3\\\/#breadcrumb\"},\"inLanguage\":\"fr-FR\",\"potentialAction\":[{\"@type\":\"ReadAction\",\"target\":[\"https:\\\/\\\/bogensportdiscount.ch\\\/produkt\\\/wildlife-3d-ziel-auerhuhn-62x60x30cm-gruppe-3\\\/\"]}]},{\"@type\":\"ImageObject\",\"inLanguage\":\"fr-FR\",\"@id\":\"https:\\\/\\\/bogensportdiscount.ch\\\/produkt\\\/wildlife-3d-ziel-auerhuhn-62x60x30cm-gruppe-3\\\/#primaryimage\",\"url\":\"https:\\\/\\\/bogensportdiscount.ch\\\/wp-content\\\/uploads\\\/bsm-images\\\/A001759_1.png\",\"contentUrl\":\"https:\\\/\\\/bogensportdiscount.ch\\\/wp-content\\\/uploads\\\/bsm-images\\\/A001759_1.png\",\"width\":978,\"height\":1173},{\"@type\":\"BreadcrumbList\",\"@id\":\"https:\\\/\\\/bogensportdiscount.ch\\\/produkt\\\/wildlife-3d-ziel-auerhuhn-62x60x30cm-gruppe-3\\\/#breadcrumb\",\"itemListElement\":[{\"@type\":\"ListItem\",\"position\":1,\"name\":\"Home\",\"item\":\"https:\\\/\\\/bogensportdiscount.ch\\\/\"},{\"@type\":\"ListItem\",\"position\":2,\"name\":\"Shop\",\"item\":\"https:\\\/\\\/bogensportdiscount.ch\\\/shop\\\/\"},{\"@type\":\"ListItem\",\"position\":3,\"name\":\"WILD LIFE 3D TARGET CAPERCAILLIE &#8211; DIM:62x60x30CM GROUP 3\"}]},{\"@type\":\"WebSite\",\"@id\":\"https:\\\/\\\/bogensportdiscount.ch\\\/#website\",\"url\":\"https:\\\/\\\/bogensportdiscount.ch\\\/\",\"name\":\"Bogensportdiscount\",\"description\":\"\",\"potentialAction\":[{\"@type\":\"SearchAction\",\"target\":{\"@type\":\"EntryPoint\",\"urlTemplate\":\"https:\\\/\\\/bogensportdiscount.ch\\\/?s={search_term_string}\"},\"query-input\":{\"@type\":\"PropertyValueSpecification\",\"valueRequired\":true,\"valueName\":\"search_term_string\"}}],\"inLanguage\":\"fr-FR\"}]}<\/script>\n<!-- \/ Yoast SEO plugin. -->","yoast_head_json":{"title":"WILD LIFE 3D-ZIEL AUERHAHN - DIM:62x60x30CM GROUP 3 - Bogensportdiscount \u2013 B\u00f6gen, Pfeile, Targets &amp; Zubeh\u00f6r","description":"WILD LIFE 3D-ZIEL AUERHAHN - DIM:62x60x30CM GROUP 3 g\u00fcnstig kaufen bei Bogensportdiscount \u2013 Top-Marken, schneller Versand aus der Schweiz.","robots":{"index":"index","follow":"follow","max-snippet":"max-snippet:-1","max-image-preview":"max-image-preview:large","max-video-preview":"max-video-preview:-1"},"canonical":"https:\/\/bogensportdiscount.ch\/fr\/produit\/wildlife-3d-ziel-auerhuhn-62x60x30cm-gruppe-3\/","og_locale":"fr_FR","og_type":"article","og_title":"WILD LIFE 3D-ZIEL AUERHAHN - DIM:62x60x30CM GROUP 3 - Bogensportdiscount \u2013 B\u00f6gen, Pfeile, Targets &amp; Zubeh\u00f6r","og_description":"WILD LIFE 3D-ZIEL AUERHAHN - DIM:62x60x30CM GROUP 3 g\u00fcnstig kaufen bei Bogensportdiscount \u2013 Top-Marken, schneller Versand aus der Schweiz.","og_url":"https:\/\/bogensportdiscount.ch\/fr\/produit\/wildlife-3d-ziel-auerhuhn-62x60x30cm-gruppe-3\/","og_site_name":"Bogensportdiscount \u2013 B\u00f6gen, Pfeile, Targets &amp; Zubeh\u00f6r","article_modified_time":"2026-05-14T05:13:27+00:00","og_image":[{"width":978,"height":1173,"url":"https:\/\/bogensportdiscount.ch\/wp-content\/uploads\/bsm-images\/A001759_1.png","type":"image\/png"}],"twitter_card":"summary_large_image","schema":{"@context":"https:\/\/schema.org","@graph":[{"@type":"WebPage","@id":"https:\/\/bogensportdiscount.ch\/produkt\/wildlife-3d-ziel-auerhuhn-62x60x30cm-gruppe-3\/","url":"https:\/\/bogensportdiscount.ch\/produkt\/wildlife-3d-ziel-auerhuhn-62x60x30cm-gruppe-3\/","name":"WILD LIFE 3D-ZIEL AUERHAHN - DIM:62x60x30CM GROUP 3 - Bogensportdiscount \u2013 B\u00f6gen, Pfeile, Targets &amp; Zubeh\u00f6r","isPartOf":{"@id":"https:\/\/bogensportdiscount.ch\/#website"},"primaryImageOfPage":{"@id":"https:\/\/bogensportdiscount.ch\/produkt\/wildlife-3d-ziel-auerhuhn-62x60x30cm-gruppe-3\/#primaryimage"},"image":{"@id":"https:\/\/bogensportdiscount.ch\/produkt\/wildlife-3d-ziel-auerhuhn-62x60x30cm-gruppe-3\/#primaryimage"},"thumbnailUrl":"https:\/\/bogensportdiscount.ch\/wp-content\/uploads\/bsm-images\/A001759_1.png","datePublished":"2026-04-05T12:22:51+00:00","dateModified":"2026-05-14T05:13:27+00:00","description":"WILD LIFE 3D-ZIEL AUERHAHN - DIM:62x60x30CM GROUP 3 g\u00fcnstig kaufen bei Bogensportdiscount \u2013 Top-Marken, schneller Versand aus der Schweiz.","breadcrumb":{"@id":"https:\/\/bogensportdiscount.ch\/produkt\/wildlife-3d-ziel-auerhuhn-62x60x30cm-gruppe-3\/#breadcrumb"},"inLanguage":"fr-FR","potentialAction":[{"@type":"ReadAction","target":["https:\/\/bogensportdiscount.ch\/produkt\/wildlife-3d-ziel-auerhuhn-62x60x30cm-gruppe-3\/"]}]},{"@type":"ImageObject","inLanguage":"fr-FR","@id":"https:\/\/bogensportdiscount.ch\/produkt\/wildlife-3d-ziel-auerhuhn-62x60x30cm-gruppe-3\/#primaryimage","url":"https:\/\/bogensportdiscount.ch\/wp-content\/uploads\/bsm-images\/A001759_1.png","contentUrl":"https:\/\/bogensportdiscount.ch\/wp-content\/uploads\/bsm-images\/A001759_1.png","width":978,"height":1173},{"@type":"BreadcrumbList","@id":"https:\/\/bogensportdiscount.ch\/produkt\/wildlife-3d-ziel-auerhuhn-62x60x30cm-gruppe-3\/#breadcrumb","itemListElement":[{"@type":"ListItem","position":1,"name":"Home","item":"https:\/\/bogensportdiscount.ch\/"},{"@type":"ListItem","position":2,"name":"Shop","item":"https:\/\/bogensportdiscount.ch\/shop\/"},{"@type":"ListItem","position":3,"name":"WILD LIFE 3D TARGET CAPERCAILLIE &#8211; DIM:62x60x30CM GROUP 3"}]},{"@type":"WebSite","@id":"https:\/\/bogensportdiscount.ch\/#website","url":"https:\/\/bogensportdiscount.ch\/","name":"Bogensportdiscount","description":"","potentialAction":[{"@type":"SearchAction","target":{"@type":"EntryPoint","urlTemplate":"https:\/\/bogensportdiscount.ch\/?s={search_term_string}"},"query-input":{"@type":"PropertyValueSpecification","valueRequired":true,"valueName":"search_term_string"}}],"inLanguage":"fr-FR"}]}},"_links":{"self":[{"href":"https:\/\/bogensportdiscount.ch\/fr\/wp-json\/wp\/v2\/product\/391415","targetHints":{"allow":["GET"]}}],"collection":[{"href":"https:\/\/bogensportdiscount.ch\/fr\/wp-json\/wp\/v2\/product"}],"about":[{"href":"https:\/\/bogensportdiscount.ch\/fr\/wp-json\/wp\/v2\/types\/product"}],"replies":[{"embeddable":true,"href":"https:\/\/bogensportdiscount.ch\/fr\/wp-json\/wp\/v2\/comments?post=391415"}],"wp:featuredmedia":[{"embeddable":true,"href":"https:\/\/bogensportdiscount.ch\/fr\/wp-json\/wp\/v2\/media\/447015"}],"wp:attachment":[{"href":"https:\/\/bogensportdiscount.ch\/fr\/wp-json\/wp\/v2\/media?parent=391415"}],"wp:term":[{"taxonomy":"product_brand","embeddable":true,"href":"https:\/\/bogensportdiscount.ch\/fr\/wp-json\/wp\/v2\/product_brand?post=391415"},{"taxonomy":"product_cat","embeddable":true,"href":"https:\/\/bogensportdiscount.ch\/fr\/wp-json\/wp\/v2\/product_cat?post=391415"},{"taxonomy":"product_tag","embeddable":true,"href":"https:\/\/bogensportdiscount.ch\/fr\/wp-json\/wp\/v2\/product_tag?post=391415"}],"curies":[{"name":"wp","href":"https:\/\/api.w.org\/{rel}","templated":true}]}}