{"id":391373,"date":"2026-04-05T14:22:43","date_gmt":"2026-04-05T12:22:43","guid":{"rendered":"https:\/\/bogensportdiscount.ch\/produkt\/natur-foam-3d-target-giant-turtle\/"},"modified":"2026-04-15T12:09:59","modified_gmt":"2026-04-15T10:09:59","slug":"naturfoam-3d-ziel-giant-turtle","status":"publish","type":"product","link":"https:\/\/bogensportdiscount.ch\/fr\/produit\/naturfoam-3d-ziel-giant-turtle\/","title":{"rendered":"NATUR FOAM 3D TARGET GIANT TURTLE"},"content":{"rendered":"<p>Das NATURFOAM Giant Turtle ist ein 3D-Ziel in Schildkr\u00f6tenform aus hochwertigem Schaumstoff. Die grossformatige Ausf\u00fchrung macht es besonders geeignet f\u00fcr 3D-Parcours, auf denen naturalistische Tiermodelle eingesetzt werden.<\/p>\n<p>Das Ziel ist f\u00fcr den Einsatz im Freien konzipiert und bietet Bogensch\u00fctzen eine praxisnahe Trainingsm\u00f6glichkeit mit einem grossen, klar definierten Zielobjekt. Dank der Schaumstoffkonstruktion lassen sich Pfeile einfach entnehmen.<\/p>\n<ul>\n<li>Grossformatiges 3D-Ziel in Schildkr\u00f6tenform<\/li>\n<li>Hergestellt aus robustem Schaumstoff<\/li>\n<li>Geeignet f\u00fcr 3D-Parcours und Training im Freien<\/li>\n<li>Realistische Tierdarstellung<\/li>\n<\/ul>","protected":false},"excerpt":{"rendered":"<p><strong>Marque :<\/strong> Natur Foam<br \/><strong>Typ:<\/strong> Group 1\/2<\/p>","protected":false},"featured_media":443133,"comment_status":"open","ping_status":"closed","template":"","meta":[],"product_brand":[412],"product_cat":[4318],"product_tag":[3546],"class_list":{"0":"post-391373","1":"product","2":"type-product","3":"status-publish","4":"has-post-thumbnail","6":"product_brand-naturfoam","7":"product_cat-amphibien-reptilien","8":"product_tag-neuheit","10":"first","11":"instock","12":"shipping-taxable","13":"purchasable","14":"product-type-simple"},"_links":{"self":[{"href":"https:\/\/bogensportdiscount.ch\/fr\/wp-json\/wp\/v2\/product\/391373","targetHints":{"allow":["GET"]}}],"collection":[{"href":"https:\/\/bogensportdiscount.ch\/fr\/wp-json\/wp\/v2\/product"}],"about":[{"href":"https:\/\/bogensportdiscount.ch\/fr\/wp-json\/wp\/v2\/types\/product"}],"replies":[{"embeddable":true,"href":"https:\/\/bogensportdiscount.ch\/fr\/wp-json\/wp\/v2\/comments?post=391373"}],"wp:featuredmedia":[{"embeddable":true,"href":"https:\/\/bogensportdiscount.ch\/fr\/wp-json\/wp\/v2\/media\/443133"}],"wp:attachment":[{"href":"https:\/\/bogensportdiscount.ch\/fr\/wp-json\/wp\/v2\/media?parent=391373"}],"wp:term":[{"taxonomy":"product_brand","embeddable":true,"href":"https:\/\/bogensportdiscount.ch\/fr\/wp-json\/wp\/v2\/product_brand?post=391373"},{"taxonomy":"product_cat","embeddable":true,"href":"https:\/\/bogensportdiscount.ch\/fr\/wp-json\/wp\/v2\/product_cat?post=391373"},{"taxonomy":"product_tag","embeddable":true,"href":"https:\/\/bogensportdiscount.ch\/fr\/wp-json\/wp\/v2\/product_tag?post=391373"}],"curies":[{"name":"wp","href":"https:\/\/api.w.org\/{rel}","templated":true}]}}