{"id":391371,"date":"2026-04-05T14:22:43","date_gmt":"2026-04-05T12:22:43","guid":{"rendered":"https:\/\/bogensportdiscount.ch\/produkt\/natur-foam-3d-target-penguin-emperor\/"},"modified":"2026-04-15T12:09:59","modified_gmt":"2026-04-15T10:09:59","slug":"naturfoam-3d-ziel-penguin-emperor","status":"publish","type":"product","link":"https:\/\/bogensportdiscount.ch\/fr\/produit\/naturfoam-3d-ziel-penguin-emperor\/","title":{"rendered":"NATUR FOAM 3D TARGET PENGUIN EMPEROR"},"content":{"rendered":"<p>Der NATURFOAM Penguin Emperor ist ein 3D-Ziel aus Schaumstoff, das einen Kaiserpinguin naturgetreu darstellt. Solche 3D-Ziele werden im Bogensport f\u00fcr das Training unter realistischen Bedingungen sowie f\u00fcr offizielle 3D-Turniere in der Kategorie V\u00f6gel eingesetzt.<\/p>\n<p>NATURFOAM ist bekannt f\u00fcr detailgetreue und witterungsbest\u00e4ndige 3D-Schaumstoffziele, die f\u00fcr den Ausseneinsatz geeignet sind. Der Schaumstoff ist so konzipiert, dass er Pfeile sicher aufnimmt und eine einfache Entnahme erm\u00f6glicht.<\/p>\n<ul>\n<li>Naturgetreue Darstellung eines Kaiserpinguins<\/li>\n<li>Geeignet f\u00fcr Training und 3D-Turniere<\/li>\n<li>Schaumstoffkonstruktion f\u00fcr einfache Pfeilentnahme<\/li>\n<li>Witterungsbest\u00e4ndig f\u00fcr den Einsatz im Freien<\/li>\n<\/ul>","protected":false},"excerpt":{"rendered":"<p><strong>Marque :<\/strong> Natur Foam<br \/><strong>Typ:<\/strong> Group 1<\/p>","protected":false},"featured_media":452256,"comment_status":"open","ping_status":"closed","template":"","meta":[],"product_brand":[412],"product_cat":[4148],"product_tag":[3546],"class_list":{"0":"post-391371","1":"product","2":"type-product","3":"status-publish","4":"has-post-thumbnail","6":"product_brand-naturfoam","7":"product_cat-voegel-3d-ziele-ziele-auflagen","8":"product_tag-neuheit","10":"first","11":"instock","12":"shipping-taxable","13":"purchasable","14":"product-type-simple"},"_links":{"self":[{"href":"https:\/\/bogensportdiscount.ch\/fr\/wp-json\/wp\/v2\/product\/391371","targetHints":{"allow":["GET"]}}],"collection":[{"href":"https:\/\/bogensportdiscount.ch\/fr\/wp-json\/wp\/v2\/product"}],"about":[{"href":"https:\/\/bogensportdiscount.ch\/fr\/wp-json\/wp\/v2\/types\/product"}],"replies":[{"embeddable":true,"href":"https:\/\/bogensportdiscount.ch\/fr\/wp-json\/wp\/v2\/comments?post=391371"}],"wp:featuredmedia":[{"embeddable":true,"href":"https:\/\/bogensportdiscount.ch\/fr\/wp-json\/wp\/v2\/media\/452256"}],"wp:attachment":[{"href":"https:\/\/bogensportdiscount.ch\/fr\/wp-json\/wp\/v2\/media?parent=391371"}],"wp:term":[{"taxonomy":"product_brand","embeddable":true,"href":"https:\/\/bogensportdiscount.ch\/fr\/wp-json\/wp\/v2\/product_brand?post=391371"},{"taxonomy":"product_cat","embeddable":true,"href":"https:\/\/bogensportdiscount.ch\/fr\/wp-json\/wp\/v2\/product_cat?post=391371"},{"taxonomy":"product_tag","embeddable":true,"href":"https:\/\/bogensportdiscount.ch\/fr\/wp-json\/wp\/v2\/product_tag?post=391371"}],"curies":[{"name":"wp","href":"https:\/\/api.w.org\/{rel}","templated":true}]}}