{"id":391367,"date":"2026-04-05T14:22:42","date_gmt":"2026-04-05T12:22:42","guid":{"rendered":"https:\/\/bogensportdiscount.ch\/produkt\/natur-foam-3d-target-ostrich\/"},"modified":"2026-04-15T12:09:59","modified_gmt":"2026-04-15T10:09:59","slug":"naturfoam-3d-ziel-strauss","status":"publish","type":"product","link":"https:\/\/bogensportdiscount.ch\/fr\/produit\/naturfoam-3d-ziel-strauss\/","title":{"rendered":"NATUR FOAM 3D TARGET OSTRICH"},"content":{"rendered":"<p>Das NATURFOAM 3D-Ziel Strauss ist eine detailgetreue Schaumstoffnachbildung eines Strausses und wurde speziell f\u00fcr das 3D-Bogenschiessen entwickelt. Die naturalistische Darstellung erm\u00f6glicht ein praxisnahes Training unter parcour\u00e4hnlichen Bedingungen.<\/p>\n<p>Dank der robusten Schaumstoffkonstruktion ist das Ziel auf Langlebigkeit ausgelegt und h\u00e4lt mehrfachem Beschuss mit Bogenpfeilen stand. Es eignet sich sowohl f\u00fcr den station\u00e4ren Einsatz auf dem eigenen Grundst\u00fcck als auch f\u00fcr den Aufbau auf 3D-Parcours.<\/p>\n<ul>\n<li>Naturgetreue Straussdarstellung aus Schaumstoff<\/li>\n<li>Geeignet f\u00fcr 3D-Parcours und Training im Freien<\/li>\n<li>F\u00fcr Recurve- und Compoundbogen geeignet<\/li>\n<li>Robuste Schaumstoffkonstruktion f\u00fcr langen Einsatz<\/li>\n<\/ul>","protected":false},"excerpt":{"rendered":"<p><strong>Marque :<\/strong> Natur Foam<br \/><strong>Typ:<\/strong> Group 1<\/p>","protected":false},"featured_media":452252,"comment_status":"open","ping_status":"closed","template":"","meta":[],"product_brand":[412],"product_cat":[4148],"product_tag":[3546],"class_list":{"0":"post-391367","1":"product","2":"type-product","3":"status-publish","4":"has-post-thumbnail","6":"product_brand-naturfoam","7":"product_cat-voegel-3d-ziele-ziele-auflagen","8":"product_tag-neuheit","10":"first","11":"instock","12":"shipping-taxable","13":"purchasable","14":"product-type-simple"},"_links":{"self":[{"href":"https:\/\/bogensportdiscount.ch\/fr\/wp-json\/wp\/v2\/product\/391367","targetHints":{"allow":["GET"]}}],"collection":[{"href":"https:\/\/bogensportdiscount.ch\/fr\/wp-json\/wp\/v2\/product"}],"about":[{"href":"https:\/\/bogensportdiscount.ch\/fr\/wp-json\/wp\/v2\/types\/product"}],"replies":[{"embeddable":true,"href":"https:\/\/bogensportdiscount.ch\/fr\/wp-json\/wp\/v2\/comments?post=391367"}],"wp:featuredmedia":[{"embeddable":true,"href":"https:\/\/bogensportdiscount.ch\/fr\/wp-json\/wp\/v2\/media\/452252"}],"wp:attachment":[{"href":"https:\/\/bogensportdiscount.ch\/fr\/wp-json\/wp\/v2\/media?parent=391367"}],"wp:term":[{"taxonomy":"product_brand","embeddable":true,"href":"https:\/\/bogensportdiscount.ch\/fr\/wp-json\/wp\/v2\/product_brand?post=391367"},{"taxonomy":"product_cat","embeddable":true,"href":"https:\/\/bogensportdiscount.ch\/fr\/wp-json\/wp\/v2\/product_cat?post=391367"},{"taxonomy":"product_tag","embeddable":true,"href":"https:\/\/bogensportdiscount.ch\/fr\/wp-json\/wp\/v2\/product_tag?post=391367"}],"curies":[{"name":"wp","href":"https:\/\/api.w.org\/{rel}","templated":true}]}}