{"id":391352,"date":"2026-04-05T14:22:39","date_gmt":"2026-04-05T12:22:39","guid":{"rendered":"https:\/\/bogensportdiscount.ch\/produkt\/natur-foam-3d-target-weasel-standing\/"},"modified":"2026-05-14T07:13:26","modified_gmt":"2026-05-14T05:13:26","slug":"naturfoam-3d-ziel-wiesel-stehend","status":"publish","type":"product","link":"https:\/\/bogensportdiscount.ch\/fr\/produit\/naturfoam-3d-ziel-wiesel-stehend\/","title":{"rendered":"CIBLE 3D MOUSSE NATURELLE BELETTE &#8211; debout"},"content":{"rendered":"<p>La cible 3D NATURFOAM Belette debout est une cible en mousse en forme de belette debout. Ce type de cibles 3D est utilis\u00e9 dans le tir \u00e0 l'arc 3D, o\u00f9 les tireurs visent des reproductions r\u00e9alistes d'animaux afin de simuler des situations de chasse ou de plein air.<\/p>\n<p>La cible est compos\u00e9e d'une mousse r\u00e9sistante qui retient les fl\u00e8ches de mani\u00e8re s\u00fbre et permet une extraction facile. Gr\u00e2ce \u00e0 la taille compacte de la belette, cette cible convient particuli\u00e8rement pour une utilisation sur des parcours 3D ou dans le jardin.<\/p>\n<ul>\n<li>Repr\u00e9sentation r\u00e9aliste d'une belette debout<\/li>\n<li>Convient pour le tir \u00e0 l'arc 3D et l'entra\u00eenement sur parcours<\/li>\n<li>Construction en mousse pour une extraction facile des fl\u00e8ches<\/li>\n<li>De NATURFOAM, un sp\u00e9cialiste des cibles 3D en mousse<\/li>\n<\/ul>","protected":false},"excerpt":{"rendered":"<table>\n<tr>\n<th>Propri\u00e9t\u00e9<\/th>\n<th>Valeur<\/th>\n<\/tr>\n<tr>\n<td>Marque<\/td>\n<td>Natur Foam<\/td>\n<\/tr>\n<tr>\n<td>Type<\/td>\n<td>Group 4<\/td>\n<\/tr>\n<tr>\n<td>Pays d'origine<\/td>\n<td>France<\/td>\n<\/tr>\n<\/table>","protected":false},"featured_media":452239,"comment_status":"open","ping_status":"closed","template":"","meta":[],"product_brand":[412],"product_cat":[4143,4144,4314],"product_tag":[3546],"class_list":{"0":"post-391352","1":"product","2":"type-product","3":"status-publish","4":"has-post-thumbnail","6":"product_brand-naturfoam","7":"product_cat-ziele-auflagen","8":"product_cat-3d-ziele","9":"product_cat-kleine-raubtiere","10":"product_tag-neuheit","11":"product_shipping_class-bsd-standard","13":"first","14":"instock","15":"shipping-taxable","16":"purchasable","17":"product-type-simple"},"yoast_head":"<!-- This site is optimized with the Yoast SEO plugin v27.6 - https:\/\/yoast.com\/product\/yoast-seo-wordpress\/ -->\n<title>NATUR FOAM CIBLE 3D BELLEVUE - MOD\u00c8LE SUR PIED - Bogensportdiscount \u2013 Arcs, fl\u00e8ches, cibles et accessoires<\/title>\n<meta name=\"description\" content=\"NATUR FOAM CIBLE 3D BELLEV\u00c8RE - MOD\u00c8LE SUR PIED : achetez-la \u00e0 prix avantageux chez Bogensportdiscount \u2013 Les meilleures marques, livraison rapide depuis la Suisse.\" \/>\n<meta name=\"robots\" content=\"index, follow, max-snippet:-1, max-image-preview:large, max-video-preview:-1\" \/>\n<link rel=\"canonical\" href=\"https:\/\/bogensportdiscount.ch\/fr\/produit\/naturfoam-3d-ziel-wiesel-stehend\/\" \/>\n<meta property=\"og:locale\" content=\"fr_FR\" \/>\n<meta property=\"og:type\" content=\"article\" \/>\n<meta property=\"og:title\" content=\"NATUR FOAM CIBLE 3D BELLEVUE - MOD\u00c8LE SUR PIED - Bogensportdiscount \u2013 Arcs, fl\u00e8ches, cibles et accessoires\" \/>\n<meta property=\"og:description\" content=\"NATUR FOAM CIBLE 3D BELLEV\u00c8RE - MOD\u00c8LE SUR PIED : achetez-la \u00e0 prix avantageux chez Bogensportdiscount \u2013 Les meilleures marques, livraison rapide depuis la Suisse.\" \/>\n<meta property=\"og:url\" content=\"https:\/\/bogensportdiscount.ch\/fr\/produit\/naturfoam-3d-ziel-wiesel-stehend\/\" \/>\n<meta property=\"og:site_name\" content=\"Bogensportdiscount \u2013 B\u00f6gen, Pfeile, Targets &amp; Zubeh\u00f6r\" \/>\n<meta property=\"article:modified_time\" content=\"2026-05-14T05:13:26+00:00\" \/>\n<meta property=\"og:image\" content=\"https:\/\/bogensportdiscount.ch\/wp-content\/uploads\/bsm-images\/a001673_1.jpg\" \/>\n\t<meta property=\"og:image:width\" content=\"400\" \/>\n\t<meta property=\"og:image:height\" content=\"250\" \/>\n\t<meta property=\"og:image:type\" content=\"image\/jpeg\" \/>\n<meta name=\"twitter:card\" content=\"summary_large_image\" \/>\n<script type=\"application\/ld+json\" class=\"yoast-schema-graph\">{\"@context\":\"https:\\\/\\\/schema.org\",\"@graph\":[{\"@type\":\"WebPage\",\"@id\":\"https:\\\/\\\/bogensportdiscount.ch\\\/produkt\\\/naturfoam-3d-ziel-wiesel-stehend\\\/\",\"url\":\"https:\\\/\\\/bogensportdiscount.ch\\\/produkt\\\/naturfoam-3d-ziel-wiesel-stehend\\\/\",\"name\":\"NATUR FOAM 3D-Ziel Wiesel - stehend - Bogensportdiscount \u2013 B\u00f6gen, Pfeile, Targets &amp; Zubeh\u00f6r\",\"isPartOf\":{\"@id\":\"https:\\\/\\\/bogensportdiscount.ch\\\/#website\"},\"primaryImageOfPage\":{\"@id\":\"https:\\\/\\\/bogensportdiscount.ch\\\/produkt\\\/naturfoam-3d-ziel-wiesel-stehend\\\/#primaryimage\"},\"image\":{\"@id\":\"https:\\\/\\\/bogensportdiscount.ch\\\/produkt\\\/naturfoam-3d-ziel-wiesel-stehend\\\/#primaryimage\"},\"thumbnailUrl\":\"https:\\\/\\\/bogensportdiscount.ch\\\/wp-content\\\/uploads\\\/bsm-images\\\/a001673_1.jpg\",\"datePublished\":\"2026-04-05T12:22:39+00:00\",\"dateModified\":\"2026-05-14T05:13:26+00:00\",\"description\":\"NATUR FOAM 3D-Ziel Wiesel - stehend g\u00fcnstig kaufen bei Bogensportdiscount \u2013 Top-Marken, schneller Versand aus der Schweiz.\",\"breadcrumb\":{\"@id\":\"https:\\\/\\\/bogensportdiscount.ch\\\/produkt\\\/naturfoam-3d-ziel-wiesel-stehend\\\/#breadcrumb\"},\"inLanguage\":\"fr-FR\",\"potentialAction\":[{\"@type\":\"ReadAction\",\"target\":[\"https:\\\/\\\/bogensportdiscount.ch\\\/produkt\\\/naturfoam-3d-ziel-wiesel-stehend\\\/\"]}]},{\"@type\":\"ImageObject\",\"inLanguage\":\"fr-FR\",\"@id\":\"https:\\\/\\\/bogensportdiscount.ch\\\/produkt\\\/naturfoam-3d-ziel-wiesel-stehend\\\/#primaryimage\",\"url\":\"https:\\\/\\\/bogensportdiscount.ch\\\/wp-content\\\/uploads\\\/bsm-images\\\/a001673_1.jpg\",\"contentUrl\":\"https:\\\/\\\/bogensportdiscount.ch\\\/wp-content\\\/uploads\\\/bsm-images\\\/a001673_1.jpg\",\"width\":400,\"height\":250},{\"@type\":\"BreadcrumbList\",\"@id\":\"https:\\\/\\\/bogensportdiscount.ch\\\/produkt\\\/naturfoam-3d-ziel-wiesel-stehend\\\/#breadcrumb\",\"itemListElement\":[{\"@type\":\"ListItem\",\"position\":1,\"name\":\"Home\",\"item\":\"https:\\\/\\\/bogensportdiscount.ch\\\/\"},{\"@type\":\"ListItem\",\"position\":2,\"name\":\"Shop\",\"item\":\"https:\\\/\\\/bogensportdiscount.ch\\\/shop\\\/\"},{\"@type\":\"ListItem\",\"position\":3,\"name\":\"NATUR FOAM 3D TARGET WEASEL &#8211; STANDING\"}]},{\"@type\":\"WebSite\",\"@id\":\"https:\\\/\\\/bogensportdiscount.ch\\\/#website\",\"url\":\"https:\\\/\\\/bogensportdiscount.ch\\\/\",\"name\":\"Bogensportdiscount\",\"description\":\"\",\"potentialAction\":[{\"@type\":\"SearchAction\",\"target\":{\"@type\":\"EntryPoint\",\"urlTemplate\":\"https:\\\/\\\/bogensportdiscount.ch\\\/?s={search_term_string}\"},\"query-input\":{\"@type\":\"PropertyValueSpecification\",\"valueRequired\":true,\"valueName\":\"search_term_string\"}}],\"inLanguage\":\"fr-FR\"}]}<\/script>\n<!-- \/ Yoast SEO plugin. -->","yoast_head_json":{"title":"NATUR FOAM CIBLE 3D BELLEVUE - MOD\u00c8LE SUR PIED - Bogensportdiscount \u2013 Arcs, fl\u00e8ches, cibles et accessoires","description":"NATUR FOAM CIBLE 3D BELLEV\u00c8RE - MOD\u00c8LE SUR PIED : achetez-la \u00e0 prix avantageux chez Bogensportdiscount \u2013 Les meilleures marques, livraison rapide depuis la Suisse.","robots":{"index":"index","follow":"follow","max-snippet":"max-snippet:-1","max-image-preview":"max-image-preview:large","max-video-preview":"max-video-preview:-1"},"canonical":"https:\/\/bogensportdiscount.ch\/fr\/produit\/naturfoam-3d-ziel-wiesel-stehend\/","og_locale":"fr_FR","og_type":"article","og_title":"NATUR FOAM CIBLE 3D BELLEVUE - MOD\u00c8LE SUR PIED - Bogensportdiscount \u2013 Arcs, fl\u00e8ches, cibles et accessoires","og_description":"NATUR FOAM CIBLE 3D BELLEV\u00c8RE - MOD\u00c8LE SUR PIED : achetez-la \u00e0 prix avantageux chez Bogensportdiscount \u2013 Les meilleures marques, livraison rapide depuis la Suisse.","og_url":"https:\/\/bogensportdiscount.ch\/fr\/produit\/naturfoam-3d-ziel-wiesel-stehend\/","og_site_name":"Bogensportdiscount \u2013 B\u00f6gen, Pfeile, Targets &amp; Zubeh\u00f6r","article_modified_time":"2026-05-14T05:13:26+00:00","og_image":[{"width":400,"height":250,"url":"https:\/\/bogensportdiscount.ch\/wp-content\/uploads\/bsm-images\/a001673_1.jpg","type":"image\/jpeg"}],"twitter_card":"summary_large_image","schema":{"@context":"https:\/\/schema.org","@graph":[{"@type":"WebPage","@id":"https:\/\/bogensportdiscount.ch\/produkt\/naturfoam-3d-ziel-wiesel-stehend\/","url":"https:\/\/bogensportdiscount.ch\/produkt\/naturfoam-3d-ziel-wiesel-stehend\/","name":"NATUR FOAM 3D-Ziel Wiesel - stehend - Bogensportdiscount \u2013 B\u00f6gen, Pfeile, Targets &amp; Zubeh\u00f6r","isPartOf":{"@id":"https:\/\/bogensportdiscount.ch\/#website"},"primaryImageOfPage":{"@id":"https:\/\/bogensportdiscount.ch\/produkt\/naturfoam-3d-ziel-wiesel-stehend\/#primaryimage"},"image":{"@id":"https:\/\/bogensportdiscount.ch\/produkt\/naturfoam-3d-ziel-wiesel-stehend\/#primaryimage"},"thumbnailUrl":"https:\/\/bogensportdiscount.ch\/wp-content\/uploads\/bsm-images\/a001673_1.jpg","datePublished":"2026-04-05T12:22:39+00:00","dateModified":"2026-05-14T05:13:26+00:00","description":"NATUR FOAM 3D-Ziel Wiesel - stehend g\u00fcnstig kaufen bei Bogensportdiscount \u2013 Top-Marken, schneller Versand aus der Schweiz.","breadcrumb":{"@id":"https:\/\/bogensportdiscount.ch\/produkt\/naturfoam-3d-ziel-wiesel-stehend\/#breadcrumb"},"inLanguage":"fr-FR","potentialAction":[{"@type":"ReadAction","target":["https:\/\/bogensportdiscount.ch\/produkt\/naturfoam-3d-ziel-wiesel-stehend\/"]}]},{"@type":"ImageObject","inLanguage":"fr-FR","@id":"https:\/\/bogensportdiscount.ch\/produkt\/naturfoam-3d-ziel-wiesel-stehend\/#primaryimage","url":"https:\/\/bogensportdiscount.ch\/wp-content\/uploads\/bsm-images\/a001673_1.jpg","contentUrl":"https:\/\/bogensportdiscount.ch\/wp-content\/uploads\/bsm-images\/a001673_1.jpg","width":400,"height":250},{"@type":"BreadcrumbList","@id":"https:\/\/bogensportdiscount.ch\/produkt\/naturfoam-3d-ziel-wiesel-stehend\/#breadcrumb","itemListElement":[{"@type":"ListItem","position":1,"name":"Home","item":"https:\/\/bogensportdiscount.ch\/"},{"@type":"ListItem","position":2,"name":"Shop","item":"https:\/\/bogensportdiscount.ch\/shop\/"},{"@type":"ListItem","position":3,"name":"NATUR FOAM 3D TARGET WEASEL &#8211; STANDING"}]},{"@type":"WebSite","@id":"https:\/\/bogensportdiscount.ch\/#website","url":"https:\/\/bogensportdiscount.ch\/","name":"Bogensportdiscount","description":"","potentialAction":[{"@type":"SearchAction","target":{"@type":"EntryPoint","urlTemplate":"https:\/\/bogensportdiscount.ch\/?s={search_term_string}"},"query-input":{"@type":"PropertyValueSpecification","valueRequired":true,"valueName":"search_term_string"}}],"inLanguage":"fr-FR"}]}},"_links":{"self":[{"href":"https:\/\/bogensportdiscount.ch\/fr\/wp-json\/wp\/v2\/product\/391352","targetHints":{"allow":["GET"]}}],"collection":[{"href":"https:\/\/bogensportdiscount.ch\/fr\/wp-json\/wp\/v2\/product"}],"about":[{"href":"https:\/\/bogensportdiscount.ch\/fr\/wp-json\/wp\/v2\/types\/product"}],"replies":[{"embeddable":true,"href":"https:\/\/bogensportdiscount.ch\/fr\/wp-json\/wp\/v2\/comments?post=391352"}],"wp:featuredmedia":[{"embeddable":true,"href":"https:\/\/bogensportdiscount.ch\/fr\/wp-json\/wp\/v2\/media\/452239"}],"wp:attachment":[{"href":"https:\/\/bogensportdiscount.ch\/fr\/wp-json\/wp\/v2\/media?parent=391352"}],"wp:term":[{"taxonomy":"product_brand","embeddable":true,"href":"https:\/\/bogensportdiscount.ch\/fr\/wp-json\/wp\/v2\/product_brand?post=391352"},{"taxonomy":"product_cat","embeddable":true,"href":"https:\/\/bogensportdiscount.ch\/fr\/wp-json\/wp\/v2\/product_cat?post=391352"},{"taxonomy":"product_tag","embeddable":true,"href":"https:\/\/bogensportdiscount.ch\/fr\/wp-json\/wp\/v2\/product_tag?post=391352"}],"curies":[{"name":"wp","href":"https:\/\/api.w.org\/{rel}","templated":true}]}}