{"id":391335,"date":"2026-04-05T14:22:36","date_gmt":"2026-04-05T12:22:36","guid":{"rendered":"https:\/\/bogensportdiscount.ch\/produkt\/natur-foam-3d-target-hedgehog\/"},"modified":"2026-04-15T12:09:58","modified_gmt":"2026-04-15T10:09:58","slug":"naturfoam-3d-ziel-hedgehog","status":"publish","type":"product","link":"https:\/\/bogensportdiscount.ch\/fr\/produit\/naturfoam-3d-ziel-hedgehog\/","title":{"rendered":"NATUR FOAM 3D TARGET HEDGEHOG"},"content":{"rendered":"<p>Das NATURFOAM Hedgehog ist ein 3D-Schaumstoffziel in Form eines Igels. Solche Ziele werden beim 3D-Bogenschiessen eingesetzt, um das Ansprechen und den Beschuss von Wildtieren unter praxisnahen Bedingungen zu \u00fcben.<\/p>\n<p>Dank der Fertigung aus robustem Schaumstoff ist das Ziel selbstschliessend und erm\u00f6glicht das einfache Entnehmen der Pfeile, ohne das Material dauerhaft zu besch\u00e4digen. Die detaillierte Formgebung macht das Ziel sowohl f\u00fcr den privaten Einsatz als auch f\u00fcr offizielle 3D-Parcours geeignet.<\/p>\n<ul>\n<li>Naturgetreue 3D-Darstellung eines Igels<\/li>\n<li>Selbstschliessendes Schaumstoffmaterial<\/li>\n<li>Geeignet f\u00fcr Training und 3D-Parcours<\/li>\n<li>Einfache Pfeilentnahme<\/li>\n<\/ul>","protected":false},"excerpt":{"rendered":"<p><strong>Marque :<\/strong> Natur Foam<br \/><strong>Typ:<\/strong> Group 4<\/p>","protected":false},"featured_media":452222,"comment_status":"open","ping_status":"closed","template":"","meta":[],"product_brand":[412],"product_cat":[4314],"product_tag":[3546],"class_list":{"0":"post-391335","1":"product","2":"type-product","3":"status-publish","4":"has-post-thumbnail","6":"product_brand-naturfoam","7":"product_cat-kleine-raubtiere","8":"product_tag-neuheit","10":"first","11":"instock","12":"shipping-taxable","13":"purchasable","14":"product-type-simple"},"_links":{"self":[{"href":"https:\/\/bogensportdiscount.ch\/fr\/wp-json\/wp\/v2\/product\/391335","targetHints":{"allow":["GET"]}}],"collection":[{"href":"https:\/\/bogensportdiscount.ch\/fr\/wp-json\/wp\/v2\/product"}],"about":[{"href":"https:\/\/bogensportdiscount.ch\/fr\/wp-json\/wp\/v2\/types\/product"}],"replies":[{"embeddable":true,"href":"https:\/\/bogensportdiscount.ch\/fr\/wp-json\/wp\/v2\/comments?post=391335"}],"wp:featuredmedia":[{"embeddable":true,"href":"https:\/\/bogensportdiscount.ch\/fr\/wp-json\/wp\/v2\/media\/452222"}],"wp:attachment":[{"href":"https:\/\/bogensportdiscount.ch\/fr\/wp-json\/wp\/v2\/media?parent=391335"}],"wp:term":[{"taxonomy":"product_brand","embeddable":true,"href":"https:\/\/bogensportdiscount.ch\/fr\/wp-json\/wp\/v2\/product_brand?post=391335"},{"taxonomy":"product_cat","embeddable":true,"href":"https:\/\/bogensportdiscount.ch\/fr\/wp-json\/wp\/v2\/product_cat?post=391335"},{"taxonomy":"product_tag","embeddable":true,"href":"https:\/\/bogensportdiscount.ch\/fr\/wp-json\/wp\/v2\/product_tag?post=391335"}],"curies":[{"name":"wp","href":"https:\/\/api.w.org\/{rel}","templated":true}]}}