{"id":391334,"date":"2026-04-05T14:22:35","date_gmt":"2026-04-05T12:22:35","guid":{"rendered":"https:\/\/bogensportdiscount.ch\/produkt\/natur-foam-3d-target-fox-sitting\/"},"modified":"2026-04-15T12:09:58","modified_gmt":"2026-04-15T10:09:58","slug":"naturfoam-3d-ziel-fuchs-sitzend","status":"publish","type":"product","link":"https:\/\/bogensportdiscount.ch\/fr\/produit\/naturfoam-3d-ziel-fuchs-sitzend\/","title":{"rendered":"NATUR FOAM 3D TARGET FOX - SITTING"},"content":{"rendered":"<p>Das NATURFOAM 3D-Ziel Fuchs sitzend ist ein Schaumstoffziel in Form eines sitzenden Fuchses und richtet sich an Bogensch\u00fctzen, die auf einem 3D-Parcours oder im eigenen Garten realistische Wildtierszenarien trainieren m\u00f6chten. Die Schaumstoff-Konstruktion ist auf Pfeile ausgelegt und erm\u00f6glicht eine einfache Entnahme der Pfeile nach dem Schuss.<\/p>\n<p>Durch die naturgetreue Gestaltung bietet das Ziel einen praxisnahen Trainingsreiz und kann sowohl f\u00fcr sportliche als auch jagdliche Schiessdisziplinen eingesetzt werden.<\/p>\n<ul>\n<li>Lebensechte Darstellung eines sitzenden Fuchses<\/li>\n<li>Geeignet f\u00fcr 3D-Parcours und privates Training<\/li>\n<li>Schaumstoffkonstruktion f\u00fcr einfache Pfeilentnahme<\/li>\n<li>Hersteller: NATURFOAM<\/li>\n<\/ul>","protected":false},"excerpt":{"rendered":"<p><strong>Marque :<\/strong> Natur Foam<br \/><strong>Typ:<\/strong> Group 4<\/p>","protected":false},"featured_media":452221,"comment_status":"open","ping_status":"closed","template":"","meta":[],"product_brand":[412],"product_cat":[4314],"product_tag":[3546],"class_list":{"0":"post-391334","1":"product","2":"type-product","3":"status-publish","4":"has-post-thumbnail","6":"product_brand-naturfoam","7":"product_cat-kleine-raubtiere","8":"product_tag-neuheit","10":"first","11":"instock","12":"shipping-taxable","13":"purchasable","14":"product-type-simple"},"_links":{"self":[{"href":"https:\/\/bogensportdiscount.ch\/fr\/wp-json\/wp\/v2\/product\/391334","targetHints":{"allow":["GET"]}}],"collection":[{"href":"https:\/\/bogensportdiscount.ch\/fr\/wp-json\/wp\/v2\/product"}],"about":[{"href":"https:\/\/bogensportdiscount.ch\/fr\/wp-json\/wp\/v2\/types\/product"}],"replies":[{"embeddable":true,"href":"https:\/\/bogensportdiscount.ch\/fr\/wp-json\/wp\/v2\/comments?post=391334"}],"wp:featuredmedia":[{"embeddable":true,"href":"https:\/\/bogensportdiscount.ch\/fr\/wp-json\/wp\/v2\/media\/452221"}],"wp:attachment":[{"href":"https:\/\/bogensportdiscount.ch\/fr\/wp-json\/wp\/v2\/media?parent=391334"}],"wp:term":[{"taxonomy":"product_brand","embeddable":true,"href":"https:\/\/bogensportdiscount.ch\/fr\/wp-json\/wp\/v2\/product_brand?post=391334"},{"taxonomy":"product_cat","embeddable":true,"href":"https:\/\/bogensportdiscount.ch\/fr\/wp-json\/wp\/v2\/product_cat?post=391334"},{"taxonomy":"product_tag","embeddable":true,"href":"https:\/\/bogensportdiscount.ch\/fr\/wp-json\/wp\/v2\/product_tag?post=391334"}],"curies":[{"name":"wp","href":"https:\/\/api.w.org\/{rel}","templated":true}]}}