{"id":391308,"date":"2026-04-05T14:22:31","date_gmt":"2026-04-05T12:22:31","guid":{"rendered":"https:\/\/bogensportdiscount.ch\/produkt\/srt-3d-target-onetwotree-group-4-l43cm-h63cm\/"},"modified":"2026-05-14T07:13:26","modified_gmt":"2026-05-14T05:13:26","slug":"srt-3d-ziel-onetwotree-gruppe-4-l43cm-h63cm","status":"publish","type":"product","link":"https:\/\/bogensportdiscount.ch\/fr\/produit\/srt-3d-ziel-onetwotree-gruppe-4-l43cm-h63cm\/","title":{"rendered":"SRT CIBLE 3D ONETWOTREE &#8211; GROUP 4 &#8211; L43cm H63cm"},"content":{"rendered":"<p>Le SRT Onetwotree est une cible 3D de la cat\u00e9gorie Fantasy et Fun, appartenant au groupe 4. Avec une largeur de 43 cm et une hauteur de 63 cm, elle offre une surface de tir clairement d\u00e9finie pour une utilisation sur des parcours 3D.<\/p>\n<p>Les cibles 3D du groupe 4 correspondent aux classifications de comp\u00e9tition courantes et permettent une utilisation standardis\u00e9e lors de tournois ainsi qu'\u00e0 l'entra\u00eenement. Le mod\u00e8le Onetwotree est issu du segment Fun et Fantasy et convient donc particuli\u00e8rement aux parcours vari\u00e9s.<\/p>\n<ul>\n<li>Dimensions : largeur 43 cm, hauteur 63 cm<\/li>\n<li>Classification : Groupe 4<\/li>\n<li>Cat\u00e9gorie : cible Fantasy et Fun<\/li>\n<li>Adapt\u00e9 aux parcours 3D et \u00e0 la comp\u00e9tition<\/li>\n<\/ul>","protected":false},"excerpt":{"rendered":"<table>\n<tr>\n<th>Propri\u00e9t\u00e9<\/th>\n<th>Valeur<\/th>\n<\/tr>\n<tr>\n<td>Marque<\/td>\n<td>SRT Targets<\/td>\n<\/tr>\n<tr>\n<td>Type<\/td>\n<td>Group 4<\/td>\n<\/tr>\n<tr>\n<td>Pays d'origine<\/td>\n<td>Italie<\/td>\n<\/tr>\n<tr>\n<td>GTIN<\/td>\n<td>08490004<\/td>\n<\/tr>\n<\/table>","protected":false},"featured_media":443144,"comment_status":"open","ping_status":"closed","template":"","meta":[],"product_brand":[410],"product_cat":[4143,4144,4146],"product_tag":[3546],"class_list":{"0":"post-391308","1":"product","2":"type-product","3":"status-publish","4":"has-post-thumbnail","6":"product_brand-srt","7":"product_cat-ziele-auflagen","8":"product_cat-3d-ziele","9":"product_cat-fantasie-andere","10":"product_tag-neuheit","11":"product_shipping_class-bsd-standard","13":"first","14":"instock","15":"shipping-taxable","16":"purchasable","17":"product-type-simple"},"yoast_head":"<!-- This site is optimized with the Yoast SEO plugin v27.6 - https:\/\/yoast.com\/product\/yoast-seo-wordpress\/ -->\n<title>SRT 3D-ZIEL ONETWOTREE - GROUP 4 - L43cm H63cm - Bogensportdiscount \u2013 B\u00f6gen, Pfeile, Targets &amp; Zubeh\u00f6r<\/title>\n<meta name=\"description\" content=\"SRT 3D-ZIEL ONETWOTREE - GROUP 4 - L43cm H63cm g\u00fcnstig kaufen bei Bogensportdiscount \u2013 Top-Marken, schneller Versand aus der Schweiz.\" \/>\n<meta name=\"robots\" content=\"index, follow, max-snippet:-1, max-image-preview:large, max-video-preview:-1\" \/>\n<link rel=\"canonical\" href=\"https:\/\/bogensportdiscount.ch\/fr\/produit\/srt-3d-ziel-onetwotree-gruppe-4-l43cm-h63cm\/\" \/>\n<meta property=\"og:locale\" content=\"fr_FR\" \/>\n<meta property=\"og:type\" content=\"article\" \/>\n<meta property=\"og:title\" content=\"SRT 3D-ZIEL ONETWOTREE - GROUP 4 - L43cm H63cm - Bogensportdiscount \u2013 B\u00f6gen, Pfeile, Targets &amp; Zubeh\u00f6r\" \/>\n<meta property=\"og:description\" content=\"SRT 3D-ZIEL ONETWOTREE - GROUP 4 - L43cm H63cm g\u00fcnstig kaufen bei Bogensportdiscount \u2013 Top-Marken, schneller Versand aus der Schweiz.\" \/>\n<meta property=\"og:url\" content=\"https:\/\/bogensportdiscount.ch\/fr\/produit\/srt-3d-ziel-onetwotree-gruppe-4-l43cm-h63cm\/\" \/>\n<meta property=\"og:site_name\" content=\"Bogensportdiscount \u2013 B\u00f6gen, Pfeile, Targets &amp; Zubeh\u00f6r\" \/>\n<meta property=\"article:modified_time\" content=\"2026-05-14T05:13:26+00:00\" \/>\n<meta property=\"og:image\" content=\"https:\/\/bogensportdiscount.ch\/wp-content\/uploads\/bsm-images\/A001621_1.jpg\" \/>\n\t<meta property=\"og:image:width\" content=\"344\" \/>\n\t<meta property=\"og:image:height\" content=\"550\" \/>\n\t<meta property=\"og:image:type\" content=\"image\/jpeg\" \/>\n<meta name=\"twitter:card\" content=\"summary_large_image\" \/>\n<script type=\"application\/ld+json\" class=\"yoast-schema-graph\">{\"@context\":\"https:\\\/\\\/schema.org\",\"@graph\":[{\"@type\":\"WebPage\",\"@id\":\"https:\\\/\\\/bogensportdiscount.ch\\\/produkt\\\/srt-3d-ziel-onetwotree-gruppe-4-l43cm-h63cm\\\/\",\"url\":\"https:\\\/\\\/bogensportdiscount.ch\\\/produkt\\\/srt-3d-ziel-onetwotree-gruppe-4-l43cm-h63cm\\\/\",\"name\":\"SRT 3D-ZIEL ONETWOTREE - GROUP 4 - L43cm H63cm - Bogensportdiscount \u2013 B\u00f6gen, Pfeile, Targets &amp; Zubeh\u00f6r\",\"isPartOf\":{\"@id\":\"https:\\\/\\\/bogensportdiscount.ch\\\/#website\"},\"primaryImageOfPage\":{\"@id\":\"https:\\\/\\\/bogensportdiscount.ch\\\/produkt\\\/srt-3d-ziel-onetwotree-gruppe-4-l43cm-h63cm\\\/#primaryimage\"},\"image\":{\"@id\":\"https:\\\/\\\/bogensportdiscount.ch\\\/produkt\\\/srt-3d-ziel-onetwotree-gruppe-4-l43cm-h63cm\\\/#primaryimage\"},\"thumbnailUrl\":\"https:\\\/\\\/bogensportdiscount.ch\\\/wp-content\\\/uploads\\\/bsm-images\\\/A001621_1.jpg\",\"datePublished\":\"2026-04-05T12:22:31+00:00\",\"dateModified\":\"2026-05-14T05:13:26+00:00\",\"description\":\"SRT 3D-ZIEL ONETWOTREE - GROUP 4 - L43cm H63cm g\u00fcnstig kaufen bei Bogensportdiscount \u2013 Top-Marken, schneller Versand aus der Schweiz.\",\"breadcrumb\":{\"@id\":\"https:\\\/\\\/bogensportdiscount.ch\\\/produkt\\\/srt-3d-ziel-onetwotree-gruppe-4-l43cm-h63cm\\\/#breadcrumb\"},\"inLanguage\":\"fr-FR\",\"potentialAction\":[{\"@type\":\"ReadAction\",\"target\":[\"https:\\\/\\\/bogensportdiscount.ch\\\/produkt\\\/srt-3d-ziel-onetwotree-gruppe-4-l43cm-h63cm\\\/\"]}]},{\"@type\":\"ImageObject\",\"inLanguage\":\"fr-FR\",\"@id\":\"https:\\\/\\\/bogensportdiscount.ch\\\/produkt\\\/srt-3d-ziel-onetwotree-gruppe-4-l43cm-h63cm\\\/#primaryimage\",\"url\":\"https:\\\/\\\/bogensportdiscount.ch\\\/wp-content\\\/uploads\\\/bsm-images\\\/A001621_1.jpg\",\"contentUrl\":\"https:\\\/\\\/bogensportdiscount.ch\\\/wp-content\\\/uploads\\\/bsm-images\\\/A001621_1.jpg\",\"width\":344,\"height\":550},{\"@type\":\"BreadcrumbList\",\"@id\":\"https:\\\/\\\/bogensportdiscount.ch\\\/produkt\\\/srt-3d-ziel-onetwotree-gruppe-4-l43cm-h63cm\\\/#breadcrumb\",\"itemListElement\":[{\"@type\":\"ListItem\",\"position\":1,\"name\":\"Home\",\"item\":\"https:\\\/\\\/bogensportdiscount.ch\\\/\"},{\"@type\":\"ListItem\",\"position\":2,\"name\":\"Shop\",\"item\":\"https:\\\/\\\/bogensportdiscount.ch\\\/shop\\\/\"},{\"@type\":\"ListItem\",\"position\":3,\"name\":\"SRT 3D TARGET ONETWOTREE &#8211; GROUP 4 &#8211; L43cm H63cm\"}]},{\"@type\":\"WebSite\",\"@id\":\"https:\\\/\\\/bogensportdiscount.ch\\\/#website\",\"url\":\"https:\\\/\\\/bogensportdiscount.ch\\\/\",\"name\":\"Bogensportdiscount\",\"description\":\"\",\"potentialAction\":[{\"@type\":\"SearchAction\",\"target\":{\"@type\":\"EntryPoint\",\"urlTemplate\":\"https:\\\/\\\/bogensportdiscount.ch\\\/?s={search_term_string}\"},\"query-input\":{\"@type\":\"PropertyValueSpecification\",\"valueRequired\":true,\"valueName\":\"search_term_string\"}}],\"inLanguage\":\"fr-FR\"}]}<\/script>\n<!-- \/ Yoast SEO plugin. -->","yoast_head_json":{"title":"SRT 3D-ZIEL ONETWOTREE - GROUP 4 - L43cm H63cm - Bogensportdiscount \u2013 B\u00f6gen, Pfeile, Targets &amp; Zubeh\u00f6r","description":"SRT 3D-ZIEL ONETWOTREE - GROUP 4 - L43cm H63cm g\u00fcnstig kaufen bei Bogensportdiscount \u2013 Top-Marken, schneller Versand aus der Schweiz.","robots":{"index":"index","follow":"follow","max-snippet":"max-snippet:-1","max-image-preview":"max-image-preview:large","max-video-preview":"max-video-preview:-1"},"canonical":"https:\/\/bogensportdiscount.ch\/fr\/produit\/srt-3d-ziel-onetwotree-gruppe-4-l43cm-h63cm\/","og_locale":"fr_FR","og_type":"article","og_title":"SRT 3D-ZIEL ONETWOTREE - GROUP 4 - L43cm H63cm - Bogensportdiscount \u2013 B\u00f6gen, Pfeile, Targets &amp; Zubeh\u00f6r","og_description":"SRT 3D-ZIEL ONETWOTREE - GROUP 4 - L43cm H63cm g\u00fcnstig kaufen bei Bogensportdiscount \u2013 Top-Marken, schneller Versand aus der Schweiz.","og_url":"https:\/\/bogensportdiscount.ch\/fr\/produit\/srt-3d-ziel-onetwotree-gruppe-4-l43cm-h63cm\/","og_site_name":"Bogensportdiscount \u2013 B\u00f6gen, Pfeile, Targets &amp; Zubeh\u00f6r","article_modified_time":"2026-05-14T05:13:26+00:00","og_image":[{"width":344,"height":550,"url":"https:\/\/bogensportdiscount.ch\/wp-content\/uploads\/bsm-images\/A001621_1.jpg","type":"image\/jpeg"}],"twitter_card":"summary_large_image","schema":{"@context":"https:\/\/schema.org","@graph":[{"@type":"WebPage","@id":"https:\/\/bogensportdiscount.ch\/produkt\/srt-3d-ziel-onetwotree-gruppe-4-l43cm-h63cm\/","url":"https:\/\/bogensportdiscount.ch\/produkt\/srt-3d-ziel-onetwotree-gruppe-4-l43cm-h63cm\/","name":"SRT 3D-ZIEL ONETWOTREE - GROUP 4 - L43cm H63cm - Bogensportdiscount \u2013 B\u00f6gen, Pfeile, Targets &amp; Zubeh\u00f6r","isPartOf":{"@id":"https:\/\/bogensportdiscount.ch\/#website"},"primaryImageOfPage":{"@id":"https:\/\/bogensportdiscount.ch\/produkt\/srt-3d-ziel-onetwotree-gruppe-4-l43cm-h63cm\/#primaryimage"},"image":{"@id":"https:\/\/bogensportdiscount.ch\/produkt\/srt-3d-ziel-onetwotree-gruppe-4-l43cm-h63cm\/#primaryimage"},"thumbnailUrl":"https:\/\/bogensportdiscount.ch\/wp-content\/uploads\/bsm-images\/A001621_1.jpg","datePublished":"2026-04-05T12:22:31+00:00","dateModified":"2026-05-14T05:13:26+00:00","description":"SRT 3D-ZIEL ONETWOTREE - GROUP 4 - L43cm H63cm g\u00fcnstig kaufen bei Bogensportdiscount \u2013 Top-Marken, schneller Versand aus der Schweiz.","breadcrumb":{"@id":"https:\/\/bogensportdiscount.ch\/produkt\/srt-3d-ziel-onetwotree-gruppe-4-l43cm-h63cm\/#breadcrumb"},"inLanguage":"fr-FR","potentialAction":[{"@type":"ReadAction","target":["https:\/\/bogensportdiscount.ch\/produkt\/srt-3d-ziel-onetwotree-gruppe-4-l43cm-h63cm\/"]}]},{"@type":"ImageObject","inLanguage":"fr-FR","@id":"https:\/\/bogensportdiscount.ch\/produkt\/srt-3d-ziel-onetwotree-gruppe-4-l43cm-h63cm\/#primaryimage","url":"https:\/\/bogensportdiscount.ch\/wp-content\/uploads\/bsm-images\/A001621_1.jpg","contentUrl":"https:\/\/bogensportdiscount.ch\/wp-content\/uploads\/bsm-images\/A001621_1.jpg","width":344,"height":550},{"@type":"BreadcrumbList","@id":"https:\/\/bogensportdiscount.ch\/produkt\/srt-3d-ziel-onetwotree-gruppe-4-l43cm-h63cm\/#breadcrumb","itemListElement":[{"@type":"ListItem","position":1,"name":"Home","item":"https:\/\/bogensportdiscount.ch\/"},{"@type":"ListItem","position":2,"name":"Shop","item":"https:\/\/bogensportdiscount.ch\/shop\/"},{"@type":"ListItem","position":3,"name":"SRT 3D TARGET ONETWOTREE &#8211; GROUP 4 &#8211; L43cm H63cm"}]},{"@type":"WebSite","@id":"https:\/\/bogensportdiscount.ch\/#website","url":"https:\/\/bogensportdiscount.ch\/","name":"Bogensportdiscount","description":"","potentialAction":[{"@type":"SearchAction","target":{"@type":"EntryPoint","urlTemplate":"https:\/\/bogensportdiscount.ch\/?s={search_term_string}"},"query-input":{"@type":"PropertyValueSpecification","valueRequired":true,"valueName":"search_term_string"}}],"inLanguage":"fr-FR"}]}},"_links":{"self":[{"href":"https:\/\/bogensportdiscount.ch\/fr\/wp-json\/wp\/v2\/product\/391308","targetHints":{"allow":["GET"]}}],"collection":[{"href":"https:\/\/bogensportdiscount.ch\/fr\/wp-json\/wp\/v2\/product"}],"about":[{"href":"https:\/\/bogensportdiscount.ch\/fr\/wp-json\/wp\/v2\/types\/product"}],"replies":[{"embeddable":true,"href":"https:\/\/bogensportdiscount.ch\/fr\/wp-json\/wp\/v2\/comments?post=391308"}],"wp:featuredmedia":[{"embeddable":true,"href":"https:\/\/bogensportdiscount.ch\/fr\/wp-json\/wp\/v2\/media\/443144"}],"wp:attachment":[{"href":"https:\/\/bogensportdiscount.ch\/fr\/wp-json\/wp\/v2\/media?parent=391308"}],"wp:term":[{"taxonomy":"product_brand","embeddable":true,"href":"https:\/\/bogensportdiscount.ch\/fr\/wp-json\/wp\/v2\/product_brand?post=391308"},{"taxonomy":"product_cat","embeddable":true,"href":"https:\/\/bogensportdiscount.ch\/fr\/wp-json\/wp\/v2\/product_cat?post=391308"},{"taxonomy":"product_tag","embeddable":true,"href":"https:\/\/bogensportdiscount.ch\/fr\/wp-json\/wp\/v2\/product_tag?post=391308"}],"curies":[{"name":"wp","href":"https:\/\/api.w.org\/{rel}","templated":true}]}}