{"id":391303,"date":"2026-04-05T14:22:30","date_gmt":"2026-04-05T12:22:30","guid":{"rendered":"https:\/\/bogensportdiscount.ch\/produkt\/srt-3d-target-otter-group-4-l60cm-h35cm\/"},"modified":"2026-04-15T12:09:57","modified_gmt":"2026-04-15T10:09:57","slug":"srt-3d-ziel-otter-gruppe-4-l60cm-h35cm","status":"publish","type":"product","link":"https:\/\/bogensportdiscount.ch\/fr\/produit\/srt-3d-ziel-otter-gruppe-4-l60cm-h35cm\/","title":{"rendered":"SRT 3D TARGET OTTER - GROUPE 4 - L60cm H35cm"},"content":{"rendered":"<p>Das SRT 3D-Ziel Otter ist ein realistisch gestaltetes 3D-Tiermodell f\u00fcr den Einsatz im 3D-Bogensport. Die Abmessungen von 60 cm L\u00e4nge und 35 cm H\u00f6he entsprechen den Vorgaben der Gruppe 4 und erm\u00f6glichen eine praxisnahe Schiesssituation im Gel\u00e4nde oder auf dem Parcours.<\/p>\n<p>SRT (Specialty Realistic Targets) ist bekannt f\u00fcr hochwertige 3D-Ziele aus langlebigem Schaumstoffmaterial. Die selbstheilenden Eigenschaften des Materials sorgen f\u00fcr eine lange Lebensdauer, auch bei intensivem Gebrauch mit unterschiedlichen Pfeiltypen.<\/p>\n<ul>\n<li>Lebensgetreues Otter-Modell f\u00fcr den 3D-Parcours<\/li>\n<li>Gruppe 4 gem\u00e4ss 3D-Bogensport-Wertungsklassen<\/li>\n<li>Abmessungen: L\u00e4nge 60 cm, H\u00f6he 35 cm<\/li>\n<li>Geeignet f\u00fcr Training und Turniere<\/li>\n<\/ul>","protected":false},"excerpt":{"rendered":"<p><strong>Marque :<\/strong> SRT Targets<br \/><strong>Type :<\/strong> Group 4<br \/><strong>GTIN:<\/strong> 08478787<\/p>","protected":false},"featured_media":443155,"comment_status":"open","ping_status":"closed","template":"","meta":[],"product_brand":[410],"product_cat":[4314],"product_tag":[3546],"class_list":{"0":"post-391303","1":"product","2":"type-product","3":"status-publish","4":"has-post-thumbnail","6":"product_brand-srt","7":"product_cat-kleine-raubtiere","8":"product_tag-neuheit","10":"first","11":"instock","12":"shipping-taxable","13":"purchasable","14":"product-type-simple"},"_links":{"self":[{"href":"https:\/\/bogensportdiscount.ch\/fr\/wp-json\/wp\/v2\/product\/391303","targetHints":{"allow":["GET"]}}],"collection":[{"href":"https:\/\/bogensportdiscount.ch\/fr\/wp-json\/wp\/v2\/product"}],"about":[{"href":"https:\/\/bogensportdiscount.ch\/fr\/wp-json\/wp\/v2\/types\/product"}],"replies":[{"embeddable":true,"href":"https:\/\/bogensportdiscount.ch\/fr\/wp-json\/wp\/v2\/comments?post=391303"}],"wp:featuredmedia":[{"embeddable":true,"href":"https:\/\/bogensportdiscount.ch\/fr\/wp-json\/wp\/v2\/media\/443155"}],"wp:attachment":[{"href":"https:\/\/bogensportdiscount.ch\/fr\/wp-json\/wp\/v2\/media?parent=391303"}],"wp:term":[{"taxonomy":"product_brand","embeddable":true,"href":"https:\/\/bogensportdiscount.ch\/fr\/wp-json\/wp\/v2\/product_brand?post=391303"},{"taxonomy":"product_cat","embeddable":true,"href":"https:\/\/bogensportdiscount.ch\/fr\/wp-json\/wp\/v2\/product_cat?post=391303"},{"taxonomy":"product_tag","embeddable":true,"href":"https:\/\/bogensportdiscount.ch\/fr\/wp-json\/wp\/v2\/product_tag?post=391303"}],"curies":[{"name":"wp","href":"https:\/\/api.w.org\/{rel}","templated":true}]}}