{"id":391295,"date":"2026-04-05T14:22:29","date_gmt":"2026-04-05T12:22:29","guid":{"rendered":"https:\/\/bogensportdiscount.ch\/produkt\/srt-targets-3-d-ibex-femina-group-2-l100cm-h94cm\/"},"modified":"2026-05-14T07:13:25","modified_gmt":"2026-05-14T05:13:25","slug":"srt-3d-ziel-steinbock-femina-gruppe-2-l100cm-h94cm","status":"publish","type":"product","link":"https:\/\/bogensportdiscount.ch\/fr\/produit\/srt-3d-ziel-steinbock-femina-gruppe-2-l100cm-h94cm\/","title":{"rendered":"SRT TARGETS 3D-ZIEL IBEX FEMINA &#8211; GROUP 2 &#8211; L100cm H94cm"},"content":{"rendered":"<p>La cible 3D SRT Bouquetin Femina est une reproduction fid\u00e8le \u00e0 l'\u00e9chelle 1:1 d'une figure de bouquetin femelle et r\u00e9pond aux exigences du groupe 2 dans le tir \u00e0 l'arc 3D. Avec une longueur de 100 cm et une hauteur de 94 cm, la figure est con\u00e7ue pour \u00eatre utilis\u00e9e sur des parcours 3D et r\u00e9pond aux sp\u00e9cifications habituelles pour les comp\u00e9titions et les s\u00e9ances d'entra\u00eenement.<\/p>\n<p>Les cibles SRT sont tr\u00e8s r\u00e9pandues dans le tir \u00e0 l'arc 3D et se distinguent par une fabrication robuste et des repr\u00e9sentations r\u00e9alistes d'animaux. Le noyau d'impact interchangeable (insert vital) prolonge consid\u00e9rablement la dur\u00e9e de vie de la cible, car la zone la plus sollicit\u00e9e peut \u00eatre simplement remplac\u00e9e sans avoir \u00e0 renouveler l'ensemble de la figure.<\/p>\n<ul>\n<li>Groupe 2 \u2013 conforme aux sp\u00e9cifications de comp\u00e9tition des principales f\u00e9d\u00e9rations de tir 3D<\/li>\n<li>Dimensions : longueur 100 cm, hauteur 94 cm<\/li>\n<li>Noyau d'impact interchangeable pour une durabilit\u00e9 prolong\u00e9e<\/li>\n<li>Convient pour les parcours et l'entra\u00eenement libre<\/li>\n<\/ul>","protected":false},"excerpt":{"rendered":"<table>\n<tr>\n<th>Propri\u00e9t\u00e9<\/th>\n<th>Valeur<\/th>\n<\/tr>\n<tr>\n<td>Marque<\/td>\n<td>SRT Targets<\/td>\n<\/tr>\n<tr>\n<td>Type<\/td>\n<td>Group 2<\/td>\n<\/tr>\n<tr>\n<td>Pays d'origine<\/td>\n<td>Italie<\/td>\n<\/tr>\n<tr>\n<td>GTIN<\/td>\n<td>08477473<\/td>\n<\/tr>\n<\/table>","protected":false},"featured_media":443167,"comment_status":"open","ping_status":"closed","template":"","meta":[],"product_brand":[410],"product_cat":[4143,4144,4313],"product_tag":[3546],"class_list":{"0":"post-391295","1":"product","2":"type-product","3":"status-publish","4":"has-post-thumbnail","6":"product_brand-srt","7":"product_cat-ziele-auflagen","8":"product_cat-3d-ziele","9":"product_cat-schafe-ziegen","10":"product_tag-neuheit","11":"product_shipping_class-bsd-sperrgut","13":"first","14":"instock","15":"shipping-taxable","16":"purchasable","17":"product-type-simple"},"yoast_head":"<!-- This site is optimized with the Yoast SEO plugin v27.6 - https:\/\/yoast.com\/product\/yoast-seo-wordpress\/ -->\n<title>SRT TARGETS 3D-ZIEL IBEX FEMINA - GROUP 2 - L100cm H94cm - Bogensportdiscount \u2013 B\u00f6gen, Pfeile, Targets &amp; Zubeh\u00f6r<\/title>\n<meta name=\"description\" content=\"SRT TARGETS 3D-ZIEL IBEX FEMINA - GROUP 2 - L100cm H94cm g\u00fcnstig kaufen bei Bogensportdiscount \u2013 Top-Marken, schneller Versand aus der Schweiz.\" \/>\n<meta name=\"robots\" content=\"index, follow, max-snippet:-1, max-image-preview:large, max-video-preview:-1\" \/>\n<link rel=\"canonical\" href=\"https:\/\/bogensportdiscount.ch\/fr\/produit\/srt-3d-ziel-steinbock-femina-gruppe-2-l100cm-h94cm\/\" \/>\n<meta property=\"og:locale\" content=\"fr_FR\" \/>\n<meta property=\"og:type\" content=\"article\" \/>\n<meta property=\"og:title\" content=\"SRT TARGETS 3D-ZIEL IBEX FEMINA - GROUP 2 - L100cm H94cm - Bogensportdiscount \u2013 B\u00f6gen, Pfeile, Targets &amp; Zubeh\u00f6r\" \/>\n<meta property=\"og:description\" content=\"SRT TARGETS 3D-ZIEL IBEX FEMINA - GROUP 2 - L100cm H94cm g\u00fcnstig kaufen bei Bogensportdiscount \u2013 Top-Marken, schneller Versand aus der Schweiz.\" \/>\n<meta property=\"og:url\" content=\"https:\/\/bogensportdiscount.ch\/fr\/produit\/srt-3d-ziel-steinbock-femina-gruppe-2-l100cm-h94cm\/\" \/>\n<meta property=\"og:site_name\" content=\"Bogensportdiscount \u2013 B\u00f6gen, Pfeile, Targets &amp; Zubeh\u00f6r\" \/>\n<meta property=\"article:modified_time\" content=\"2026-05-14T05:13:25+00:00\" \/>\n<meta property=\"og:image\" content=\"https:\/\/bogensportdiscount.ch\/wp-content\/uploads\/bsm-images\/A001603_1.jpg\" \/>\n\t<meta property=\"og:image:width\" content=\"2020\" \/>\n\t<meta property=\"og:image:height\" content=\"1957\" \/>\n\t<meta property=\"og:image:type\" content=\"image\/jpeg\" \/>\n<meta name=\"twitter:card\" content=\"summary_large_image\" \/>\n<meta name=\"twitter:label1\" content=\"Dur\u00e9e de lecture estim\u00e9e\" \/>\n\t<meta name=\"twitter:data1\" content=\"1 minute\" \/>\n<script type=\"application\/ld+json\" class=\"yoast-schema-graph\">{\"@context\":\"https:\\\/\\\/schema.org\",\"@graph\":[{\"@type\":\"WebPage\",\"@id\":\"https:\\\/\\\/bogensportdiscount.ch\\\/produkt\\\/srt-3d-ziel-steinbock-femina-gruppe-2-l100cm-h94cm\\\/\",\"url\":\"https:\\\/\\\/bogensportdiscount.ch\\\/produkt\\\/srt-3d-ziel-steinbock-femina-gruppe-2-l100cm-h94cm\\\/\",\"name\":\"SRT TARGETS 3D-ZIEL IBEX FEMINA - GROUP 2 - L100cm H94cm - Bogensportdiscount \u2013 B\u00f6gen, Pfeile, Targets &amp; Zubeh\u00f6r\",\"isPartOf\":{\"@id\":\"https:\\\/\\\/bogensportdiscount.ch\\\/#website\"},\"primaryImageOfPage\":{\"@id\":\"https:\\\/\\\/bogensportdiscount.ch\\\/produkt\\\/srt-3d-ziel-steinbock-femina-gruppe-2-l100cm-h94cm\\\/#primaryimage\"},\"image\":{\"@id\":\"https:\\\/\\\/bogensportdiscount.ch\\\/produkt\\\/srt-3d-ziel-steinbock-femina-gruppe-2-l100cm-h94cm\\\/#primaryimage\"},\"thumbnailUrl\":\"https:\\\/\\\/bogensportdiscount.ch\\\/wp-content\\\/uploads\\\/bsm-images\\\/A001603_1.jpg\",\"datePublished\":\"2026-04-05T12:22:29+00:00\",\"dateModified\":\"2026-05-14T05:13:25+00:00\",\"description\":\"SRT TARGETS 3D-ZIEL IBEX FEMINA - GROUP 2 - L100cm H94cm g\u00fcnstig kaufen bei Bogensportdiscount \u2013 Top-Marken, schneller Versand aus der Schweiz.\",\"breadcrumb\":{\"@id\":\"https:\\\/\\\/bogensportdiscount.ch\\\/produkt\\\/srt-3d-ziel-steinbock-femina-gruppe-2-l100cm-h94cm\\\/#breadcrumb\"},\"inLanguage\":\"fr-FR\",\"potentialAction\":[{\"@type\":\"ReadAction\",\"target\":[\"https:\\\/\\\/bogensportdiscount.ch\\\/produkt\\\/srt-3d-ziel-steinbock-femina-gruppe-2-l100cm-h94cm\\\/\"]}]},{\"@type\":\"ImageObject\",\"inLanguage\":\"fr-FR\",\"@id\":\"https:\\\/\\\/bogensportdiscount.ch\\\/produkt\\\/srt-3d-ziel-steinbock-femina-gruppe-2-l100cm-h94cm\\\/#primaryimage\",\"url\":\"https:\\\/\\\/bogensportdiscount.ch\\\/wp-content\\\/uploads\\\/bsm-images\\\/A001603_1.jpg\",\"contentUrl\":\"https:\\\/\\\/bogensportdiscount.ch\\\/wp-content\\\/uploads\\\/bsm-images\\\/A001603_1.jpg\",\"width\":2020,\"height\":1957},{\"@type\":\"BreadcrumbList\",\"@id\":\"https:\\\/\\\/bogensportdiscount.ch\\\/produkt\\\/srt-3d-ziel-steinbock-femina-gruppe-2-l100cm-h94cm\\\/#breadcrumb\",\"itemListElement\":[{\"@type\":\"ListItem\",\"position\":1,\"name\":\"Home\",\"item\":\"https:\\\/\\\/bogensportdiscount.ch\\\/\"},{\"@type\":\"ListItem\",\"position\":2,\"name\":\"Shop\",\"item\":\"https:\\\/\\\/bogensportdiscount.ch\\\/shop\\\/\"},{\"@type\":\"ListItem\",\"position\":3,\"name\":\"SRT TARGETS 3-D IBEX FEMINA &#8211; GROUP 2 &#8211; L100cm H94cm\"}]},{\"@type\":\"WebSite\",\"@id\":\"https:\\\/\\\/bogensportdiscount.ch\\\/#website\",\"url\":\"https:\\\/\\\/bogensportdiscount.ch\\\/\",\"name\":\"Bogensportdiscount\",\"description\":\"\",\"potentialAction\":[{\"@type\":\"SearchAction\",\"target\":{\"@type\":\"EntryPoint\",\"urlTemplate\":\"https:\\\/\\\/bogensportdiscount.ch\\\/?s={search_term_string}\"},\"query-input\":{\"@type\":\"PropertyValueSpecification\",\"valueRequired\":true,\"valueName\":\"search_term_string\"}}],\"inLanguage\":\"fr-FR\"}]}<\/script>\n<!-- \/ Yoast SEO plugin. -->","yoast_head_json":{"title":"SRT TARGETS 3D-ZIEL IBEX FEMINA - GROUP 2 - L100cm H94cm - Bogensportdiscount \u2013 B\u00f6gen, Pfeile, Targets &amp; Zubeh\u00f6r","description":"SRT TARGETS 3D-ZIEL IBEX FEMINA - GROUP 2 - L100cm H94cm g\u00fcnstig kaufen bei Bogensportdiscount \u2013 Top-Marken, schneller Versand aus der Schweiz.","robots":{"index":"index","follow":"follow","max-snippet":"max-snippet:-1","max-image-preview":"max-image-preview:large","max-video-preview":"max-video-preview:-1"},"canonical":"https:\/\/bogensportdiscount.ch\/fr\/produit\/srt-3d-ziel-steinbock-femina-gruppe-2-l100cm-h94cm\/","og_locale":"fr_FR","og_type":"article","og_title":"SRT TARGETS 3D-ZIEL IBEX FEMINA - GROUP 2 - L100cm H94cm - Bogensportdiscount \u2013 B\u00f6gen, Pfeile, Targets &amp; Zubeh\u00f6r","og_description":"SRT TARGETS 3D-ZIEL IBEX FEMINA - GROUP 2 - L100cm H94cm g\u00fcnstig kaufen bei Bogensportdiscount \u2013 Top-Marken, schneller Versand aus der Schweiz.","og_url":"https:\/\/bogensportdiscount.ch\/fr\/produit\/srt-3d-ziel-steinbock-femina-gruppe-2-l100cm-h94cm\/","og_site_name":"Bogensportdiscount \u2013 B\u00f6gen, Pfeile, Targets &amp; Zubeh\u00f6r","article_modified_time":"2026-05-14T05:13:25+00:00","og_image":[{"width":2020,"height":1957,"url":"https:\/\/bogensportdiscount.ch\/wp-content\/uploads\/bsm-images\/A001603_1.jpg","type":"image\/jpeg"}],"twitter_card":"summary_large_image","twitter_misc":{"Dur\u00e9e de lecture estim\u00e9e":"1 minute"},"schema":{"@context":"https:\/\/schema.org","@graph":[{"@type":"WebPage","@id":"https:\/\/bogensportdiscount.ch\/produkt\/srt-3d-ziel-steinbock-femina-gruppe-2-l100cm-h94cm\/","url":"https:\/\/bogensportdiscount.ch\/produkt\/srt-3d-ziel-steinbock-femina-gruppe-2-l100cm-h94cm\/","name":"SRT TARGETS 3D-ZIEL IBEX FEMINA - GROUP 2 - L100cm H94cm - Bogensportdiscount \u2013 B\u00f6gen, Pfeile, Targets &amp; Zubeh\u00f6r","isPartOf":{"@id":"https:\/\/bogensportdiscount.ch\/#website"},"primaryImageOfPage":{"@id":"https:\/\/bogensportdiscount.ch\/produkt\/srt-3d-ziel-steinbock-femina-gruppe-2-l100cm-h94cm\/#primaryimage"},"image":{"@id":"https:\/\/bogensportdiscount.ch\/produkt\/srt-3d-ziel-steinbock-femina-gruppe-2-l100cm-h94cm\/#primaryimage"},"thumbnailUrl":"https:\/\/bogensportdiscount.ch\/wp-content\/uploads\/bsm-images\/A001603_1.jpg","datePublished":"2026-04-05T12:22:29+00:00","dateModified":"2026-05-14T05:13:25+00:00","description":"SRT TARGETS 3D-ZIEL IBEX FEMINA - GROUP 2 - L100cm H94cm g\u00fcnstig kaufen bei Bogensportdiscount \u2013 Top-Marken, schneller Versand aus der Schweiz.","breadcrumb":{"@id":"https:\/\/bogensportdiscount.ch\/produkt\/srt-3d-ziel-steinbock-femina-gruppe-2-l100cm-h94cm\/#breadcrumb"},"inLanguage":"fr-FR","potentialAction":[{"@type":"ReadAction","target":["https:\/\/bogensportdiscount.ch\/produkt\/srt-3d-ziel-steinbock-femina-gruppe-2-l100cm-h94cm\/"]}]},{"@type":"ImageObject","inLanguage":"fr-FR","@id":"https:\/\/bogensportdiscount.ch\/produkt\/srt-3d-ziel-steinbock-femina-gruppe-2-l100cm-h94cm\/#primaryimage","url":"https:\/\/bogensportdiscount.ch\/wp-content\/uploads\/bsm-images\/A001603_1.jpg","contentUrl":"https:\/\/bogensportdiscount.ch\/wp-content\/uploads\/bsm-images\/A001603_1.jpg","width":2020,"height":1957},{"@type":"BreadcrumbList","@id":"https:\/\/bogensportdiscount.ch\/produkt\/srt-3d-ziel-steinbock-femina-gruppe-2-l100cm-h94cm\/#breadcrumb","itemListElement":[{"@type":"ListItem","position":1,"name":"Home","item":"https:\/\/bogensportdiscount.ch\/"},{"@type":"ListItem","position":2,"name":"Shop","item":"https:\/\/bogensportdiscount.ch\/shop\/"},{"@type":"ListItem","position":3,"name":"SRT TARGETS 3-D IBEX FEMINA &#8211; GROUP 2 &#8211; L100cm H94cm"}]},{"@type":"WebSite","@id":"https:\/\/bogensportdiscount.ch\/#website","url":"https:\/\/bogensportdiscount.ch\/","name":"Bogensportdiscount","description":"","potentialAction":[{"@type":"SearchAction","target":{"@type":"EntryPoint","urlTemplate":"https:\/\/bogensportdiscount.ch\/?s={search_term_string}"},"query-input":{"@type":"PropertyValueSpecification","valueRequired":true,"valueName":"search_term_string"}}],"inLanguage":"fr-FR"}]}},"_links":{"self":[{"href":"https:\/\/bogensportdiscount.ch\/fr\/wp-json\/wp\/v2\/product\/391295","targetHints":{"allow":["GET"]}}],"collection":[{"href":"https:\/\/bogensportdiscount.ch\/fr\/wp-json\/wp\/v2\/product"}],"about":[{"href":"https:\/\/bogensportdiscount.ch\/fr\/wp-json\/wp\/v2\/types\/product"}],"replies":[{"embeddable":true,"href":"https:\/\/bogensportdiscount.ch\/fr\/wp-json\/wp\/v2\/comments?post=391295"}],"wp:featuredmedia":[{"embeddable":true,"href":"https:\/\/bogensportdiscount.ch\/fr\/wp-json\/wp\/v2\/media\/443167"}],"wp:attachment":[{"href":"https:\/\/bogensportdiscount.ch\/fr\/wp-json\/wp\/v2\/media?parent=391295"}],"wp:term":[{"taxonomy":"product_brand","embeddable":true,"href":"https:\/\/bogensportdiscount.ch\/fr\/wp-json\/wp\/v2\/product_brand?post=391295"},{"taxonomy":"product_cat","embeddable":true,"href":"https:\/\/bogensportdiscount.ch\/fr\/wp-json\/wp\/v2\/product_cat?post=391295"},{"taxonomy":"product_tag","embeddable":true,"href":"https:\/\/bogensportdiscount.ch\/fr\/wp-json\/wp\/v2\/product_tag?post=391295"}],"curies":[{"name":"wp","href":"https:\/\/api.w.org\/{rel}","templated":true}]}}