{"id":391272,"date":"2026-04-05T14:22:25","date_gmt":"2026-04-05T12:22:25","guid":{"rendered":"https:\/\/bogensportdiscount.ch\/produkt\/srt-3d-target-musk-ox-group-1-l180cm-h127cm\/"},"modified":"2026-05-14T07:13:25","modified_gmt":"2026-05-14T05:13:25","slug":"srt-3d-ziel-musk-ox-gruppe-1-l180cm-h127cm","status":"publish","type":"product","link":"https:\/\/bogensportdiscount.ch\/fr\/produit\/srt-3d-ziel-musk-ox-gruppe-1-l180cm-h127cm\/","title":{"rendered":"SRT CIBLE 3D MUSK OX &#8211; GROUP 1 &#8211; L180cm H127cm"},"content":{"rendered":"<p>La cible 3D SRT Musk Ox appartient au groupe 1 et reproduit un b\u0153uf musqu\u00e9 en taille r\u00e9elle. Avec ses dimensions L180 cm \u00d7 H127 cm, il s'agit d'une cible 3D grand format, con\u00e7ue aussi bien pour l'entra\u00eenement que pour une utilisation sur des parcours 3D.<\/p>\n<p>SRT (Specialty Realistic Targets) est reconnu pour ses cibles 3D anatomiquement pr\u00e9cises et r\u00e9sistantes aux intemp\u00e9ries. La classification groupe 1 correspond aux r\u00e8glements courants des f\u00e9d\u00e9rations internationales de tir \u00e0 l'arc 3D et permet une utilisation officielle en comp\u00e9tition.<\/p>\n<ul>\n<li>Classification groupe 1 pour une utilisation en comp\u00e9tition<\/li>\n<li>Dimensions : largeur 180 cm, hauteur 127 cm<\/li>\n<li>Repr\u00e9sentation r\u00e9aliste d'un b\u0153uf musqu\u00e9<\/li>\n<li>Convient pour les parcours et les terrains d'entra\u00eenement<\/li>\n<\/ul>","protected":false},"excerpt":{"rendered":"<table>\n<tr>\n<th>Propri\u00e9t\u00e9<\/th>\n<th>Valeur<\/th>\n<\/tr>\n<tr>\n<td>Marque<\/td>\n<td>SRT Targets<\/td>\n<\/tr>\n<tr>\n<td>Type<\/td>\n<td>Group 1<\/td>\n<\/tr>\n<tr>\n<td>Pays d'origine<\/td>\n<td>Italie<\/td>\n<\/tr>\n<tr>\n<td>GTIN<\/td>\n<td>08470892<\/td>\n<\/tr>\n<\/table>","protected":false},"featured_media":447048,"comment_status":"open","ping_status":"closed","template":"","meta":[],"product_brand":[410],"product_cat":[4143,4144,4316],"product_tag":[3546],"class_list":{"0":"post-391272","1":"product","2":"type-product","3":"status-publish","4":"has-post-thumbnail","6":"product_brand-srt","7":"product_cat-ziele-auflagen","8":"product_cat-3d-ziele","9":"product_cat-antilopen-grosse-grazer","10":"product_tag-neuheit","11":"product_shipping_class-bsd-pickup","13":"first","14":"instock","15":"shipping-taxable","16":"purchasable","17":"product-type-simple"},"yoast_head":"<!-- This site is optimized with the Yoast SEO plugin v27.6 - https:\/\/yoast.com\/product\/yoast-seo-wordpress\/ -->\n<title>SRT 3D-ZIEL MUSK OX - GROUP 1 - L180cm H127cm - Bogensportdiscount \u2013 B\u00f6gen, Pfeile, Targets &amp; Zubeh\u00f6r<\/title>\n<meta name=\"description\" content=\"SRT 3D-ZIEL MUSK OX - GROUP 1 - L180cm H127cm g\u00fcnstig kaufen bei Bogensportdiscount \u2013 Top-Marken, schneller Versand aus der Schweiz.\" \/>\n<meta name=\"robots\" content=\"index, follow, max-snippet:-1, max-image-preview:large, max-video-preview:-1\" \/>\n<link rel=\"canonical\" href=\"https:\/\/bogensportdiscount.ch\/fr\/produit\/srt-3d-ziel-musk-ox-gruppe-1-l180cm-h127cm\/\" \/>\n<meta property=\"og:locale\" content=\"fr_FR\" \/>\n<meta property=\"og:type\" content=\"article\" \/>\n<meta property=\"og:title\" content=\"SRT 3D-ZIEL MUSK OX - GROUP 1 - L180cm H127cm - Bogensportdiscount \u2013 B\u00f6gen, Pfeile, Targets &amp; Zubeh\u00f6r\" \/>\n<meta property=\"og:description\" content=\"SRT 3D-ZIEL MUSK OX - GROUP 1 - L180cm H127cm g\u00fcnstig kaufen bei Bogensportdiscount \u2013 Top-Marken, schneller Versand aus der Schweiz.\" \/>\n<meta property=\"og:url\" content=\"https:\/\/bogensportdiscount.ch\/fr\/produit\/srt-3d-ziel-musk-ox-gruppe-1-l180cm-h127cm\/\" \/>\n<meta property=\"og:site_name\" content=\"Bogensportdiscount \u2013 B\u00f6gen, Pfeile, Targets &amp; Zubeh\u00f6r\" \/>\n<meta property=\"article:modified_time\" content=\"2026-05-14T05:13:25+00:00\" \/>\n<meta property=\"og:image\" content=\"https:\/\/bogensportdiscount.ch\/wp-content\/uploads\/bsm-images\/A001576_1.png\" \/>\n\t<meta property=\"og:image:width\" content=\"1200\" \/>\n\t<meta property=\"og:image:height\" content=\"800\" \/>\n\t<meta property=\"og:image:type\" content=\"image\/png\" \/>\n<meta name=\"twitter:card\" content=\"summary_large_image\" \/>\n<script type=\"application\/ld+json\" class=\"yoast-schema-graph\">{\"@context\":\"https:\\\/\\\/schema.org\",\"@graph\":[{\"@type\":\"WebPage\",\"@id\":\"https:\\\/\\\/bogensportdiscount.ch\\\/produkt\\\/srt-3d-ziel-musk-ox-gruppe-1-l180cm-h127cm\\\/\",\"url\":\"https:\\\/\\\/bogensportdiscount.ch\\\/produkt\\\/srt-3d-ziel-musk-ox-gruppe-1-l180cm-h127cm\\\/\",\"name\":\"SRT 3D-ZIEL MUSK OX - GROUP 1 - L180cm H127cm - Bogensportdiscount \u2013 B\u00f6gen, Pfeile, Targets &amp; Zubeh\u00f6r\",\"isPartOf\":{\"@id\":\"https:\\\/\\\/bogensportdiscount.ch\\\/#website\"},\"primaryImageOfPage\":{\"@id\":\"https:\\\/\\\/bogensportdiscount.ch\\\/produkt\\\/srt-3d-ziel-musk-ox-gruppe-1-l180cm-h127cm\\\/#primaryimage\"},\"image\":{\"@id\":\"https:\\\/\\\/bogensportdiscount.ch\\\/produkt\\\/srt-3d-ziel-musk-ox-gruppe-1-l180cm-h127cm\\\/#primaryimage\"},\"thumbnailUrl\":\"https:\\\/\\\/bogensportdiscount.ch\\\/wp-content\\\/uploads\\\/bsm-images\\\/A001576_1.png\",\"datePublished\":\"2026-04-05T12:22:25+00:00\",\"dateModified\":\"2026-05-14T05:13:25+00:00\",\"description\":\"SRT 3D-ZIEL MUSK OX - GROUP 1 - L180cm H127cm g\u00fcnstig kaufen bei Bogensportdiscount \u2013 Top-Marken, schneller Versand aus der Schweiz.\",\"breadcrumb\":{\"@id\":\"https:\\\/\\\/bogensportdiscount.ch\\\/produkt\\\/srt-3d-ziel-musk-ox-gruppe-1-l180cm-h127cm\\\/#breadcrumb\"},\"inLanguage\":\"fr-FR\",\"potentialAction\":[{\"@type\":\"ReadAction\",\"target\":[\"https:\\\/\\\/bogensportdiscount.ch\\\/produkt\\\/srt-3d-ziel-musk-ox-gruppe-1-l180cm-h127cm\\\/\"]}]},{\"@type\":\"ImageObject\",\"inLanguage\":\"fr-FR\",\"@id\":\"https:\\\/\\\/bogensportdiscount.ch\\\/produkt\\\/srt-3d-ziel-musk-ox-gruppe-1-l180cm-h127cm\\\/#primaryimage\",\"url\":\"https:\\\/\\\/bogensportdiscount.ch\\\/wp-content\\\/uploads\\\/bsm-images\\\/A001576_1.png\",\"contentUrl\":\"https:\\\/\\\/bogensportdiscount.ch\\\/wp-content\\\/uploads\\\/bsm-images\\\/A001576_1.png\",\"width\":1200,\"height\":800},{\"@type\":\"BreadcrumbList\",\"@id\":\"https:\\\/\\\/bogensportdiscount.ch\\\/produkt\\\/srt-3d-ziel-musk-ox-gruppe-1-l180cm-h127cm\\\/#breadcrumb\",\"itemListElement\":[{\"@type\":\"ListItem\",\"position\":1,\"name\":\"Home\",\"item\":\"https:\\\/\\\/bogensportdiscount.ch\\\/\"},{\"@type\":\"ListItem\",\"position\":2,\"name\":\"Shop\",\"item\":\"https:\\\/\\\/bogensportdiscount.ch\\\/shop\\\/\"},{\"@type\":\"ListItem\",\"position\":3,\"name\":\"SRT 3D TARGET MUSK OX &#8211; GROUP 1 &#8211; L180cm H127cm\"}]},{\"@type\":\"WebSite\",\"@id\":\"https:\\\/\\\/bogensportdiscount.ch\\\/#website\",\"url\":\"https:\\\/\\\/bogensportdiscount.ch\\\/\",\"name\":\"Bogensportdiscount\",\"description\":\"\",\"potentialAction\":[{\"@type\":\"SearchAction\",\"target\":{\"@type\":\"EntryPoint\",\"urlTemplate\":\"https:\\\/\\\/bogensportdiscount.ch\\\/?s={search_term_string}\"},\"query-input\":{\"@type\":\"PropertyValueSpecification\",\"valueRequired\":true,\"valueName\":\"search_term_string\"}}],\"inLanguage\":\"fr-FR\"}]}<\/script>\n<!-- \/ Yoast SEO plugin. -->","yoast_head_json":{"title":"SRT 3D-ZIEL MUSK OX - GROUP 1 - L180cm H127cm - Bogensportdiscount \u2013 B\u00f6gen, Pfeile, Targets &amp; Zubeh\u00f6r","description":"SRT 3D-ZIEL MUSK OX - GROUP 1 - L180cm H127cm g\u00fcnstig kaufen bei Bogensportdiscount \u2013 Top-Marken, schneller Versand aus der Schweiz.","robots":{"index":"index","follow":"follow","max-snippet":"max-snippet:-1","max-image-preview":"max-image-preview:large","max-video-preview":"max-video-preview:-1"},"canonical":"https:\/\/bogensportdiscount.ch\/fr\/produit\/srt-3d-ziel-musk-ox-gruppe-1-l180cm-h127cm\/","og_locale":"fr_FR","og_type":"article","og_title":"SRT 3D-ZIEL MUSK OX - GROUP 1 - L180cm H127cm - Bogensportdiscount \u2013 B\u00f6gen, Pfeile, Targets &amp; Zubeh\u00f6r","og_description":"SRT 3D-ZIEL MUSK OX - GROUP 1 - L180cm H127cm g\u00fcnstig kaufen bei Bogensportdiscount \u2013 Top-Marken, schneller Versand aus der Schweiz.","og_url":"https:\/\/bogensportdiscount.ch\/fr\/produit\/srt-3d-ziel-musk-ox-gruppe-1-l180cm-h127cm\/","og_site_name":"Bogensportdiscount \u2013 B\u00f6gen, Pfeile, Targets &amp; Zubeh\u00f6r","article_modified_time":"2026-05-14T05:13:25+00:00","og_image":[{"width":1200,"height":800,"url":"https:\/\/bogensportdiscount.ch\/wp-content\/uploads\/bsm-images\/A001576_1.png","type":"image\/png"}],"twitter_card":"summary_large_image","schema":{"@context":"https:\/\/schema.org","@graph":[{"@type":"WebPage","@id":"https:\/\/bogensportdiscount.ch\/produkt\/srt-3d-ziel-musk-ox-gruppe-1-l180cm-h127cm\/","url":"https:\/\/bogensportdiscount.ch\/produkt\/srt-3d-ziel-musk-ox-gruppe-1-l180cm-h127cm\/","name":"SRT 3D-ZIEL MUSK OX - GROUP 1 - L180cm H127cm - Bogensportdiscount \u2013 B\u00f6gen, Pfeile, Targets &amp; Zubeh\u00f6r","isPartOf":{"@id":"https:\/\/bogensportdiscount.ch\/#website"},"primaryImageOfPage":{"@id":"https:\/\/bogensportdiscount.ch\/produkt\/srt-3d-ziel-musk-ox-gruppe-1-l180cm-h127cm\/#primaryimage"},"image":{"@id":"https:\/\/bogensportdiscount.ch\/produkt\/srt-3d-ziel-musk-ox-gruppe-1-l180cm-h127cm\/#primaryimage"},"thumbnailUrl":"https:\/\/bogensportdiscount.ch\/wp-content\/uploads\/bsm-images\/A001576_1.png","datePublished":"2026-04-05T12:22:25+00:00","dateModified":"2026-05-14T05:13:25+00:00","description":"SRT 3D-ZIEL MUSK OX - GROUP 1 - L180cm H127cm g\u00fcnstig kaufen bei Bogensportdiscount \u2013 Top-Marken, schneller Versand aus der Schweiz.","breadcrumb":{"@id":"https:\/\/bogensportdiscount.ch\/produkt\/srt-3d-ziel-musk-ox-gruppe-1-l180cm-h127cm\/#breadcrumb"},"inLanguage":"fr-FR","potentialAction":[{"@type":"ReadAction","target":["https:\/\/bogensportdiscount.ch\/produkt\/srt-3d-ziel-musk-ox-gruppe-1-l180cm-h127cm\/"]}]},{"@type":"ImageObject","inLanguage":"fr-FR","@id":"https:\/\/bogensportdiscount.ch\/produkt\/srt-3d-ziel-musk-ox-gruppe-1-l180cm-h127cm\/#primaryimage","url":"https:\/\/bogensportdiscount.ch\/wp-content\/uploads\/bsm-images\/A001576_1.png","contentUrl":"https:\/\/bogensportdiscount.ch\/wp-content\/uploads\/bsm-images\/A001576_1.png","width":1200,"height":800},{"@type":"BreadcrumbList","@id":"https:\/\/bogensportdiscount.ch\/produkt\/srt-3d-ziel-musk-ox-gruppe-1-l180cm-h127cm\/#breadcrumb","itemListElement":[{"@type":"ListItem","position":1,"name":"Home","item":"https:\/\/bogensportdiscount.ch\/"},{"@type":"ListItem","position":2,"name":"Shop","item":"https:\/\/bogensportdiscount.ch\/shop\/"},{"@type":"ListItem","position":3,"name":"SRT 3D TARGET MUSK OX &#8211; GROUP 1 &#8211; L180cm H127cm"}]},{"@type":"WebSite","@id":"https:\/\/bogensportdiscount.ch\/#website","url":"https:\/\/bogensportdiscount.ch\/","name":"Bogensportdiscount","description":"","potentialAction":[{"@type":"SearchAction","target":{"@type":"EntryPoint","urlTemplate":"https:\/\/bogensportdiscount.ch\/?s={search_term_string}"},"query-input":{"@type":"PropertyValueSpecification","valueRequired":true,"valueName":"search_term_string"}}],"inLanguage":"fr-FR"}]}},"_links":{"self":[{"href":"https:\/\/bogensportdiscount.ch\/fr\/wp-json\/wp\/v2\/product\/391272","targetHints":{"allow":["GET"]}}],"collection":[{"href":"https:\/\/bogensportdiscount.ch\/fr\/wp-json\/wp\/v2\/product"}],"about":[{"href":"https:\/\/bogensportdiscount.ch\/fr\/wp-json\/wp\/v2\/types\/product"}],"replies":[{"embeddable":true,"href":"https:\/\/bogensportdiscount.ch\/fr\/wp-json\/wp\/v2\/comments?post=391272"}],"wp:featuredmedia":[{"embeddable":true,"href":"https:\/\/bogensportdiscount.ch\/fr\/wp-json\/wp\/v2\/media\/447048"}],"wp:attachment":[{"href":"https:\/\/bogensportdiscount.ch\/fr\/wp-json\/wp\/v2\/media?parent=391272"}],"wp:term":[{"taxonomy":"product_brand","embeddable":true,"href":"https:\/\/bogensportdiscount.ch\/fr\/wp-json\/wp\/v2\/product_brand?post=391272"},{"taxonomy":"product_cat","embeddable":true,"href":"https:\/\/bogensportdiscount.ch\/fr\/wp-json\/wp\/v2\/product_cat?post=391272"},{"taxonomy":"product_tag","embeddable":true,"href":"https:\/\/bogensportdiscount.ch\/fr\/wp-json\/wp\/v2\/product_tag?post=391272"}],"curies":[{"name":"wp","href":"https:\/\/api.w.org\/{rel}","templated":true}]}}