{"id":391250,"date":"2026-04-05T14:22:22","date_gmt":"2026-04-05T12:22:22","guid":{"rendered":"https:\/\/bogensportdiscount.ch\/produkt\/srt-targets-3-d-fallow-deer-melas-group-1-l140cm-h125cm\/"},"modified":"2026-04-19T11:41:57","modified_gmt":"2026-04-19T09:41:57","slug":"srt-3d-ziel-damhirsch-melas-gruppe-1-l140cm-h125cm","status":"publish","type":"product","link":"https:\/\/bogensportdiscount.ch\/fr\/produit\/srt-3d-ziel-damhirsch-melas-gruppe-1-l140cm-h125cm\/","title":{"rendered":"Cibles SRT 3D cerf MELAS \u2013 Groupe 1 \u2013 L140 cm H125 cm"},"content":{"rendered":"<p>La cible SRT 3D \u00ab Daim Melas \u00bb (groupe 1) est une reproduction \u00e0 l&#x27;\u00e9chelle d&#x27;un daim destin\u00e9e au tir \u00e0 l&#x27;arc 3D. Avec une longueur de 140 cm et une hauteur de 125 cm, cette cible correspond aux dimensions typiques de cette cat\u00e9gorie d&#x27;animaux et offre des conditions d&#x27;entra\u00eenement r\u00e9alistes aux archers de parcours.<\/p>\n<p>Le classement dans le groupe 1 est conforme aux r\u00e8gles de comp\u00e9tition 3D en vigueur et permet une utilisation lors des tournois 3D officiels ainsi que lors des entra\u00eenements libres. Le mod\u00e8le Melas de SRT Targets est fabriqu\u00e9 dans une mousse robuste et con\u00e7u pour se r\u00e9g\u00e9n\u00e9rer automatiquement lorsqu&#x27;il est touch\u00e9 par une fl\u00e8che.<\/p>\n<ul>\n<li>Dimensions : longueur 140 cm, hauteur 125 cm<\/li>\n<li>Groupe 1 \u2013 conforme aux r\u00e8gles du tir \u00e0 l&#x27;arc 3D<\/li>\n<li>Repr\u00e9sentation r\u00e9aliste d&#x27;un daim<\/li>\n<li>Id\u00e9al pour les parcours et l&#x27;entra\u00eenement en plein air<\/li>\n<\/ul>","protected":false},"excerpt":{"rendered":"<p><strong>Marque :<\/strong> SRT Targets<br \/><strong>Type :<\/strong> Group 1<br \/><strong>GTIN:<\/strong> 08470007<\/p>","protected":false},"featured_media":447754,"comment_status":"open","ping_status":"closed","template":"","meta":[],"product_brand":[410],"product_cat":[4147],"product_tag":[3546],"class_list":{"0":"post-391250","1":"product","2":"type-product","3":"status-publish","4":"has-post-thumbnail","6":"product_brand-srt","7":"product_cat-hirsch","8":"product_tag-neuheit","10":"first","11":"instock","12":"shipping-taxable","13":"purchasable","14":"product-type-simple"},"yoast_head":"<!-- This site is optimized with the Yoast SEO plugin v27.4 - https:\/\/yoast.com\/product\/yoast-seo-wordpress\/ -->\n<title>SRT ZIELE 3-D DAMHIRSCH MELAS - GROUP 1 - L140cm H125cm - Bogensportdiscount \u2013 B\u00f6gen, Pfeile, Targets &amp; Zubeh\u00f6r<\/title>\n<meta name=\"robots\" content=\"noindex, follow, max-snippet:-1, max-image-preview:large, max-video-preview:-1\" \/>\n<meta property=\"og:locale\" content=\"fr_FR\" \/>\n<meta property=\"og:type\" content=\"article\" \/>\n<meta property=\"og:title\" content=\"SRT ZIELE 3-D DAMHIRSCH MELAS - GROUP 1 - L140cm H125cm - Bogensportdiscount \u2013 B\u00f6gen, Pfeile, Targets &amp; Zubeh\u00f6r\" \/>\n<meta property=\"og:description\" content=\"Marke: SRT TargetsTyp: Group 1GTIN: 08470007\" \/>\n<meta property=\"og:url\" content=\"https:\/\/bogensportdiscount.ch\/fr\/produit\/srt-3d-ziel-damhirsch-melas-gruppe-1-l140cm-h125cm\/\" \/>\n<meta property=\"og:site_name\" content=\"Bogensportdiscount \u2013 B\u00f6gen, Pfeile, Targets &amp; Zubeh\u00f6r\" \/>\n<meta property=\"article:modified_time\" content=\"2026-04-19T09:41:57+00:00\" \/>\n<meta property=\"og:image\" content=\"https:\/\/bogensportdiscount.ch\/wp-content\/uploads\/bsm-images\/A001544_1.png\" \/>\n\t<meta property=\"og:image:width\" content=\"654\" \/>\n\t<meta property=\"og:image:height\" content=\"793\" \/>\n\t<meta property=\"og:image:type\" content=\"image\/png\" \/>\n<meta name=\"twitter:card\" content=\"summary_large_image\" \/>\n<meta name=\"twitter:label1\" content=\"Est. reading time\" \/>\n\t<meta name=\"twitter:data1\" content=\"1 minute\" \/>\n<script type=\"application\/ld+json\" class=\"yoast-schema-graph\">{\"@context\":\"https:\\\/\\\/schema.org\",\"@graph\":[{\"@type\":\"WebPage\",\"@id\":\"https:\\\/\\\/bogensportdiscount.ch\\\/fr\\\/produit\\\/srt-3d-ziel-damhirsch-melas-gruppe-1-l140cm-h125cm\\\/\",\"url\":\"https:\\\/\\\/bogensportdiscount.ch\\\/fr\\\/produit\\\/srt-3d-ziel-damhirsch-melas-gruppe-1-l140cm-h125cm\\\/\",\"name\":\"SRT ZIELE 3-D DAMHIRSCH MELAS - GROUP 1 - L140cm H125cm - Bogensportdiscount \u2013 B\u00f6gen, Pfeile, Targets &amp; Zubeh\u00f6r\",\"isPartOf\":{\"@id\":\"https:\\\/\\\/bogensportdiscount.ch\\\/#website\"},\"primaryImageOfPage\":{\"@id\":\"https:\\\/\\\/bogensportdiscount.ch\\\/fr\\\/produit\\\/srt-3d-ziel-damhirsch-melas-gruppe-1-l140cm-h125cm\\\/#primaryimage\"},\"image\":{\"@id\":\"https:\\\/\\\/bogensportdiscount.ch\\\/fr\\\/produit\\\/srt-3d-ziel-damhirsch-melas-gruppe-1-l140cm-h125cm\\\/#primaryimage\"},\"thumbnailUrl\":\"https:\\\/\\\/bogensportdiscount.ch\\\/wp-content\\\/uploads\\\/bsm-images\\\/A001544_1.png\",\"datePublished\":\"2026-04-05T12:22:22+00:00\",\"dateModified\":\"2026-04-19T09:41:57+00:00\",\"breadcrumb\":{\"@id\":\"https:\\\/\\\/bogensportdiscount.ch\\\/fr\\\/produit\\\/srt-3d-ziel-damhirsch-melas-gruppe-1-l140cm-h125cm\\\/#breadcrumb\"},\"inLanguage\":\"fr-FR\",\"potentialAction\":[{\"@type\":\"ReadAction\",\"target\":[\"https:\\\/\\\/bogensportdiscount.ch\\\/fr\\\/produit\\\/srt-3d-ziel-damhirsch-melas-gruppe-1-l140cm-h125cm\\\/\"]}]},{\"@type\":\"ImageObject\",\"inLanguage\":\"fr-FR\",\"@id\":\"https:\\\/\\\/bogensportdiscount.ch\\\/fr\\\/produit\\\/srt-3d-ziel-damhirsch-melas-gruppe-1-l140cm-h125cm\\\/#primaryimage\",\"url\":\"https:\\\/\\\/bogensportdiscount.ch\\\/wp-content\\\/uploads\\\/bsm-images\\\/A001544_1.png\",\"contentUrl\":\"https:\\\/\\\/bogensportdiscount.ch\\\/wp-content\\\/uploads\\\/bsm-images\\\/A001544_1.png\",\"width\":654,\"height\":793},{\"@type\":\"BreadcrumbList\",\"@id\":\"https:\\\/\\\/bogensportdiscount.ch\\\/fr\\\/produit\\\/srt-3d-ziel-damhirsch-melas-gruppe-1-l140cm-h125cm\\\/#breadcrumb\",\"itemListElement\":[{\"@type\":\"ListItem\",\"position\":1,\"name\":\"Home\",\"item\":\"https:\\\/\\\/bogensportdiscount.ch\\\/\"},{\"@type\":\"ListItem\",\"position\":2,\"name\":\"Shop\",\"item\":\"https:\\\/\\\/bogensportdiscount.ch\\\/shop\\\/\"},{\"@type\":\"ListItem\",\"position\":3,\"name\":\"SRT ZIELE 3-D DAMHIRSCH MELAS &#8211; GROUP 1 &#8211; L140cm H125cm\"}]},{\"@type\":\"WebSite\",\"@id\":\"https:\\\/\\\/bogensportdiscount.ch\\\/#website\",\"url\":\"https:\\\/\\\/bogensportdiscount.ch\\\/\",\"name\":\"Bogensportdiscount\",\"description\":\"\",\"potentialAction\":[{\"@type\":\"SearchAction\",\"target\":{\"@type\":\"EntryPoint\",\"urlTemplate\":\"https:\\\/\\\/bogensportdiscount.ch\\\/?s={search_term_string}\"},\"query-input\":{\"@type\":\"PropertyValueSpecification\",\"valueRequired\":true,\"valueName\":\"search_term_string\"}}],\"inLanguage\":\"fr-FR\"}]}<\/script>\n<!-- \/ Yoast SEO plugin. -->","yoast_head_json":{"title":"SRT ZIELE 3-D DAMHIRSCH MELAS - GROUP 1 - L140cm H125cm - Bogensportdiscount \u2013 B\u00f6gen, Pfeile, Targets &amp; Zubeh\u00f6r","robots":{"index":"noindex","follow":"follow","max-snippet":"max-snippet:-1","max-image-preview":"max-image-preview:large","max-video-preview":"max-video-preview:-1"},"og_locale":"fr_FR","og_type":"article","og_title":"SRT ZIELE 3-D DAMHIRSCH MELAS - GROUP 1 - L140cm H125cm - Bogensportdiscount \u2013 B\u00f6gen, Pfeile, Targets &amp; Zubeh\u00f6r","og_description":"Marke: SRT TargetsTyp: Group 1GTIN: 08470007","og_url":"https:\/\/bogensportdiscount.ch\/fr\/produit\/srt-3d-ziel-damhirsch-melas-gruppe-1-l140cm-h125cm\/","og_site_name":"Bogensportdiscount \u2013 B\u00f6gen, Pfeile, Targets &amp; Zubeh\u00f6r","article_modified_time":"2026-04-19T09:41:57+00:00","og_image":[{"width":654,"height":793,"url":"https:\/\/bogensportdiscount.ch\/wp-content\/uploads\/bsm-images\/A001544_1.png","type":"image\/png"}],"twitter_card":"summary_large_image","twitter_misc":{"Est. reading time":"1 minute"},"schema":{"@context":"https:\/\/schema.org","@graph":[{"@type":"WebPage","@id":"https:\/\/bogensportdiscount.ch\/fr\/produit\/srt-3d-ziel-damhirsch-melas-gruppe-1-l140cm-h125cm\/","url":"https:\/\/bogensportdiscount.ch\/fr\/produit\/srt-3d-ziel-damhirsch-melas-gruppe-1-l140cm-h125cm\/","name":"SRT ZIELE 3-D DAMHIRSCH MELAS - GROUP 1 - L140cm H125cm - Bogensportdiscount \u2013 B\u00f6gen, Pfeile, Targets &amp; Zubeh\u00f6r","isPartOf":{"@id":"https:\/\/bogensportdiscount.ch\/#website"},"primaryImageOfPage":{"@id":"https:\/\/bogensportdiscount.ch\/fr\/produit\/srt-3d-ziel-damhirsch-melas-gruppe-1-l140cm-h125cm\/#primaryimage"},"image":{"@id":"https:\/\/bogensportdiscount.ch\/fr\/produit\/srt-3d-ziel-damhirsch-melas-gruppe-1-l140cm-h125cm\/#primaryimage"},"thumbnailUrl":"https:\/\/bogensportdiscount.ch\/wp-content\/uploads\/bsm-images\/A001544_1.png","datePublished":"2026-04-05T12:22:22+00:00","dateModified":"2026-04-19T09:41:57+00:00","breadcrumb":{"@id":"https:\/\/bogensportdiscount.ch\/fr\/produit\/srt-3d-ziel-damhirsch-melas-gruppe-1-l140cm-h125cm\/#breadcrumb"},"inLanguage":"fr-FR","potentialAction":[{"@type":"ReadAction","target":["https:\/\/bogensportdiscount.ch\/fr\/produit\/srt-3d-ziel-damhirsch-melas-gruppe-1-l140cm-h125cm\/"]}]},{"@type":"ImageObject","inLanguage":"fr-FR","@id":"https:\/\/bogensportdiscount.ch\/fr\/produit\/srt-3d-ziel-damhirsch-melas-gruppe-1-l140cm-h125cm\/#primaryimage","url":"https:\/\/bogensportdiscount.ch\/wp-content\/uploads\/bsm-images\/A001544_1.png","contentUrl":"https:\/\/bogensportdiscount.ch\/wp-content\/uploads\/bsm-images\/A001544_1.png","width":654,"height":793},{"@type":"BreadcrumbList","@id":"https:\/\/bogensportdiscount.ch\/fr\/produit\/srt-3d-ziel-damhirsch-melas-gruppe-1-l140cm-h125cm\/#breadcrumb","itemListElement":[{"@type":"ListItem","position":1,"name":"Home","item":"https:\/\/bogensportdiscount.ch\/"},{"@type":"ListItem","position":2,"name":"Shop","item":"https:\/\/bogensportdiscount.ch\/shop\/"},{"@type":"ListItem","position":3,"name":"SRT ZIELE 3-D DAMHIRSCH MELAS &#8211; GROUP 1 &#8211; L140cm H125cm"}]},{"@type":"WebSite","@id":"https:\/\/bogensportdiscount.ch\/#website","url":"https:\/\/bogensportdiscount.ch\/","name":"Bogensportdiscount","description":"","potentialAction":[{"@type":"SearchAction","target":{"@type":"EntryPoint","urlTemplate":"https:\/\/bogensportdiscount.ch\/?s={search_term_string}"},"query-input":{"@type":"PropertyValueSpecification","valueRequired":true,"valueName":"search_term_string"}}],"inLanguage":"fr-FR"}]}},"_links":{"self":[{"href":"https:\/\/bogensportdiscount.ch\/fr\/wp-json\/wp\/v2\/product\/391250","targetHints":{"allow":["GET"]}}],"collection":[{"href":"https:\/\/bogensportdiscount.ch\/fr\/wp-json\/wp\/v2\/product"}],"about":[{"href":"https:\/\/bogensportdiscount.ch\/fr\/wp-json\/wp\/v2\/types\/product"}],"replies":[{"embeddable":true,"href":"https:\/\/bogensportdiscount.ch\/fr\/wp-json\/wp\/v2\/comments?post=391250"}],"wp:featuredmedia":[{"embeddable":true,"href":"https:\/\/bogensportdiscount.ch\/fr\/wp-json\/wp\/v2\/media\/447754"}],"wp:attachment":[{"href":"https:\/\/bogensportdiscount.ch\/fr\/wp-json\/wp\/v2\/media?parent=391250"}],"wp:term":[{"taxonomy":"product_brand","embeddable":true,"href":"https:\/\/bogensportdiscount.ch\/fr\/wp-json\/wp\/v2\/product_brand?post=391250"},{"taxonomy":"product_cat","embeddable":true,"href":"https:\/\/bogensportdiscount.ch\/fr\/wp-json\/wp\/v2\/product_cat?post=391250"},{"taxonomy":"product_tag","embeddable":true,"href":"https:\/\/bogensportdiscount.ch\/fr\/wp-json\/wp\/v2\/product_tag?post=391250"}],"curies":[{"name":"wp","href":"https:\/\/api.w.org\/{rel}","templated":true}]}}