{"id":391249,"date":"2026-04-05T14:22:22","date_gmt":"2026-04-05T12:22:22","guid":{"rendered":"https:\/\/bogensportdiscount.ch\/produkt\/srt-targets-3-d-fallow-deer-grazing-melas-group-1-l156cm-h90cm\/"},"modified":"2026-04-19T11:41:57","modified_gmt":"2026-04-19T09:41:57","slug":"srt-3d-ziel-damhirsch-aesend-melas-gruppe-1-l156cm-h90cm","status":"publish","type":"product","link":"https:\/\/bogensportdiscount.ch\/fr\/produit\/srt-3d-ziel-damhirsch-aesend-melas-gruppe-1-l156cm-h90cm\/","title":{"rendered":"SRT CIBLES 3D CERF BRUN P\u00c2TURANT MELAS \u2013 GROUPE 1 \u2013 L156 cm H90 cm"},"content":{"rendered":"<p>La cible 3D SRT \u00ab Melas \u00bb repr\u00e9sente un daim en train de brouter, \u00e0 taille r\u00e9elle. Avec une longueur de 156 cm et une hauteur de 90 cm, ce mod\u00e8le correspond \u00e0 peu pr\u00e8s aux dimensions naturelles d&#x27;un daim adulte et offre ainsi une situation de tir r\u00e9aliste sur le parcours 3D.<\/p>\n<p>Le classement dans le groupe 1 suit les r\u00e8gles de comp\u00e9tition 3D en vigueur et d\u00e9finit les distances de tir recommand\u00e9es ainsi que l&#x27;\u00e9valuation des zones de tir. La cible convient aussi bien \u00e0 la comp\u00e9tition qu&#x27;\u00e0 l&#x27;entra\u00eenement.<\/p>\n<ul>\n<li>Repr\u00e9sentation r\u00e9aliste d&#x27;un daim en train de brouter<\/li>\n<li>Dimensions : L 156 cm \u00d7 H 90 cm<\/li>\n<li>Classement en groupe 1 selon les normes de comp\u00e9tition 3D<\/li>\n<li>Id\u00e9al pour les parcours et l&#x27;entra\u00eenement en plein air<\/li>\n<\/ul>","protected":false},"excerpt":{"rendered":"<p><strong>Marque :<\/strong> SRT Targets<br \/><strong>Type :<\/strong> Group 1<br \/><strong>GTIN:<\/strong> 08470005<\/p>","protected":false},"featured_media":447752,"comment_status":"open","ping_status":"closed","template":"","meta":[],"product_brand":[410],"product_cat":[4147],"product_tag":[3546],"class_list":{"0":"post-391249","1":"product","2":"type-product","3":"status-publish","4":"has-post-thumbnail","6":"product_brand-srt","7":"product_cat-hirsch","8":"product_tag-neuheit","10":"first","11":"instock","12":"shipping-taxable","13":"purchasable","14":"product-type-simple"},"yoast_head":"<!-- This site is optimized with the Yoast SEO plugin v27.4 - https:\/\/yoast.com\/product\/yoast-seo-wordpress\/ -->\n<title>SRT ZIELE 3-D DAMHIRSCH GRASEND MELAS - GROUP 1 - L156cm H90cm - Bogensportdiscount \u2013 B\u00f6gen, Pfeile, Targets &amp; Zubeh\u00f6r<\/title>\n<meta name=\"robots\" content=\"noindex, follow, max-snippet:-1, max-image-preview:large, max-video-preview:-1\" \/>\n<meta property=\"og:locale\" content=\"fr_FR\" \/>\n<meta property=\"og:type\" content=\"article\" \/>\n<meta property=\"og:title\" content=\"SRT ZIELE 3-D DAMHIRSCH GRASEND MELAS - GROUP 1 - L156cm H90cm - Bogensportdiscount \u2013 B\u00f6gen, Pfeile, Targets &amp; Zubeh\u00f6r\" \/>\n<meta property=\"og:description\" content=\"Marke: SRT TargetsTyp: Group 1GTIN: 08470005\" \/>\n<meta property=\"og:url\" content=\"https:\/\/bogensportdiscount.ch\/fr\/produit\/srt-3d-ziel-damhirsch-aesend-melas-gruppe-1-l156cm-h90cm\/\" \/>\n<meta property=\"og:site_name\" content=\"Bogensportdiscount \u2013 B\u00f6gen, Pfeile, Targets &amp; Zubeh\u00f6r\" \/>\n<meta property=\"article:modified_time\" content=\"2026-04-19T09:41:57+00:00\" \/>\n<meta property=\"og:image\" content=\"https:\/\/bogensportdiscount.ch\/wp-content\/uploads\/bsm-images\/A001543_1.png\" \/>\n\t<meta property=\"og:image:width\" content=\"1147\" \/>\n\t<meta property=\"og:image:height\" content=\"585\" \/>\n\t<meta property=\"og:image:type\" content=\"image\/png\" \/>\n<meta name=\"twitter:card\" content=\"summary_large_image\" \/>\n<meta name=\"twitter:label1\" content=\"Est. reading time\" \/>\n\t<meta name=\"twitter:data1\" content=\"1 minute\" \/>\n<script type=\"application\/ld+json\" class=\"yoast-schema-graph\">{\"@context\":\"https:\\\/\\\/schema.org\",\"@graph\":[{\"@type\":\"WebPage\",\"@id\":\"https:\\\/\\\/bogensportdiscount.ch\\\/produkt\\\/srt-3d-ziel-damhirsch-aesend-melas-gruppe-1-l156cm-h90cm\\\/\",\"url\":\"https:\\\/\\\/bogensportdiscount.ch\\\/produkt\\\/srt-3d-ziel-damhirsch-aesend-melas-gruppe-1-l156cm-h90cm\\\/\",\"name\":\"SRT ZIELE 3-D DAMHIRSCH GRASEND MELAS - GROUP 1 - L156cm H90cm - Bogensportdiscount \u2013 B\u00f6gen, Pfeile, Targets &amp; Zubeh\u00f6r\",\"isPartOf\":{\"@id\":\"https:\\\/\\\/bogensportdiscount.ch\\\/#website\"},\"primaryImageOfPage\":{\"@id\":\"https:\\\/\\\/bogensportdiscount.ch\\\/produkt\\\/srt-3d-ziel-damhirsch-aesend-melas-gruppe-1-l156cm-h90cm\\\/#primaryimage\"},\"image\":{\"@id\":\"https:\\\/\\\/bogensportdiscount.ch\\\/produkt\\\/srt-3d-ziel-damhirsch-aesend-melas-gruppe-1-l156cm-h90cm\\\/#primaryimage\"},\"thumbnailUrl\":\"https:\\\/\\\/bogensportdiscount.ch\\\/wp-content\\\/uploads\\\/bsm-images\\\/A001543_1.png\",\"datePublished\":\"2026-04-05T12:22:22+00:00\",\"dateModified\":\"2026-04-19T09:41:57+00:00\",\"breadcrumb\":{\"@id\":\"https:\\\/\\\/bogensportdiscount.ch\\\/produkt\\\/srt-3d-ziel-damhirsch-aesend-melas-gruppe-1-l156cm-h90cm\\\/#breadcrumb\"},\"inLanguage\":\"fr-FR\",\"potentialAction\":[{\"@type\":\"ReadAction\",\"target\":[\"https:\\\/\\\/bogensportdiscount.ch\\\/produkt\\\/srt-3d-ziel-damhirsch-aesend-melas-gruppe-1-l156cm-h90cm\\\/\"]}]},{\"@type\":\"ImageObject\",\"inLanguage\":\"fr-FR\",\"@id\":\"https:\\\/\\\/bogensportdiscount.ch\\\/produkt\\\/srt-3d-ziel-damhirsch-aesend-melas-gruppe-1-l156cm-h90cm\\\/#primaryimage\",\"url\":\"https:\\\/\\\/bogensportdiscount.ch\\\/wp-content\\\/uploads\\\/bsm-images\\\/A001543_1.png\",\"contentUrl\":\"https:\\\/\\\/bogensportdiscount.ch\\\/wp-content\\\/uploads\\\/bsm-images\\\/A001543_1.png\",\"width\":1147,\"height\":585},{\"@type\":\"BreadcrumbList\",\"@id\":\"https:\\\/\\\/bogensportdiscount.ch\\\/produkt\\\/srt-3d-ziel-damhirsch-aesend-melas-gruppe-1-l156cm-h90cm\\\/#breadcrumb\",\"itemListElement\":[{\"@type\":\"ListItem\",\"position\":1,\"name\":\"Home\",\"item\":\"https:\\\/\\\/bogensportdiscount.ch\\\/\"},{\"@type\":\"ListItem\",\"position\":2,\"name\":\"Shop\",\"item\":\"https:\\\/\\\/bogensportdiscount.ch\\\/shop\\\/\"},{\"@type\":\"ListItem\",\"position\":3,\"name\":\"SRT ZIELE 3-D DAMHIRSCH GRASEND MELAS &#8211; GROUP 1 &#8211; L156cm H90cm\"}]},{\"@type\":\"WebSite\",\"@id\":\"https:\\\/\\\/bogensportdiscount.ch\\\/#website\",\"url\":\"https:\\\/\\\/bogensportdiscount.ch\\\/\",\"name\":\"Bogensportdiscount\",\"description\":\"\",\"potentialAction\":[{\"@type\":\"SearchAction\",\"target\":{\"@type\":\"EntryPoint\",\"urlTemplate\":\"https:\\\/\\\/bogensportdiscount.ch\\\/?s={search_term_string}\"},\"query-input\":{\"@type\":\"PropertyValueSpecification\",\"valueRequired\":true,\"valueName\":\"search_term_string\"}}],\"inLanguage\":\"fr-FR\"}]}<\/script>\n<!-- \/ Yoast SEO plugin. -->","yoast_head_json":{"title":"SRT ZIELE 3-D DAMHIRSCH GRASEND MELAS - GROUP 1 - L156cm H90cm - Bogensportdiscount \u2013 B\u00f6gen, Pfeile, Targets &amp; Zubeh\u00f6r","robots":{"index":"noindex","follow":"follow","max-snippet":"max-snippet:-1","max-image-preview":"max-image-preview:large","max-video-preview":"max-video-preview:-1"},"og_locale":"fr_FR","og_type":"article","og_title":"SRT ZIELE 3-D DAMHIRSCH GRASEND MELAS - GROUP 1 - L156cm H90cm - Bogensportdiscount \u2013 B\u00f6gen, Pfeile, Targets &amp; Zubeh\u00f6r","og_description":"Marke: SRT TargetsTyp: Group 1GTIN: 08470005","og_url":"https:\/\/bogensportdiscount.ch\/fr\/produit\/srt-3d-ziel-damhirsch-aesend-melas-gruppe-1-l156cm-h90cm\/","og_site_name":"Bogensportdiscount \u2013 B\u00f6gen, Pfeile, Targets &amp; Zubeh\u00f6r","article_modified_time":"2026-04-19T09:41:57+00:00","og_image":[{"width":1147,"height":585,"url":"https:\/\/bogensportdiscount.ch\/wp-content\/uploads\/bsm-images\/A001543_1.png","type":"image\/png"}],"twitter_card":"summary_large_image","twitter_misc":{"Est. reading time":"1 minute"},"schema":{"@context":"https:\/\/schema.org","@graph":[{"@type":"WebPage","@id":"https:\/\/bogensportdiscount.ch\/produkt\/srt-3d-ziel-damhirsch-aesend-melas-gruppe-1-l156cm-h90cm\/","url":"https:\/\/bogensportdiscount.ch\/produkt\/srt-3d-ziel-damhirsch-aesend-melas-gruppe-1-l156cm-h90cm\/","name":"SRT ZIELE 3-D DAMHIRSCH GRASEND MELAS - GROUP 1 - L156cm H90cm - Bogensportdiscount \u2013 B\u00f6gen, Pfeile, Targets &amp; Zubeh\u00f6r","isPartOf":{"@id":"https:\/\/bogensportdiscount.ch\/#website"},"primaryImageOfPage":{"@id":"https:\/\/bogensportdiscount.ch\/produkt\/srt-3d-ziel-damhirsch-aesend-melas-gruppe-1-l156cm-h90cm\/#primaryimage"},"image":{"@id":"https:\/\/bogensportdiscount.ch\/produkt\/srt-3d-ziel-damhirsch-aesend-melas-gruppe-1-l156cm-h90cm\/#primaryimage"},"thumbnailUrl":"https:\/\/bogensportdiscount.ch\/wp-content\/uploads\/bsm-images\/A001543_1.png","datePublished":"2026-04-05T12:22:22+00:00","dateModified":"2026-04-19T09:41:57+00:00","breadcrumb":{"@id":"https:\/\/bogensportdiscount.ch\/produkt\/srt-3d-ziel-damhirsch-aesend-melas-gruppe-1-l156cm-h90cm\/#breadcrumb"},"inLanguage":"fr-FR","potentialAction":[{"@type":"ReadAction","target":["https:\/\/bogensportdiscount.ch\/produkt\/srt-3d-ziel-damhirsch-aesend-melas-gruppe-1-l156cm-h90cm\/"]}]},{"@type":"ImageObject","inLanguage":"fr-FR","@id":"https:\/\/bogensportdiscount.ch\/produkt\/srt-3d-ziel-damhirsch-aesend-melas-gruppe-1-l156cm-h90cm\/#primaryimage","url":"https:\/\/bogensportdiscount.ch\/wp-content\/uploads\/bsm-images\/A001543_1.png","contentUrl":"https:\/\/bogensportdiscount.ch\/wp-content\/uploads\/bsm-images\/A001543_1.png","width":1147,"height":585},{"@type":"BreadcrumbList","@id":"https:\/\/bogensportdiscount.ch\/produkt\/srt-3d-ziel-damhirsch-aesend-melas-gruppe-1-l156cm-h90cm\/#breadcrumb","itemListElement":[{"@type":"ListItem","position":1,"name":"Home","item":"https:\/\/bogensportdiscount.ch\/"},{"@type":"ListItem","position":2,"name":"Shop","item":"https:\/\/bogensportdiscount.ch\/shop\/"},{"@type":"ListItem","position":3,"name":"SRT ZIELE 3-D DAMHIRSCH GRASEND MELAS &#8211; GROUP 1 &#8211; L156cm H90cm"}]},{"@type":"WebSite","@id":"https:\/\/bogensportdiscount.ch\/#website","url":"https:\/\/bogensportdiscount.ch\/","name":"Bogensportdiscount","description":"","potentialAction":[{"@type":"SearchAction","target":{"@type":"EntryPoint","urlTemplate":"https:\/\/bogensportdiscount.ch\/?s={search_term_string}"},"query-input":{"@type":"PropertyValueSpecification","valueRequired":true,"valueName":"search_term_string"}}],"inLanguage":"fr-FR"}]}},"_links":{"self":[{"href":"https:\/\/bogensportdiscount.ch\/fr\/wp-json\/wp\/v2\/product\/391249","targetHints":{"allow":["GET"]}}],"collection":[{"href":"https:\/\/bogensportdiscount.ch\/fr\/wp-json\/wp\/v2\/product"}],"about":[{"href":"https:\/\/bogensportdiscount.ch\/fr\/wp-json\/wp\/v2\/types\/product"}],"replies":[{"embeddable":true,"href":"https:\/\/bogensportdiscount.ch\/fr\/wp-json\/wp\/v2\/comments?post=391249"}],"wp:featuredmedia":[{"embeddable":true,"href":"https:\/\/bogensportdiscount.ch\/fr\/wp-json\/wp\/v2\/media\/447752"}],"wp:attachment":[{"href":"https:\/\/bogensportdiscount.ch\/fr\/wp-json\/wp\/v2\/media?parent=391249"}],"wp:term":[{"taxonomy":"product_brand","embeddable":true,"href":"https:\/\/bogensportdiscount.ch\/fr\/wp-json\/wp\/v2\/product_brand?post=391249"},{"taxonomy":"product_cat","embeddable":true,"href":"https:\/\/bogensportdiscount.ch\/fr\/wp-json\/wp\/v2\/product_cat?post=391249"},{"taxonomy":"product_tag","embeddable":true,"href":"https:\/\/bogensportdiscount.ch\/fr\/wp-json\/wp\/v2\/product_tag?post=391249"}],"curies":[{"name":"wp","href":"https:\/\/api.w.org\/{rel}","templated":true}]}}