{"id":236383,"date":"2026-03-30T13:16:38","date_gmt":"2026-03-30T11:16:38","guid":{"rendered":"https:\/\/bogensportdiscount.ch\/?page_id=236383"},"modified":"2026-03-30T13:47:05","modified_gmt":"2026-03-30T11:47:05","slug":"tiefpreisgarantie","status":"publish","type":"page","link":"https:\/\/bogensportdiscount.ch\/fr\/tiefpreisgarantie\/","title":{"rendered":"Garantie petit prix"},"content":{"rendered":"<div class=\"et_pb_section_0 et_pb_section et_section_regular et_block_section\">\n<div class=\"et_pb_row_0 et_pb_row et_block_row\">\n<div class=\"et_pb_column_0 et_pb_column et_pb_column_4_4 et-last-child et_block_column et_pb_css_mix_blend_mode_passthrough\">\n<div class=\"et_pb_post_title_0 et_pb_post_title et_pb_bg_layout_light et_pb_module et_flex_module\"><div class=\"et_pb_title_container\"><h1 class=\"entry-title\">Tiefpreisgarantie<\/h1><\/div><\/div>\n<\/div>\n<\/div>\n<\/div>\n\n<div class=\"et_pb_section_1 et_pb_section et_section_regular et_flex_section\">\n<div class=\"et_pb_row_1 et_pb_row et_flex_row\">\n<div class=\"et_pb_column_1 et_pb_column et-last-child et_flex_column et_pb_css_mix_blend_mode_passthrough et_flex_column_24_24 et_flex_column_24_24_tablet et_flex_column_24_24_phone\">\n<div class=\"et_pb_text_0 et_pb_text et_pb_bg_layout_light et_pb_module et_flex_module\"><div class=\"et_pb_text_inner\"><h2 class=\"font-claude-response-body break-words whitespace-normal leading-[1.7]\"><strong>Tiefpreisgarantie bei Bogensportdiscount.ch \u2013 Bogensport zum besten Preis der Schweiz<\/strong><\/h2>\n<p class=\"font-claude-response-body break-words whitespace-normal leading-[1.7]\">Hochwertige Bogensport-Ausr\u00fcstung muss nicht teuer sein. Bei Bogensportdiscount.ch profitierst du von der konsequenten Tiefpreisgarantie auf \u00fcber 40'000 Artikel \u2013 damit du dich voll und ganz auf dein Training konzentrieren kannst, statt dir Gedanken \u00fcber dein Budget zu machen.<\/p>\n<p class=\"font-claude-response-body break-words whitespace-normal leading-[1.7]\">Wir beobachten den Markt kontinuierlich und stellen sicher, dass unsere Preise stets die g\u00fcnstigsten der Schweiz sind. Zus\u00e4tzlich zur Tiefpreisgarantie erwarten dich regelm\u00e4ssige Aktionen, ein unschlagbarer Deal des Monats sowie weitere exklusive Angebote \u2013 so sparst du nicht nur einmalig, sondern immer wieder.<\/p>\n<\/div><\/div>\n\n<div class=\"et_pb_text_1 et_pb_text et_pb_bg_layout_light et_pb_module et_flex_module\"><div class=\"et_pb_text_inner\"><h2 class=\"font-claude-response-body break-words whitespace-normal leading-[1.7]\"><strong>Das erwartet dich bei uns<\/strong><\/h2>\n<p class=\"font-claude-response-body break-words whitespace-normal leading-[1.7]\">Ob Saisonrabatte auf B\u00f6gen und Pfeile, zeitlich limitierte Flash-Sales oder Bundle-Angebote f\u00fcr Einsteiger-Sets \u2013 bei Bogensportdiscount.ch lohnt es sich, regelm\u00e4ssig vorbeizuschauen. Trag dich in unseren Newsletter ein und verpasse keinen Deal mehr.<\/p>\n<p class=\"font-claude-response-body break-words whitespace-normal leading-[1.7]\">Bogensport f\u00fcr weniger \u2013 ohne auf Qualit\u00e4t oder Auswahl verzichten zu m\u00fcssen. Das ist unser Versprechen an dich.<\/p>\n<\/div><\/div>\n<\/div>\n<\/div>\n<\/div>","protected":false},"excerpt":{"rendered":"","protected":false},"author":1,"featured_media":0,"parent":0,"menu_order":0,"comment_status":"closed","ping_status":"closed","template":"","meta":{"footnotes":""},"class_list":["post-236383","page","type-page","status-publish","hentry"],"_links":{"self":[{"href":"https:\/\/bogensportdiscount.ch\/fr\/wp-json\/wp\/v2\/pages\/236383","targetHints":{"allow":["GET"]}}],"collection":[{"href":"https:\/\/bogensportdiscount.ch\/fr\/wp-json\/wp\/v2\/pages"}],"about":[{"href":"https:\/\/bogensportdiscount.ch\/fr\/wp-json\/wp\/v2\/types\/page"}],"author":[{"embeddable":true,"href":"https:\/\/bogensportdiscount.ch\/fr\/wp-json\/wp\/v2\/users\/1"}],"replies":[{"embeddable":true,"href":"https:\/\/bogensportdiscount.ch\/fr\/wp-json\/wp\/v2\/comments?post=236383"}],"version-history":[{"count":3,"href":"https:\/\/bogensportdiscount.ch\/fr\/wp-json\/wp\/v2\/pages\/236383\/revisions"}],"predecessor-version":[{"id":236402,"href":"https:\/\/bogensportdiscount.ch\/fr\/wp-json\/wp\/v2\/pages\/236383\/revisions\/236402"}],"wp:attachment":[{"href":"https:\/\/bogensportdiscount.ch\/fr\/wp-json\/wp\/v2\/media?parent=236383"}],"curies":[{"name":"wp","href":"https:\/\/api.w.org\/{rel}","templated":true}]}}