{"id":162489,"date":"2026-03-25T17:20:42","date_gmt":"2026-03-25T16:20:42","guid":{"rendered":"https:\/\/bogensportdiscount.ch\/?page_id=162489"},"modified":"2026-03-25T17:51:17","modified_gmt":"2026-03-25T16:51:17","slug":"impressum","status":"publish","type":"page","link":"https:\/\/bogensportdiscount.ch\/fr\/impressum\/","title":{"rendered":"Mentions l\u00e9gales"},"content":{"rendered":"<div class=\"et_pb_section_0 et_pb_section et_section_regular et_block_section\">\n<div class=\"et_pb_row_0 et_pb_row et_block_row\">\n<div class=\"et_pb_column_0 et_pb_column et_pb_column_4_4 et-last-child et_block_column et_pb_css_mix_blend_mode_passthrough\">\n<div class=\"et_pb_text_0 et_pb_text et_pb_bg_layout_light et_pb_module et_flex_module\"><div class=\"et_pb_text_inner\"><h1>Impressum<\/h1>\n<\/div><\/div>\n<\/div>\n<\/div>\n\n<div class=\"et_pb_row_1 et_pb_row et_flex_row\">\n<div class=\"et_pb_column_1 et_pb_column et-last-child et_flex_column et_pb_css_mix_blend_mode_passthrough et_flex_column_24_24 et_flex_column_24_24_tablet et_flex_column_24_24_phone\">\n<div class=\"et_pb_text_1 et_pb_text et_pb_bg_layout_light et_pb_module et_flex_module\"><div class=\"et_pb_text_inner\"><p>BOGENSPORTDISCOUNT GmbH<br \/>Bielstrasse 19<br \/>2542 Pieterlen<br \/>Schweiz<\/p>\n<h2>Kontakt<\/h2>\n<p>E-Mail: [bitte erg\u00e4nzen]<br \/>Telefon: [bitte erg\u00e4nzen]<br \/>Website: [bitte erg\u00e4nzen]<\/p>\n<h2>Vertretungsberechtigte Person oder Personen<\/h2>\n<p>[bitte erg\u00e4nzen]<\/p>\n<h2>Handelsregister-Eintrag<\/h2>\n<p>Eingetragener Firmenname: BOGENSPORTDISCOUNT GmbH<br \/>Unternehmens-Nr. (UID): [bitte erg\u00e4nzen]<\/p>\n<h2>Mehrwertsteuer-Nummer<\/h2>\n<p>[bitte erg\u00e4nzen]<\/p>\n<h2>Haftungsausschluss<\/h2>\n<p>Alle Angaben auf dieser Website erfolgen ohne Gew\u00e4hr f\u00fcr Richtigkeit, Vollst\u00e4ndigkeit und Aktualit\u00e4t.<\/p>\n<p>Haftungsanspr\u00fcche sind ausgeschlossen, sofern kein vors\u00e4tzliches oder grob fahrl\u00e4ssiges Verhalten vorliegt.<\/p>\n<h2>Haftung f\u00fcr Links<\/h2>\n<p>F\u00fcr Inhalte externer Links \u00fcbernehmen wir keine Verantwortung. Daf\u00fcr sind ausschliesslich die jeweiligen Betreiber verantwortlich.<\/p>\n<h2>Urheberrechte<\/h2>\n<p>Alle Inhalte dieser Website sind urheberrechtlich gesch\u00fctzt. Eine Verwendung ist nur mit schriftlicher Zustimmung erlaubt.<\/p>\n<\/div><\/div>\n<\/div>\n<\/div>\n<\/div>\n\n<div class=\"et_pb_section_1 et_pb_section et_section_regular et_block_section\">\n<div class=\"et_pb_row_2 et_pb_row et-vb-row--no-module et_block_row\">\n<div class=\"et_pb_column_2 et_pb_column et_pb_column_4_4 et-last-child et_block_column et_pb_column_empty et_pb_css_mix_blend_mode_passthrough\"><\/div>\n<\/div>\n<\/div>","protected":false},"excerpt":{"rendered":"","protected":false},"author":1,"featured_media":0,"parent":0,"menu_order":0,"comment_status":"closed","ping_status":"closed","template":"","meta":{"footnotes":""},"class_list":["post-162489","page","type-page","status-publish","hentry"],"_links":{"self":[{"href":"https:\/\/bogensportdiscount.ch\/fr\/wp-json\/wp\/v2\/pages\/162489","targetHints":{"allow":["GET"]}}],"collection":[{"href":"https:\/\/bogensportdiscount.ch\/fr\/wp-json\/wp\/v2\/pages"}],"about":[{"href":"https:\/\/bogensportdiscount.ch\/fr\/wp-json\/wp\/v2\/types\/page"}],"author":[{"embeddable":true,"href":"https:\/\/bogensportdiscount.ch\/fr\/wp-json\/wp\/v2\/users\/1"}],"replies":[{"embeddable":true,"href":"https:\/\/bogensportdiscount.ch\/fr\/wp-json\/wp\/v2\/comments?post=162489"}],"version-history":[{"count":3,"href":"https:\/\/bogensportdiscount.ch\/fr\/wp-json\/wp\/v2\/pages\/162489\/revisions"}],"predecessor-version":[{"id":162496,"href":"https:\/\/bogensportdiscount.ch\/fr\/wp-json\/wp\/v2\/pages\/162489\/revisions\/162496"}],"wp:attachment":[{"href":"https:\/\/bogensportdiscount.ch\/fr\/wp-json\/wp\/v2\/media?parent=162489"}],"curies":[{"name":"wp","href":"https:\/\/api.w.org\/{rel}","templated":true}]}}